{"id":4466,"date":"2025-11-17T04:56:35","date_gmt":"2025-11-17T04:56:35","guid":{"rendered":"https:\/\/mountlaser.com\/?post_type=product&#038;p=4466"},"modified":"2025-11-26T09:04:52","modified_gmt":"2025-11-26T09:04:52","slug":"lg01-laser-glasses","status":"publish","type":"product","link":"https:\/\/mountlaser.com\/sq\/produkt\/lg01-laser-glasses\/","title":{"rendered":"Syze Lazeri LG01"},"content":{"rendered":"<p>Zbuloni dukshm\u00ebri t\u00eb p\u00ebrmir\u00ebsuar dhe sakt\u00ebsi t\u00eb p\u00ebrmir\u00ebsuar t\u00eb vendit t\u00eb pun\u00ebs me ton\u00ebn <a href=\"https:\/\/mountlaser.com\/sq\/\"><strong>Syze lazeri<\/strong><\/a>, t\u00eb projektuara posa\u00e7\u00ebrisht p\u00ebr profesionist\u00ebt q\u00eb punojn\u00eb me mjete lazeri. K\u00ebto syze sigurie premium p\u00ebr lazer ndihmojn\u00eb n\u00eb zvog\u00eblimin e nd\u00ebrhyrjes s\u00eb drit\u00ebs s\u00eb ambientit, duke lejuar q\u00eb vija e lazerit t\u00eb duket m\u00eb e mpreht\u00eb dhe m\u00eb e qart\u00eb edhe n\u00eb mjedise t\u00eb ndritshme.<\/p>\n<p>Ton\u00eb <a href=\"https:\/\/mountlaser.com\/sq\/about-us\/\">modeli LG01<\/a> \u00ebsht\u00eb i disponuesh\u00ebm n\u00eb dy opsione ngjyrash: nj\u00eb lente e kuqe p\u00ebr linjat e kuqe t\u00eb lazerit dhe nj\u00eb lente jeshile p\u00ebr linjat jeshile t\u00eb lazerit, duke siguruar performanc\u00eb optimale n\u00eb aplikime t\u00eb ndryshme t\u00eb lazerit. Pavar\u00ebsisht n\u00ebse punoni brenda apo jasht\u00eb, k\u00ebto syze lazeri ofrojn\u00eb mbrojtje t\u00eb besueshme t\u00eb syve dhe shikueshm\u00ebri t\u00eb p\u00ebrmir\u00ebsuar t\u00eb linj\u00ebs.<\/p>\n<p><img fetchpriority=\"high\" decoding=\"async\" class=\"aligncenter wp-image-4463\" src=\"https:\/\/mountlaser.com\/wp-content\/uploads\/2025\/11\/LG015.webp\" alt=\"LG01 Laser glasses\" width=\"500\" height=\"500\" srcset=\"https:\/\/mountlaser.com\/wp-content\/uploads\/2025\/11\/LG015.webp 1000w, https:\/\/mountlaser.com\/wp-content\/uploads\/2025\/11\/LG015-300x300.webp 300w, https:\/\/mountlaser.com\/wp-content\/uploads\/2025\/11\/LG015-400x400.webp 400w, https:\/\/mountlaser.com\/wp-content\/uploads\/2025\/11\/LG015-800x800.webp 800w, https:\/\/mountlaser.com\/wp-content\/uploads\/2025\/11\/LG015-600x600.webp 600w, https:\/\/mountlaser.com\/wp-content\/uploads\/2025\/11\/LG015-150x150.webp 150w, https:\/\/mountlaser.com\/wp-content\/uploads\/2025\/11\/LG015-768x768.webp 768w, https:\/\/mountlaser.com\/wp-content\/uploads\/2025\/11\/LG015-12x12.webp 12w\" sizes=\"(max-width: 500px) 100vw, 500px\" \/><\/p>\n<p>I projektuar p\u00ebr q\u00ebndrueshm\u00ebri dhe rehati, <a href=\"https:\/\/mountlaser.com\/sq\/contact-us\/\"><strong>Syze sigurie me lazer<\/strong><\/a> Ofrojn\u00eb nd\u00ebrtim t\u00eb leht\u00eb, p\u00ebrshtatje ergonomike dhe rezistenc\u00eb t\u00eb lart\u00eb ndaj goditjeve p\u00ebr t\u00eb mb\u00ebshtetur or\u00eb t\u00eb gjata pune. Me teknologjin\u00eb e tyre t\u00eb optimizuar t\u00eb filtrimit, syzet Laser rrisin kontrastin e vij\u00ebs s\u00eb lazerit, duke i b\u00ebr\u00eb detyra t\u00eb tilla si nivelimi, rreshtimi dhe paraqitja m\u00eb t\u00eb shpejta dhe m\u00eb t\u00eb sakta.<\/p>","protected":false},"excerpt":{"rendered":"<ul>\n<li>P\u00ebrmir\u00ebson dukshm\u00ebrin\u00eb e vij\u00ebs s\u00eb lazerit n\u00eb kushte t\u00eb ndritshme ose t\u00eb v\u00ebshtira ndri\u00e7imi<\/li>\n<li>Filtron gjat\u00ebsi vale specifike t\u00eb drit\u00ebs s\u00eb ambientit p\u00ebr vija lazeri t\u00eb kuqe ose jeshile m\u00eb t\u00eb qarta<\/li>\n<li>Ofron mbrojtje t\u00eb besueshme t\u00eb syve gjat\u00eb detyrave t\u00eb matjes me lazer<\/li>\n<li>I disponuesh\u00ebm n\u00eb opsionet e kuqe (p\u00ebr linjat e kuqe t\u00eb lazerit) dhe jeshile (p\u00ebr linjat jeshile t\u00eb lazerit)<\/li>\n<li>I leht\u00eb, i q\u00ebndruesh\u00ebm dhe i rehatsh\u00ebm p\u00ebr p\u00ebrdorim t\u00eb zgjatur<\/li>\n<\/ul>","protected":false},"featured_media":4460,"comment_status":"open","ping_status":"closed","template":"","meta":[],"product_brand":[],"product_cat":[94,126],"product_tag":[],"class_list":{"0":"post-4466","1":"product","2":"type-product","3":"status-publish","4":"has-post-thumbnail","6":"product_cat-laser-level-accessory","7":"product_cat-laser-glasses","9":"first","10":"instock","11":"shipping-taxable","12":"product-type-simple"},"_links":{"self":[{"href":"https:\/\/mountlaser.com\/sq\/wp-json\/wp\/v2\/product\/4466","targetHints":{"allow":["GET"]}}],"collection":[{"href":"https:\/\/mountlaser.com\/sq\/wp-json\/wp\/v2\/product"}],"about":[{"href":"https:\/\/mountlaser.com\/sq\/wp-json\/wp\/v2\/types\/product"}],"replies":[{"embeddable":true,"href":"https:\/\/mountlaser.com\/sq\/wp-json\/wp\/v2\/comments?post=4466"}],"wp:featuredmedia":[{"embeddable":true,"href":"https:\/\/mountlaser.com\/sq\/wp-json\/wp\/v2\/media\/4460"}],"wp:attachment":[{"href":"https:\/\/mountlaser.com\/sq\/wp-json\/wp\/v2\/media?parent=4466"}],"wp:term":[{"taxonomy":"product_brand","embeddable":true,"href":"https:\/\/mountlaser.com\/sq\/wp-json\/wp\/v2\/product_brand?post=4466"},{"taxonomy":"product_cat","embeddable":true,"href":"https:\/\/mountlaser.com\/sq\/wp-json\/wp\/v2\/product_cat?post=4466"},{"taxonomy":"product_tag","embeddable":true,"href":"https:\/\/mountlaser.com\/sq\/wp-json\/wp\/v2\/product_tag?post=4466"}],"curies":[{"name":"wp","href":"https:\/\/api.w.org\/{rel}","templated":true}]}}