{"id":4457,"date":"2025-11-17T02:50:14","date_gmt":"2025-11-17T02:50:14","guid":{"rendered":"https:\/\/mountlaser.com\/?post_type=product&#038;p=4457"},"modified":"2025-11-26T09:13:03","modified_gmt":"2025-11-26T09:13:03","slug":"f550-photoelectric-integrated-tube","status":"publish","type":"product","link":"https:\/\/mountlaser.com\/sq\/produkt\/f550-photoelectric-integrated-tube\/","title":{"rendered":"Tub i Integruar Fotoelektrik F550"},"content":{"rendered":"<p>I\/E\/T\u00eb\/T\u00eb <a href=\"https:\/\/mountlaser.com\/sq\/\"><strong>Tub i Integruar Fotoelektrik F550<\/strong><\/a> \u00ebsht\u00eb nj\u00eb aksesor zbulimi me performanc\u00eb t\u00eb lart\u00eb i projektuar posa\u00e7\u00ebrisht p\u00ebr kalibrimin preciz t\u00eb instrumentit t\u00eb kolimatorit. I pajisur me nj\u00eb kllap\u00eb montimi t\u00eb q\u00ebndrueshme dhe shtyll\u00eb mb\u00ebshtet\u00ebse, F550 siguron instalim t\u00eb sigurt dhe ndjeshm\u00ebri optike t\u00eb besueshme gjat\u00eb procedurave t\u00eb shtrirjes. Si nj\u00eb modul zbulimi i avancuar, <a href=\"https:\/\/mountlaser.com\/sq\/products\/\"><strong>Tub i Integruar Fotoelektrik F550 p\u00ebr Kolimator Lazeri<\/strong><\/a> rrit ndjeshm\u00ebrin\u00eb e matjes, duke e b\u00ebr\u00eb ideal p\u00ebr laborator\u00ebt e kalibrimit, qendrat e riparimit t\u00eb instrumenteve t\u00eb matjes dhe mjediset metrologjike.<\/p>\n<p><img fetchpriority=\"high\" decoding=\"async\" class=\"aligncenter wp-image-4454\" src=\"https:\/\/mountlaser.com\/wp-content\/uploads\/2025\/11\/1-3-F550_\u526f\u672c.webp\" alt=\"F550 Photoelectric Integrated Tube\" width=\"500\" height=\"500\" srcset=\"https:\/\/mountlaser.com\/wp-content\/uploads\/2025\/11\/1-3-F550_\u526f\u672c.webp 800w, https:\/\/mountlaser.com\/wp-content\/uploads\/2025\/11\/1-3-F550_\u526f\u672c-300x300.webp 300w, https:\/\/mountlaser.com\/wp-content\/uploads\/2025\/11\/1-3-F550_\u526f\u672c-400x400.webp 400w, https:\/\/mountlaser.com\/wp-content\/uploads\/2025\/11\/1-3-F550_\u526f\u672c-600x600.webp 600w, https:\/\/mountlaser.com\/wp-content\/uploads\/2025\/11\/1-3-F550_\u526f\u672c-150x150.webp 150w, https:\/\/mountlaser.com\/wp-content\/uploads\/2025\/11\/1-3-F550_\u526f\u672c-768x768.webp 768w, https:\/\/mountlaser.com\/wp-content\/uploads\/2025\/11\/1-3-F550_\u526f\u672c-12x12.webp 12w\" sizes=\"(max-width: 500px) 100vw, 500px\" \/><\/p>\n<p>I projektuar p\u00ebr p\u00ebrputhshm\u00ebri dhe sakt\u00ebsi, <a href=\"https:\/\/mountlaser.com\/sq\/contact-us\/\">Tub i Integruar Fotoelektrik F550<\/a> p\u00ebr Kolimatorin me Lazer ofron reagime t\u00eb shpejta dhe t\u00eb besueshme gjat\u00eb kalibrimit t\u00eb stacioneve totale, niveleve dhe pajisjeve t\u00eb tjera optike. P\u00ebrgjigja e saj optike e rafinuar dhe struktura e q\u00ebndrueshme mekanike e b\u00ebjn\u00eb Tubin e Integruar Fotoelektrik p\u00ebr Kolimatorin me Lazer nj\u00eb aksesor thelb\u00ebsor p\u00ebr arritjen e shtrirjes optike t\u00eb q\u00ebndrueshme dhe me precizion t\u00eb lart\u00eb.<\/p>","protected":false},"excerpt":{"rendered":"<ul>\n<li>Ofron zbulim fotoelektrik me ndjeshm\u00ebri t\u00eb lart\u00eb p\u00ebr sistemet e kolimatorit me lazer<\/li>\n<li>P\u00ebrmir\u00ebson sakt\u00ebsin\u00eb e shtrirjes dhe p\u00ebrmir\u00ebson p\u00ebrs\u00ebritshm\u00ebrin\u00eb e kalibrimit<\/li>\n<li>Vjen me nj\u00eb kllap\u00eb dhe shtyll\u00eb mb\u00ebshtet\u00ebse t\u00eb q\u00ebndrueshme p\u00ebr montim t\u00eb sigurt<\/li>\n<li>Mb\u00ebshtet reagime t\u00eb besueshme gjat\u00eb kolimimit t\u00eb instrumenteve t\u00eb matjes<\/li>\n<li>I projektuar p\u00ebr mjedise profesionale kalibrimi q\u00eb k\u00ebrkojn\u00eb precizion<\/li>\n<\/ul>","protected":false},"featured_media":4454,"comment_status":"open","ping_status":"closed","template":"","meta":[],"product_brand":[],"product_cat":[125,71],"product_tag":[],"class_list":{"0":"post-4457","1":"product","2":"type-product","3":"status-publish","4":"has-post-thumbnail","6":"product_cat-collimator-instrument","7":"product_cat-calibration-testing-instrument","9":"first","10":"instock","11":"shipping-taxable","12":"product-type-simple"},"_links":{"self":[{"href":"https:\/\/mountlaser.com\/sq\/wp-json\/wp\/v2\/product\/4457","targetHints":{"allow":["GET"]}}],"collection":[{"href":"https:\/\/mountlaser.com\/sq\/wp-json\/wp\/v2\/product"}],"about":[{"href":"https:\/\/mountlaser.com\/sq\/wp-json\/wp\/v2\/types\/product"}],"replies":[{"embeddable":true,"href":"https:\/\/mountlaser.com\/sq\/wp-json\/wp\/v2\/comments?post=4457"}],"wp:featuredmedia":[{"embeddable":true,"href":"https:\/\/mountlaser.com\/sq\/wp-json\/wp\/v2\/media\/4454"}],"wp:attachment":[{"href":"https:\/\/mountlaser.com\/sq\/wp-json\/wp\/v2\/media?parent=4457"}],"wp:term":[{"taxonomy":"product_brand","embeddable":true,"href":"https:\/\/mountlaser.com\/sq\/wp-json\/wp\/v2\/product_brand?post=4457"},{"taxonomy":"product_cat","embeddable":true,"href":"https:\/\/mountlaser.com\/sq\/wp-json\/wp\/v2\/product_cat?post=4457"},{"taxonomy":"product_tag","embeddable":true,"href":"https:\/\/mountlaser.com\/sq\/wp-json\/wp\/v2\/product_tag?post=4457"}],"curies":[{"name":"wp","href":"https:\/\/api.w.org\/{rel}","templated":true}]}}