{"id":4451,"date":"2025-11-17T02:33:56","date_gmt":"2025-11-17T02:33:56","guid":{"rendered":"https:\/\/mountlaser.com\/?post_type=product&#038;p=4451"},"modified":"2025-11-26T09:14:20","modified_gmt":"2025-11-26T09:14:20","slug":"tb550-photoelectric-integrated-tube","status":"publish","type":"product","link":"https:\/\/mountlaser.com\/sq\/produkt\/tb550-photoelectric-integrated-tube\/","title":{"rendered":"Tub i Integruar Fotoelektrik TB550"},"content":{"rendered":"<p>I\/E\/T\u00eb\/T\u00eb <a href=\"https:\/\/mountlaser.com\/sq\/\"><strong>Tub i Integruar Fotoelektrik TB550<\/strong><\/a> \u00ebsht\u00eb nj\u00eb aksesor i specializuar i projektuar p\u00ebr t\u00eb rritur sakt\u00ebsin\u00eb dhe aft\u00ebsin\u00eb e zbulimit t\u00eb sistemeve moderne t\u00eb kolimator\u00ebve. I projektuar me nd\u00ebrtim t\u00eb q\u00ebndruesh\u00ebm dhe i pajisur me nj\u00eb mbajt\u00ebse t\u00eb dedikuar montimi, TB550 siguron instalim t\u00eb q\u00ebndruesh\u00ebm dhe performanc\u00eb t\u00eb besueshme n\u00eb mjediset e kalibrimit. Si nj\u00eb aksesor preciz, <a href=\"https:\/\/mountlaser.com\/sq\/products\/\"><strong>Tub i Integruar Fotoelektrik TB550 p\u00ebr Kolimator Lazeri<\/strong><\/a> Mb\u00ebshtet zbulimin optik shum\u00eb t\u00eb ndjesh\u00ebm, duke e b\u00ebr\u00eb ideal p\u00ebr laborator\u00eb, qendra riparimi instrumentesh dhe aplikime metrologjike.<\/p>\n<p><img fetchpriority=\"high\" decoding=\"async\" class=\"aligncenter wp-image-4453\" src=\"https:\/\/mountlaser.com\/wp-content\/uploads\/2025\/11\/1-2-TB550_\u526f\u672c1.webp\" alt=\"TB550 Photoelectric Integrated Tube\" width=\"500\" height=\"500\" srcset=\"https:\/\/mountlaser.com\/wp-content\/uploads\/2025\/11\/1-2-TB550_\u526f\u672c1.webp 800w, https:\/\/mountlaser.com\/wp-content\/uploads\/2025\/11\/1-2-TB550_\u526f\u672c1-300x300.webp 300w, https:\/\/mountlaser.com\/wp-content\/uploads\/2025\/11\/1-2-TB550_\u526f\u672c1-400x400.webp 400w, https:\/\/mountlaser.com\/wp-content\/uploads\/2025\/11\/1-2-TB550_\u526f\u672c1-600x600.webp 600w, https:\/\/mountlaser.com\/wp-content\/uploads\/2025\/11\/1-2-TB550_\u526f\u672c1-150x150.webp 150w, https:\/\/mountlaser.com\/wp-content\/uploads\/2025\/11\/1-2-TB550_\u526f\u672c1-768x768.webp 768w, https:\/\/mountlaser.com\/wp-content\/uploads\/2025\/11\/1-2-TB550_\u526f\u672c1-12x12.webp 12w\" sizes=\"(max-width: 500px) 100vw, 500px\" \/><\/p>\n<p>Kur \u00e7ift\u00ebzohet me nj\u00eb sistem kolimatori, <a href=\"https:\/\/mountlaser.com\/sq\/contact-us\/\">Tub i Integruar Fotoelektrik TB550<\/a> p\u00ebr Kolimatorin me Lazer mund\u00ebson reagime m\u00eb t\u00eb sakta t\u00eb shtrirjes dhe q\u00ebndrueshm\u00ebri t\u00eb p\u00ebrmir\u00ebsuar t\u00eb matjes. Teknologjia e saj e p\u00ebrparuar e ndjeshm\u00ebris\u00eb fotoelektrike siguron mbledhje t\u00eb dh\u00ebnash t\u00eb qarta, reaguese dhe t\u00eb p\u00ebrs\u00ebritshme. P\u00ebr profesionist\u00ebt q\u00eb k\u00ebrkojn\u00eb aksesor\u00eb t\u00eb besuesh\u00ebm zbulimi, Tubi i Integruar Fotoelektrik TB550 p\u00ebr Kolimatorin me Lazer p\u00ebrfaq\u00ebson nj\u00eb p\u00ebrmir\u00ebsim thelb\u00ebsor p\u00ebr \u00e7do rrjedh\u00eb pune kalibrimi.<\/p>","protected":false},"excerpt":{"rendered":"<ul>\n<li>Ofron zbulim optik me ndjeshm\u00ebri t\u00eb lart\u00eb p\u00ebr instrumentet e kolimatorit<\/li>\n<li>P\u00ebrmir\u00ebson sakt\u00ebsin\u00eb e matjes dhe p\u00ebrs\u00ebritshm\u00ebrin\u00eb e kalibrimit<\/li>\n<li>P\u00ebrfshin nj\u00eb kllap\u00eb montimi t\u00eb fort\u00eb p\u00ebr instalim t\u00eb sigurt dhe t\u00eb q\u00ebndruesh\u00ebm<\/li>\n<li>P\u00ebrmir\u00ebson reagimet vizuale dhe elektronike gjat\u00eb rreshtimit t\u00eb instrumenteve<\/li>\n<li>I pajtuesh\u00ebm me sisteme t\u00eb ndryshme kolimatori lazer p\u00ebr p\u00ebrdorim t\u00eb zgjeruar<\/li>\n<\/ul>","protected":false},"featured_media":4452,"comment_status":"open","ping_status":"closed","template":"","meta":[],"product_brand":[],"product_cat":[125,71],"product_tag":[],"class_list":{"0":"post-4451","1":"product","2":"type-product","3":"status-publish","4":"has-post-thumbnail","6":"product_cat-collimator-instrument","7":"product_cat-calibration-testing-instrument","9":"first","10":"instock","11":"shipping-taxable","12":"product-type-simple"},"_links":{"self":[{"href":"https:\/\/mountlaser.com\/sq\/wp-json\/wp\/v2\/product\/4451","targetHints":{"allow":["GET"]}}],"collection":[{"href":"https:\/\/mountlaser.com\/sq\/wp-json\/wp\/v2\/product"}],"about":[{"href":"https:\/\/mountlaser.com\/sq\/wp-json\/wp\/v2\/types\/product"}],"replies":[{"embeddable":true,"href":"https:\/\/mountlaser.com\/sq\/wp-json\/wp\/v2\/comments?post=4451"}],"wp:featuredmedia":[{"embeddable":true,"href":"https:\/\/mountlaser.com\/sq\/wp-json\/wp\/v2\/media\/4452"}],"wp:attachment":[{"href":"https:\/\/mountlaser.com\/sq\/wp-json\/wp\/v2\/media?parent=4451"}],"wp:term":[{"taxonomy":"product_brand","embeddable":true,"href":"https:\/\/mountlaser.com\/sq\/wp-json\/wp\/v2\/product_brand?post=4451"},{"taxonomy":"product_cat","embeddable":true,"href":"https:\/\/mountlaser.com\/sq\/wp-json\/wp\/v2\/product_cat?post=4451"},{"taxonomy":"product_tag","embeddable":true,"href":"https:\/\/mountlaser.com\/sq\/wp-json\/wp\/v2\/product_tag?post=4451"}],"curies":[{"name":"wp","href":"https:\/\/api.w.org\/{rel}","templated":true}]}}