{"id":4440,"date":"2025-11-14T09:28:12","date_gmt":"2025-11-14T09:28:12","guid":{"rendered":"https:\/\/mountlaser.com\/?post_type=product&#038;p=4440"},"modified":"2025-11-27T05:11:30","modified_gmt":"2025-11-27T05:11:30","slug":"cls-fg-fiberglass-prism-pole","status":"publish","type":"product","link":"https:\/\/mountlaser.com\/sq\/produkt\/cls-fg-fiberglass-prism-pole\/","title":{"rendered":"Shtyll\u00eb Prizmike me Fib\u00ebr Qelqi CLS-FG"},"content":{"rendered":"<p>I\/E\/T\u00eb\/T\u00eb <a href=\"https:\/\/mountlaser.com\/sq\/kategori-produkti\/surveying-pole-rod\/\">Lazeri i montimit CLS-FG<\/a> rip\u00ebrcakton q\u00ebndrueshm\u00ebrin\u00eb dhe performanc\u00ebn me Shtyll\u00ebn e saj profesionale t\u00eb Prizm\u00ebs prej Fiberglasi. I projektuar p\u00ebr gjeodet\u00ebt q\u00eb punojn\u00eb n\u00eb mjedise sfiduese, kjo shtyll\u00eb \u00ebsht\u00eb zgjidhja p\u00ebrfundimtare ku mosp\u00ebr\u00e7ueshm\u00ebria dhe rezistenca ndaj korrozionit jan\u00eb par\u00ebsore. Ndryshe nga shtyllat metalike, nd\u00ebrtimi superior i Shtyll\u00ebs s\u00eb Prizm\u00ebs prej Fiberglasi siguron siguri t\u00eb plot\u00eb pran\u00eb linjave t\u00eb energjis\u00eb dhe ofron rezistenc\u00eb t\u00eb jasht\u00ebzakonshme ndaj ndryshkut dhe ekspozimit ndaj kimikateve, duke e b\u00ebr\u00eb at\u00eb ideal p\u00ebr p\u00ebrdorim n\u00eb mot t\u00eb ashp\u00ebr dhe zona bregdetare.<\/p>\n<p>I nd\u00ebrtuar nga nj\u00eb material i p\u00ebrb\u00ebr\u00eb, <a href=\"https:\/\/mountlaser.com\/sq\/about-us\/\"><strong>CLS-FG <\/strong><\/a>\u00cbsht\u00eb jasht\u00ebzakonisht i leht\u00eb dhe me rezistenc\u00eb t\u00eb lart\u00eb, duke zvog\u00ebluar lodhjen e p\u00ebrdoruesit pa sakrifikuar stabilitetin. Ai p\u00ebrmban nj\u00eb mekaniz\u00ebm t\u00eb fuqish\u00ebm najloni me ky\u00e7je rrotulluese q\u00eb ofron rezistenc\u00eb t\u00eb shk\u00eblqyer dhe q\u00ebndrueshm\u00ebri t\u00eb zgjatur, duke garantuar nj\u00eb zgjatje t\u00eb sigurt dhe t\u00eb ngurt\u00eb \u00e7do her\u00eb. Maja e rregullueshme 5\/8\u2033-11 lejon montim t\u00eb gjithansh\u00ebm t\u00eb prizmit, nd\u00ebrsa tubi i brendsh\u00ebm \u00ebsht\u00eb sh\u00ebnuar qart\u00eb me nj\u00eb shkall\u00eb t\u00eb dyfisht\u00eb (cm\/ft) p\u00ebr lexime t\u00eb shpejta dhe t\u00eb sakta. P\u00ebr p\u00ebrvoj\u00ebn m\u00eb t\u00eb besueshme dhe t\u00eb sigurt t\u00eb matjes.<\/p>\n<p><img fetchpriority=\"high\" decoding=\"async\" class=\"aligncenter wp-image-4442\" src=\"https:\/\/mountlaser.com\/wp-content\/uploads\/2025\/11\/2-3-5-CLS260FG-2.webp\" alt=\"CLS-FG Fiberglass Prism Pole\" width=\"500\" height=\"500\" srcset=\"https:\/\/mountlaser.com\/wp-content\/uploads\/2025\/11\/2-3-5-CLS260FG-2.webp 1000w, https:\/\/mountlaser.com\/wp-content\/uploads\/2025\/11\/2-3-5-CLS260FG-2-300x300.webp 300w, https:\/\/mountlaser.com\/wp-content\/uploads\/2025\/11\/2-3-5-CLS260FG-2-400x400.webp 400w, https:\/\/mountlaser.com\/wp-content\/uploads\/2025\/11\/2-3-5-CLS260FG-2-800x800.webp 800w, https:\/\/mountlaser.com\/wp-content\/uploads\/2025\/11\/2-3-5-CLS260FG-2-600x600.webp 600w, https:\/\/mountlaser.com\/wp-content\/uploads\/2025\/11\/2-3-5-CLS260FG-2-150x150.webp 150w, https:\/\/mountlaser.com\/wp-content\/uploads\/2025\/11\/2-3-5-CLS260FG-2-768x768.webp 768w, https:\/\/mountlaser.com\/wp-content\/uploads\/2025\/11\/2-3-5-CLS260FG-2-12x12.webp 12w\" sizes=\"(max-width: 500px) 100vw, 500px\" \/><\/p>\n<p><strong><a href=\"https:\/\/mountlaser.com\/sq\/contact-us\/\">Shtyll\u00eb Prizmike me Fib\u00ebr Qelqi CLS-FG<\/a> vjen n\u00eb tre lloje, q\u00eb ndryshojn\u00eb n\u00eb gjat\u00ebsi:<\/strong><\/p>\n<p>Shtyll\u00eb Prizmike prej Fiberglasi CLS260FG: 2.60m, 2 Seksione<\/p>\n<p>Shtyll\u00eb Prizmike prej Fiberglasi CLS360FG: 3.60m, 3 Seksione<\/p>\n<p>Shtyll\u00eb Prizmike prej Fiberglassi CLS460FG: 4.60m, 4 Seksione<\/p>\n<p><strong>Specifikimet e CLS-FG<\/strong><\/p>\n<table style=\"border-collapse: collapse; width: 846.77pt;\" border=\"0\" width=\"1129\" cellspacing=\"0\" cellpadding=\"0\">\n<tbody>\n<tr style=\"height: 14.25pt;\">\n<td class=\"et2\" style=\"height: 14.25pt; width: 142.50pt;\" width=\"190\" height=\"19\">NUM\u00cbR<\/td>\n<td class=\"et2\" style=\"width: 127.50pt;\" width=\"170\">GJAT\u00cbSI<\/td>\n<td class=\"et2\" style=\"width: 126.00pt;\" width=\"168\">MATERIALI<\/td>\n<td class=\"et2\" style=\"width: 135.00pt;\" width=\"180\">DIPLOMA<\/td>\n<td class=\"et2\" style=\"width: 124.50pt;\" width=\"166\">P\u00cbRSHTAT\u00cbS<\/td>\n<td class=\"et2\" style=\"width: 86.25pt;\" width=\"115\">DIAMETRI<\/td>\n<td style=\"width: 105.00pt;\" width=\"140\">fotografi<\/td>\n<\/tr>\n<tr style=\"height: 14.25pt;\">\n<td class=\"et2\" style=\"height: 14.25pt;\" height=\"19\">CLS260FG<\/td>\n<td class=\"et2\">2.60 m (8.5 ft)<\/td>\n<td class=\"et2\">Fiberglass<\/td>\n<td class=\"et3\">cm\/ft<\/td>\n<td class=\"et3\">I rregulluesh\u00ebm<\/td>\n<td class=\"et3\">25\/32 mm<\/td>\n<td><img decoding=\"async\" class=\"alignnone wp-image-4441 size-medium\" src=\"https:\/\/mountlaser.com\/wp-content\/uploads\/2025\/11\/2-3-5-CLS260FG-1-300x300.webp\" alt=\"CLS-FG Fiberglass Prism Pole\" width=\"300\" height=\"300\" srcset=\"https:\/\/mountlaser.com\/wp-content\/uploads\/2025\/11\/2-3-5-CLS260FG-1-300x300.webp 300w, https:\/\/mountlaser.com\/wp-content\/uploads\/2025\/11\/2-3-5-CLS260FG-1-400x400.webp 400w, https:\/\/mountlaser.com\/wp-content\/uploads\/2025\/11\/2-3-5-CLS260FG-1-800x800.webp 800w, https:\/\/mountlaser.com\/wp-content\/uploads\/2025\/11\/2-3-5-CLS260FG-1-600x600.webp 600w, https:\/\/mountlaser.com\/wp-content\/uploads\/2025\/11\/2-3-5-CLS260FG-1-150x150.webp 150w, https:\/\/mountlaser.com\/wp-content\/uploads\/2025\/11\/2-3-5-CLS260FG-1-768x768.webp 768w, https:\/\/mountlaser.com\/wp-content\/uploads\/2025\/11\/2-3-5-CLS260FG-1-12x12.webp 12w, https:\/\/mountlaser.com\/wp-content\/uploads\/2025\/11\/2-3-5-CLS260FG-1.webp 1000w\" sizes=\"(max-width: 300px) 100vw, 300px\" \/><\/td>\n<\/tr>\n<tr style=\"height: 14.25pt;\">\n<td class=\"et2\" style=\"height: 14.25pt;\" height=\"19\">CLS360FG<\/td>\n<td class=\"et2\">3.60 m (11.8 k\u00ebmb\u00eb)<\/td>\n<td class=\"et2\">Fiberglass<\/td>\n<td class=\"et3\">cm\/ft<\/td>\n<td class=\"et3\">I rregulluesh\u00ebm<\/td>\n<td class=\"et3\">19\/25\/32 mm<\/td>\n<td><img decoding=\"async\" class=\"alignnone wp-image-4445 size-medium\" src=\"https:\/\/mountlaser.com\/wp-content\/uploads\/2025\/11\/CLS360FG2-300x300.webp\" alt=\"CLS-FG Fiberglass Prism Pole\" width=\"300\" height=\"300\" srcset=\"https:\/\/mountlaser.com\/wp-content\/uploads\/2025\/11\/CLS360FG2-300x300.webp 300w, https:\/\/mountlaser.com\/wp-content\/uploads\/2025\/11\/CLS360FG2-400x400.webp 400w, https:\/\/mountlaser.com\/wp-content\/uploads\/2025\/11\/CLS360FG2-800x800.webp 800w, https:\/\/mountlaser.com\/wp-content\/uploads\/2025\/11\/CLS360FG2-600x600.webp 600w, https:\/\/mountlaser.com\/wp-content\/uploads\/2025\/11\/CLS360FG2-150x150.webp 150w, https:\/\/mountlaser.com\/wp-content\/uploads\/2025\/11\/CLS360FG2-768x768.webp 768w, https:\/\/mountlaser.com\/wp-content\/uploads\/2025\/11\/CLS360FG2-12x12.webp 12w, https:\/\/mountlaser.com\/wp-content\/uploads\/2025\/11\/CLS360FG2.webp 1000w\" sizes=\"(max-width: 300px) 100vw, 300px\" \/><\/td>\n<\/tr>\n<tr style=\"height: 14.25pt;\">\n<td class=\"et2\" style=\"height: 14.25pt;\" height=\"19\">CLS460FG<\/td>\n<td class=\"et2\">4.65 m (15.25 ft)<\/td>\n<td class=\"et2\">Fiberglass<\/td>\n<td class=\"et3\">cm\/ft<\/td>\n<td class=\"et3\">I rregulluesh\u00ebm<\/td>\n<td class=\"et3\">19\/25\/32\/38 mm<\/td>\n<td><img loading=\"lazy\" decoding=\"async\" class=\"alignnone wp-image-4448 size-medium\" src=\"https:\/\/mountlaser.com\/wp-content\/uploads\/2025\/11\/CLS460FG-3-300x300.webp\" alt=\"CLS-FG Fiberglass Prism Pole\" width=\"300\" height=\"300\" srcset=\"https:\/\/mountlaser.com\/wp-content\/uploads\/2025\/11\/CLS460FG-3-300x300.webp 300w, https:\/\/mountlaser.com\/wp-content\/uploads\/2025\/11\/CLS460FG-3-400x400.webp 400w, https:\/\/mountlaser.com\/wp-content\/uploads\/2025\/11\/CLS460FG-3-800x800.webp 800w, https:\/\/mountlaser.com\/wp-content\/uploads\/2025\/11\/CLS460FG-3-600x600.webp 600w, https:\/\/mountlaser.com\/wp-content\/uploads\/2025\/11\/CLS460FG-3-150x150.webp 150w, https:\/\/mountlaser.com\/wp-content\/uploads\/2025\/11\/CLS460FG-3-768x768.webp 768w, https:\/\/mountlaser.com\/wp-content\/uploads\/2025\/11\/CLS460FG-3-12x12.webp 12w, https:\/\/mountlaser.com\/wp-content\/uploads\/2025\/11\/CLS460FG-3.webp 1000w\" sizes=\"(max-width: 300px) 100vw, 300px\" \/><\/td>\n<\/tr>\n<\/tbody>\n<\/table>\n<p>&nbsp;<\/p>","protected":false},"excerpt":{"rendered":"<ul>\n<li>Tub i brendsh\u00ebm me shkall\u00eb t\u00eb dyfisht\u00eb: I shtypur me gradacione t\u00eb qarta n\u00eb centimetra dhe k\u00ebmb\u00eb p\u00ebr vendosje t\u00eb shpejt\u00eb dhe t\u00eb gjithanshme t\u00eb lart\u00ebsis\u00eb.<\/li>\n<li>Opsione t\u00eb shum\u00ebfishta gjat\u00ebsie: N\u00eb dispozicion n\u00eb gjat\u00ebsi t\u00eb ndryshme (2.6 m, 3.6 m, 4.65 m) p\u00ebr t&#039;iu p\u00ebrshtatur k\u00ebrkesave t\u00eb ndryshme t\u00eb projektit.<\/li>\n<\/ul>","protected":false},"featured_media":4445,"comment_status":"open","ping_status":"closed","template":"","meta":[],"product_brand":[],"product_cat":[89,124],"product_tag":[],"class_list":{"0":"post-4440","1":"product","2":"type-product","3":"status-publish","4":"has-post-thumbnail","6":"product_cat-surveying-pole-rod","7":"product_cat-aluminum-fiberglass-prism-pole","9":"first","10":"instock","11":"shipping-taxable","12":"product-type-simple"},"_links":{"self":[{"href":"https:\/\/mountlaser.com\/sq\/wp-json\/wp\/v2\/product\/4440","targetHints":{"allow":["GET"]}}],"collection":[{"href":"https:\/\/mountlaser.com\/sq\/wp-json\/wp\/v2\/product"}],"about":[{"href":"https:\/\/mountlaser.com\/sq\/wp-json\/wp\/v2\/types\/product"}],"replies":[{"embeddable":true,"href":"https:\/\/mountlaser.com\/sq\/wp-json\/wp\/v2\/comments?post=4440"}],"wp:featuredmedia":[{"embeddable":true,"href":"https:\/\/mountlaser.com\/sq\/wp-json\/wp\/v2\/media\/4445"}],"wp:attachment":[{"href":"https:\/\/mountlaser.com\/sq\/wp-json\/wp\/v2\/media?parent=4440"}],"wp:term":[{"taxonomy":"product_brand","embeddable":true,"href":"https:\/\/mountlaser.com\/sq\/wp-json\/wp\/v2\/product_brand?post=4440"},{"taxonomy":"product_cat","embeddable":true,"href":"https:\/\/mountlaser.com\/sq\/wp-json\/wp\/v2\/product_cat?post=4440"},{"taxonomy":"product_tag","embeddable":true,"href":"https:\/\/mountlaser.com\/sq\/wp-json\/wp\/v2\/product_tag?post=4440"}],"curies":[{"name":"wp","href":"https:\/\/api.w.org\/{rel}","templated":true}]}}