{"id":4436,"date":"2025-11-14T09:28:34","date_gmt":"2025-11-14T09:28:34","guid":{"rendered":"https:\/\/mountlaser.com\/?post_type=product&#038;p=4436"},"modified":"2025-11-26T09:20:31","modified_gmt":"2025-11-26T09:20:31","slug":"f550-3ls3-collimator","status":"publish","type":"product","link":"https:\/\/mountlaser.com\/sq\/produkt\/f550-3ls3-collimator\/","title":{"rendered":"Kolimatori F550-3LS3"},"content":{"rendered":"<p>I\/E\/T\u00eb\/T\u00eb <a href=\"https:\/\/mountlaser.com\/sq\/\"><strong>Kolimatori F550-3LS3<\/strong><\/a> \u00ebsht\u00eb me sakt\u00ebsi t\u00eb lart\u00eb<a href=\"https:\/\/mountlaser.com\/sq\/products\/\"><strong> Kolimator me lazer p\u00ebr stacionin total<\/strong><\/a> I projektuar p\u00ebr pun\u00eb t\u00eb avancuara t\u00eb shtrirjes dhe kalibrimit optik. I projektuar me nj\u00eb struktur\u00eb dyshemeje me tre tuba optik\u00eb, kolimatori F550-3LS3 ofron stabilitet t\u00eb jasht\u00ebzakonsh\u00ebm p\u00ebr testimin me shum\u00eb boshte. Ky model \u00ebsht\u00eb i pajisur me nj\u00eb ekran t\u00eb madh me ekran t\u00eb ndar\u00eb dhe tre tuba t\u00eb integruar fotoelektrik\u00eb, duke mund\u00ebsuar zbulim shum\u00eb t\u00eb ndjesh\u00ebm dhe shtrirje vizuale precize.<\/p>\n<p><img fetchpriority=\"high\" decoding=\"async\" class=\"aligncenter wp-image-4437\" src=\"https:\/\/mountlaser.com\/wp-content\/uploads\/2025\/11\/F550-3ls3.webp\" alt=\"F550-3LS3 Laser Collimator for total station\" width=\"500\" height=\"500\" srcset=\"https:\/\/mountlaser.com\/wp-content\/uploads\/2025\/11\/F550-3ls3.webp 800w, https:\/\/mountlaser.com\/wp-content\/uploads\/2025\/11\/F550-3ls3-300x300.webp 300w, https:\/\/mountlaser.com\/wp-content\/uploads\/2025\/11\/F550-3ls3-400x400.webp 400w, https:\/\/mountlaser.com\/wp-content\/uploads\/2025\/11\/F550-3ls3-600x600.webp 600w, https:\/\/mountlaser.com\/wp-content\/uploads\/2025\/11\/F550-3ls3-150x150.webp 150w, https:\/\/mountlaser.com\/wp-content\/uploads\/2025\/11\/F550-3ls3-768x768.webp 768w, https:\/\/mountlaser.com\/wp-content\/uploads\/2025\/11\/F550-3ls3-12x12.webp 12w\" sizes=\"(max-width: 500px) 100vw, 500px\" \/><\/p>\n<p>Si nj\u00eb profesionist i klasit t\u00eb par\u00eb <a href=\"https:\/\/mountlaser.com\/sq\/contact-us\/\">Kolimator me lazer p\u00ebr stacionin total<\/a>, Kolimatori F550-3LS3 siguron cil\u00ebsi t\u00eb q\u00ebndrueshme t\u00eb rrezes dhe verifikim t\u00eb sakt\u00eb t\u00eb boshtit optik p\u00ebr stacionet totale, teodolitet dhe nivelet automatike. Sistemi i tij i p\u00ebrmir\u00ebsuar i zbulimit optik ofron p\u00ebrs\u00ebritshm\u00ebri t\u00eb p\u00ebrmir\u00ebsuar t\u00eb kalibrimit, duke e b\u00ebr\u00eb at\u00eb nj\u00eb nga zgjidhjet m\u00eb t\u00eb besueshme p\u00ebr laborator\u00ebt, qendrat e sh\u00ebrbimit t\u00eb instrumenteve dhe mjediset e metrologjis\u00eb. P\u00ebr profesionist\u00ebt q\u00eb k\u00ebrkojn\u00eb nj\u00eb Kolimator Lazer t\u00eb besuesh\u00ebm p\u00ebr stacionin total, ky model ofron qart\u00ebsi, ndjeshm\u00ebri dhe performanc\u00eb t\u00eb jasht\u00ebzakonshme kalibrimi.<\/p>","protected":false},"excerpt":{"rendered":"<ul>\n<li>Prodhon rreze lazeri t\u00eb q\u00ebndrueshme, paralele p\u00ebr kalibrimin e stacioneve totale dhe instrumenteve optike<\/li>\n<li>Tre tuba optik\u00eb mb\u00ebshtesin shtrirjen precize shum\u00ebdrejtim\u00ebshe<\/li>\n<li>Ekrani i madh me ekran t\u00eb ndar\u00eb rrit v\u00ebzhgimin vizual dhe sakt\u00ebsin\u00eb e kalibrimit<\/li>\n<li>Tre tuba t\u00eb integruara fotoelektrike ofrojn\u00eb zbulim optik me ndjeshm\u00ebri t\u00eb lart\u00eb<\/li>\n<li>Nd\u00ebrtimi n\u00eb stilin e dyshemes\u00eb siguron stabilitet superior dhe ulje t\u00eb dridhjeve<\/li>\n<\/ul>","protected":false},"featured_media":4437,"comment_status":"open","ping_status":"closed","template":"","meta":[],"product_brand":[],"product_cat":[71,125],"product_tag":[],"class_list":{"0":"post-4436","1":"product","2":"type-product","3":"status-publish","4":"has-post-thumbnail","6":"product_cat-calibration-testing-instrument","7":"product_cat-collimator-instrument","9":"first","10":"instock","11":"shipping-taxable","12":"product-type-simple"},"_links":{"self":[{"href":"https:\/\/mountlaser.com\/sq\/wp-json\/wp\/v2\/product\/4436","targetHints":{"allow":["GET"]}}],"collection":[{"href":"https:\/\/mountlaser.com\/sq\/wp-json\/wp\/v2\/product"}],"about":[{"href":"https:\/\/mountlaser.com\/sq\/wp-json\/wp\/v2\/types\/product"}],"replies":[{"embeddable":true,"href":"https:\/\/mountlaser.com\/sq\/wp-json\/wp\/v2\/comments?post=4436"}],"wp:featuredmedia":[{"embeddable":true,"href":"https:\/\/mountlaser.com\/sq\/wp-json\/wp\/v2\/media\/4437"}],"wp:attachment":[{"href":"https:\/\/mountlaser.com\/sq\/wp-json\/wp\/v2\/media?parent=4436"}],"wp:term":[{"taxonomy":"product_brand","embeddable":true,"href":"https:\/\/mountlaser.com\/sq\/wp-json\/wp\/v2\/product_brand?post=4436"},{"taxonomy":"product_cat","embeddable":true,"href":"https:\/\/mountlaser.com\/sq\/wp-json\/wp\/v2\/product_cat?post=4436"},{"taxonomy":"product_tag","embeddable":true,"href":"https:\/\/mountlaser.com\/sq\/wp-json\/wp\/v2\/product_tag?post=4436"}],"curies":[{"name":"wp","href":"https:\/\/api.w.org\/{rel}","templated":true}]}}