{"id":4428,"date":"2025-11-14T09:07:01","date_gmt":"2025-11-14T09:07:01","guid":{"rendered":"https:\/\/mountlaser.com\/?post_type=product&#038;p=4428"},"modified":"2025-11-27T05:17:01","modified_gmt":"2025-11-27T05:17:01","slug":"gls11-aluminum-prism-pole","status":"publish","type":"product","link":"https:\/\/mountlaser.com\/sq\/produkt\/gls11-aluminum-prism-pole\/","title":{"rendered":"Shtyll\u00eb Prizmike Alumini GLS11"},"content":{"rendered":"<p>P\u00ebrmir\u00ebsoni pun\u00ebn tuaj t\u00eb matjeve me Mount Laser <a href=\"https:\/\/mountlaser.com\/sq\/products\/\"><strong>Shtyll\u00eb Prizmike Alumini GLS11<\/strong><\/a>, i projektuar p\u00ebr stabilitet t\u00eb pal\u00ebkundur dhe sakt\u00ebsi t\u00eb jasht\u00ebzakonshme. Ky shuf\u00ebr i nivelit profesional \u00ebsht\u00eb nd\u00ebrtuar p\u00ebr t&#039;i b\u00ebr\u00eb ball\u00eb v\u00ebshtir\u00ebsive t\u00eb vendit t\u00eb pun\u00ebs, duke ofruar nj\u00ebkoh\u00ebsisht besueshm\u00ebrin\u00eb q\u00eb ju nevojitet p\u00ebr matje kritike.<\/p>\n<p>Nj\u00eb ve\u00e7ori kryesore q\u00eb e dallon GLS11 \u00ebsht\u00eb mekanizmi i tij i Prizm\u00ebs me Mbyllje me Snap n\u00eb Stil Zviceran. Ky sistem inovativ mbylljeje lejon rregullime t\u00eb shpejta dhe t\u00eb sigurta t\u00eb lart\u00ebsis\u00eb me nj\u00eb kapje t\u00eb thjesht\u00eb, duke ju kursyer koh\u00eb t\u00eb \u00e7muar n\u00eb terren pa b\u00ebr\u00eb kompromis me stabilitetin. Dizajni i fuqish\u00ebm siguron q\u00eb pasi t\u00eb ky\u00e7et, shufra t\u00eb mbetet e ngurt\u00eb, duke eliminuar l\u00ebkundjen dhe duke siguruar q\u00eb prizma juaj t\u00eb q\u00ebndroj\u00eb e pozicionuar n\u00eb m\u00ebnyr\u00eb t\u00eb p\u00ebrsosur.<\/p>\n<p>I nd\u00ebrtuar nga alumini i leht\u00eb dhe me cil\u00ebsi t\u00eb lart\u00eb, GLS11 \u00ebsht\u00eb i leht\u00eb p\u00ebr t\u2019u mbajtur me vete gjat\u00eb nj\u00eb dite t\u00eb gjat\u00eb pune, por tep\u00ebr i q\u00ebndruesh\u00ebm. \u00cbsht\u00eb i pajisur me nj\u00eb shishe rrethore 30\u2032 p\u00ebr nivelim t\u00eb leht\u00eb dhe t\u00eb sakt\u00eb, duke garantuar q\u00eb matjet tuaja t\u00eb jen\u00eb gjithmon\u00eb t\u00eb sakta.<a href=\"https:\/\/mountlaser.com\/sq\/about-us\/\"> <strong>Shtyll\u00eb Prizmike me Mbyllje me Snap n\u00eb Stil Zviceran<\/strong><\/a> Dizajni p\u00ebrfshin nj\u00eb p\u00ebrshtat\u00ebs universal, duke e b\u00ebr\u00eb at\u00eb t\u00eb pajtuesh\u00ebm me nj\u00eb gam\u00eb t\u00eb gjer\u00eb prizmash dhe aksesor\u00ebsh.<\/p>\n<p>P\u00ebr gjeodet\u00ebt q\u00eb k\u00ebrkojn\u00eb efikasitet dhe q\u00ebndrueshm\u00ebri, <a href=\"https:\/\/mountlaser.com\/sq\/contact-us\/\">GLS11<\/a> p\u00ebrfaq\u00ebson mjetin ideal. Besueshm\u00ebria e k\u00ebtij Prizmi me Mbyllje me Snap n\u00eb Stilin Zviceran do t\u00eb thot\u00eb q\u00eb mund t\u00eb p\u00ebrqendroheni n\u00eb studim, t\u00eb sigurt se pajisjet tuaja nuk do t&#039;ju zhg\u00ebnjejn\u00eb.<\/p>\n<p>&nbsp;<\/p>\n<p><img fetchpriority=\"high\" decoding=\"async\" class=\"aligncenter wp-image-4433\" src=\"https:\/\/mountlaser.com\/wp-content\/uploads\/2025\/11\/CLS11-5.webp\" alt=\"Swiss-Style Snap Lock Prism Pole\" width=\"500\" height=\"500\" srcset=\"https:\/\/mountlaser.com\/wp-content\/uploads\/2025\/11\/CLS11-5.webp 1000w, https:\/\/mountlaser.com\/wp-content\/uploads\/2025\/11\/CLS11-5-300x300.webp 300w, https:\/\/mountlaser.com\/wp-content\/uploads\/2025\/11\/CLS11-5-400x400.webp 400w, https:\/\/mountlaser.com\/wp-content\/uploads\/2025\/11\/CLS11-5-800x800.webp 800w, https:\/\/mountlaser.com\/wp-content\/uploads\/2025\/11\/CLS11-5-600x600.webp 600w, https:\/\/mountlaser.com\/wp-content\/uploads\/2025\/11\/CLS11-5-150x150.webp 150w, https:\/\/mountlaser.com\/wp-content\/uploads\/2025\/11\/CLS11-5-768x768.webp 768w, https:\/\/mountlaser.com\/wp-content\/uploads\/2025\/11\/CLS11-5-12x12.webp 12w\" sizes=\"(max-width: 500px) 100vw, 500px\" \/><\/p>\n<p><strong>Specifikimet e Shtyll\u00ebs s\u00eb Prizm\u00ebs s\u00eb Alumini GLS11<\/strong><\/p>\n<table style=\"border-collapse: collapse; width: 846.77pt;\" border=\"0\" width=\"1129\" cellspacing=\"0\" cellpadding=\"0\">\n<tbody>\n<tr style=\"height: 14.25pt;\">\n<td class=\"et2\" style=\"height: 14.25pt; width: 142.50pt;\" width=\"190\" height=\"19\">NUM\u00cbR<\/td>\n<td class=\"et2\" style=\"width: 127.50pt;\" width=\"170\">GJAT\u00cbSI<\/td>\n<td class=\"et2\" style=\"width: 126.00pt;\" width=\"168\">MATERIALI<\/td>\n<td class=\"et2\" style=\"width: 135.00pt;\" width=\"180\">DIPLOMA<\/td>\n<td class=\"et2\" style=\"width: 124.50pt;\" width=\"166\">P\u00cbRSHTAT\u00cbS<\/td>\n<td class=\"et2\" style=\"width: 86.25pt;\" width=\"115\">TUBI I JASHT\u00cbM<\/td>\n<td class=\"et2\" style=\"width: 105.00pt;\" width=\"140\">DIAMETRI<\/td>\n<\/tr>\n<tr style=\"height: 14.25pt;\">\n<td class=\"et2\" style=\"height: 14.25pt;\" height=\"19\">GLS11<\/td>\n<td class=\"et2\">2.15 m (7.05 ft)<\/td>\n<td class=\"et2\">Alumini<\/td>\n<td class=\"et3\">cm\/ft<\/td>\n<td class=\"et3\">zviceran<\/td>\n<td class=\"et3\">cm\/ft<\/td>\n<td class=\"et3\">18\/25 mm<\/td>\n<\/tr>\n<\/tbody>\n<\/table>","protected":false},"excerpt":{"rendered":"<ul>\n<li>Nd\u00ebrtim i leht\u00eb prej alumini: Ofron nj\u00eb ekuilib\u00ebr optimal t\u00eb forc\u00ebs dhe transportueshm\u00ebris\u00eb p\u00ebr p\u00ebrdorim gjat\u00eb gjith\u00eb dit\u00ebs.<\/li>\n<li>Pajtueshm\u00ebri universale: P\u00ebrmban nj\u00eb p\u00ebrshtat\u00ebs standard (18\/25 mm) q\u00eb i p\u00ebrshtatet shumic\u00ebs s\u00eb prizmave t\u00eb zakonshme.<\/li>\n<li>Gradacione t\u00eb qarta centimetri: Ofron lexim t\u00eb leht\u00eb p\u00ebr konfigurim t\u00eb shpejt\u00eb dhe p\u00ebrcaktim t\u00eb lart\u00ebsis\u00eb.<\/li>\n<\/ul>","protected":false},"featured_media":4430,"comment_status":"open","ping_status":"closed","template":"","meta":[],"product_brand":[],"product_cat":[124,89],"product_tag":[],"class_list":{"0":"post-4428","1":"product","2":"type-product","3":"status-publish","4":"has-post-thumbnail","6":"product_cat-aluminum-fiberglass-prism-pole","7":"product_cat-surveying-pole-rod","9":"first","10":"instock","11":"shipping-taxable","12":"product-type-simple"},"_links":{"self":[{"href":"https:\/\/mountlaser.com\/sq\/wp-json\/wp\/v2\/product\/4428","targetHints":{"allow":["GET"]}}],"collection":[{"href":"https:\/\/mountlaser.com\/sq\/wp-json\/wp\/v2\/product"}],"about":[{"href":"https:\/\/mountlaser.com\/sq\/wp-json\/wp\/v2\/types\/product"}],"replies":[{"embeddable":true,"href":"https:\/\/mountlaser.com\/sq\/wp-json\/wp\/v2\/comments?post=4428"}],"wp:featuredmedia":[{"embeddable":true,"href":"https:\/\/mountlaser.com\/sq\/wp-json\/wp\/v2\/media\/4430"}],"wp:attachment":[{"href":"https:\/\/mountlaser.com\/sq\/wp-json\/wp\/v2\/media?parent=4428"}],"wp:term":[{"taxonomy":"product_brand","embeddable":true,"href":"https:\/\/mountlaser.com\/sq\/wp-json\/wp\/v2\/product_brand?post=4428"},{"taxonomy":"product_cat","embeddable":true,"href":"https:\/\/mountlaser.com\/sq\/wp-json\/wp\/v2\/product_cat?post=4428"},{"taxonomy":"product_tag","embeddable":true,"href":"https:\/\/mountlaser.com\/sq\/wp-json\/wp\/v2\/product_tag?post=4428"}],"curies":[{"name":"wp","href":"https:\/\/api.w.org\/{rel}","templated":true}]}}