{"id":4427,"date":"2025-11-14T08:44:50","date_gmt":"2025-11-14T08:44:50","guid":{"rendered":"https:\/\/mountlaser.com\/?post_type=product&#038;p=4427"},"modified":"2025-11-27T05:22:00","modified_gmt":"2025-11-27T05:22:00","slug":"f550-3ls1-collimator","status":"publish","type":"product","link":"https:\/\/mountlaser.com\/sq\/produkt\/f550-3ls1-collimator\/","title":{"rendered":"Kolimatori F550-3LS1"},"content":{"rendered":"<p>I\/E\/T\u00eb\/T\u00eb<a href=\"https:\/\/mountlaser.com\/sq\/products\/\"> <strong>Kolimatori F550-3LS1<\/strong><\/a> \u00ebsht\u00eb nj\u00eb profesionist <a href=\"https:\/\/mountlaser.com\/sq\/about-us\/\"><strong>kolimator optik me ekran t\u00eb madh<\/strong><\/a> I projektuar p\u00ebr kalibrim me sakt\u00ebsi t\u00eb lart\u00eb t\u00eb instrumenteve t\u00eb matjes dhe optik\u00ebs. I nd\u00ebrtuar n\u00eb nj\u00eb konfigurim dyshemeje me tre tuba optik\u00eb, kolimatori F550-3LS1 ofron stabilitet t\u00eb jasht\u00ebzakonsh\u00ebm dhe aft\u00ebsi shtrirjeje shum\u00ebaksore. Ekrani i tij i madh i integruar - i konfiguruar si nj\u00eb ekran i madh pa ekran t\u00eb ndar\u00eb, i kombinuar me nj\u00eb tub fotoelektrik t\u00eb integruar - ofron reagime vizuale m\u00eb t\u00eb qarta dhe efikasitet t\u00eb p\u00ebrmir\u00ebsuar t\u00eb kalibrimit.<\/p>\n<p><img fetchpriority=\"high\" decoding=\"async\" class=\"aligncenter wp-image-4413\" src=\"https:\/\/mountlaser.com\/wp-content\/uploads\/2025\/11\/F550-3ls1.webp\" alt=\"F550-3LS1 Collimator\" width=\"500\" height=\"500\" srcset=\"https:\/\/mountlaser.com\/wp-content\/uploads\/2025\/11\/F550-3ls1.webp 800w, https:\/\/mountlaser.com\/wp-content\/uploads\/2025\/11\/F550-3ls1-300x300.webp 300w, https:\/\/mountlaser.com\/wp-content\/uploads\/2025\/11\/F550-3ls1-400x400.webp 400w, https:\/\/mountlaser.com\/wp-content\/uploads\/2025\/11\/F550-3ls1-600x600.webp 600w, https:\/\/mountlaser.com\/wp-content\/uploads\/2025\/11\/F550-3ls1-150x150.webp 150w, https:\/\/mountlaser.com\/wp-content\/uploads\/2025\/11\/F550-3ls1-768x768.webp 768w, https:\/\/mountlaser.com\/wp-content\/uploads\/2025\/11\/F550-3ls1-12x12.webp 12w\" sizes=\"(max-width: 500px) 100vw, 500px\" \/><\/p>\n<p>Si nj\u00eb kolimator optik i p\u00ebrparuar me ekran t\u00eb madh, <a href=\"https:\/\/mountlaser.com\/sq\/contact-us\/\">Kolimatori F550-3LS1<\/a> \u00cbsht\u00eb projektuar p\u00ebr laborator\u00eb, qendra riparimi dhe mjedise testimi precize ku shtrirja e sakt\u00eb e instrumenteve \u00ebsht\u00eb thelb\u00ebsore. Pavar\u00ebsisht n\u00ebse teston stacione totale, teodolit apo nivele automatike, ky model siguron prodhim t\u00eb q\u00ebndruesh\u00ebm paralel t\u00eb drit\u00ebs dhe performanc\u00eb t\u00eb besueshme afatgjat\u00eb. Profesionist\u00ebt q\u00eb k\u00ebrkojn\u00eb nj\u00eb kolimator optik t\u00eb besuesh\u00ebm me ekran t\u00eb madh do ta vler\u00ebsojn\u00eb qart\u00ebsin\u00eb, stabilitetin dhe aft\u00ebsit\u00eb e tij t\u00eb sakta t\u00eb shtrirjes optike.<\/p>","protected":false},"excerpt":{"rendered":"<ul>\n<li>Gjeneron rreze drite paralele t\u00eb sakta p\u00ebr kalibrimin e pajisjeve t\u00eb matjes dhe optik\u00ebs<\/li>\n<li>Tre tuba optik\u00eb mb\u00ebshtesin shtrirjen shum\u00ebdrejtim\u00ebshe dhe shum\u00ebaksore<\/li>\n<li>Ekrani i madh dhe jo i ndar\u00eb p\u00ebrmir\u00ebson v\u00ebzhgimin vizual dhe sakt\u00ebsin\u00eb e kalibrimit<\/li>\n<li>Tubi fotoelektrik i integruar rrit zbulimin optik dhe stabilitetin e matjes<\/li>\n<li>Dizajni n\u00eb stil dyshemeje siguron q\u00ebndrueshm\u00ebri maksimale dhe zvog\u00eblon dridhjet gjat\u00eb funksionimit<\/li>\n<\/ul>","protected":false},"featured_media":4413,"comment_status":"open","ping_status":"closed","template":"","meta":[],"product_brand":[],"product_cat":[71,125],"product_tag":[],"class_list":{"0":"post-4427","1":"product","2":"type-product","3":"status-publish","4":"has-post-thumbnail","6":"product_cat-calibration-testing-instrument","7":"product_cat-collimator-instrument","9":"first","10":"instock","11":"shipping-taxable","12":"product-type-simple"},"_links":{"self":[{"href":"https:\/\/mountlaser.com\/sq\/wp-json\/wp\/v2\/product\/4427","targetHints":{"allow":["GET"]}}],"collection":[{"href":"https:\/\/mountlaser.com\/sq\/wp-json\/wp\/v2\/product"}],"about":[{"href":"https:\/\/mountlaser.com\/sq\/wp-json\/wp\/v2\/types\/product"}],"replies":[{"embeddable":true,"href":"https:\/\/mountlaser.com\/sq\/wp-json\/wp\/v2\/comments?post=4427"}],"wp:featuredmedia":[{"embeddable":true,"href":"https:\/\/mountlaser.com\/sq\/wp-json\/wp\/v2\/media\/4413"}],"wp:attachment":[{"href":"https:\/\/mountlaser.com\/sq\/wp-json\/wp\/v2\/media?parent=4427"}],"wp:term":[{"taxonomy":"product_brand","embeddable":true,"href":"https:\/\/mountlaser.com\/sq\/wp-json\/wp\/v2\/product_brand?post=4427"},{"taxonomy":"product_cat","embeddable":true,"href":"https:\/\/mountlaser.com\/sq\/wp-json\/wp\/v2\/product_cat?post=4427"},{"taxonomy":"product_tag","embeddable":true,"href":"https:\/\/mountlaser.com\/sq\/wp-json\/wp\/v2\/product_tag?post=4427"}],"curies":[{"name":"wp","href":"https:\/\/api.w.org\/{rel}","templated":true}]}}