{"id":4425,"date":"2025-11-14T08:07:31","date_gmt":"2025-11-14T08:07:31","guid":{"rendered":"https:\/\/mountlaser.com\/?post_type=product&#038;p=4425"},"modified":"2025-11-27T05:24:25","modified_gmt":"2025-11-27T05:24:25","slug":"f550-3s-collimator","status":"publish","type":"product","link":"https:\/\/mountlaser.com\/sq\/produkt\/f550-3s-collimator\/","title":{"rendered":"Kolimatori F550-3S"},"content":{"rendered":"<p>I\/E\/T\u00eb\/T\u00eb <a href=\"https:\/\/mountlaser.com\/sq\/\"><strong>Kolimatori F550-3S<\/strong><\/a> \u00ebsht\u00eb nj\u00eb profesionist <a href=\"https:\/\/mountlaser.com\/sq\/about-us\/\"><strong>Kolimator optik p\u00ebr nivelim automatik<\/strong> <\/a>I projektuar p\u00ebr t\u00eb ofruar shtrirje optike t\u00eb sakt\u00eb dhe t\u00eb q\u00ebndrueshme p\u00ebr instrumentet e matjes. Duke shfaqur nj\u00eb dizajn dyshemeje me tre tuba optik\u00eb, kolimatori F550-3S ofron aft\u00ebsi kalibrimi shum\u00ebdrejtim\u00ebshe, duke e b\u00ebr\u00eb at\u00eb nj\u00eb mjet thelb\u00ebsor p\u00ebr testimin e instrumenteve me sakt\u00ebsi t\u00eb lart\u00eb. Ky model \u00ebsht\u00eb i pajisur me nj\u00eb ekran t\u00eb vog\u00ebl dhe nj\u00eb tub t\u00eb integruar fotoelektrik, duke rritur si qart\u00ebsin\u00eb vizuale ashtu edhe efikasitetin e kalibrimit.<\/p>\n<p><img fetchpriority=\"high\" decoding=\"async\" class=\"aligncenter wp-image-4426\" src=\"https:\/\/mountlaser.com\/wp-content\/uploads\/2025\/11\/F550-3SS_\u526f\u672c.webp\" alt=\"F550-3S optical collimator for auto level\" width=\"500\" height=\"500\" srcset=\"https:\/\/mountlaser.com\/wp-content\/uploads\/2025\/11\/F550-3SS_\u526f\u672c.webp 800w, https:\/\/mountlaser.com\/wp-content\/uploads\/2025\/11\/F550-3SS_\u526f\u672c-300x300.webp 300w, https:\/\/mountlaser.com\/wp-content\/uploads\/2025\/11\/F550-3SS_\u526f\u672c-400x400.webp 400w, https:\/\/mountlaser.com\/wp-content\/uploads\/2025\/11\/F550-3SS_\u526f\u672c-600x600.webp 600w, https:\/\/mountlaser.com\/wp-content\/uploads\/2025\/11\/F550-3SS_\u526f\u672c-150x150.webp 150w, https:\/\/mountlaser.com\/wp-content\/uploads\/2025\/11\/F550-3SS_\u526f\u672c-768x768.webp 768w, https:\/\/mountlaser.com\/wp-content\/uploads\/2025\/11\/F550-3SS_\u526f\u672c-12x12.webp 12w\" sizes=\"(max-width: 500px) 100vw, 500px\" \/><\/p>\n<p>Si nj\u00eb kolimator optik i besuesh\u00ebm p\u00ebr nivelim automatik, <a href=\"https:\/\/mountlaser.com\/sq\/contact-us\/\">Kolimatori F550-3S<\/a> Siguron cil\u00ebsi t\u00eb q\u00ebndrueshme t\u00eb rrezes dhe shtrirje t\u00eb sakt\u00eb t\u00eb boshtit n\u00eb t\u00eb gjitha nivelizuesit automatik\u00eb, teodolit\u00ebt dhe stacionet totale. Struktura e saj e fort\u00eb e montuar n\u00eb dysheme zvog\u00eblon dridhjet dhe garanton performanc\u00eb afatgjat\u00eb n\u00eb laborator\u00eb dhe qendra riparimi. P\u00ebr profesionist\u00ebt q\u00eb k\u00ebrkojn\u00eb nj\u00eb kolimator optik t\u00eb besuesh\u00ebm p\u00ebr nivelim automatik, ky model ofron precizion, stabilitet dhe funksionalitet modern.<\/p>","protected":false},"excerpt":{"rendered":"<ul>\n<li>Prodhon rreze t\u00eb q\u00ebndrueshme paralele p\u00ebr kalibrimin e niveleve automatike dhe instrumenteve optike<\/li>\n<li>Tre tuba optik\u00eb mund\u00ebsojn\u00eb shtrirjen shum\u00eb-aksore dhe testimin e sakt\u00ebsis\u00eb<\/li>\n<li>Tubi fotoelektrik i integruar p\u00ebrmir\u00ebson sakt\u00ebsin\u00eb dhe reagimet e matjes<\/li>\n<li>Nd\u00ebrtimi n\u00eb stilin e dyshemes\u00eb siguron stabilitet t\u00eb shk\u00eblqyer dhe zvog\u00eblon nd\u00ebrhyrjet e jashtme<\/li>\n<li>Ekrani i vog\u00ebl lejon v\u00ebzhgimin n\u00eb koh\u00eb reale dhe leht\u00ebson rrjedh\u00ebn e pun\u00ebs s\u00eb kalibrimit<\/li>\n<\/ul>","protected":false},"featured_media":4426,"comment_status":"open","ping_status":"closed","template":"","meta":[],"product_brand":[],"product_cat":[71,125],"product_tag":[],"class_list":{"0":"post-4425","1":"product","2":"type-product","3":"status-publish","4":"has-post-thumbnail","6":"product_cat-calibration-testing-instrument","7":"product_cat-collimator-instrument","9":"first","10":"instock","11":"shipping-taxable","12":"product-type-simple"},"_links":{"self":[{"href":"https:\/\/mountlaser.com\/sq\/wp-json\/wp\/v2\/product\/4425","targetHints":{"allow":["GET"]}}],"collection":[{"href":"https:\/\/mountlaser.com\/sq\/wp-json\/wp\/v2\/product"}],"about":[{"href":"https:\/\/mountlaser.com\/sq\/wp-json\/wp\/v2\/types\/product"}],"replies":[{"embeddable":true,"href":"https:\/\/mountlaser.com\/sq\/wp-json\/wp\/v2\/comments?post=4425"}],"wp:featuredmedia":[{"embeddable":true,"href":"https:\/\/mountlaser.com\/sq\/wp-json\/wp\/v2\/media\/4426"}],"wp:attachment":[{"href":"https:\/\/mountlaser.com\/sq\/wp-json\/wp\/v2\/media?parent=4425"}],"wp:term":[{"taxonomy":"product_brand","embeddable":true,"href":"https:\/\/mountlaser.com\/sq\/wp-json\/wp\/v2\/product_brand?post=4425"},{"taxonomy":"product_cat","embeddable":true,"href":"https:\/\/mountlaser.com\/sq\/wp-json\/wp\/v2\/product_cat?post=4425"},{"taxonomy":"product_tag","embeddable":true,"href":"https:\/\/mountlaser.com\/sq\/wp-json\/wp\/v2\/product_tag?post=4425"}],"curies":[{"name":"wp","href":"https:\/\/api.w.org\/{rel}","templated":true}]}}