{"id":4423,"date":"2025-11-14T07:50:32","date_gmt":"2025-11-14T07:50:32","guid":{"rendered":"https:\/\/mountlaser.com\/?post_type=product&#038;p=4423"},"modified":"2025-11-27T05:40:55","modified_gmt":"2025-11-27T05:40:55","slug":"t550-2t-collimator","status":"publish","type":"product","link":"https:\/\/mountlaser.com\/sq\/produkt\/t550-2t-collimator\/","title":{"rendered":"Kolimatori T550-2T"},"content":{"rendered":"<p>I\/E\/T\u00eb\/T\u00eb <a href=\"https:\/\/mountlaser.com\/sq\/\"><strong>Kolimatori T550-2T<\/strong><\/a> \u00ebsht\u00eb nj\u00eb profesionist <a href=\"https:\/\/mountlaser.com\/sq\/about-us\/\"><strong>Kolimator optik me precizion t\u00eb lart\u00eb<\/strong><\/a> I projektuar p\u00ebr aplikime t\u00eb k\u00ebrkuara kalibrimi dhe shtrirjeje optike. I projektuar n\u00eb stilin e nj\u00eb tavoline pune, Kolimatori T550-2T p\u00ebrmban dy tuba optik\u00eb plus nj\u00eb tub optik zenit shtes\u00eb, duke u mund\u00ebsuar teknik\u00ebve t\u00eb kryejn\u00eb shtrirje shum\u00ebk\u00ebnd\u00ebshe dhe shum\u00ebaksore me sakt\u00ebsi t\u00eb jasht\u00ebzakonshme. Si nj\u00eb Kolimator Optik i besuesh\u00ebm me precizion t\u00eb lart\u00eb, ai siguron akse optike t\u00eb q\u00ebndrueshme, prodhim t\u00eb besuesh\u00ebm paralel t\u00eb drit\u00ebs dhe performanc\u00eb t\u00eb q\u00ebndrueshme matjeje t\u00eb nevojshme p\u00ebr mjediset e matjes dhe laboratorit.<\/p>\n<p><img fetchpriority=\"high\" decoding=\"async\" class=\"aligncenter wp-image-4424\" src=\"https:\/\/mountlaser.com\/wp-content\/uploads\/2025\/11\/2-2-F550-2T.webp\" alt=\"T550-2T High Precision Optical Collimator\" width=\"500\" height=\"500\" srcset=\"https:\/\/mountlaser.com\/wp-content\/uploads\/2025\/11\/2-2-F550-2T.webp 1000w, https:\/\/mountlaser.com\/wp-content\/uploads\/2025\/11\/2-2-F550-2T-300x300.webp 300w, https:\/\/mountlaser.com\/wp-content\/uploads\/2025\/11\/2-2-F550-2T-400x400.webp 400w, https:\/\/mountlaser.com\/wp-content\/uploads\/2025\/11\/2-2-F550-2T-800x800.webp 800w, https:\/\/mountlaser.com\/wp-content\/uploads\/2025\/11\/2-2-F550-2T-600x600.webp 600w, https:\/\/mountlaser.com\/wp-content\/uploads\/2025\/11\/2-2-F550-2T-150x150.webp 150w, https:\/\/mountlaser.com\/wp-content\/uploads\/2025\/11\/2-2-F550-2T-768x768.webp 768w, https:\/\/mountlaser.com\/wp-content\/uploads\/2025\/11\/2-2-F550-2T-12x12.webp 12w\" sizes=\"(max-width: 500px) 100vw, 500px\" \/><\/p>\n<p>I nd\u00ebrtuar p\u00ebr metrologji precize, institucione k\u00ebrkimore dhe qendra sh\u00ebrbimi instrumentesh,<a href=\"https:\/\/mountlaser.com\/sq\/contact-us\/\"> Kolimatori T550-2T<\/a> Ofron aft\u00ebsi t\u00eb p\u00ebrmir\u00ebsuara krahasuar me modelet standarde. Tubi i tij shtes\u00eb zenit lejon verifikimin e boshtit vertikal, duke e b\u00ebr\u00eb at\u00eb nj\u00eb nga zgjidhjet m\u00eb t\u00eb gjithanshme dhe efektive t\u00eb kolimatorit optik me precizion t\u00eb lart\u00eb n\u00eb dispozicion.<\/p>","protected":false},"excerpt":{"rendered":"<ul>\n<li>Gjeneron rreze drite paralele t\u00eb sakta p\u00ebr kalibrim dhe shtrirje optike<\/li>\n<li>Dy tuba optik\u00eb + nj\u00eb tub zeniti mb\u00ebshtesin testimin me shum\u00eb k\u00ebnde dhe boshte vertikale<\/li>\n<li>Dizajni n\u00eb stilin e tavolin\u00ebs s\u00eb pun\u00ebs siguron stabilitet dhe efikasitet t\u00eb hap\u00ebsir\u00ebs<\/li>\n<li>Ideale p\u00ebr kalibrimin e stacioneve totale, teodoliteve dhe niveleve optike<\/li>\n<li>Siguron sakt\u00ebsi t\u00eb p\u00ebrs\u00ebritshme p\u00ebr mir\u00ebmbajtjen dhe testimin profesional t\u00eb instrumenteve<\/li>\n<\/ul>","protected":false},"featured_media":4424,"comment_status":"open","ping_status":"closed","template":"","meta":[],"product_brand":[],"product_cat":[71,125],"product_tag":[],"class_list":{"0":"post-4423","1":"product","2":"type-product","3":"status-publish","4":"has-post-thumbnail","6":"product_cat-calibration-testing-instrument","7":"product_cat-collimator-instrument","9":"first","10":"instock","11":"shipping-taxable","12":"product-type-simple"},"_links":{"self":[{"href":"https:\/\/mountlaser.com\/sq\/wp-json\/wp\/v2\/product\/4423","targetHints":{"allow":["GET"]}}],"collection":[{"href":"https:\/\/mountlaser.com\/sq\/wp-json\/wp\/v2\/product"}],"about":[{"href":"https:\/\/mountlaser.com\/sq\/wp-json\/wp\/v2\/types\/product"}],"replies":[{"embeddable":true,"href":"https:\/\/mountlaser.com\/sq\/wp-json\/wp\/v2\/comments?post=4423"}],"wp:featuredmedia":[{"embeddable":true,"href":"https:\/\/mountlaser.com\/sq\/wp-json\/wp\/v2\/media\/4424"}],"wp:attachment":[{"href":"https:\/\/mountlaser.com\/sq\/wp-json\/wp\/v2\/media?parent=4423"}],"wp:term":[{"taxonomy":"product_brand","embeddable":true,"href":"https:\/\/mountlaser.com\/sq\/wp-json\/wp\/v2\/product_brand?post=4423"},{"taxonomy":"product_cat","embeddable":true,"href":"https:\/\/mountlaser.com\/sq\/wp-json\/wp\/v2\/product_cat?post=4423"},{"taxonomy":"product_tag","embeddable":true,"href":"https:\/\/mountlaser.com\/sq\/wp-json\/wp\/v2\/product_tag?post=4423"}],"curies":[{"name":"wp","href":"https:\/\/api.w.org\/{rel}","templated":true}]}}