{"id":4421,"date":"2025-11-14T06:17:55","date_gmt":"2025-11-14T06:17:55","guid":{"rendered":"https:\/\/mountlaser.com\/?post_type=product&#038;p=4421"},"modified":"2025-11-27T05:42:38","modified_gmt":"2025-11-27T05:42:38","slug":"f550-3-collimator","status":"publish","type":"product","link":"https:\/\/mountlaser.com\/sq\/produkt\/f550-3-collimator\/","title":{"rendered":"Kolimator F550-3"},"content":{"rendered":"<p>I\/E\/T\u00eb\/T\u00eb <a href=\"https:\/\/mountlaser.com\/sq\/\"><strong>Kolimator F550-3<\/strong><\/a> \u00ebsht\u00eb me sakt\u00ebsi t\u00eb lart\u00eb<a href=\"https:\/\/mountlaser.com\/sq\/about-us\/\"><strong> Kolimator me lazer<\/strong><\/a> I projektuar p\u00ebr detyra t\u00eb avancuara t\u00eb shtrirjes optike dhe kalibrimit. I projektuar me nj\u00eb struktur\u00eb me tre tuba optik\u00eb, n\u00eb stil dyshemeje, Kolimatori F550-3 ofron stabilitet t\u00eb jasht\u00ebzakonsh\u00ebm, duke u lejuar teknik\u00ebve t\u00eb testojn\u00eb dhe t\u00eb shtrijn\u00eb instrumentet e matjes me sakt\u00ebsi maksimale. Si nj\u00eb Kolimator Lazer i nivelit profesional, ai ofron rreze drite t\u00eb q\u00ebndrueshme, paralele, ideale p\u00ebr verifikimin e boshtit optik t\u00eb stacioneve totale, teodoliteve dhe niveleve automatike.<\/p>\n<p><img fetchpriority=\"high\" decoding=\"async\" class=\"aligncenter wp-image-4422\" src=\"https:\/\/mountlaser.com\/wp-content\/uploads\/2025\/11\/3-2-F55-3.webp\" alt=\"F550-3 Laser Collimator\" width=\"500\" height=\"500\" srcset=\"https:\/\/mountlaser.com\/wp-content\/uploads\/2025\/11\/3-2-F55-3.webp 1000w, https:\/\/mountlaser.com\/wp-content\/uploads\/2025\/11\/3-2-F55-3-300x300.webp 300w, https:\/\/mountlaser.com\/wp-content\/uploads\/2025\/11\/3-2-F55-3-400x400.webp 400w, https:\/\/mountlaser.com\/wp-content\/uploads\/2025\/11\/3-2-F55-3-800x800.webp 800w, https:\/\/mountlaser.com\/wp-content\/uploads\/2025\/11\/3-2-F55-3-600x600.webp 600w, https:\/\/mountlaser.com\/wp-content\/uploads\/2025\/11\/3-2-F55-3-150x150.webp 150w, https:\/\/mountlaser.com\/wp-content\/uploads\/2025\/11\/3-2-F55-3-768x768.webp 768w, https:\/\/mountlaser.com\/wp-content\/uploads\/2025\/11\/3-2-F55-3-12x12.webp 12w\" sizes=\"(max-width: 500px) 100vw, 500px\" \/><\/p>\n<p>I nd\u00ebrtuar p\u00ebr mjedise laboratorike dhe punishtesh me k\u00ebrkesa t\u00eb larta, <a href=\"https:\/\/mountlaser.com\/sq\/contact-us\/\">Kolimator F550-3<\/a> mb\u00ebshtet kalibrimin shum\u00eb-aksor p\u00ebrmes konfigurimit t\u00eb tij me tre tuba, duke siguruar performanc\u00eb superiore gjat\u00eb p\u00ebrdorimit afatgjat\u00eb. P\u00ebr profesionist\u00ebt q\u00eb k\u00ebrkojn\u00eb nj\u00eb kolimator lazeri t\u00eb besuesh\u00ebm dhe t\u00eb q\u00ebndruesh\u00ebm, ky model dallohet p\u00ebr sakt\u00ebsin\u00eb, stabilitetin dhe efikasitetin operativ.<\/p>","protected":false},"excerpt":{"rendered":"<ul>\n<li>Gjeneron rreze lazeri t\u00eb q\u00ebndrueshme, paralele p\u00ebr kalibrim me precizion t\u00eb lart\u00eb<\/li>\n<li>Tre tuba optik\u00eb mund\u00ebsojn\u00eb shtrirje t\u00eb p\u00ebrparuar shum\u00ebaksore<\/li>\n<li>Nd\u00ebrtimi n\u00eb stilin e dyshemes\u00eb siguron stabilitet maksimal dhe dridhje t\u00eb reduktuara<\/li>\n<li>I p\u00ebrshtatsh\u00ebm p\u00ebr testimin e stacioneve totale, teodoliteve dhe niveleve optike<\/li>\n<li>I projektuar p\u00ebr performanc\u00eb t\u00eb q\u00ebndrueshme n\u00eb laborator\u00ebt e metrologjis\u00eb dhe pun\u00ebtorit\u00eb e instrumenteve<\/li>\n<\/ul>","protected":false},"featured_media":4422,"comment_status":"open","ping_status":"closed","template":"","meta":[],"product_brand":[],"product_cat":[71,125],"product_tag":[],"class_list":{"0":"post-4421","1":"product","2":"type-product","3":"status-publish","4":"has-post-thumbnail","6":"product_cat-calibration-testing-instrument","7":"product_cat-collimator-instrument","9":"first","10":"instock","11":"shipping-taxable","12":"product-type-simple"},"_links":{"self":[{"href":"https:\/\/mountlaser.com\/sq\/wp-json\/wp\/v2\/product\/4421","targetHints":{"allow":["GET"]}}],"collection":[{"href":"https:\/\/mountlaser.com\/sq\/wp-json\/wp\/v2\/product"}],"about":[{"href":"https:\/\/mountlaser.com\/sq\/wp-json\/wp\/v2\/types\/product"}],"replies":[{"embeddable":true,"href":"https:\/\/mountlaser.com\/sq\/wp-json\/wp\/v2\/comments?post=4421"}],"wp:featuredmedia":[{"embeddable":true,"href":"https:\/\/mountlaser.com\/sq\/wp-json\/wp\/v2\/media\/4422"}],"wp:attachment":[{"href":"https:\/\/mountlaser.com\/sq\/wp-json\/wp\/v2\/media?parent=4421"}],"wp:term":[{"taxonomy":"product_brand","embeddable":true,"href":"https:\/\/mountlaser.com\/sq\/wp-json\/wp\/v2\/product_brand?post=4421"},{"taxonomy":"product_cat","embeddable":true,"href":"https:\/\/mountlaser.com\/sq\/wp-json\/wp\/v2\/product_cat?post=4421"},{"taxonomy":"product_tag","embeddable":true,"href":"https:\/\/mountlaser.com\/sq\/wp-json\/wp\/v2\/product_tag?post=4421"}],"curies":[{"name":"wp","href":"https:\/\/api.w.org\/{rel}","templated":true}]}}