{"id":4419,"date":"2025-11-14T05:37:35","date_gmt":"2025-11-14T05:37:35","guid":{"rendered":"https:\/\/mountlaser.com\/?post_type=product&#038;p=4419"},"modified":"2025-12-01T08:24:30","modified_gmt":"2025-12-01T08:24:30","slug":"f550-2a-collimator","status":"publish","type":"product","link":"https:\/\/mountlaser.com\/sq\/produkt\/f550-2a-collimator\/","title":{"rendered":"Kolimator F550-2A"},"content":{"rendered":"<p>I\/E\/T\u00eb\/T\u00eb <a href=\"https:\/\/mountlaser.com\/sq\/\"><strong>Kolimator F550-2A<\/strong><\/a> \u00ebsht\u00eb me sakt\u00ebsi t\u00eb lart\u00eb <a href=\"https:\/\/mountlaser.com\/sq\/kategori-produkti\/calibration-testing-instrument\/\"><strong>Kolimator me lazer<\/strong><\/a> I projektuar p\u00ebr detyra profesionale t\u00eb shtrirjes dhe kalibrimit optik. Duke shfaqur nj\u00eb struktur\u00eb t\u00eb q\u00ebndrueshme me dy tuba optik\u00eb, n\u00eb stil dyshemeje, ky instrument Kolimatori siguron stabilitet dhe sakt\u00ebsi t\u00eb jasht\u00ebzakonshme gjat\u00eb testimit optik. I projektuar p\u00ebr p\u00ebrdorim n\u00eb laborator\u00eb metrologjie, objekte prodhimi dhe qendra sh\u00ebrbimi instrumentesh, Kolimatori Lazer ofron performanc\u00ebn e besueshme q\u00eb pritet nga nj\u00eb Kolimator Lazer i nivelit profesional.<\/p>\n<p>Si nj\u00eb kolimator lazeri shum\u00ebfunksional, kolimatori F550-2A gjeneron rreze shum\u00eb paralele q\u00eb mb\u00ebshtesin kalibrimin preciz t\u00eb teodolit\u00ebve, stacioneve totale, niveleve optike dhe instrumenteve t\u00eb tjera mat\u00ebse. Dizajni i tij me dy tuba optik\u00eb rrit fleksibilitetin e kalibrimit, duke u lejuar teknik\u00ebve t\u00eb kryejn\u00eb me leht\u00ebsi rreshtimin n\u00eb shum\u00eb k\u00ebnde ose shum\u00eb boshte. Konfigurimi n\u00eb dysheme siguron m\u00eb tej dridhje minimale dhe q\u00ebndrueshm\u00ebri maksimale t\u00eb matjes.<\/p>\n<p><img fetchpriority=\"high\" decoding=\"async\" class=\"aligncenter wp-image-4420\" src=\"https:\/\/mountlaser.com\/wp-content\/uploads\/2025\/11\/2-3-F550-2A_\u526f\u672c.webp\" alt=\"F550-2A Collimator\" width=\"500\" height=\"500\" srcset=\"https:\/\/mountlaser.com\/wp-content\/uploads\/2025\/11\/2-3-F550-2A_\u526f\u672c.webp 1000w, https:\/\/mountlaser.com\/wp-content\/uploads\/2025\/11\/2-3-F550-2A_\u526f\u672c-300x300.webp 300w, https:\/\/mountlaser.com\/wp-content\/uploads\/2025\/11\/2-3-F550-2A_\u526f\u672c-400x400.webp 400w, https:\/\/mountlaser.com\/wp-content\/uploads\/2025\/11\/2-3-F550-2A_\u526f\u672c-800x800.webp 800w, https:\/\/mountlaser.com\/wp-content\/uploads\/2025\/11\/2-3-F550-2A_\u526f\u672c-600x600.webp 600w, https:\/\/mountlaser.com\/wp-content\/uploads\/2025\/11\/2-3-F550-2A_\u526f\u672c-150x150.webp 150w, https:\/\/mountlaser.com\/wp-content\/uploads\/2025\/11\/2-3-F550-2A_\u526f\u672c-768x768.webp 768w, https:\/\/mountlaser.com\/wp-content\/uploads\/2025\/11\/2-3-F550-2A_\u526f\u672c-12x12.webp 12w\" sizes=\"(max-width: 500px) 100vw, 500px\" \/><\/p>\n<p>Me nj\u00eb nd\u00ebrtim t\u00eb fort\u00eb dhe stabilitet afatgjat\u00eb, <a href=\"https:\/\/mountlaser.com\/sq\/contact-us\/\">Kolimator F550-2A<\/a> \u00ebsht\u00eb nj\u00eb zgjidhje thelb\u00ebsore p\u00ebr ruajtjen e sakt\u00ebsis\u00eb s\u00eb instrumenteve dhe p\u00ebrmir\u00ebsimin e proceseve t\u00eb kontrollit t\u00eb cil\u00ebsis\u00eb. Ky kolimator lazeri \u00ebsht\u00eb ideal p\u00ebr organizatat q\u00eb k\u00ebrkojn\u00eb performanc\u00eb optike t\u00eb besueshme dhe rezultate kalibrimi t\u00eb p\u00ebrs\u00ebritshme.<\/p>","protected":false},"excerpt":{"rendered":"<ul>\n<li>Prodhon rreze lazeri paralele p\u00ebr kalibrim optik preciz<\/li>\n<li>Dizajni i dyfisht\u00eb i tubave optik\u00eb mb\u00ebshtet shtrirjen me shum\u00eb k\u00ebnde dhe shum\u00eb boshte<\/li>\n<li>Nd\u00ebrtimi n\u00eb stilin e dyshemes\u00eb rrit stabilitetin dhe zvog\u00eblon dridhjet gjat\u00eb testimit<\/li>\n<li>I p\u00ebrshtatsh\u00ebm p\u00ebr kalibrimin e stacioneve totale, teodoliteve, nivelave optike dhe mjeteve t\u00eb tjera t\u00eb matjes.<\/li>\n<li>P\u00ebrmir\u00ebson sakt\u00ebsin\u00eb, besueshm\u00ebrin\u00eb dhe efikasitetin e rrjedh\u00ebs s\u00eb pun\u00ebs n\u00eb aplikimet e metrologjis\u00eb dhe testimit optik<\/li>\n<\/ul>","protected":false},"featured_media":4420,"comment_status":"open","ping_status":"closed","template":"","meta":[],"product_brand":[],"product_cat":[71,125],"product_tag":[],"class_list":{"0":"post-4419","1":"product","2":"type-product","3":"status-publish","4":"has-post-thumbnail","6":"product_cat-calibration-testing-instrument","7":"product_cat-collimator-instrument","9":"first","10":"instock","11":"shipping-taxable","12":"product-type-simple"},"_links":{"self":[{"href":"https:\/\/mountlaser.com\/sq\/wp-json\/wp\/v2\/product\/4419","targetHints":{"allow":["GET"]}}],"collection":[{"href":"https:\/\/mountlaser.com\/sq\/wp-json\/wp\/v2\/product"}],"about":[{"href":"https:\/\/mountlaser.com\/sq\/wp-json\/wp\/v2\/types\/product"}],"replies":[{"embeddable":true,"href":"https:\/\/mountlaser.com\/sq\/wp-json\/wp\/v2\/comments?post=4419"}],"wp:featuredmedia":[{"embeddable":true,"href":"https:\/\/mountlaser.com\/sq\/wp-json\/wp\/v2\/media\/4420"}],"wp:attachment":[{"href":"https:\/\/mountlaser.com\/sq\/wp-json\/wp\/v2\/media?parent=4419"}],"wp:term":[{"taxonomy":"product_brand","embeddable":true,"href":"https:\/\/mountlaser.com\/sq\/wp-json\/wp\/v2\/product_brand?post=4419"},{"taxonomy":"product_cat","embeddable":true,"href":"https:\/\/mountlaser.com\/sq\/wp-json\/wp\/v2\/product_cat?post=4419"},{"taxonomy":"product_tag","embeddable":true,"href":"https:\/\/mountlaser.com\/sq\/wp-json\/wp\/v2\/product_tag?post=4419"}],"curies":[{"name":"wp","href":"https:\/\/api.w.org\/{rel}","templated":true}]}}