{"id":4417,"date":"2025-11-14T05:24:55","date_gmt":"2025-11-14T05:24:55","guid":{"rendered":"https:\/\/mountlaser.com\/?post_type=product&#038;p=4417"},"modified":"2025-12-01T08:41:30","modified_gmt":"2025-12-01T08:41:30","slug":"f550-3e-collimator","status":"publish","type":"product","link":"https:\/\/mountlaser.com\/sq\/produkt\/f550-3e-collimator\/","title":{"rendered":"Kolimatori F550-3E"},"content":{"rendered":"<p>I\/E\/T\u00eb\/T\u00eb <a href=\"https:\/\/mountlaser.com\/sq\/kategori-produkti\/calibration-testing-instrument\/\"><strong>Kolimatori F550-3E<\/strong><\/a> \u00ebsht\u00eb nj\u00eb inxhinieri precize <a href=\"https:\/\/mountlaser.com\/sq\/about-us\/\"><strong>Kolimator rrezesh<\/strong><\/a> Sistemi i projektuar p\u00ebr detyra kalibrimi dhe shtrirjeje optike me sakt\u00ebsi t\u00eb lart\u00eb. I nd\u00ebrtuar me nj\u00eb konfigurim t\u00eb fuqish\u00ebm me tre tuba optik\u00eb, n\u00eb stilin e tavolin\u00ebs, ky instrument Collimator ofron performanc\u00eb optike t\u00eb q\u00ebndrueshme dhe konsistente p\u00ebr laborator\u00ebt, mjediset e prodhimit dhe aplikimet metrologjike q\u00eb k\u00ebrkojn\u00eb sakt\u00ebsi t\u00eb jasht\u00ebzakonshme.<\/p>\n<p>Si nj\u00eb kolimator profesional me rreze, kolimatori F550-3E ofron rreze drite paralele q\u00eb sigurojn\u00eb testim t\u00eb besuesh\u00ebm t\u00eb instrumenteve optike si\u00e7 jan\u00eb teodolitet, stacionet totale dhe pajisjet e matjes me lazer. Dizajni i tij me tre tuba optik\u00eb ofron fleksibilitet t\u00eb shtuar p\u00ebr kalibrimin me shum\u00eb k\u00ebnde, duke e b\u00ebr\u00eb kolimatorin F550-3E nj\u00eb zgjidhje t\u00eb preferuar p\u00ebr kontrollin e cil\u00ebsis\u00eb dhe mjediset e testimit optik.<\/p>\n<p><img fetchpriority=\"high\" decoding=\"async\" class=\"aligncenter wp-image-4418\" src=\"https:\/\/mountlaser.com\/wp-content\/uploads\/2025\/11\/F550-3E.webp\" alt=\"F550-3E Collimator\" width=\"500\" height=\"500\" srcset=\"https:\/\/mountlaser.com\/wp-content\/uploads\/2025\/11\/F550-3E.webp 1000w, https:\/\/mountlaser.com\/wp-content\/uploads\/2025\/11\/F550-3E-300x300.webp 300w, https:\/\/mountlaser.com\/wp-content\/uploads\/2025\/11\/F550-3E-400x400.webp 400w, https:\/\/mountlaser.com\/wp-content\/uploads\/2025\/11\/F550-3E-800x800.webp 800w, https:\/\/mountlaser.com\/wp-content\/uploads\/2025\/11\/F550-3E-600x600.webp 600w, https:\/\/mountlaser.com\/wp-content\/uploads\/2025\/11\/F550-3E-150x150.webp 150w, https:\/\/mountlaser.com\/wp-content\/uploads\/2025\/11\/F550-3E-768x768.webp 768w, https:\/\/mountlaser.com\/wp-content\/uploads\/2025\/11\/F550-3E-12x12.webp 12w\" sizes=\"(max-width: 500px) 100vw, 500px\" \/><\/p>\n<p>Ky instrument i p\u00ebrparuar i kolimatorit thjeshton procedurat e rreshtimit, rrit sakt\u00ebsin\u00eb e matjes dhe mb\u00ebshtet performanc\u00ebn afatgjat\u00eb me k\u00ebrkesa minimale mir\u00ebmbajtjeje. Qoft\u00eb i p\u00ebrdorur p\u00ebr kalibrim optik rutin\u00eb apo zhvillim instrumentesh t\u00eb nivelit t\u00eb lart\u00eb, <a href=\"https:\/\/mountlaser.com\/sq\/contact-us\/\">Kolimator rrezesh<\/a> Sistemi garanton rezultate t\u00eb besueshme dhe t\u00eb p\u00ebrs\u00ebritshme.<\/p>","protected":false},"excerpt":{"rendered":"<ul>\n<li>Gjeneron rreze paralele me precizion t\u00eb lart\u00eb p\u00ebr kalibrim optik<\/li>\n<li>Mb\u00ebshtet shtrirjen n\u00eb shum\u00eb k\u00ebnde p\u00ebrmes tre tubave optik\u00eb t\u00eb pavarur<\/li>\n<li>Struktura n\u00eb stilin e tavolin\u00ebs siguron stabilitet gjat\u00eb matjes<\/li>\n<li>Ideale p\u00ebr testimin e stacioneve totale, teodoliteve dhe pajisjeve mat\u00ebse optike<\/li>\n<li>P\u00ebrmir\u00ebson sakt\u00ebsin\u00eb dhe q\u00ebndrueshm\u00ebrin\u00eb n\u00eb mjediset laboratorike dhe t\u00eb prodhimit<\/li>\n<\/ul>","protected":false},"featured_media":4418,"comment_status":"open","ping_status":"closed","template":"","meta":[],"product_brand":[],"product_cat":[71,125],"product_tag":[],"class_list":{"0":"post-4417","1":"product","2":"type-product","3":"status-publish","4":"has-post-thumbnail","6":"product_cat-calibration-testing-instrument","7":"product_cat-collimator-instrument","9":"first","10":"instock","11":"shipping-taxable","12":"product-type-simple"},"_links":{"self":[{"href":"https:\/\/mountlaser.com\/sq\/wp-json\/wp\/v2\/product\/4417","targetHints":{"allow":["GET"]}}],"collection":[{"href":"https:\/\/mountlaser.com\/sq\/wp-json\/wp\/v2\/product"}],"about":[{"href":"https:\/\/mountlaser.com\/sq\/wp-json\/wp\/v2\/types\/product"}],"replies":[{"embeddable":true,"href":"https:\/\/mountlaser.com\/sq\/wp-json\/wp\/v2\/comments?post=4417"}],"wp:featuredmedia":[{"embeddable":true,"href":"https:\/\/mountlaser.com\/sq\/wp-json\/wp\/v2\/media\/4418"}],"wp:attachment":[{"href":"https:\/\/mountlaser.com\/sq\/wp-json\/wp\/v2\/media?parent=4417"}],"wp:term":[{"taxonomy":"product_brand","embeddable":true,"href":"https:\/\/mountlaser.com\/sq\/wp-json\/wp\/v2\/product_brand?post=4417"},{"taxonomy":"product_cat","embeddable":true,"href":"https:\/\/mountlaser.com\/sq\/wp-json\/wp\/v2\/product_cat?post=4417"},{"taxonomy":"product_tag","embeddable":true,"href":"https:\/\/mountlaser.com\/sq\/wp-json\/wp\/v2\/product_tag?post=4417"}],"curies":[{"name":"wp","href":"https:\/\/api.w.org\/{rel}","templated":true}]}}