{"id":438,"date":"2024-03-22T15:01:22","date_gmt":"2024-03-22T15:01:22","guid":{"rendered":"https:\/\/startersites.io\/blocksy\/pottery\/?post_type=product&#038;p=438"},"modified":"2025-12-01T04:47:56","modified_gmt":"2025-12-01T04:47:56","slug":"rh225-concrete-test-hammer","status":"publish","type":"product","link":"https:\/\/mountlaser.com\/sq\/produkt\/rh225-concrete-test-hammer\/","title":{"rendered":"\u00c7eki\u00e7 p\u00ebr testimin e betonit RH225"},"content":{"rendered":"<p><a href=\"https:\/\/mountlaser.com\/sq\/\"><strong>\u00c7eki\u00e7 p\u00ebr testimin e betonit RH225<\/strong><\/a> \u00ebsht\u00eb nj\u00eb instrument thelb\u00ebsor testimi jo-shkat\u00ebrrues, i projektuar p\u00ebr profesionist\u00ebt e inxhinieris\u00eb strukturore. \u00cbsht\u00eb projektuar me kujdes p\u00ebr t\u00eb matur rezistenc\u00ebn ndaj shtypjes s\u00eb betonit t\u00eb zakonsh\u00ebm brenda nj\u00eb diapazoni prej 10 deri n\u00eb 70 N\/mm\u00b2 (1,450 deri n\u00eb 10,153 psi) me besueshm\u00ebri t\u00eb jasht\u00ebzakonshme.<\/p>\n<p>T\u00eb kuptuarit e parimeve t\u00eb testit t\u00eb \u00e7eki\u00e7it t\u00eb rikthimit t\u00eb betonit \u00ebsht\u00eb \u00e7el\u00ebsi i vler\u00ebsimit strukturor, dhe RH225 \u00ebsht\u00eb nd\u00ebrtuar p\u00ebr t\u00eb kryer k\u00ebt\u00eb test me sakt\u00ebsi t\u00eb pakrahasueshme. \u00c7do aspekt i nd\u00ebrtimit t\u00eb tij \u00ebsht\u00eb i optimizuar p\u00ebr k\u00ebrkesat rigoroze t\u00eb p\u00ebrdorimit t\u00eb nj\u00eb \u00e7eki\u00e7i p\u00ebr testimin e betonit n\u00eb vendet e pun\u00ebs n\u00eb t\u00eb gjith\u00eb bot\u00ebn. <a href=\"https:\/\/mountlaser.com\/sq\/products\/\"><strong>Testi i \u00e7eki\u00e7it t\u00eb rikthimit t\u00eb betonit<\/strong><\/a> Procedura \u00ebsht\u00eb jetike p\u00ebr integritetin e t\u00eb dh\u00ebnave, dhe dizajni yn\u00eb i p\u00ebrmir\u00ebsuar i treguesit siguron rregullim t\u00eb leht\u00eb dhe stabilitet superior p\u00ebr lexime t\u00eb q\u00ebndrueshme.<\/p>\n<p>Pavar\u00ebsisht n\u00ebse po kryeni nj\u00eb prov\u00eb standarde t\u00eb p\u00ebrdorimit t\u00eb \u00e7eki\u00e7it t\u00eb betonit p\u00ebr kontrollin e cil\u00ebsis\u00eb ose nj\u00eb prov\u00eb gjith\u00ebp\u00ebrfshir\u00ebse t\u00eb \u00e7eki\u00e7it t\u00eb rikthimit t\u00eb betonit p\u00ebr analiz\u00ebn strukturore, RH225 ofron besim. \u00cbsht\u00eb prodhuar p\u00ebr t\u00eb p\u00ebrmbushur dhe tejkaluar standardet m\u00eb t\u00eb ashpra nd\u00ebrkomb\u00ebtare, duke p\u00ebrfshir\u00eb ASTM C 805 (SHBA), JGJ\/T 23-2011 (Kin\u00eb) dhe norma t\u00eb ndryshme evropiane (EN 12504-2, DIN 1048).<\/p>\n<p><img fetchpriority=\"high\" decoding=\"async\" class=\"aligncenter wp-image-1939\" src=\"https:\/\/mountlaser.com\/wp-content\/uploads\/2024\/03\/2.webp\" alt=\"concrete rebound hammer test\" width=\"500\" height=\"500\" srcset=\"https:\/\/mountlaser.com\/wp-content\/uploads\/2024\/03\/2.webp 1200w, https:\/\/mountlaser.com\/wp-content\/uploads\/2024\/03\/2-300x300.webp 300w, https:\/\/mountlaser.com\/wp-content\/uploads\/2024\/03\/2-400x400.webp 400w, https:\/\/mountlaser.com\/wp-content\/uploads\/2024\/03\/2-800x800.webp 800w, https:\/\/mountlaser.com\/wp-content\/uploads\/2024\/03\/2-600x600.webp 600w, https:\/\/mountlaser.com\/wp-content\/uploads\/2024\/03\/2-1024x1024.webp 1024w, https:\/\/mountlaser.com\/wp-content\/uploads\/2024\/03\/2-150x150.webp 150w, https:\/\/mountlaser.com\/wp-content\/uploads\/2024\/03\/2-768x768.webp 768w, https:\/\/mountlaser.com\/wp-content\/uploads\/2024\/03\/2-12x12.webp 12w\" sizes=\"(max-width: 500px) 100vw, 500px\" \/><\/p>\n<p>KOMPONENT\u00cbT<\/p>\n<table style=\"border-collapse: collapse; width: 216.03pt;\" border=\"0\" width=\"288\" cellspacing=\"0\" cellpadding=\"0\">\n<tbody>\n<tr style=\"height: 14.25pt;\">\n<td style=\"height: 14.25pt; width: 216.00pt;\" width=\"288\" height=\"19\">\u00c7eki\u00e7 rikuperimi<\/td>\n<\/tr>\n<tr style=\"height: 14.25pt;\">\n<td style=\"height: 14.25pt;\" height=\"19\">Mbrojt\u00ebse dore prej silikoni p\u00ebr mbrojt\u00ebse dore<\/td>\n<\/tr>\n<tr style=\"height: 14.25pt;\">\n<td style=\"height: 14.25pt;\" height=\"19\">Nj\u00eb gur bluar\u00ebs<\/td>\n<\/tr>\n<tr style=\"height: 14.25pt;\">\n<td style=\"height: 14.25pt;\" height=\"19\">Nj\u00eb komplet mir\u00ebmbajtjeje<\/td>\n<\/tr>\n<tr style=\"height: 14.25pt;\">\n<td style=\"height: 14.25pt;\" height=\"19\">Rr\u00ebshqit\u00ebsi i treguesit dhe sust\u00eb amortizuese<\/td>\n<\/tr>\n<tr style=\"height: 14.25pt;\">\n<td style=\"height: 14.25pt;\" height=\"19\">Kutia e instrumenteve<\/td>\n<\/tr>\n<\/tbody>\n<\/table>\n<p><strong><a href=\"https:\/\/mountlaser.com\/sq\/contact-us\/\">\u00c7eki\u00e7 p\u00ebr testimin e betonit RH225<\/a> PARAMETRAT TEKNIKE<\/strong><\/p>\n<table style=\"border-collapse: collapse; width: 631.52pt;\" border=\"0\" width=\"842\" cellspacing=\"0\" cellpadding=\"0\">\n<tbody>\n<tr style=\"height: 14.25pt;\">\n<td class=\"et2\" style=\"height: 14.25pt; width: 322.50pt;\" width=\"430\" height=\"19\">Energjia standarde e impaktit<\/td>\n<td class=\"et3\" style=\"width: 309.00pt;\" width=\"412\">2.207J<\/td>\n<\/tr>\n<tr style=\"height: 14.25pt;\">\n<td class=\"et4\" style=\"height: 14.25pt;\" height=\"19\">Gjat\u00ebsia e treguesit<\/td>\n<td class=\"et5\">20.0 \u00b10.2 mm<\/td>\n<\/tr>\n<tr style=\"height: 14.25pt;\">\n<td class=\"et4\" style=\"height: 14.25pt;\" height=\"19\">F\u00ebrkimi i treguesit<\/td>\n<td class=\"et5\">0.65 \u00b1 0.15 N<\/td>\n<\/tr>\n<tr style=\"height: 14.25pt;\">\n<td class=\"et4\" style=\"height: 14.25pt;\" height=\"19\">Rrezja sferike e shufr\u00ebs k\u00ebrcimtare<\/td>\n<td class=\"et5\">25\u00b11.0 mm<\/td>\n<\/tr>\n<tr style=\"height: 14.25pt;\">\n<td class=\"et4\" style=\"height: 14.25pt;\" height=\"19\">Ngurt\u00ebsia elastike e sust\u00ebs n\u00eb tension<\/td>\n<td class=\"et5\">785.0\u00b1 30.0 N\/m<\/td>\n<\/tr>\n<tr style=\"height: 14.25pt;\">\n<td class=\"et4\" style=\"height: 14.25pt;\" height=\"19\">Gjat\u00ebsia operative e sust\u00ebs elastike t\u00eb tensionit<\/td>\n<td class=\"et5\">61.5\u00b10.3 mm<\/td>\n<\/tr>\n<tr style=\"height: 14.25pt;\">\n<td class=\"et4\" style=\"height: 14.25pt;\" height=\"19\">Pozicioni i ngritjes s\u00eb \u00e7eki\u00e7it me k\u00ebrcim<\/td>\n<td class=\"et5\">Shkalla \u201c0~1\u201d<\/td>\n<\/tr>\n<tr style=\"height: 14.25pt;\">\n<td class=\"et6\" style=\"height: 14.25pt;\" height=\"19\">Vlera e kalibrimit n\u00eb kudhr\u00ebn e testimit<\/td>\n<td class=\"et7\">78-82<\/td>\n<\/tr>\n<\/tbody>\n<\/table>","protected":false},"excerpt":{"rendered":"<ul>\n<li>Vler\u00ebsim i sakt\u00eb i forc\u00ebs: Kryen testin e \u00e7eki\u00e7it rikthim p\u00ebr t\u00eb vler\u00ebsuar me besueshm\u00ebri rezistenc\u00ebn ndaj shtypjes n\u00eb vend.<\/li>\n<li>Nd\u00ebrtim i Q\u00ebndruesh\u00ebm: Ka nj\u00eb korniz\u00eb super t\u00eb fort\u00eb prej lidhjeje alumini 6061 me nj\u00eb buton t\u00eb formuar n\u00eb m\u00ebnyr\u00eb elastike q\u00eb nuk bie, duke siguruar jet\u00ebgjat\u00ebsi.<\/li>\n<li>L\u00ebvizje precize: Mekanizmi i brendsh\u00ebm \u00ebsht\u00eb rafinuar duke p\u00ebrdorur qendra p\u00ebrpunimi CNC.<\/li>\n<li>Sust\u00eb rezistente ndaj lodhjes: P\u00ebrdor nj\u00eb sust\u00eb t\u00eb importuar me cil\u00ebsi t\u00eb lart\u00eb brenda nj\u00eb montimi prej aliazh alumini.<\/li>\n<\/ul>","protected":false},"featured_media":1940,"comment_status":"open","ping_status":"closed","template":"","meta":[],"product_brand":[],"product_cat":[71],"product_tag":[],"class_list":{"0":"post-438","1":"product","2":"type-product","3":"status-publish","4":"has-post-thumbnail","6":"product_cat-calibration-testing-instrument","8":"first","9":"instock","10":"shipping-taxable","11":"product-type-simple"},"_links":{"self":[{"href":"https:\/\/mountlaser.com\/sq\/wp-json\/wp\/v2\/product\/438","targetHints":{"allow":["GET"]}}],"collection":[{"href":"https:\/\/mountlaser.com\/sq\/wp-json\/wp\/v2\/product"}],"about":[{"href":"https:\/\/mountlaser.com\/sq\/wp-json\/wp\/v2\/types\/product"}],"replies":[{"embeddable":true,"href":"https:\/\/mountlaser.com\/sq\/wp-json\/wp\/v2\/comments?post=438"}],"wp:featuredmedia":[{"embeddable":true,"href":"https:\/\/mountlaser.com\/sq\/wp-json\/wp\/v2\/media\/1940"}],"wp:attachment":[{"href":"https:\/\/mountlaser.com\/sq\/wp-json\/wp\/v2\/media?parent=438"}],"wp:term":[{"taxonomy":"product_brand","embeddable":true,"href":"https:\/\/mountlaser.com\/sq\/wp-json\/wp\/v2\/product_brand?post=438"},{"taxonomy":"product_cat","embeddable":true,"href":"https:\/\/mountlaser.com\/sq\/wp-json\/wp\/v2\/product_cat?post=438"},{"taxonomy":"product_tag","embeddable":true,"href":"https:\/\/mountlaser.com\/sq\/wp-json\/wp\/v2\/product_tag?post=438"}],"curies":[{"name":"wp","href":"https:\/\/api.w.org\/{rel}","templated":true}]}}