{"id":434,"date":"2024-03-21T13:07:26","date_gmt":"2024-03-21T13:07:26","guid":{"rendered":"https:\/\/startersites.io\/blocksy\/pottery\/?post_type=product&#038;p=434"},"modified":"2025-12-01T05:03:16","modified_gmt":"2025-12-01T05:03:16","slug":"fg01x-fixed-tribrach-adapter-5-8-11-thread","status":"publish","type":"product","link":"https:\/\/mountlaser.com\/sq\/produkt\/fg01x-fixed-tribrach-adapter-5-8-11-thread\/","title":{"rendered":"FG01X Fixed Tribrach Adapter 5\/8\u2033-11 Fije"},"content":{"rendered":"<p>I\/E\/T\u00eb\/T\u00eb <a href=\"https:\/\/mountlaser.com\/sq\/\"><strong>P\u00ebrshtat\u00ebs i fiksuar i tribrakut FG01X<\/strong><\/a> Lazeri nga Mount \u00ebsht\u00eb nj\u00eb komponent preciz thelb\u00ebsor p\u00ebr profesionist\u00ebt e gjeodetis\u00eb.<\/p>\n<p>Krijuar nga <a href=\"https:\/\/mountlaser.com\/sq\/about-us\/\">alumini me cil\u00ebsi t\u00eb lart\u00eb<\/a>, ky P\u00ebrshtat\u00ebs i fuqish\u00ebm Tribrach p\u00ebrmban nj\u00eb fileto standarde 5\/8\u2033-11, duke siguruar p\u00ebrputhshm\u00ebri universale me nj\u00eb gam\u00eb t\u00eb gjer\u00eb trek\u00ebmb\u00ebsh dhe pajisjesh gjeodetike. Me nj\u00eb diamet\u00ebr baze prej OD80 mm, ai ofron nj\u00eb platform\u00eb t\u00eb q\u00ebndrueshme dhe t\u00eb sigurt p\u00ebr montimin e sistemeve GPS dhe instrumenteve t\u00eb tjera.<\/p>\n<p><img fetchpriority=\"high\" decoding=\"async\" class=\"aligncenter wp-image-2057\" src=\"https:\/\/mountlaser.com\/wp-content\/uploads\/2024\/03\/FG01X-5.webp\" alt=\"Fixed Tribrach Adapter\" width=\"500\" height=\"500\" srcset=\"https:\/\/mountlaser.com\/wp-content\/uploads\/2024\/03\/FG01X-5.webp 1000w, https:\/\/mountlaser.com\/wp-content\/uploads\/2024\/03\/FG01X-5-300x300.webp 300w, https:\/\/mountlaser.com\/wp-content\/uploads\/2024\/03\/FG01X-5-400x400.webp 400w, https:\/\/mountlaser.com\/wp-content\/uploads\/2024\/03\/FG01X-5-800x800.webp 800w, https:\/\/mountlaser.com\/wp-content\/uploads\/2024\/03\/FG01X-5-600x600.webp 600w, https:\/\/mountlaser.com\/wp-content\/uploads\/2024\/03\/FG01X-5-150x150.webp 150w, https:\/\/mountlaser.com\/wp-content\/uploads\/2024\/03\/FG01X-5-768x768.webp 768w, https:\/\/mountlaser.com\/wp-content\/uploads\/2024\/03\/FG01X-5-12x12.webp 12w\" sizes=\"(max-width: 500px) 100vw, 500px\" \/><\/p>\n<p>I\/E\/T\u00eb\/T\u00eb <a href=\"https:\/\/mountlaser.com\/sq\/products\/\"><strong>P\u00ebrshtat\u00ebs i fiksuar i tribrakut<\/strong><\/a> \u00ebsht\u00eb projektuar p\u00ebr q\u00ebndrueshm\u00ebri dhe besueshm\u00ebri n\u00eb terren, duke garantuar pozicionim t\u00eb sakt\u00eb dhe duke zvog\u00ebluar koh\u00ebn e konfigurimit. Ky p\u00ebrshtat\u00ebs tribraku alumini \u00ebsht\u00eb zgjidhja ideale p\u00ebr gjeodet\u00ebt q\u00eb k\u00ebrkojn\u00eb nj\u00eb lidhje t\u00eb p\u00ebrhershme dhe t\u00eb besueshme p\u00ebr matjet e tyre kritike.<\/p>","protected":false},"excerpt":{"rendered":"<ul>\n<li>P\u00ebrmban nj\u00eb fileto t\u00eb p\u00ebrpunuar me precizion 5\/8\u2033-11 p\u00ebr pajtueshm\u00ebri universale me shumic\u00ebn e trek\u00ebmb\u00ebshve dhe shufrave t\u00eb matjes.<\/li>\n<li>Me nj\u00eb baz\u00eb me diamet\u00ebr OD80 mm, ofron stabilitet t\u00eb p\u00ebrmir\u00ebsuar p\u00ebr pajisjet e montuara, duke minimizuar dridhjet.<\/li>\n<li>Siguron pozicionim t\u00eb sakt\u00eb dhe t\u00eb besuesh\u00ebm p\u00ebr antenat GPS dhe instrumentet e tjera t\u00eb matjes.<\/li>\n<\/ul>","protected":false},"featured_media":2055,"comment_status":"open","ping_status":"closed","template":"","meta":[],"product_brand":[],"product_cat":[79,96],"product_tag":[],"class_list":{"0":"post-434","1":"product","2":"type-product","3":"status-publish","4":"has-post-thumbnail","6":"product_cat-surveying-accessory","7":"product_cat-fixed-tribrach-adapter-5-8-11-thread","9":"first","10":"instock","11":"shipping-taxable","12":"product-type-simple"},"_links":{"self":[{"href":"https:\/\/mountlaser.com\/sq\/wp-json\/wp\/v2\/product\/434","targetHints":{"allow":["GET"]}}],"collection":[{"href":"https:\/\/mountlaser.com\/sq\/wp-json\/wp\/v2\/product"}],"about":[{"href":"https:\/\/mountlaser.com\/sq\/wp-json\/wp\/v2\/types\/product"}],"replies":[{"embeddable":true,"href":"https:\/\/mountlaser.com\/sq\/wp-json\/wp\/v2\/comments?post=434"}],"wp:featuredmedia":[{"embeddable":true,"href":"https:\/\/mountlaser.com\/sq\/wp-json\/wp\/v2\/media\/2055"}],"wp:attachment":[{"href":"https:\/\/mountlaser.com\/sq\/wp-json\/wp\/v2\/media?parent=434"}],"wp:term":[{"taxonomy":"product_brand","embeddable":true,"href":"https:\/\/mountlaser.com\/sq\/wp-json\/wp\/v2\/product_brand?post=434"},{"taxonomy":"product_cat","embeddable":true,"href":"https:\/\/mountlaser.com\/sq\/wp-json\/wp\/v2\/product_cat?post=434"},{"taxonomy":"product_tag","embeddable":true,"href":"https:\/\/mountlaser.com\/sq\/wp-json\/wp\/v2\/product_tag?post=434"}],"curies":[{"name":"wp","href":"https:\/\/api.w.org\/{rel}","templated":true}]}}