{"id":432,"date":"2024-03-21T13:06:07","date_gmt":"2024-03-21T13:06:07","guid":{"rendered":"https:\/\/startersites.io\/blocksy\/pottery\/?post_type=product&#038;p=432"},"modified":"2025-12-01T05:36:06","modified_gmt":"2025-12-01T05:36:06","slug":"fg01l-fixed-tribrach-adapter-5-8-11-thread","status":"publish","type":"product","link":"https:\/\/mountlaser.com\/sq\/produkt\/fg01l-fixed-tribrach-adapter-5-8-11-thread\/","title":{"rendered":"FG01L Fixed Fixed Tribrach Adapter 5\/8\u2033-11 Fije"},"content":{"rendered":"<p>I\/E\/T\u00eb\/T\u00eb <a href=\"https:\/\/mountlaser.com\/sq\/\"><strong>Adaptues Tribraku i Tipit t\u00eb Fiksuar FG01L<\/strong><\/a> nga Mount laser \u00ebsht\u00eb nj\u00eb element thelb\u00ebsor i projektuar me precizion p\u00ebr topograf\u00ebt. Ky p\u00ebrshtat\u00ebs i fuqish\u00ebm me fileto 5\/8-11 \u00ebsht\u00eb prodhuar nga alumini me cil\u00ebsi t\u00eb lart\u00eb, duke ofruar nj\u00eb p\u00ebrzierje optimale t\u00eb q\u00ebndrueshm\u00ebris\u00eb dhe pesh\u00ebs s\u00eb leht\u00eb. I projektuar me nj\u00eb fileto universale 5\/8\u2033-11, ky <a href=\"https:\/\/mountlaser.com\/sq\/kategori-produkti\/surveying-accessory\/\"><strong>Adaptues Tribraku i Tipit t\u00eb Fiksuar<\/strong><\/a> Siguron pajtueshm\u00ebri t\u00eb p\u00ebrsosur me nj\u00eb gam\u00eb t\u00eb gjer\u00eb trek\u00ebmb\u00ebsh dhe shtyllash gjeodezike, duke siguruar nj\u00eb lidhje t\u00eb q\u00ebndrueshme p\u00ebr pajisjet GPS.<\/p>\n<p><img fetchpriority=\"high\" decoding=\"async\" class=\"aligncenter wp-image-2065\" src=\"https:\/\/mountlaser.com\/wp-content\/uploads\/2024\/03\/FG01L-7.webp\" alt=\"Fixed Type Tribrach Adaptor\" width=\"500\" height=\"500\" srcset=\"https:\/\/mountlaser.com\/wp-content\/uploads\/2024\/03\/FG01L-7.webp 1000w, https:\/\/mountlaser.com\/wp-content\/uploads\/2024\/03\/FG01L-7-300x300.webp 300w, https:\/\/mountlaser.com\/wp-content\/uploads\/2024\/03\/FG01L-7-400x400.webp 400w, https:\/\/mountlaser.com\/wp-content\/uploads\/2024\/03\/FG01L-7-800x800.webp 800w, https:\/\/mountlaser.com\/wp-content\/uploads\/2024\/03\/FG01L-7-600x600.webp 600w\" sizes=\"(max-width: 500px) 100vw, 500px\" \/><\/p>\n<p><a href=\"https:\/\/mountlaser.com\/sq\/about-us\/\">P\u00ebrshtat\u00ebs i fiksuar i tribrakut FG01L<\/a> Filetoja 5\/8\u2033-11 \u00ebsht\u00eb e fort\u00eb. Baza OD80 mm garanton stabilitet maksimal p\u00ebr instrumentet tuaja. Si nj\u00eb p\u00ebrshtat\u00ebs filetoje 5\/8-11 i besuesh\u00ebm dhe me kosto efektive, FG01L \u00ebsht\u00eb nd\u00ebrtuar p\u00ebr t\u00eb ofruar pozicionim t\u00eb sakt\u00eb dhe performanc\u00eb t\u00eb q\u00ebndrueshme n\u00eb kushte t\u00eb v\u00ebshtira fushore, duke e b\u00ebr\u00eb at\u00eb nj\u00eb mjet t\u00eb domosdosh\u00ebm p\u00ebr matje t\u00eb sakta.<\/p>","protected":false},"excerpt":{"rendered":"<ul>\n<li>I prodhuar nga alumini me cil\u00ebsi t\u00eb lart\u00eb p\u00ebr nj\u00eb raport perfekt t\u00eb forc\u00ebs me pesh\u00ebn, ideal p\u00ebr p\u00ebrdorim n\u00eb terren.<\/li>\n<li>P\u00ebrmban nj\u00eb fileto universale 5\/8\u2033-11 (FG01L) p\u00ebr pajtueshm\u00ebri t\u00eb garantuar me shumic\u00ebn e trek\u00ebmb\u00ebshve.<\/li>\n<li>Trupi i aluminit ofron rezistenc\u00eb t\u00eb shk\u00eblqyer ndaj ndryshkut dhe konsumimit mjedisor.<\/li>\n<\/ul>","protected":false},"featured_media":2062,"comment_status":"open","ping_status":"closed","template":"","meta":[],"product_brand":[],"product_cat":[96,79],"product_tag":[],"class_list":{"0":"post-432","1":"product","2":"type-product","3":"status-publish","4":"has-post-thumbnail","6":"product_cat-fixed-tribrach-adapter-5-8-11-thread","7":"product_cat-surveying-accessory","9":"first","10":"instock","11":"shipping-taxable","12":"product-type-simple"},"_links":{"self":[{"href":"https:\/\/mountlaser.com\/sq\/wp-json\/wp\/v2\/product\/432","targetHints":{"allow":["GET"]}}],"collection":[{"href":"https:\/\/mountlaser.com\/sq\/wp-json\/wp\/v2\/product"}],"about":[{"href":"https:\/\/mountlaser.com\/sq\/wp-json\/wp\/v2\/types\/product"}],"replies":[{"embeddable":true,"href":"https:\/\/mountlaser.com\/sq\/wp-json\/wp\/v2\/comments?post=432"}],"wp:featuredmedia":[{"embeddable":true,"href":"https:\/\/mountlaser.com\/sq\/wp-json\/wp\/v2\/media\/2062"}],"wp:attachment":[{"href":"https:\/\/mountlaser.com\/sq\/wp-json\/wp\/v2\/media?parent=432"}],"wp:term":[{"taxonomy":"product_brand","embeddable":true,"href":"https:\/\/mountlaser.com\/sq\/wp-json\/wp\/v2\/product_brand?post=432"},{"taxonomy":"product_cat","embeddable":true,"href":"https:\/\/mountlaser.com\/sq\/wp-json\/wp\/v2\/product_cat?post=432"},{"taxonomy":"product_tag","embeddable":true,"href":"https:\/\/mountlaser.com\/sq\/wp-json\/wp\/v2\/product_tag?post=432"}],"curies":[{"name":"wp","href":"https:\/\/api.w.org\/{rel}","templated":true}]}}