{"id":430,"date":"2024-03-21T13:04:00","date_gmt":"2024-03-21T13:04:00","guid":{"rendered":"https:\/\/startersites.io\/blocksy\/pottery\/?post_type=product&#038;p=430"},"modified":"2025-12-01T05:55:46","modified_gmt":"2025-12-01T05:55:46","slug":"fg01n-fixed-tribrach-adapter-5-8-11-thread","status":"publish","type":"product","link":"https:\/\/mountlaser.com\/sq\/produkt\/fg01n-fixed-tribrach-adapter-5-8-11-thread\/","title":{"rendered":"FG01N Fixed Fixed Tribrach Adapter 5\/8\u2033-11 Fije"},"content":{"rendered":"<p>Lazeri FG01N nga Mount \u00ebsht\u00eb nj\u00eb pajisje premium<a href=\"https:\/\/mountlaser.com\/sq\/\"><strong> P\u00ebrshtat\u00ebs Tribraku 5\/8\u00d711<\/strong><\/a> nd\u00ebrtuar p\u00ebr gjeodet\u00ebt q\u00eb k\u00ebrkojn\u00eb q\u00ebndrueshm\u00ebri maksimale.<\/p>\n<p>Ndryshe nga modelet standarde t\u00eb aluminit, ky p\u00ebrshtat\u00ebs i fuqish\u00ebm \u00ebsht\u00eb krijuar nga <a href=\"https:\/\/mountlaser.com\/sq\/about-us\/\">\u00e7elik inox<\/a>, duke i dh\u00ebn\u00eb forc\u00eb dhe rezistenc\u00eb t\u00eb jasht\u00ebzakonshme ndaj korrozionit p\u00ebr vendet m\u00eb t\u00eb v\u00ebshtira t\u00eb pun\u00ebs. Ky p\u00ebrshtat\u00ebs Tribraku p\u00ebrmban fileto universale 5\/8\u2033-11, duke siguruar nj\u00eb lidhje t\u00eb p\u00ebrsosur dhe t\u00eb besueshme me t\u00eb gjith\u00eb trek\u00ebmb\u00ebshat standard\u00eb t\u00eb matjeve.<\/p>\n<p><img fetchpriority=\"high\" decoding=\"async\" class=\"aligncenter wp-image-2072\" src=\"https:\/\/mountlaser.com\/wp-content\/uploads\/2024\/03\/12.webp\" alt=\"5\/8x11 Tribrach Adapter\" width=\"500\" height=\"500\" srcset=\"https:\/\/mountlaser.com\/wp-content\/uploads\/2024\/03\/12.webp 1000w, https:\/\/mountlaser.com\/wp-content\/uploads\/2024\/03\/12-300x300.webp 300w, https:\/\/mountlaser.com\/wp-content\/uploads\/2024\/03\/12-400x400.webp 400w, https:\/\/mountlaser.com\/wp-content\/uploads\/2024\/03\/12-800x800.webp 800w, https:\/\/mountlaser.com\/wp-content\/uploads\/2024\/03\/12-600x600.webp 600w, https:\/\/mountlaser.com\/wp-content\/uploads\/2024\/03\/12-150x150.webp 150w, https:\/\/mountlaser.com\/wp-content\/uploads\/2024\/03\/12-768x768.webp 768w, https:\/\/mountlaser.com\/wp-content\/uploads\/2024\/03\/12-12x12.webp 12w\" sizes=\"(max-width: 500px) 100vw, 500px\" \/><\/p>\n<p>Baza e fort\u00eb OD80 mm siguron stabilitet t\u00eb pal\u00ebkundur p\u00ebr GPS-in tuaj dhe instrumente t\u00eb tjera precize. P\u00ebr nj\u00eb Adaptor Tribrach 5\/8\u00d711 p\u00ebr p\u00ebrdorim t\u00eb fort\u00eb q\u00eb do t&#039;i rezistoj\u00eb kushteve t\u00eb ashpra mjedisore, <a href=\"https:\/\/mountlaser.com\/sq\/kategori-produkti\/surveying-accessory\/\"><strong>FG01N Fixed Fixed Tribrach Adapter 5\/8\u2033-11 Fije<\/strong><\/a> \u00ebsht\u00eb zgjedhja m\u00eb e mir\u00eb dhe afatgjat\u00eb.<\/p>","protected":false},"excerpt":{"rendered":"<ul>\n<li>Mount laser FG01N dallohet si nj\u00eb p\u00ebrshtat\u00ebs tribraku 5\/8\u00d711 p\u00ebr pun\u00eb t\u00eb r\u00ebnd\u00eb i nd\u00ebrtuar nga \u00e7elik inox elastik.<\/li>\n<li>Ofron q\u00ebndrueshm\u00ebri t\u00eb pakrahasueshme dhe besueshm\u00ebri afatgjat\u00eb<\/li>\n<li>Duke e b\u00ebr\u00eb at\u00eb adaptorin ideal t\u00eb p\u00ebrhersh\u00ebm p\u00ebr profesionist\u00ebt q\u00eb punojn\u00eb n\u00eb kushte sfiduese ku jet\u00ebgjat\u00ebsia e pajisjeve \u00ebsht\u00eb par\u00ebsore.<\/li>\n<\/ul>","protected":false},"featured_media":2069,"comment_status":"open","ping_status":"closed","template":"","meta":[],"product_brand":[],"product_cat":[79,96],"product_tag":[],"class_list":{"0":"post-430","1":"product","2":"type-product","3":"status-publish","4":"has-post-thumbnail","6":"product_cat-surveying-accessory","7":"product_cat-fixed-tribrach-adapter-5-8-11-thread","9":"first","10":"instock","11":"shipping-taxable","12":"product-type-simple"},"_links":{"self":[{"href":"https:\/\/mountlaser.com\/sq\/wp-json\/wp\/v2\/product\/430","targetHints":{"allow":["GET"]}}],"collection":[{"href":"https:\/\/mountlaser.com\/sq\/wp-json\/wp\/v2\/product"}],"about":[{"href":"https:\/\/mountlaser.com\/sq\/wp-json\/wp\/v2\/types\/product"}],"replies":[{"embeddable":true,"href":"https:\/\/mountlaser.com\/sq\/wp-json\/wp\/v2\/comments?post=430"}],"wp:featuredmedia":[{"embeddable":true,"href":"https:\/\/mountlaser.com\/sq\/wp-json\/wp\/v2\/media\/2069"}],"wp:attachment":[{"href":"https:\/\/mountlaser.com\/sq\/wp-json\/wp\/v2\/media?parent=430"}],"wp:term":[{"taxonomy":"product_brand","embeddable":true,"href":"https:\/\/mountlaser.com\/sq\/wp-json\/wp\/v2\/product_brand?post=430"},{"taxonomy":"product_cat","embeddable":true,"href":"https:\/\/mountlaser.com\/sq\/wp-json\/wp\/v2\/product_cat?post=430"},{"taxonomy":"product_tag","embeddable":true,"href":"https:\/\/mountlaser.com\/sq\/wp-json\/wp\/v2\/product_tag?post=430"}],"curies":[{"name":"wp","href":"https:\/\/api.w.org\/{rel}","templated":true}]}}