{"id":428,"date":"2024-03-21T13:01:54","date_gmt":"2024-03-21T13:01:54","guid":{"rendered":"https:\/\/startersites.io\/blocksy\/pottery\/?post_type=product&#038;p=428"},"modified":"2025-12-01T06:15:40","modified_gmt":"2025-12-01T06:15:40","slug":"fg01s-rotation-tribrach-adapter","status":"publish","type":"product","link":"https:\/\/mountlaser.com\/sq\/produkt\/fg01s-rotation-tribrach-adapter\/","title":{"rendered":"FG01S P\u00ebrshtat\u00ebs Tribrach i rrotullimit"},"content":{"rendered":"<p>I\/E\/T\u00eb\/T\u00eb <a href=\"https:\/\/mountlaser.com\/sq\/\"><strong>FG01S P\u00ebrshtat\u00ebs Tribrach i rrotullimit<\/strong><\/a> nga Mount laser \u00ebsht\u00eb nj\u00eb P\u00ebrshtat\u00ebs Tribraku Mat\u00ebs me Precizion t\u00eb Lart\u00eb, i projektuar p\u00ebr efikasitet t\u00eb shtuar n\u00eb terren. Ky p\u00ebrshtat\u00ebs shum\u00ebfunksional p\u00ebrmban nj\u00eb fileto bakri t\u00eb q\u00ebndrueshme 5\/8\u2033-11, duke siguruar nj\u00eb lidhje t\u00eb l\u00ebmuar dhe afatgjat\u00eb.<\/p>\n<p>Si nj\u00eb e v\u00ebrtet\u00eb<a href=\"https:\/\/mountlaser.com\/sq\/about-us\/\"> Tribrah me rrotullim 5\/8\u2033-11<\/a>, ai siguron rrotullim horizontal 360 grad\u00eb, duke lejuar rregullime t\u00eb shpejta dhe t\u00eb sakta t\u00eb GPS-it ose stacionit total pa l\u00ebvizur trek\u00ebmb\u00ebshin. Baza e fort\u00eb OD80 mm garanton stabilitet t\u00eb jasht\u00ebzakonsh\u00ebm gjat\u00eb funksionimit.<\/p>\n<p><img fetchpriority=\"high\" decoding=\"async\" class=\"aligncenter wp-image-2084\" src=\"https:\/\/mountlaser.com\/wp-content\/uploads\/2025\/09\/FG01S-7.webp\" alt=\"Surveying Tribrach Adapter\" width=\"500\" height=\"500\" srcset=\"https:\/\/mountlaser.com\/wp-content\/uploads\/2025\/09\/FG01S-7.webp 1000w, https:\/\/mountlaser.com\/wp-content\/uploads\/2025\/09\/FG01S-7-300x300.webp 300w, https:\/\/mountlaser.com\/wp-content\/uploads\/2025\/09\/FG01S-7-400x400.webp 400w, https:\/\/mountlaser.com\/wp-content\/uploads\/2025\/09\/FG01S-7-800x800.webp 800w, https:\/\/mountlaser.com\/wp-content\/uploads\/2025\/09\/FG01S-7-600x600.webp 600w, https:\/\/mountlaser.com\/wp-content\/uploads\/2025\/09\/FG01S-7-150x150.webp 150w, https:\/\/mountlaser.com\/wp-content\/uploads\/2025\/09\/FG01S-7-768x768.webp 768w, https:\/\/mountlaser.com\/wp-content\/uploads\/2025\/09\/FG01S-7-12x12.webp 12w\" sizes=\"(max-width: 500px) 100vw, 500px\" \/><\/p>\n<p>Kjo performanc\u00eb e lart\u00eb <a href=\"https:\/\/mountlaser.com\/sq\/kategori-produkti\/surveying-accessory\/\"><strong>P\u00ebrshtat\u00ebs Tribraku p\u00ebr Matjen e Gjeodetis\u00eb<\/strong><\/a> \u00ebsht\u00eb mjeti ideal p\u00ebr profesionist\u00ebt q\u00eb duhet t\u00eb rrisin produktivitetin n\u00eb \u00e7do kantier topografik ose nd\u00ebrtimi, duke e b\u00ebr\u00eb at\u00eb nj\u00eb Tribrah me Rrotullim 5\/8\u2033-11 t\u00eb domosdosh\u00ebm p\u00ebr detyrat moderne t\u00eb matjes.<\/p>\n<p>&nbsp;<\/p>\n<p><img decoding=\"async\" class=\"aligncenter wp-image-2082\" src=\"https:\/\/mountlaser.com\/wp-content\/uploads\/2025\/09\/FG01S-3.webp\" alt=\"Surveying Tribrach Adapter\" width=\"500\" height=\"500\" srcset=\"https:\/\/mountlaser.com\/wp-content\/uploads\/2025\/09\/FG01S-3.webp 1000w, https:\/\/mountlaser.com\/wp-content\/uploads\/2025\/09\/FG01S-3-300x300.webp 300w, https:\/\/mountlaser.com\/wp-content\/uploads\/2025\/09\/FG01S-3-400x400.webp 400w, https:\/\/mountlaser.com\/wp-content\/uploads\/2025\/09\/FG01S-3-800x800.webp 800w, https:\/\/mountlaser.com\/wp-content\/uploads\/2025\/09\/FG01S-3-600x600.webp 600w, https:\/\/mountlaser.com\/wp-content\/uploads\/2025\/09\/FG01S-3-150x150.webp 150w, https:\/\/mountlaser.com\/wp-content\/uploads\/2025\/09\/FG01S-3-768x768.webp 768w, https:\/\/mountlaser.com\/wp-content\/uploads\/2025\/09\/FG01S-3-12x12.webp 12w\" sizes=\"(max-width: 500px) 100vw, 500px\" \/><\/p>","protected":false},"excerpt":{"rendered":"<ul>\n<li>Mund\u00ebson rrotullim horizontal 360 grad\u00eb p\u00ebr pozicionim dhe rreshtim t\u00eb shpejt\u00eb t\u00eb instrumenteve.<\/li>\n<li>P\u00ebrmban nj\u00eb fileto bakri 5\/8\u2033-11 (FG01S) p\u00ebr rezistenc\u00eb superiore ndaj konsumimit, ulje t\u00eb g\u00ebrvishtjeve dhe nj\u00eb lidhje t\u00eb besueshme.<\/li>\n<\/ul>","protected":false},"featured_media":2081,"comment_status":"open","ping_status":"closed","template":"","meta":[],"product_brand":[],"product_cat":[97,79],"product_tag":[],"class_list":{"0":"post-428","1":"product","2":"type-product","3":"status-publish","4":"has-post-thumbnail","6":"product_cat-rotation-tribrach-adapter","7":"product_cat-surveying-accessory","9":"first","10":"instock","11":"shipping-taxable","12":"product-type-simple"},"_links":{"self":[{"href":"https:\/\/mountlaser.com\/sq\/wp-json\/wp\/v2\/product\/428","targetHints":{"allow":["GET"]}}],"collection":[{"href":"https:\/\/mountlaser.com\/sq\/wp-json\/wp\/v2\/product"}],"about":[{"href":"https:\/\/mountlaser.com\/sq\/wp-json\/wp\/v2\/types\/product"}],"replies":[{"embeddable":true,"href":"https:\/\/mountlaser.com\/sq\/wp-json\/wp\/v2\/comments?post=428"}],"wp:featuredmedia":[{"embeddable":true,"href":"https:\/\/mountlaser.com\/sq\/wp-json\/wp\/v2\/media\/2081"}],"wp:attachment":[{"href":"https:\/\/mountlaser.com\/sq\/wp-json\/wp\/v2\/media?parent=428"}],"wp:term":[{"taxonomy":"product_brand","embeddable":true,"href":"https:\/\/mountlaser.com\/sq\/wp-json\/wp\/v2\/product_brand?post=428"},{"taxonomy":"product_cat","embeddable":true,"href":"https:\/\/mountlaser.com\/sq\/wp-json\/wp\/v2\/product_cat?post=428"},{"taxonomy":"product_tag","embeddable":true,"href":"https:\/\/mountlaser.com\/sq\/wp-json\/wp\/v2\/product_tag?post=428"}],"curies":[{"name":"wp","href":"https:\/\/api.w.org\/{rel}","templated":true}]}}