{"id":423,"date":"2024-03-21T12:29:11","date_gmt":"2024-03-21T12:29:11","guid":{"rendered":"https:\/\/startersites.io\/blocksy\/pottery\/?post_type=product&#038;p=423"},"modified":"2025-12-01T06:21:12","modified_gmt":"2025-12-01T06:21:12","slug":"fg01t-rotation-tribrach-adapter","status":"publish","type":"product","link":"https:\/\/mountlaser.com\/sq\/produkt\/fg01t-rotation-tribrach-adapter\/","title":{"rendered":"P\u00ebrshtat\u00ebs tribrach i rrotullimit FG01T"},"content":{"rendered":"<p>I\/E\/T\u00eb\/T\u00eb <a href=\"https:\/\/mountlaser.com\/sq\/\"><strong>P\u00ebrshtat\u00ebs tribrach i rrotullimit FG01T<\/strong><\/a> nga Mount laser \u00ebsht\u00eb nj\u00eb P\u00ebrshtat\u00ebs Tribraku i Rregulluesh\u00ebm me Precizion t\u00eb Lart\u00eb, i projektuar p\u00ebr t\u00eb p\u00ebrmir\u00ebsuar ndjesh\u00ebm efikasitetin e rrjedh\u00ebs s\u00eb pun\u00ebs p\u00ebr profesionist\u00ebt e gjeodet\u00ebve.<\/p>\n<p>Ky mjet inovativ \u00ebsht\u00eb nj\u00eb Tribrah i v\u00ebrtet\u00eb 360 grad\u00eb, q\u00eb lejon rrotullim horizontal t\u00eb qet\u00eb dhe n\u00eb rreth t\u00eb plot\u00eb. Kjo ve\u00e7ori mund\u00ebson nj\u00eb shtrirje t\u00eb shpejt\u00eb dhe t\u00eb sakt\u00eb t\u00eb GPS-it ose stacionit total pa pasur nevoj\u00eb t\u00eb ripoziciononi tripodin. I nd\u00ebrtuar me nj\u00eb fileto bakri t\u00eb q\u00ebndrueshme 5\/8\u2033-11 dhe nj\u00eb baz\u00eb t\u00eb q\u00ebndrueshme OD80 mm, ky P\u00ebrshtat\u00ebs Tribrah i Rregulluesh\u00ebm i fuqish\u00ebm siguron performanc\u00eb afatgjat\u00eb dhe stabilitet t\u00eb besuesh\u00ebm.<\/p>\n<p>&nbsp;<\/p>\n<p><img fetchpriority=\"high\" decoding=\"async\" class=\"wp-image-2098 aligncenter\" src=\"https:\/\/mountlaser.com\/wp-content\/uploads\/2024\/03\/1FG01T-3.webp\" alt=\"Adjustable Tribrach Adapter\" width=\"500\" height=\"500\" srcset=\"https:\/\/mountlaser.com\/wp-content\/uploads\/2024\/03\/1FG01T-3.webp 1000w, https:\/\/mountlaser.com\/wp-content\/uploads\/2024\/03\/1FG01T-3-300x300.webp 300w, https:\/\/mountlaser.com\/wp-content\/uploads\/2024\/03\/1FG01T-3-400x400.webp 400w, https:\/\/mountlaser.com\/wp-content\/uploads\/2024\/03\/1FG01T-3-800x800.webp 800w, https:\/\/mountlaser.com\/wp-content\/uploads\/2024\/03\/1FG01T-3-600x600.webp 600w, https:\/\/mountlaser.com\/wp-content\/uploads\/2024\/03\/1FG01T-3-150x150.webp 150w, https:\/\/mountlaser.com\/wp-content\/uploads\/2024\/03\/1FG01T-3-768x768.webp 768w, https:\/\/mountlaser.com\/wp-content\/uploads\/2024\/03\/1FG01T-3-12x12.webp 12w\" sizes=\"(max-width: 500px) 100vw, 500px\" \/><\/p>\n<p>FG01T \u00ebsht\u00eb Tribraku ideal 360 grad\u00eb p\u00ebr detyrat q\u00eb k\u00ebrkojn\u00eb matje t\u00eb shum\u00ebfishta nga nj\u00eb konfigurim i vet\u00ebm, duke e b\u00ebr\u00eb k\u00ebt\u00eb t\u00eb gjithansh\u00ebm. <a href=\"https:\/\/mountlaser.com\/sq\/kategori-produkti\/surveying-accessory\/\"><strong>P\u00ebrshtat\u00ebs i rregulluesh\u00ebm i tribrakut<\/strong><\/a> nj\u00eb aset i domosdosh\u00ebm p\u00ebr \u00e7do projekt nd\u00ebrtimi ose matjeje t\u00eb tok\u00ebs.<\/p>","protected":false},"excerpt":{"rendered":"<ul>\n<li>Funksionon si nj\u00eb Tribrah 360 grad\u00eb, duke siguruar rrotullim horizontal t\u00eb but\u00eb dhe t\u00eb pakufizuar p\u00ebr pozicionim optimal t\u00eb instrumentit.<\/li>\n<li>Stabilitet i P\u00ebrmir\u00ebsuar: Baza e fort\u00eb OD80 mm ofron nj\u00eb themel t\u00eb fort\u00eb, duke minimizuar dridhjet dhe duke siguruar sakt\u00ebsin\u00eb e matjes.<\/li>\n<li>Inxhinieri precize: Prodhuar sipas standardeve t\u00eb sakta p\u00ebr t\u00eb ofruar performanc\u00eb t\u00eb q\u00ebndrueshme dhe t\u00eb besueshme n\u00eb t\u00eb gjitha kushtet n\u00eb terren.<\/li>\n<\/ul>","protected":false},"featured_media":2098,"comment_status":"open","ping_status":"closed","template":"","meta":[],"product_brand":[],"product_cat":[97,79],"product_tag":[],"class_list":{"0":"post-423","1":"product","2":"type-product","3":"status-publish","4":"has-post-thumbnail","6":"product_cat-rotation-tribrach-adapter","7":"product_cat-surveying-accessory","9":"first","10":"instock","11":"shipping-taxable","12":"product-type-simple"},"_links":{"self":[{"href":"https:\/\/mountlaser.com\/sq\/wp-json\/wp\/v2\/product\/423","targetHints":{"allow":["GET"]}}],"collection":[{"href":"https:\/\/mountlaser.com\/sq\/wp-json\/wp\/v2\/product"}],"about":[{"href":"https:\/\/mountlaser.com\/sq\/wp-json\/wp\/v2\/types\/product"}],"replies":[{"embeddable":true,"href":"https:\/\/mountlaser.com\/sq\/wp-json\/wp\/v2\/comments?post=423"}],"wp:featuredmedia":[{"embeddable":true,"href":"https:\/\/mountlaser.com\/sq\/wp-json\/wp\/v2\/media\/2098"}],"wp:attachment":[{"href":"https:\/\/mountlaser.com\/sq\/wp-json\/wp\/v2\/media?parent=423"}],"wp:term":[{"taxonomy":"product_brand","embeddable":true,"href":"https:\/\/mountlaser.com\/sq\/wp-json\/wp\/v2\/product_brand?post=423"},{"taxonomy":"product_cat","embeddable":true,"href":"https:\/\/mountlaser.com\/sq\/wp-json\/wp\/v2\/product_cat?post=423"},{"taxonomy":"product_tag","embeddable":true,"href":"https:\/\/mountlaser.com\/sq\/wp-json\/wp\/v2\/product_tag?post=423"}],"curies":[{"name":"wp","href":"https:\/\/api.w.org\/{rel}","templated":true}]}}