{"id":421,"date":"2024-03-21T12:26:17","date_gmt":"2024-03-21T12:26:17","guid":{"rendered":"https:\/\/startersites.io\/blocksy\/pottery\/?post_type=product&#038;p=421"},"modified":"2025-12-01T06:24:52","modified_gmt":"2025-12-01T06:24:52","slug":"fg01ha-rotation-tribrach-adapter","status":"publish","type":"product","link":"https:\/\/mountlaser.com\/sq\/produkt\/fg01ha-rotation-tribrach-adapter\/","title":{"rendered":"P\u00ebrshtat\u00ebs tribrach me rrotullim FG01HA"},"content":{"rendered":"<p>Kur duhet t\u00eb blini nj\u00eb p\u00ebrshtat\u00ebs tribraku rrotullues q\u00eb ofron precizion p\u00ebr pajisje specifike, <a href=\"https:\/\/mountlaser.com\/sq\/kategori-produkti\/surveying-accessory\/\">Montoni lazerin <strong>FG01HA<\/strong><\/a> \u00ebsht\u00eb nj\u00eb zgjedhje e jasht\u00ebzakonshme. I projektuar me nj\u00eb fileto unike bakri 3\/8\u2033-16, ky model \u00ebsht\u00eb projektuar me kujdes p\u00ebr kompatibilitet me nj\u00eb gam\u00eb instrumentesh t\u00eb specializuara.<\/p>\n<p><img fetchpriority=\"high\" decoding=\"async\" class=\"wp-image-2096 aligncenter\" src=\"https:\/\/mountlaser.com\/wp-content\/uploads\/2024\/03\/1FG01T-1.webp\" alt=\"Best rotating tribrach for surveying\" width=\"500\" height=\"500\" srcset=\"https:\/\/mountlaser.com\/wp-content\/uploads\/2024\/03\/1FG01T-1.webp 1000w, https:\/\/mountlaser.com\/wp-content\/uploads\/2024\/03\/1FG01T-1-300x300.webp 300w, https:\/\/mountlaser.com\/wp-content\/uploads\/2024\/03\/1FG01T-1-400x400.webp 400w, https:\/\/mountlaser.com\/wp-content\/uploads\/2024\/03\/1FG01T-1-800x800.webp 800w, https:\/\/mountlaser.com\/wp-content\/uploads\/2024\/03\/1FG01T-1-600x600.webp 600w, https:\/\/mountlaser.com\/wp-content\/uploads\/2024\/03\/1FG01T-1-150x150.webp 150w, https:\/\/mountlaser.com\/wp-content\/uploads\/2024\/03\/1FG01T-1-768x768.webp 768w, https:\/\/mountlaser.com\/wp-content\/uploads\/2024\/03\/1FG01T-1-12x12.webp 12w\" sizes=\"(max-width: 500px) 100vw, 500px\" \/><br \/>\nShum\u00eb profesionist\u00eb e konsiderojn\u00eb at\u00eb <a href=\"https:\/\/mountlaser.com\/sq\/contact-us\/\"><strong>Tribraku m\u00eb i mir\u00eb rrotullues p\u00ebr matje<\/strong><\/a> aplikacione q\u00eb k\u00ebrkojn\u00eb k\u00ebt\u00eb standard t\u00eb filetos, fal\u00eb rrotullimit t\u00eb saj t\u00eb qet\u00eb 360 grad\u00eb dhe baz\u00ebs s\u00eb fort\u00eb OD80 mm.<br \/>\nNd\u00ebrtimi i q\u00ebndruesh\u00ebm siguron besueshm\u00ebri afatgjat\u00eb, duke e b\u00ebr\u00eb at\u00eb nj\u00eb zgjedhje t\u00eb zgjuar kur blini nj\u00eb p\u00ebrshtat\u00ebs tribraku rrotullues p\u00ebr p\u00ebrdorim t\u00eb shpesht\u00eb n\u00eb terren. N\u00ebse p\u00ebrpar\u00ebsia juaj \u00ebsht\u00eb sakt\u00ebsia e pal\u00ebkundur me pajisjet 3\/8\u2033-16, FG01HA e forcon reputacionin e saj si tribraku m\u00eb i mir\u00eb rrotullues p\u00ebr matje n\u00eb klas\u00ebn e tij.<\/p>","protected":false},"excerpt":{"rendered":"<ul>\n<li>P\u00ebrputhshm\u00ebri specifike e filetos: E pajisur me nj\u00eb fileto bakri t\u00eb q\u00ebndrueshme 3\/8\u2033-16 (FG01HA)<\/li>\n<li>i projektuar p\u00ebr instrumente q\u00eb k\u00ebrkojn\u00eb k\u00ebt\u00eb lidhje specifike.<\/li>\n<li>Baza e q\u00ebndrueshme me diamet\u00ebr OD80 mm: Ofron nj\u00eb themel t\u00eb fort\u00eb dhe rezistent ndaj dridhjeve p\u00ebr matje t\u00eb sakta.<\/li>\n<\/ul>","protected":false},"featured_media":2097,"comment_status":"open","ping_status":"closed","template":"","meta":[],"product_brand":[],"product_cat":[97,79],"product_tag":[],"class_list":{"0":"post-421","1":"product","2":"type-product","3":"status-publish","4":"has-post-thumbnail","6":"product_cat-rotation-tribrach-adapter","7":"product_cat-surveying-accessory","9":"first","10":"instock","11":"shipping-taxable","12":"product-type-simple"},"_links":{"self":[{"href":"https:\/\/mountlaser.com\/sq\/wp-json\/wp\/v2\/product\/421","targetHints":{"allow":["GET"]}}],"collection":[{"href":"https:\/\/mountlaser.com\/sq\/wp-json\/wp\/v2\/product"}],"about":[{"href":"https:\/\/mountlaser.com\/sq\/wp-json\/wp\/v2\/types\/product"}],"replies":[{"embeddable":true,"href":"https:\/\/mountlaser.com\/sq\/wp-json\/wp\/v2\/comments?post=421"}],"wp:featuredmedia":[{"embeddable":true,"href":"https:\/\/mountlaser.com\/sq\/wp-json\/wp\/v2\/media\/2097"}],"wp:attachment":[{"href":"https:\/\/mountlaser.com\/sq\/wp-json\/wp\/v2\/media?parent=421"}],"wp:term":[{"taxonomy":"product_brand","embeddable":true,"href":"https:\/\/mountlaser.com\/sq\/wp-json\/wp\/v2\/product_brand?post=421"},{"taxonomy":"product_cat","embeddable":true,"href":"https:\/\/mountlaser.com\/sq\/wp-json\/wp\/v2\/product_cat?post=421"},{"taxonomy":"product_tag","embeddable":true,"href":"https:\/\/mountlaser.com\/sq\/wp-json\/wp\/v2\/product_tag?post=421"}],"curies":[{"name":"wp","href":"https:\/\/api.w.org\/{rel}","templated":true}]}}