{"id":419,"date":"2024-03-21T12:25:10","date_gmt":"2024-03-21T12:25:10","guid":{"rendered":"https:\/\/startersites.io\/blocksy\/pottery\/?post_type=product&#038;p=419"},"modified":"2025-12-01T06:35:15","modified_gmt":"2025-12-01T06:35:15","slug":"fdc01-japanese-style-tribrach-carrier","status":"publish","type":"product","link":"https:\/\/mountlaser.com\/sq\/produkt\/fdc01-japanese-style-tribrach-carrier\/","title":{"rendered":"Transportuesi i Tribrakut FDC01 n\u00eb Stilin Japonez"},"content":{"rendered":"<p>I\/E\/T\u00eb\/T\u00eb <a href=\"https:\/\/mountlaser.com\/sq\/\"><strong>Transportuesi i Tribrakut FDC01 n\u00eb Stilin Japonez<\/strong> <\/a>nga Mount Laser \u00ebsht\u00eb projektuar p\u00ebr gjeodet\u00ebt q\u00eb i japin p\u00ebrpar\u00ebsi efikasitetit dhe transportueshm\u00ebris\u00eb.<\/p>\n<p>Ky transportues inovativ i leht\u00eb tribrak \u00ebsht\u00eb projektuar p\u00ebr vendosje t\u00eb shpejt\u00eb, duke zvog\u00ebluar ndjesh\u00ebm koh\u00ebn e p\u00ebrgatitjes n\u00eb vendin e pun\u00ebs. Si nj\u00eb element thelb\u00ebsor. <a href=\"https:\/\/mountlaser.com\/sq\/kategori-produkti\/surveying-accessory\/\">Mbajt\u00ebse Tribrake n\u00eb Stilin Japonez<\/a>, ai paraqet nj\u00eb dizajn minimalist pa nj\u00eb plumb optik, duke u p\u00ebrqendruar n\u00eb montimin e shpejt\u00eb t\u00eb pajisjeve GPS me fileton e integruar 5\/8\u2033-11.<\/p>\n<p>&nbsp;<\/p>\n<p><img fetchpriority=\"high\" decoding=\"async\" class=\"wp-image-2106 aligncenter\" src=\"https:\/\/mountlaser.com\/wp-content\/uploads\/2025\/09\/10.webp\" alt=\"Lightweight Tribrach Carrier\" width=\"500\" height=\"500\" srcset=\"https:\/\/mountlaser.com\/wp-content\/uploads\/2025\/09\/10.webp 1000w, https:\/\/mountlaser.com\/wp-content\/uploads\/2025\/09\/10-300x300.webp 300w, https:\/\/mountlaser.com\/wp-content\/uploads\/2025\/09\/10-400x400.webp 400w, https:\/\/mountlaser.com\/wp-content\/uploads\/2025\/09\/10-800x800.webp 800w, https:\/\/mountlaser.com\/wp-content\/uploads\/2025\/09\/10-600x600.webp 600w, https:\/\/mountlaser.com\/wp-content\/uploads\/2025\/09\/10-150x150.webp 150w, https:\/\/mountlaser.com\/wp-content\/uploads\/2025\/09\/10-768x768.webp 768w, https:\/\/mountlaser.com\/wp-content\/uploads\/2025\/09\/10-12x12.webp 12w\" sizes=\"(max-width: 500px) 100vw, 500px\" \/><\/p>\n<p>I disponuesh\u00ebm n\u00eb ngjyr\u00eb t\u00eb verdh\u00eb, gri ose t\u00eb zez\u00eb, ky produkt shum\u00eb i duksh\u00ebm dhe i q\u00ebndruesh\u00ebm <a href=\"https:\/\/mountlaser.com\/sq\/contact-us\/\"><strong>Mbajt\u00ebse e leht\u00eb tribrake<\/strong><\/a> \u00ebsht\u00eb zgjedhja ideale p\u00ebr detyra matjeje n\u00eb sip\u00ebrfaqe t\u00eb hapur. Transportuesi praktik Tribrach n\u00eb stilin japonez ofron nj\u00eb ekuilib\u00ebr t\u00eb p\u00ebrsosur t\u00eb funksionalitetit dhe shpejt\u00ebsis\u00eb, duke e b\u00ebr\u00eb at\u00eb nj\u00eb mjet thelb\u00ebsor p\u00ebr ekipet moderne t\u00eb matjes.<\/p>","protected":false},"excerpt":{"rendered":"<ul>\n<li>I leht\u00eb dhe i l\u00ebvizsh\u00ebm: I projektuar p\u00ebr transport dhe trajtim t\u00eb leht\u00eb, duke zvog\u00ebluar lodhjen e p\u00ebrdoruesit gjat\u00eb dit\u00ebve t\u00eb gjata t\u00eb pun\u00ebs.<\/li>\n<li>Vendosje e Shpejt\u00eb: Dizajni n\u00eb stilin japonez lejon lidhjen dhe shk\u00ebputjen e shpejt\u00eb nga trek\u00ebmb\u00ebshat, duke rritur efikasitetin e rrjedh\u00ebs s\u00eb pun\u00ebs.<\/li>\n<\/ul>","protected":false},"featured_media":2103,"comment_status":"open","ping_status":"closed","template":"","meta":[],"product_brand":[],"product_cat":[79,98],"product_tag":[],"class_list":{"0":"post-419","1":"product","2":"type-product","3":"status-publish","4":"has-post-thumbnail","6":"product_cat-surveying-accessory","7":"product_cat-japanese-style-tribrach-carrier","9":"first","10":"instock","11":"shipping-taxable","12":"product-type-simple"},"_links":{"self":[{"href":"https:\/\/mountlaser.com\/sq\/wp-json\/wp\/v2\/product\/419","targetHints":{"allow":["GET"]}}],"collection":[{"href":"https:\/\/mountlaser.com\/sq\/wp-json\/wp\/v2\/product"}],"about":[{"href":"https:\/\/mountlaser.com\/sq\/wp-json\/wp\/v2\/types\/product"}],"replies":[{"embeddable":true,"href":"https:\/\/mountlaser.com\/sq\/wp-json\/wp\/v2\/comments?post=419"}],"wp:featuredmedia":[{"embeddable":true,"href":"https:\/\/mountlaser.com\/sq\/wp-json\/wp\/v2\/media\/2103"}],"wp:attachment":[{"href":"https:\/\/mountlaser.com\/sq\/wp-json\/wp\/v2\/media?parent=419"}],"wp:term":[{"taxonomy":"product_brand","embeddable":true,"href":"https:\/\/mountlaser.com\/sq\/wp-json\/wp\/v2\/product_brand?post=419"},{"taxonomy":"product_cat","embeddable":true,"href":"https:\/\/mountlaser.com\/sq\/wp-json\/wp\/v2\/product_cat?post=419"},{"taxonomy":"product_tag","embeddable":true,"href":"https:\/\/mountlaser.com\/sq\/wp-json\/wp\/v2\/product_tag?post=419"}],"curies":[{"name":"wp","href":"https:\/\/api.w.org\/{rel}","templated":true}]}}