{"id":417,"date":"2024-03-21T12:24:00","date_gmt":"2024-03-21T12:24:00","guid":{"rendered":"https:\/\/startersites.io\/blocksy\/pottery\/?post_type=product&#038;p=417"},"modified":"2025-12-01T06:50:02","modified_gmt":"2025-12-01T06:50:02","slug":"fdc01g-japanese-style-tribrach-carrier","status":"publish","type":"product","link":"https:\/\/mountlaser.com\/sq\/produkt\/fdc01g-japanese-style-tribrach-carrier\/","title":{"rendered":"FDC01G Mbajt\u00ebse Tribrake n\u00eb Stilin Japonez"},"content":{"rendered":"<p>I\/E\/T\u00eb\/T\u00eb <a href=\"https:\/\/mountlaser.com\/sq\/kategori-produkti\/surveying-accessory\/\"><strong>FDC01G Mbajt\u00ebse Tribrake n\u00eb Stilin Japonez<\/strong><\/a> nga Mount Laser \u00ebsht\u00eb nd\u00ebrtuar p\u00ebr t&#039;i b\u00ebr\u00eb ball\u00eb v\u00ebshtir\u00ebsive t\u00eb p\u00ebrdorimit t\u00eb p\u00ebrditsh\u00ebm n\u00eb terren, duke e vendosur veten si nj\u00eb Mbajt\u00ebse Tribrah v\u00ebrtet e Q\u00ebndrueshme. Nd\u00ebrtimi i saj i fort\u00eb siguron besueshm\u00ebri afatgjat\u00eb, duke e b\u00ebr\u00eb at\u00eb nj\u00eb zgjedhje ideale p\u00ebr mjedise t\u00eb k\u00ebrkuara t\u00eb matjes. Ky model \u00ebsht\u00eb projektuar posa\u00e7\u00ebrisht si nj\u00eb Mbajt\u00ebse Tribrah pa Plummet Optike, duke thjeshtuar procesin e konfigurimit p\u00ebr aplikimet ku nj\u00eb pamje optike nuk \u00ebsht\u00eb e nevojshme.<\/p>\n<p><img fetchpriority=\"high\" decoding=\"async\" class=\"wp-image-2110 aligncenter\" src=\"https:\/\/mountlaser.com\/wp-content\/uploads\/2024\/03\/3.webp\" alt=\"Durable Tribrach Carrier\" width=\"500\" height=\"500\" srcset=\"https:\/\/mountlaser.com\/wp-content\/uploads\/2024\/03\/3.webp 1000w, https:\/\/mountlaser.com\/wp-content\/uploads\/2024\/03\/3-300x300.webp 300w, https:\/\/mountlaser.com\/wp-content\/uploads\/2024\/03\/3-400x400.webp 400w, https:\/\/mountlaser.com\/wp-content\/uploads\/2024\/03\/3-800x800.webp 800w, https:\/\/mountlaser.com\/wp-content\/uploads\/2024\/03\/3-600x600.webp 600w, https:\/\/mountlaser.com\/wp-content\/uploads\/2024\/03\/3-150x150.webp 150w, https:\/\/mountlaser.com\/wp-content\/uploads\/2024\/03\/3-768x768.webp 768w, https:\/\/mountlaser.com\/wp-content\/uploads\/2024\/03\/3-12x12.webp 12w\" sizes=\"(max-width: 500px) 100vw, 500px\" \/><br \/>\nForca e k\u00ebsaj <a href=\"https:\/\/mountlaser.com\/sq\/about-us\/\"><strong>Mbajt\u00ebse e q\u00ebndrueshme e tribrakut<\/strong><\/a> plot\u00ebsohet nga dizajni i saj praktik, i cili p\u00ebrfshin nj\u00eb fileto standarde 5\/8\u2033-11 p\u00ebr pajisjet GPS dhe ofrohet n\u00eb ngjyr\u00eb t\u00eb verdh\u00eb, gri ose t\u00eb zez\u00eb me dukshm\u00ebri t\u00eb lart\u00eb. Si nj\u00eb <a href=\"https:\/\/mountlaser.com\/sq\/contact-us\/\"><strong>Transportues efikas i Tribrakut<\/strong><\/a> Pa karakteristika optike, FDC01G ofron nj\u00eb kombinim t\u00eb p\u00ebrsosur t\u00eb q\u00ebndrueshm\u00ebris\u00eb dhe shpejt\u00ebsis\u00eb p\u00ebr ekipet moderne t\u00eb matjeve.<\/p>","protected":false},"excerpt":{"rendered":"<ul>\n<li>Dizajn i thjeshtuar: Funksionon si nj\u00eb bart\u00ebs praktik i tribrakut pa plumb optik, duke leht\u00ebsuar konfigurimin m\u00eb t\u00eb shpejt\u00eb p\u00ebr montim t\u00eb drejtp\u00ebrdrejt\u00eb me GPS.<\/li>\n<li>Lidhje Standarde GPS: P\u00ebrmban nj\u00eb fileto 5\/8\u2033-11 (FDC01G) p\u00ebr fiksim t\u00eb sigurt t\u00eb marr\u00ebsve dhe antenave GPS.<\/li>\n<\/ul>","protected":false},"featured_media":2108,"comment_status":"open","ping_status":"closed","template":"","meta":[],"product_brand":[],"product_cat":[79,98],"product_tag":[],"class_list":{"0":"post-417","1":"product","2":"type-product","3":"status-publish","4":"has-post-thumbnail","6":"product_cat-surveying-accessory","7":"product_cat-japanese-style-tribrach-carrier","9":"first","10":"instock","11":"shipping-taxable","12":"product-type-simple"},"_links":{"self":[{"href":"https:\/\/mountlaser.com\/sq\/wp-json\/wp\/v2\/product\/417","targetHints":{"allow":["GET"]}}],"collection":[{"href":"https:\/\/mountlaser.com\/sq\/wp-json\/wp\/v2\/product"}],"about":[{"href":"https:\/\/mountlaser.com\/sq\/wp-json\/wp\/v2\/types\/product"}],"replies":[{"embeddable":true,"href":"https:\/\/mountlaser.com\/sq\/wp-json\/wp\/v2\/comments?post=417"}],"wp:featuredmedia":[{"embeddable":true,"href":"https:\/\/mountlaser.com\/sq\/wp-json\/wp\/v2\/media\/2108"}],"wp:attachment":[{"href":"https:\/\/mountlaser.com\/sq\/wp-json\/wp\/v2\/media?parent=417"}],"wp:term":[{"taxonomy":"product_brand","embeddable":true,"href":"https:\/\/mountlaser.com\/sq\/wp-json\/wp\/v2\/product_brand?post=417"},{"taxonomy":"product_cat","embeddable":true,"href":"https:\/\/mountlaser.com\/sq\/wp-json\/wp\/v2\/product_cat?post=417"},{"taxonomy":"product_tag","embeddable":true,"href":"https:\/\/mountlaser.com\/sq\/wp-json\/wp\/v2\/product_tag?post=417"}],"curies":[{"name":"wp","href":"https:\/\/api.w.org\/{rel}","templated":true}]}}