{"id":4161,"date":"2025-11-12T09:23:20","date_gmt":"2025-11-12T09:23:20","guid":{"rendered":"https:\/\/mountlaser.com\/?post_type=product&#038;p=4161"},"modified":"2025-11-27T05:48:16","modified_gmt":"2025-11-27T05:48:16","slug":"dz215sl-aluminum-prism-pole","status":"publish","type":"product","link":"https:\/\/mountlaser.com\/sq\/produkt\/dz215sl-aluminum-prism-pole\/","title":{"rendered":"Shtyll\u00eb Prizmike Alumini DZ215SL"},"content":{"rendered":"<p><a href=\"https:\/\/mountlaser.com\/sq\/\">Shtyll\u00eb Prizmike Alumini DZ215SL<\/a>Inxhinieri precize p\u00ebr gjeodetin me shije<\/p>\n<p>Tek Mount Laser, preciziteti \u00ebsht\u00eb par\u00ebsor dhe fillon me themelimin e matjeve tuaja. Ne me krenari prezantojm\u00eb Shtyll\u00ebn e Prizm\u00ebs s\u00eb Alumini DZ215SL, nj\u00eb mjet t\u00eb projektuar p\u00ebr profesionist\u00ebt q\u00eb k\u00ebrkojn\u00eb sakt\u00ebsi t\u00eb pal\u00ebkundur dhe performanc\u00eb t\u00eb fuqishme. Kjo shuf\u00ebr alumini me rezistenc\u00eb t\u00eb lart\u00eb \u00ebsht\u00eb baza e besueshme p\u00ebr prizm\u00ebn tuaj, duke siguruar stabilitet dhe q\u00ebndrueshm\u00ebri n\u00eb \u00e7do vend pune.<\/p>\n<p>I\/E\/T\u00eb\/T\u00eb <a href=\"https:\/\/mountlaser.com\/sq\/products\/\"><strong>Shtyll\u00eb Prizmike Alumini DZ215SL<\/strong> <\/a>\u00ebsht\u00eb i disponuesh\u00ebm n\u00eb dy konfigurime t\u00eb specializuara p\u00ebr t&#039;iu p\u00ebrshtatur nevojave tuaja specifike t\u00eb montimit: Shtylla me Priz\u00ebm Alumini DZ215SL-RW dhe Shtylla me Priz\u00ebm Alumini DZ215SL-SR. T\u00eb dy modelet ndajn\u00eb t\u00eb nj\u00ebjtin angazhim thelb\u00ebsor p\u00ebr cil\u00ebsi, por dallohen nga sistemet e tyre t\u00eb adaptor\u00ebve t\u00eb prodhuara n\u00eb Zvic\u00ebr, duke ju ofruar nj\u00eb zgjedhje p\u00ebr p\u00ebrputhshm\u00ebri optimale me pajisjet tuaja.<\/p>\n<p><img fetchpriority=\"high\" decoding=\"async\" class=\"aligncenter wp-image-4163\" src=\"https:\/\/mountlaser.com\/wp-content\/uploads\/2025\/11\/DZ215SL-RW-1.webp\" alt=\"DZ215SL Aluminum Prism Pole\" width=\"500\" height=\"500\" srcset=\"https:\/\/mountlaser.com\/wp-content\/uploads\/2025\/11\/DZ215SL-RW-1.webp 1000w, https:\/\/mountlaser.com\/wp-content\/uploads\/2025\/11\/DZ215SL-RW-1-300x300.webp 300w, https:\/\/mountlaser.com\/wp-content\/uploads\/2025\/11\/DZ215SL-RW-1-400x400.webp 400w, https:\/\/mountlaser.com\/wp-content\/uploads\/2025\/11\/DZ215SL-RW-1-800x800.webp 800w, https:\/\/mountlaser.com\/wp-content\/uploads\/2025\/11\/DZ215SL-RW-1-600x600.webp 600w, https:\/\/mountlaser.com\/wp-content\/uploads\/2025\/11\/DZ215SL-RW-1-150x150.webp 150w, https:\/\/mountlaser.com\/wp-content\/uploads\/2025\/11\/DZ215SL-RW-1-768x768.webp 768w, https:\/\/mountlaser.com\/wp-content\/uploads\/2025\/11\/DZ215SL-RW-1-12x12.webp 12w\" sizes=\"(max-width: 500px) 100vw, 500px\" \/><\/p>\n<p>I\/E\/T\u00eb\/T\u00eb <a href=\"https:\/\/mountlaser.com\/sq\/about-us\/\">Shtyll\u00eb Prizmike Alumini DZ215SL<\/a> vjen n\u00eb dy versione, q\u00eb ndryshojn\u00eb vet\u00ebm n\u00eb ngjyr\u00eb: Shtylla e Prizm\u00ebs s\u00eb Alumini DZ215SL-RW ka nj\u00eb skem\u00eb ngjyrash t\u00eb kuqe dhe t\u00eb bardh\u00eb, dhe Shtylla e Prizm\u00ebs s\u00eb Alumini DZ215SL-SR ka nj\u00eb skem\u00eb ngjyrash argjendi.<\/p>\n<p><strong>Specifikimet e Shtyll\u00ebs s\u00eb Prizm\u00ebs s\u00eb Alumini DZ215SL<\/strong><\/p>\n<table style=\"border-collapse: collapse; width: 741.77pt;\" border=\"0\" width=\"989\" cellspacing=\"0\" cellpadding=\"0\">\n<tbody>\n<tr style=\"height: 14.25pt;\">\n<td class=\"et2\" style=\"height: 14.25pt; width: 142.50pt;\" width=\"190\" height=\"19\">NUM\u00cbR<\/td>\n<td class=\"et2\" style=\"width: 127.50pt;\" width=\"170\">GJAT\u00cbSI<\/td>\n<td class=\"et2\" style=\"width: 126.00pt;\" width=\"168\">MATERIALI<\/td>\n<td class=\"et2\" style=\"width: 135.00pt;\" width=\"180\">DIPLOMA<\/td>\n<td class=\"et2\" style=\"width: 124.50pt;\" width=\"166\">P\u00cbRSHTAT\u00cbS<\/td>\n<td class=\"et2\" style=\"width: 86.25pt;\" width=\"115\">DIAMETRI<\/td>\n<\/tr>\n<tr style=\"height: 14.25pt;\">\n<td class=\"et2\" style=\"height: 14.25pt;\" height=\"19\">DZ215SL<\/td>\n<td class=\"et2\">2.15m<\/td>\n<td class=\"et2\">Alumini<\/td>\n<td class=\"et3\">cm<\/td>\n<td class=\"et3\">Zviceran ose 5\/8\u2033-11<\/td>\n<td class=\"et3\">18\/25 mm<\/td>\n<\/tr>\n<\/tbody>\n<\/table>","protected":false},"excerpt":{"rendered":"<ul>\n<li>Garanton nj\u00eb p\u00ebrshtatje t\u00eb p\u00ebrsosur dhe t\u00eb sigurt p\u00ebr prizmin tuaj, duke siguruar integritetin e t\u00eb dh\u00ebnave dhe duke eliminuar gabimet e matjes.<\/li>\n<li>Shishk\u00eb rrethore e integruar 30\u2033: Lejon nivelim t\u00eb shpejt\u00eb dhe t\u00eb sakt\u00eb, nj\u00eb hap kritik p\u00ebr marrjen e matjeve vertikale t\u00eb besueshme.<\/li>\n<li>Opsione me Diamet\u00ebr t\u00eb Dyfisht\u00eb (18 mm\/25 mm): Ofron fleksibilitet p\u00ebr t&#039;iu p\u00ebrshtatur preferenc\u00ebs suaj p\u00ebr ngurt\u00ebsin\u00eb dhe manovrimin e shufr\u00ebs.<\/li>\n<\/ul>","protected":false},"featured_media":4167,"comment_status":"open","ping_status":"closed","template":"","meta":[],"product_brand":[],"product_cat":[89,124],"product_tag":[],"class_list":{"0":"post-4161","1":"product","2":"type-product","3":"status-publish","4":"has-post-thumbnail","6":"product_cat-surveying-pole-rod","7":"product_cat-aluminum-fiberglass-prism-pole","9":"first","10":"instock","11":"shipping-taxable","12":"product-type-simple"},"_links":{"self":[{"href":"https:\/\/mountlaser.com\/sq\/wp-json\/wp\/v2\/product\/4161","targetHints":{"allow":["GET"]}}],"collection":[{"href":"https:\/\/mountlaser.com\/sq\/wp-json\/wp\/v2\/product"}],"about":[{"href":"https:\/\/mountlaser.com\/sq\/wp-json\/wp\/v2\/types\/product"}],"replies":[{"embeddable":true,"href":"https:\/\/mountlaser.com\/sq\/wp-json\/wp\/v2\/comments?post=4161"}],"wp:featuredmedia":[{"embeddable":true,"href":"https:\/\/mountlaser.com\/sq\/wp-json\/wp\/v2\/media\/4167"}],"wp:attachment":[{"href":"https:\/\/mountlaser.com\/sq\/wp-json\/wp\/v2\/media?parent=4161"}],"wp:term":[{"taxonomy":"product_brand","embeddable":true,"href":"https:\/\/mountlaser.com\/sq\/wp-json\/wp\/v2\/product_brand?post=4161"},{"taxonomy":"product_cat","embeddable":true,"href":"https:\/\/mountlaser.com\/sq\/wp-json\/wp\/v2\/product_cat?post=4161"},{"taxonomy":"product_tag","embeddable":true,"href":"https:\/\/mountlaser.com\/sq\/wp-json\/wp\/v2\/product_tag?post=4161"}],"curies":[{"name":"wp","href":"https:\/\/api.w.org\/{rel}","templated":true}]}}