{"id":4153,"date":"2025-11-12T09:09:06","date_gmt":"2025-11-12T09:09:06","guid":{"rendered":"https:\/\/mountlaser.com\/?post_type=product&#038;p=4153"},"modified":"2025-11-27T05:56:05","modified_gmt":"2025-11-27T05:56:05","slug":"dz520-aluminum-prism-pole","status":"publish","type":"product","link":"https:\/\/mountlaser.com\/sq\/produkt\/dz520-aluminum-prism-pole\/","title":{"rendered":"Shtyll\u00eb Prizmike Alumini DZ520"},"content":{"rendered":"<p>N\u00eb Mount Laser, ne e kuptojm\u00eb se sakt\u00ebsia e matjeve t\u00eb stacionit tuaj total varet nga besueshm\u00ebria e \u00e7do komponenti n\u00eb kompletin tuaj t\u00eb mjeteve. Kjo \u00ebsht\u00eb arsyeja pse ne e kemi projektuar... <a href=\"https:\/\/mountlaser.com\/sq\/\"><strong>Shtyll\u00eb Prizmike Alumini DZ520<\/strong><\/a>, nj\u00eb shuf\u00ebr prizmi e nivelit profesional p\u00ebr stacionin total q\u00eb kombinon q\u00ebndrueshm\u00ebrin\u00eb e leht\u00eb me funksionalitet t\u00eb jasht\u00ebzakonsh\u00ebm.<\/p>\n<p>I nd\u00ebrtuar t\u00ebr\u00ebsisht nga alumini me rezistenc\u00eb t\u00eb lart\u00eb, Shtylla e Prizm\u00ebs s\u00eb Alumini DZ520 \u00ebsht\u00eb nd\u00ebrtuar p\u00ebr t&#039;i b\u00ebr\u00eb ball\u00eb v\u00ebshtir\u00ebsive t\u00eb p\u00ebrdorimit t\u00eb p\u00ebrditsh\u00ebm n\u00eb \u00e7do vend pune pa ju r\u00ebnduar. Dizajni i saj i fuqish\u00ebm me 4 seksione shtrihet n\u00eb nj\u00eb lart\u00ebsi t\u00eb plot\u00eb prej 5.2 m t\u00eb Shtyll\u00ebs s\u00eb Prizm\u00ebs s\u00eb Alumini me 4 seksione., <a href=\"https:\/\/mountlaser.com\/sq\/products\/\"><strong>Shtyll\u00eb prizmike p\u00ebr stacionin total<\/strong><\/a> duke ju dh\u00ebn\u00eb shtrirjen q\u00eb ju nevojitet p\u00ebr aplikime t\u00eb ndryshme t\u00eb matjeve.<\/p>\n<p><img fetchpriority=\"high\" decoding=\"async\" class=\"aligncenter wp-image-4156\" src=\"https:\/\/mountlaser.com\/wp-content\/uploads\/2025\/11\/DZ520QL2.webp\" alt=\"Prism pole for total station\" width=\"500\" height=\"500\" srcset=\"https:\/\/mountlaser.com\/wp-content\/uploads\/2025\/11\/DZ520QL2.webp 1000w, https:\/\/mountlaser.com\/wp-content\/uploads\/2025\/11\/DZ520QL2-300x300.webp 300w, https:\/\/mountlaser.com\/wp-content\/uploads\/2025\/11\/DZ520QL2-400x400.webp 400w, https:\/\/mountlaser.com\/wp-content\/uploads\/2025\/11\/DZ520QL2-800x800.webp 800w, https:\/\/mountlaser.com\/wp-content\/uploads\/2025\/11\/DZ520QL2-600x600.webp 600w, https:\/\/mountlaser.com\/wp-content\/uploads\/2025\/11\/DZ520QL2-150x150.webp 150w, https:\/\/mountlaser.com\/wp-content\/uploads\/2025\/11\/DZ520QL2-768x768.webp 768w, https:\/\/mountlaser.com\/wp-content\/uploads\/2025\/11\/DZ520QL2-12x12.webp 12w\" sizes=\"(max-width: 500px) 100vw, 500px\" \/><\/p>\n<p><a href=\"https:\/\/mountlaser.com\/sq\/contact-us\/\">Shtyll\u00eb Prizmike Alumini DZ520<\/a> OPSIONI I KY\u00c7JES: I disponuesh\u00ebm n\u00eb kat\u00ebr lloje:<br \/>\nShtyll\u00eb Prizmike Alumini me Mbyllje Twist Lock<br \/>\nShtyll\u00eb Prizmike Alumini me Ky\u00e7je t\u00eb Shpejt\u00eb<br \/>\nShtyll\u00eb Prizmike Alumini me Ky\u00e7 n\u00eb Stil GPS<\/p>\n<p><strong>Specifikimet e Shtyll\u00ebs s\u00eb Prizm\u00ebs s\u00eb Alumini DZ520<\/strong><\/p>\n<table style=\"border-collapse: collapse; width: 741.77pt;\" border=\"0\" width=\"989\" cellspacing=\"0\" cellpadding=\"0\">\n<tbody>\n<tr style=\"height: 14.25pt;\">\n<td class=\"et2\" style=\"height: 14.25pt; width: 142.50pt;\" width=\"190\" height=\"19\">NUM\u00cbR<\/td>\n<td class=\"et2\" style=\"width: 127.50pt;\" width=\"170\">GJAT\u00cbSI<\/td>\n<td class=\"et2\" style=\"width: 126.00pt;\" width=\"168\">MATERIALI<\/td>\n<td class=\"et2\" style=\"width: 135.00pt;\" width=\"180\">DIPLOMA<\/td>\n<td class=\"et2\" style=\"width: 124.50pt;\" width=\"166\">OPSIONI I KY\u00c7JES<\/td>\n<td class=\"et2\" style=\"width: 86.25pt;\" width=\"115\">DIAMETRI<\/td>\n<\/tr>\n<tr style=\"height: 14.25pt;\">\n<td class=\"et3\" style=\"height: 14.25pt;\" height=\"19\">DZ520<\/td>\n<td class=\"et4\">520 cm<\/td>\n<td class=\"et3\">Alumini<\/td>\n<td class=\"et3\">Met\u00ebr<\/td>\n<td class=\"et3\">TL\/ QL\/ GP<\/td>\n<td class=\"et3\">18\/25\/30\/36 mm<\/td>\n<\/tr>\n<\/tbody>\n<\/table>","protected":false},"excerpt":{"rendered":"<ul>\n<li>Shishja rrethore e integruar 30\u2033: Lejon nivelim t\u00eb shpejt\u00eb dhe t\u00eb leht\u00eb, i cili \u00ebsht\u00eb thelb\u00ebsor p\u00ebr t\u00eb marr\u00eb matje t\u00eb sakta vertikale me shtyll\u00ebn tuaj t\u00eb prizmit p\u00ebr stacionin total.<\/li>\n<li>Shkalla e qart\u00eb e mat\u00ebsit t\u00eb tubit t\u00eb brendsh\u00ebm: Ofron konfirmim t\u00eb shpejt\u00eb vizual t\u00eb cil\u00ebsimeve t\u00eb lart\u00ebsis\u00eb, duke p\u00ebrmir\u00ebsuar rrjedh\u00ebn e pun\u00ebs dhe duke zvog\u00ebluar gabimet.<\/li>\n<li>Montim i gjithansh\u00ebm i prizm\u00ebs: I pajtuesh\u00ebm me opsione t\u00eb ndryshme p\u00ebrshtat\u00ebsi, duke e b\u00ebr\u00eb t\u00eb leht\u00eb lidhjen e modelit tuaj specifik t\u00eb prizmit.<\/li>\n<\/ul>","protected":false},"featured_media":4154,"comment_status":"open","ping_status":"closed","template":"","meta":[],"product_brand":[],"product_cat":[89,117],"product_tag":[],"class_list":{"0":"post-4153","1":"product","2":"type-product","3":"status-publish","4":"has-post-thumbnail","6":"product_cat-surveying-pole-rod","7":"product_cat-aluminum-prism-pole","9":"first","10":"instock","11":"shipping-taxable","12":"product-type-simple"},"_links":{"self":[{"href":"https:\/\/mountlaser.com\/sq\/wp-json\/wp\/v2\/product\/4153","targetHints":{"allow":["GET"]}}],"collection":[{"href":"https:\/\/mountlaser.com\/sq\/wp-json\/wp\/v2\/product"}],"about":[{"href":"https:\/\/mountlaser.com\/sq\/wp-json\/wp\/v2\/types\/product"}],"replies":[{"embeddable":true,"href":"https:\/\/mountlaser.com\/sq\/wp-json\/wp\/v2\/comments?post=4153"}],"wp:featuredmedia":[{"embeddable":true,"href":"https:\/\/mountlaser.com\/sq\/wp-json\/wp\/v2\/media\/4154"}],"wp:attachment":[{"href":"https:\/\/mountlaser.com\/sq\/wp-json\/wp\/v2\/media?parent=4153"}],"wp:term":[{"taxonomy":"product_brand","embeddable":true,"href":"https:\/\/mountlaser.com\/sq\/wp-json\/wp\/v2\/product_brand?post=4153"},{"taxonomy":"product_cat","embeddable":true,"href":"https:\/\/mountlaser.com\/sq\/wp-json\/wp\/v2\/product_cat?post=4153"},{"taxonomy":"product_tag","embeddable":true,"href":"https:\/\/mountlaser.com\/sq\/wp-json\/wp\/v2\/product_tag?post=4153"}],"curies":[{"name":"wp","href":"https:\/\/api.w.org\/{rel}","templated":true}]}}