{"id":414,"date":"2024-03-21T12:23:02","date_gmt":"2024-03-21T12:23:02","guid":{"rendered":"https:\/\/startersites.io\/blocksy\/pottery\/?post_type=product&#038;p=414"},"modified":"2025-12-01T06:51:56","modified_gmt":"2025-12-01T06:51:56","slug":"fdc01d-japanese-style-tribrach-carrier","status":"publish","type":"product","link":"https:\/\/mountlaser.com\/sq\/produkt\/fdc01d-japanese-style-tribrach-carrier\/","title":{"rendered":"Transportuesi i Tribrakut FDC01D n\u00eb Stilin Japonez"},"content":{"rendered":"<p>I\/E\/T\u00eb\/T\u00eb <a href=\"https:\/\/mountlaser.com\/sq\/\"><strong>Transportuesi i Tribrakut FDC01D n\u00eb Stilin Japonez<\/strong><\/a> nga Mount Laser kombinon precizitetin me efikasitetin, duke ofruar nj\u00eb zgjidhje superiore t\u00eb transportuesit tribrak me \u00e7lirim t\u00eb shpejt\u00eb p\u00ebr profesionist\u00ebt e matjeve. Ky model \u00ebsht\u00eb projektuar si nj\u00eb transportues tribrak me plumb optik, duke siguruar qend\u00ebrzim dhe shtrirje t\u00eb sakt\u00eb p\u00ebr aplikime t\u00eb k\u00ebrkuara.<\/p>\n<p>Mekanizmi inovativ i lirimit t\u00eb shpejt\u00eb e b\u00ebn k\u00ebt\u00eb <a href=\"https:\/\/mountlaser.com\/sq\/kategori-produkti\/surveying-accessory\/\"><strong>Mbajt\u00ebse Tribrake me Lirim t\u00eb Shpejt\u00eb<\/strong> <\/a>ideale p\u00ebr vende pune me rit\u00ebm t\u00eb shpejt\u00eb ku koha \u00ebsht\u00eb kritike. I nd\u00ebrtuar duke pasur parasysh q\u00ebndrueshm\u00ebrin\u00eb, ky transportues tribrak i besuesh\u00ebm me aft\u00ebsi optike siguron pozicionim t\u00eb sakt\u00eb duke ruajtur avantazhet e pesh\u00ebs s\u00eb leht\u00eb t\u00eb dizajnit n\u00eb stilin japonez.<\/p>\n<p><img fetchpriority=\"high\" decoding=\"async\" class=\"wp-image-2118 aligncenter\" src=\"https:\/\/mountlaser.com\/wp-content\/uploads\/2024\/03\/14.webp\" alt=\"Quick-Release Tribrach Carrier\" width=\"500\" height=\"500\" srcset=\"https:\/\/mountlaser.com\/wp-content\/uploads\/2024\/03\/14.webp 1000w, https:\/\/mountlaser.com\/wp-content\/uploads\/2024\/03\/14-300x300.webp 300w, https:\/\/mountlaser.com\/wp-content\/uploads\/2024\/03\/14-400x400.webp 400w, https:\/\/mountlaser.com\/wp-content\/uploads\/2024\/03\/14-800x800.webp 800w, https:\/\/mountlaser.com\/wp-content\/uploads\/2024\/03\/14-600x600.webp 600w, https:\/\/mountlaser.com\/wp-content\/uploads\/2024\/03\/14-150x150.webp 150w, https:\/\/mountlaser.com\/wp-content\/uploads\/2024\/03\/14-768x768.webp 768w, https:\/\/mountlaser.com\/wp-content\/uploads\/2024\/03\/14-12x12.webp 12w\" sizes=\"(max-width: 500px) 100vw, 500px\" \/><\/p>\n<p>I disponuesh\u00ebm n\u00eb ngjyr\u00eb t\u00eb verdh\u00eb, gri ose t\u00eb zez\u00eb, FDC01D ka nj\u00eb fileto standarde 5\/8\u2033-11 p\u00ebr pajisjet GPS, duke e b\u00ebr\u00eb at\u00eb nj\u00eb pajisje shum\u00ebfunksionale. <a href=\"https:\/\/mountlaser.com\/sq\/contact-us\/\">Mbajt\u00ebse Tribrake me Lirim t\u00eb Shpejt\u00eb<\/a> zgjedhje p\u00ebr detyra t\u00eb ndryshme t\u00eb matjes.<\/p>","protected":false},"excerpt":{"rendered":"<ul>\n<li>Sistemi Optik Plummet: Funksionon si nj\u00eb Mbajt\u00ebs Tribraku preciz me shtrirje optike p\u00ebr qend\u00ebrzim t\u00eb sakt\u00eb t\u00eb instrumenteve.<\/li>\n<li>Mekaniz\u00ebm me \u00c7lirim t\u00eb Shpejt\u00eb: I projektuar si nj\u00eb Mbajt\u00ebse Tribrake me \u00c7lirim t\u00eb Shpejt\u00eb p\u00ebr vendosje t\u00eb shpejt\u00eb dhe rrjedh\u00eb pune efikase.<\/li>\n<li>Filet i pajtuesh\u00ebm me GPS: P\u00ebrmban nj\u00eb fileto standarde 5\/8\u2033-11 (FDC01D) p\u00ebr montim t\u00eb sigurt t\u00eb pajisjeve GPS.<\/li>\n<\/ul>","protected":false},"featured_media":2114,"comment_status":"open","ping_status":"closed","template":"","meta":[],"product_brand":[],"product_cat":[98,79],"product_tag":[],"class_list":{"0":"post-414","1":"product","2":"type-product","3":"status-publish","4":"has-post-thumbnail","6":"product_cat-japanese-style-tribrach-carrier","7":"product_cat-surveying-accessory","9":"first","10":"instock","11":"shipping-taxable","12":"product-type-simple"},"_links":{"self":[{"href":"https:\/\/mountlaser.com\/sq\/wp-json\/wp\/v2\/product\/414","targetHints":{"allow":["GET"]}}],"collection":[{"href":"https:\/\/mountlaser.com\/sq\/wp-json\/wp\/v2\/product"}],"about":[{"href":"https:\/\/mountlaser.com\/sq\/wp-json\/wp\/v2\/types\/product"}],"replies":[{"embeddable":true,"href":"https:\/\/mountlaser.com\/sq\/wp-json\/wp\/v2\/comments?post=414"}],"wp:featuredmedia":[{"embeddable":true,"href":"https:\/\/mountlaser.com\/sq\/wp-json\/wp\/v2\/media\/2114"}],"wp:attachment":[{"href":"https:\/\/mountlaser.com\/sq\/wp-json\/wp\/v2\/media?parent=414"}],"wp:term":[{"taxonomy":"product_brand","embeddable":true,"href":"https:\/\/mountlaser.com\/sq\/wp-json\/wp\/v2\/product_brand?post=414"},{"taxonomy":"product_cat","embeddable":true,"href":"https:\/\/mountlaser.com\/sq\/wp-json\/wp\/v2\/product_cat?post=414"},{"taxonomy":"product_tag","embeddable":true,"href":"https:\/\/mountlaser.com\/sq\/wp-json\/wp\/v2\/product_tag?post=414"}],"curies":[{"name":"wp","href":"https:\/\/api.w.org\/{rel}","templated":true}]}}