{"id":412,"date":"2024-03-20T16:41:19","date_gmt":"2024-03-20T16:41:19","guid":{"rendered":"https:\/\/startersites.io\/blocksy\/pottery\/?post_type=product&#038;p=412"},"modified":"2025-12-01T06:54:21","modified_gmt":"2025-12-01T06:54:21","slug":"fdc01dg-japanese-style-tribrach-carrier","status":"publish","type":"product","link":"https:\/\/mountlaser.com\/sq\/produkt\/fdc01dg-japanese-style-tribrach-carrier\/","title":{"rendered":"FDC01DG Mbajt\u00ebse Tribrake n\u00eb Stilin Japonez"},"content":{"rendered":"<p>I\/E\/T\u00eb\/T\u00eb <a href=\"https:\/\/mountlaser.com\/sq\/\"><strong>FDC01DG Mbajt\u00ebse Tribrake n\u00eb Stilin Japonez<\/strong><\/a> nga Mount Laser \u00ebsht\u00eb projektuar p\u00ebr t\u00eb p\u00ebrmbushur k\u00ebrkesat rigoroze t\u00eb profesionist\u00ebve modern\u00eb t\u00eb gjeodet\u00ebve, duke e vendosur veten si nj\u00eb Transportues Tribraku thelb\u00ebsor p\u00ebr Gjeodet\u00ebt.<br \/>\nKy instrument preciz p\u00ebrfshin nj\u00eb sistem optik plummetash, duke siguruar qend\u00ebrzim dhe shtrirje t\u00eb sakt\u00eb p\u00ebr detyrat kritike t\u00eb matjes. I projektuar me nj\u00eb fileto standarde 5\/8\u2033-11, ai dallohet si nj\u00eb nga bart\u00ebsit m\u00eb t\u00eb mir\u00eb t\u00eb tribrakut p\u00ebr montimin e pajisjeve GPS, duke ofruar kompatibilitet t\u00eb p\u00ebrsosur dhe performanc\u00eb t\u00eb besueshme. Mekanizmi i lirimit t\u00eb shpejt\u00eb rrit efikasitetin operativ, duke e b\u00ebr\u00eb k\u00ebt\u00eb... <a href=\"https:\/\/mountlaser.com\/sq\/kategori-produkti\/surveying-accessory\/\"><strong>Transportuesi Tribrak p\u00ebr Topografi<\/strong><\/a> ideale p\u00ebr vende pune me rit\u00ebm t\u00eb shpejt\u00eb.<\/p>\n<p><img fetchpriority=\"high\" decoding=\"async\" class=\"wp-image-2127 aligncenter\" src=\"https:\/\/mountlaser.com\/wp-content\/uploads\/2024\/03\/13.webp\" alt=\"Tribrach Carrier for Surveying\" width=\"500\" height=\"500\" srcset=\"https:\/\/mountlaser.com\/wp-content\/uploads\/2024\/03\/13.webp 1000w, https:\/\/mountlaser.com\/wp-content\/uploads\/2024\/03\/13-300x300.webp 300w, https:\/\/mountlaser.com\/wp-content\/uploads\/2024\/03\/13-400x400.webp 400w, https:\/\/mountlaser.com\/wp-content\/uploads\/2024\/03\/13-800x800.webp 800w, https:\/\/mountlaser.com\/wp-content\/uploads\/2024\/03\/13-600x600.webp 600w, https:\/\/mountlaser.com\/wp-content\/uploads\/2024\/03\/13-150x150.webp 150w, https:\/\/mountlaser.com\/wp-content\/uploads\/2024\/03\/13-768x768.webp 768w, https:\/\/mountlaser.com\/wp-content\/uploads\/2024\/03\/13-12x12.webp 12w\" sizes=\"(max-width: 500px) 100vw, 500px\" \/><br \/>\nI disponuesh\u00ebm n\u00eb ngjyr\u00eb t\u00eb verdh\u00eb, gri ose t\u00eb zez\u00eb, ky mjet i gjithansh\u00ebm kombinon q\u00ebndrueshm\u00ebrin\u00eb me funksionalitetin, duke u kualifikuar v\u00ebrtet si nj\u00eb nga transportuesit m\u00eb t\u00eb mir\u00eb t\u00eb tribrakut p\u00ebr aplikacionet GPS ku sakt\u00ebsia dhe shpejt\u00ebsia jan\u00eb par\u00ebsore. Topograf\u00ebt do ta vler\u00ebsojn\u00eb se sa i fuqish\u00ebm \u00ebsht\u00eb ky mjet. <a href=\"https:\/\/mountlaser.com\/sq\/contact-us\/\">Transportuesi Tribrak p\u00ebr Topografi<\/a> p\u00ebrmir\u00ebson rrjedh\u00ebn e pun\u00ebs duke ruajtur standardet e larta t\u00eb sakt\u00ebsis\u00eb s\u00eb k\u00ebrkuara n\u00eb pun\u00ebn profesionale n\u00eb terren.<\/p>","protected":false},"excerpt":{"rendered":"<ul>\n<li>Lidhje e pajtueshme me GPS: P\u00ebrmban nj\u00eb fileto standarde 5\/8\u2033-11 (FDC01DG) t\u00eb projektuar posa\u00e7\u00ebrisht p\u00ebr montimin e pajisjeve GPS<\/li>\n<li>Nd\u00ebrtim i Q\u00ebndruesh\u00ebm: Kombinon dizajnin e leht\u00eb n\u00eb stilin japonez me aft\u00ebsi t\u00eb fuqishme performance<\/li>\n<li>Opsione Ngjyrash me Dukshm\u00ebri t\u00eb Lart\u00eb: T\u00eb disponueshme n\u00eb t\u00eb Verdh\u00eb, Gri ose t\u00eb Zez\u00eb p\u00ebr dukshm\u00ebri dhe preferenc\u00eb m\u00eb t\u00eb mir\u00eb t\u00eb faqes<\/li>\n<\/ul>","protected":false},"featured_media":2122,"comment_status":"open","ping_status":"closed","template":"","meta":[],"product_brand":[],"product_cat":[79,98],"product_tag":[],"class_list":{"0":"post-412","1":"product","2":"type-product","3":"status-publish","4":"has-post-thumbnail","6":"product_cat-surveying-accessory","7":"product_cat-japanese-style-tribrach-carrier","9":"first","10":"instock","11":"shipping-taxable","12":"product-type-simple"},"_links":{"self":[{"href":"https:\/\/mountlaser.com\/sq\/wp-json\/wp\/v2\/product\/412","targetHints":{"allow":["GET"]}}],"collection":[{"href":"https:\/\/mountlaser.com\/sq\/wp-json\/wp\/v2\/product"}],"about":[{"href":"https:\/\/mountlaser.com\/sq\/wp-json\/wp\/v2\/types\/product"}],"replies":[{"embeddable":true,"href":"https:\/\/mountlaser.com\/sq\/wp-json\/wp\/v2\/comments?post=412"}],"wp:featuredmedia":[{"embeddable":true,"href":"https:\/\/mountlaser.com\/sq\/wp-json\/wp\/v2\/media\/2122"}],"wp:attachment":[{"href":"https:\/\/mountlaser.com\/sq\/wp-json\/wp\/v2\/media?parent=412"}],"wp:term":[{"taxonomy":"product_brand","embeddable":true,"href":"https:\/\/mountlaser.com\/sq\/wp-json\/wp\/v2\/product_brand?post=412"},{"taxonomy":"product_cat","embeddable":true,"href":"https:\/\/mountlaser.com\/sq\/wp-json\/wp\/v2\/product_cat?post=412"},{"taxonomy":"product_tag","embeddable":true,"href":"https:\/\/mountlaser.com\/sq\/wp-json\/wp\/v2\/product_tag?post=412"}],"curies":[{"name":"wp","href":"https:\/\/api.w.org\/{rel}","templated":true}]}}