{"id":4054,"date":"2025-11-12T01:34:55","date_gmt":"2025-11-12T01:34:55","guid":{"rendered":"https:\/\/mountlaser.com\/?post_type=product&#038;p=4054"},"modified":"2025-12-19T02:02:49","modified_gmt":"2025-12-19T02:02:49","slug":"bt152-medium-duty-elevator-tripod","status":"publish","type":"product","link":"https:\/\/mountlaser.com\/sq\/produkt\/bt152-medium-duty-elevator-tripod\/","title":{"rendered":"Tripod ashensori BT152 me fuqi t\u00eb mesme"},"content":{"rendered":"<p>I\/E\/T\u00eb\/T\u00eb <a href=\"https:\/\/mountlaser.com\/sq\/\"><strong>Tripod ashensori alumini me fuqi t\u00eb mesme<\/strong><\/a> \u00ebsht\u00eb nj\u00eb aksesor thelb\u00ebsor montimi i projektuar p\u00ebr sakt\u00ebsi dhe stabilitet n\u00eb aplikimet profesionale t\u00eb matjes dhe nd\u00ebrtimit. I projektuar me alumin t\u00eb oksiduar me cil\u00ebsi t\u00eb lart\u00eb, ky <a href=\"https:\/\/mountlaser.com\/sq\/products\/\"><strong>Tripod Profesional Nd\u00ebrtimi BT152<\/strong><\/a> Ofron q\u00ebndrueshm\u00ebri dhe leht\u00ebsi n\u00eb pesh\u00eb, duke e b\u00ebr\u00eb ideal si p\u00ebr konfigurimet me lazer linear ashtu edhe p\u00ebr ato rrotulluese.<\/p>\n<p>Tripodi prej alumini p\u00ebr ashensor me kapacitet t\u00eb mes\u00ebm p\u00ebrmban nj\u00eb k\u00ebmb\u00eb me maj\u00eb t\u00eb rregullueshme p\u00ebr kontakt dhe ekuilib\u00ebr superior me tok\u00ebn, madje edhe n\u00eb terren t\u00eb pabarabart\u00eb. Me dy opsione t\u00eb gjithanshme - modeli BT152 me kok\u00eb t\u00eb shesht\u00eb dhe fileto 5\/8\u2033-11, dhe modeli BT250 i pajisur me fileto 1\/4\u2033-20 - Tripodi Professional p\u00ebr Nd\u00ebrtim BT152 \u00ebsht\u00eb i pajtuesh\u00ebm me nj\u00eb gam\u00eb t\u00eb gjer\u00eb nivelesh lazeri dhe pajisjesh GNSS.<\/p>\n<p>I nd\u00ebrtuar p\u00ebr performanc\u00eb t\u00eb besueshme, <a href=\"https:\/\/mountlaser.com\/sq\/contact-us\/\">Tripod ashensori alumini me fuqi t\u00eb mesme<\/a> siguron kontroll t\u00eb qet\u00eb t\u00eb ngritjes, montim t\u00eb sigurt t\u00eb instrumenteve dhe q\u00ebndrueshm\u00ebri afatgjat\u00eb n\u00eb terren. Struktura e saj e nivelit profesional ofron mb\u00ebshtetje t\u00eb pakrahasueshme p\u00ebr detyrat e nd\u00ebrtimit dhe matjes s\u00eb k\u00ebrkuar.<\/p>\n<p><strong>Specifikimet e Tripodit t\u00eb Ashensorit p\u00ebr Pun\u00eb t\u00eb Mesme<\/strong><\/p>\n<div>\n<table style=\"border-collapse: collapse; width: 1339px; height: 469px;\" border=\"0\" width=\"991\" cellspacing=\"0\" cellpadding=\"0\">\n<tbody>\n<tr style=\"height: 14.25pt;\">\n<td class=\"et2\" style=\"height: 14.25pt; width: 127.50pt;\" width=\"170\" height=\"19\">NUM\u00cbR<\/td>\n<td class=\"et3\" style=\"width: 92.25pt;\" width=\"123\">NGJYRA<\/td>\n<td class=\"et3\" style=\"width: 77.25pt;\" width=\"103\">MATERIALI<\/td>\n<td class=\"et3\" style=\"width: 96.75pt;\" width=\"129\">LART\u00cbSIA E TRIPODIT<\/td>\n<td class=\"et4\" style=\"width: 141.00pt;\" width=\"188\">LART\u00cbSIA E PUN\u00cbS<\/td>\n<td class=\"et3\" style=\"width: 96.00pt;\" width=\"128\">VP<\/td>\n<td class=\"et5\" style=\"width: 112.50pt;\" width=\"150\">FOTO<\/td>\n<\/tr>\n<tr style=\"height: 18.75pt;\">\n<td class=\"et6\" style=\"height: 18.75pt;\" height=\"25\">BT152<\/td>\n<td class=\"et6\">E zez\u00eb dhe blu<\/td>\n<td class=\"et7\">Alumini<\/td>\n<td class=\"et6\">74-153 cm<\/td>\n<td class=\"et6\">70-143 cm<\/td>\n<td class=\"et6\">2.1 kg<\/td>\n<td class=\"et8\"><img fetchpriority=\"high\" decoding=\"async\" class=\"alignnone wp-image-4066\" src=\"https:\/\/mountlaser.com\/wp-content\/uploads\/2025\/11\/BT1523.webp\" alt=\"Medium Duty Aluminum Elevator Tripod\" width=\"500\" height=\"500\" srcset=\"https:\/\/mountlaser.com\/wp-content\/uploads\/2025\/11\/BT1523.webp 1000w, https:\/\/mountlaser.com\/wp-content\/uploads\/2025\/11\/BT1523-300x300.webp 300w, https:\/\/mountlaser.com\/wp-content\/uploads\/2025\/11\/BT1523-400x400.webp 400w, https:\/\/mountlaser.com\/wp-content\/uploads\/2025\/11\/BT1523-800x800.webp 800w, https:\/\/mountlaser.com\/wp-content\/uploads\/2025\/11\/BT1523-600x600.webp 600w, https:\/\/mountlaser.com\/wp-content\/uploads\/2025\/11\/BT1523-150x150.webp 150w, https:\/\/mountlaser.com\/wp-content\/uploads\/2025\/11\/BT1523-768x768.webp 768w, https:\/\/mountlaser.com\/wp-content\/uploads\/2025\/11\/BT1523-12x12.webp 12w\" sizes=\"(max-width: 500px) 100vw, 500px\" \/><\/td>\n<\/tr>\n<tr style=\"height: 17.25pt;\">\n<td class=\"et6\" style=\"height: 17.25pt;\" height=\"23\">BT250<\/td>\n<td class=\"et6\">E zez\u00eb dhe blu<\/td>\n<td class=\"et7\">Alumini<\/td>\n<td class=\"et6\">217 cm<\/td>\n<td class=\"et6\">200 m<\/td>\n<td class=\"et6\">2.85 kg<\/td>\n<td class=\"et8\"><img decoding=\"async\" class=\"alignnone wp-image-4074\" src=\"https:\/\/mountlaser.com\/wp-content\/uploads\/2025\/11\/BT2503.webp\" alt=\"Medium Duty Aluminum Elevator Tripod\" width=\"500\" height=\"500\" srcset=\"https:\/\/mountlaser.com\/wp-content\/uploads\/2025\/11\/BT2503.webp 1000w, https:\/\/mountlaser.com\/wp-content\/uploads\/2025\/11\/BT2503-300x300.webp 300w, https:\/\/mountlaser.com\/wp-content\/uploads\/2025\/11\/BT2503-400x400.webp 400w, https:\/\/mountlaser.com\/wp-content\/uploads\/2025\/11\/BT2503-800x800.webp 800w, https:\/\/mountlaser.com\/wp-content\/uploads\/2025\/11\/BT2503-600x600.webp 600w, https:\/\/mountlaser.com\/wp-content\/uploads\/2025\/11\/BT2503-150x150.webp 150w, https:\/\/mountlaser.com\/wp-content\/uploads\/2025\/11\/BT2503-768x768.webp 768w, https:\/\/mountlaser.com\/wp-content\/uploads\/2025\/11\/BT2503-12x12.webp 12w\" sizes=\"(max-width: 500px) 100vw, 500px\" \/><\/td>\n<\/tr>\n<\/tbody>\n<\/table>\n<\/div>","protected":false},"excerpt":{"rendered":"<ul>\n<li>E b\u00ebr\u00eb nga alumini i oksiduar i fort\u00eb por i leht\u00eb.<\/li>\n<li>K\u00ebmb\u00eb me gishta t\u00eb rregulluesh\u00ebm p\u00ebr stabilitet t\u00eb shtuar n\u00eb sip\u00ebrfaqe t\u00eb pabarabarta.<\/li>\n<li>Dy opsione filetoje: 5\/8\u2033-11 dhe 1\/4\u2033-20.<\/li>\n<li>I p\u00ebrshtatsh\u00ebm p\u00ebr vegla lazeri lineare dhe rrotulluese.<\/li>\n<li>Kompakt, i leht\u00eb p\u00ebr t\u2019u transportuar dhe i shpejt\u00eb p\u00ebr t\u2019u montuar.<\/li>\n<\/ul>","protected":false},"featured_media":4056,"comment_status":"open","ping_status":"closed","template":"","meta":[],"product_brand":[],"product_cat":[122,94],"product_tag":[],"class_list":{"0":"post-4054","1":"product","2":"type-product","3":"status-publish","4":"has-post-thumbnail","6":"product_cat-laser-level-tripod","7":"product_cat-laser-level-accessory","9":"first","10":"instock","11":"shipping-taxable","12":"product-type-simple"},"_links":{"self":[{"href":"https:\/\/mountlaser.com\/sq\/wp-json\/wp\/v2\/product\/4054","targetHints":{"allow":["GET"]}}],"collection":[{"href":"https:\/\/mountlaser.com\/sq\/wp-json\/wp\/v2\/product"}],"about":[{"href":"https:\/\/mountlaser.com\/sq\/wp-json\/wp\/v2\/types\/product"}],"replies":[{"embeddable":true,"href":"https:\/\/mountlaser.com\/sq\/wp-json\/wp\/v2\/comments?post=4054"}],"wp:featuredmedia":[{"embeddable":true,"href":"https:\/\/mountlaser.com\/sq\/wp-json\/wp\/v2\/media\/4056"}],"wp:attachment":[{"href":"https:\/\/mountlaser.com\/sq\/wp-json\/wp\/v2\/media?parent=4054"}],"wp:term":[{"taxonomy":"product_brand","embeddable":true,"href":"https:\/\/mountlaser.com\/sq\/wp-json\/wp\/v2\/product_brand?post=4054"},{"taxonomy":"product_cat","embeddable":true,"href":"https:\/\/mountlaser.com\/sq\/wp-json\/wp\/v2\/product_cat?post=4054"},{"taxonomy":"product_tag","embeddable":true,"href":"https:\/\/mountlaser.com\/sq\/wp-json\/wp\/v2\/product_tag?post=4054"}],"curies":[{"name":"wp","href":"https:\/\/api.w.org\/{rel}","templated":true}]}}