{"id":4039,"date":"2025-11-12T01:10:24","date_gmt":"2025-11-12T01:10:24","guid":{"rendered":"https:\/\/mountlaser.com\/?post_type=product&#038;p=4039"},"modified":"2025-12-19T00:52:23","modified_gmt":"2025-12-19T00:52:23","slug":"ett20a-230bs3-medium-duty-elevator-tripod","status":"publish","type":"product","link":"https:\/\/mountlaser.com\/sq\/produkt\/ett20a-230bs3-medium-duty-elevator-tripod\/","title":{"rendered":"Tripod ashensori ETT20A-230BS3 p\u00ebr pun\u00eb t\u00eb mesme"},"content":{"rendered":"<p>I\/E\/T\u00eb\/T\u00eb <a href=\"https:\/\/mountlaser.com\/sq\/\"><strong>Tripod ngrit\u00ebs p\u00ebr pun\u00eb t\u00eb mesme<\/strong><\/a> \u00ebsht\u00eb nj\u00eb zgjidhje e fuqishme dhe e gjithanshme e projektuar p\u00ebr aplikime me lazer linear dhe lazer rrotullues si n\u00eb mjedise nd\u00ebrtimi ashtu edhe n\u00eb ato t\u00eb matjeve. I nd\u00ebrtuar nga alumini i oksiduar i cil\u00ebsis\u00eb s\u00eb lart\u00eb, ky <a href=\"https:\/\/mountlaser.com\/sq\/about-us\/\"><strong>Tripod Profesional Nd\u00ebrtimi<\/strong><\/a> ofron nj\u00eb ekuilib\u00ebr t\u00eb p\u00ebrsosur midis forc\u00ebs, q\u00ebndrueshm\u00ebris\u00eb dhe transportueshm\u00ebris\u00eb.<\/p>\n<p>I disponuesh\u00ebm n\u00eb konfigurime t\u00eb shum\u00ebfishta \u2014 duke p\u00ebrfshir\u00eb dizajne me 3 seksione (S3) dhe 4 seksione (S4) \u2014 Tripodi Ngrit\u00ebs p\u00ebr Pun\u00eb t\u00eb Mesme siguron rregullim optimal t\u00eb lart\u00ebsis\u00eb dhe stabilitet n\u00eb vende t\u00eb ndryshme pune. K\u00ebmb\u00ebt n\u00eb form\u00eb patkoi ofrojn\u00eb kapje dhe ekuilib\u00ebr t\u00eb p\u00ebrmir\u00ebsuar n\u00eb sip\u00ebrfaqe t\u00eb pabarabarta, nd\u00ebrsa struktura e leht\u00eb lejon transport dhe konfigurim pa mundim.<\/p>\n<p>I projektuar p\u00ebr p\u00ebrdorim profesional afatgjat\u00eb, Tripodi Ngrit\u00ebs p\u00ebr Pun\u00eb t\u00eb Mesme ofron nivelim t\u00eb sakt\u00eb dhe mb\u00ebshtetje t\u00eb besueshme p\u00ebr instrumentet lazer. Qoft\u00eb p\u00ebr detyra t\u00eb rreshtimit n\u00eb ambiente t\u00eb brendshme apo matje n\u00eb terren t\u00eb jasht\u00ebm, ai garanton sakt\u00ebsi t\u00eb vazhdueshme dhe leht\u00ebsi p\u00ebrdorimi.<\/p>\n<p><img fetchpriority=\"high\" decoding=\"async\" class=\"aligncenter wp-image-4048\" src=\"https:\/\/mountlaser.com\/wp-content\/uploads\/2025\/11\/ETT20-3003.webp\" alt=\"Medium-Duty Elevating Tripod\" width=\"500\" height=\"500\" srcset=\"https:\/\/mountlaser.com\/wp-content\/uploads\/2025\/11\/ETT20-3003.webp 1000w, https:\/\/mountlaser.com\/wp-content\/uploads\/2025\/11\/ETT20-3003-300x300.webp 300w, https:\/\/mountlaser.com\/wp-content\/uploads\/2025\/11\/ETT20-3003-400x400.webp 400w, https:\/\/mountlaser.com\/wp-content\/uploads\/2025\/11\/ETT20-3003-800x800.webp 800w, https:\/\/mountlaser.com\/wp-content\/uploads\/2025\/11\/ETT20-3003-600x600.webp 600w, https:\/\/mountlaser.com\/wp-content\/uploads\/2025\/11\/ETT20-3003-150x150.webp 150w, https:\/\/mountlaser.com\/wp-content\/uploads\/2025\/11\/ETT20-3003-768x768.webp 768w, https:\/\/mountlaser.com\/wp-content\/uploads\/2025\/11\/ETT20-3003-12x12.webp 12w\" sizes=\"(max-width: 500px) 100vw, 500px\" \/><\/p>\n<p><strong><a href=\"https:\/\/mountlaser.com\/sq\/contact-us\/\">Tripod ashensori me performanc\u00eb t\u00eb mesme<\/a> Specifikimet<\/strong><\/p>\n<div>\n<table style=\"border-collapse: collapse; width: 1142.28pt;\" border=\"0\" width=\"1523\" cellspacing=\"0\" cellpadding=\"0\">\n<tbody>\n<tr style=\"height: 17.25pt;\">\n<td class=\"et2\" style=\"height: 17.25pt; width: 322.50pt;\" width=\"430\" height=\"23\">NUM\u00cbR<\/td>\n<td class=\"et3\" style=\"width: 309.00pt;\" width=\"412\">NGJYRA<\/td>\n<td class=\"et4\" style=\"width: 88.50pt;\" width=\"118\">MATERIALI<\/td>\n<td class=\"et5\" style=\"width: 138.00pt;\" width=\"184\">LART\u00cbSIA E TRIPODIT<\/td>\n<td class=\"et5\" style=\"width: 176.25pt;\" width=\"235\">LART\u00cbSIA E PUN\u00cbS<\/td>\n<td class=\"et2\" style=\"width: 54.00pt;\" width=\"72\">VP.<\/td>\n<td class=\"et2\" style=\"width: 54.00pt;\" width=\"72\">SEKSIONET<\/td>\n<\/tr>\n<tr style=\"height: 17.25pt;\">\n<td style=\"height: 17.25pt;\" height=\"23\">ETT20A-120BS3<\/td>\n<td class=\"et6\">E zez\u00eb<\/td>\n<td class=\"et4\">Alumini<\/td>\n<td class=\"et7\">49-127 cm<\/td>\n<td>45-120 cm<\/td>\n<td>1.35 kg<\/td>\n<td align=\"right\">3<\/td>\n<\/tr>\n<tr style=\"height: 17.25pt;\">\n<td style=\"height: 17.25pt;\" height=\"23\">ETT20A-160BS3<\/td>\n<td class=\"et6\">E zez\u00eb<\/td>\n<td class=\"et4\">Alumini<\/td>\n<td>600-169 cm<\/td>\n<td>550-160 cm<\/td>\n<td>1.55 kg<\/td>\n<td align=\"right\">3<\/td>\n<\/tr>\n<tr style=\"height: 17.25pt;\">\n<td style=\"height: 17.25pt;\" height=\"23\">ETT20A-180BS3<\/td>\n<td class=\"et6\">E zez\u00eb<\/td>\n<td class=\"et4\">Alumini<\/td>\n<td>660-189cm<\/td>\n<td>620-180cm<\/td>\n<td>1.70 kg<\/td>\n<td align=\"right\">3<\/td>\n<\/tr>\n<tr style=\"height: 17.25pt;\">\n<td style=\"height: 17.25pt;\" height=\"23\">ETT20A-230BS3<\/td>\n<td class=\"et6\">E zez\u00eb<\/td>\n<td class=\"et4\">Alumini<\/td>\n<td>830-240 cm<\/td>\n<td>780-230 cm<\/td>\n<td>2.05 kg<\/td>\n<td align=\"right\">3<\/td>\n<\/tr>\n<tr style=\"height: 17.25pt;\">\n<td style=\"height: 17.25pt;\" height=\"23\">ETT20A-300BS4<\/td>\n<td class=\"et6\">E zez\u00eb<\/td>\n<td class=\"et4\">Alumini<\/td>\n<td>900-312 cm<\/td>\n<td>850-300 cm<\/td>\n<td>2.45 kg<\/td>\n<td align=\"right\">4<\/td>\n<\/tr>\n<\/tbody>\n<\/table>\n<\/div>\n<p>&nbsp;<\/p>","protected":false},"excerpt":{"rendered":"<ul>\n<li>Ideale p\u00ebr aplikime me lazer si n\u00eb linj\u00eb ashtu edhe rrotullues.<\/li>\n<li>Nd\u00ebrtuar nga alumini i oksiduar i q\u00ebndruesh\u00ebm.<\/li>\n<li>K\u00ebmb\u00eb n\u00eb form\u00eb patkoi p\u00ebr pozicionim t\u00eb q\u00ebndruesh\u00ebm.<\/li>\n<li>I disponuesh\u00ebm n\u00eb versione me 3 dhe 4 seksione p\u00ebr kontroll t\u00eb gjithansh\u00ebm t\u00eb lart\u00ebsis\u00eb.<\/li>\n<li>Dizajn i leht\u00eb p\u00ebr transportueshm\u00ebri dhe konfigurim t\u00eb leht\u00eb.<\/li>\n<\/ul>","protected":false},"featured_media":4042,"comment_status":"open","ping_status":"closed","template":"","meta":[],"product_brand":[],"product_cat":[94,122],"product_tag":[],"class_list":{"0":"post-4039","1":"product","2":"type-product","3":"status-publish","4":"has-post-thumbnail","6":"product_cat-laser-level-accessory","7":"product_cat-laser-level-tripod","9":"first","10":"instock","11":"shipping-taxable","12":"product-type-simple"},"_links":{"self":[{"href":"https:\/\/mountlaser.com\/sq\/wp-json\/wp\/v2\/product\/4039","targetHints":{"allow":["GET"]}}],"collection":[{"href":"https:\/\/mountlaser.com\/sq\/wp-json\/wp\/v2\/product"}],"about":[{"href":"https:\/\/mountlaser.com\/sq\/wp-json\/wp\/v2\/types\/product"}],"replies":[{"embeddable":true,"href":"https:\/\/mountlaser.com\/sq\/wp-json\/wp\/v2\/comments?post=4039"}],"wp:featuredmedia":[{"embeddable":true,"href":"https:\/\/mountlaser.com\/sq\/wp-json\/wp\/v2\/media\/4042"}],"wp:attachment":[{"href":"https:\/\/mountlaser.com\/sq\/wp-json\/wp\/v2\/media?parent=4039"}],"wp:term":[{"taxonomy":"product_brand","embeddable":true,"href":"https:\/\/mountlaser.com\/sq\/wp-json\/wp\/v2\/product_brand?post=4039"},{"taxonomy":"product_cat","embeddable":true,"href":"https:\/\/mountlaser.com\/sq\/wp-json\/wp\/v2\/product_cat?post=4039"},{"taxonomy":"product_tag","embeddable":true,"href":"https:\/\/mountlaser.com\/sq\/wp-json\/wp\/v2\/product_tag?post=4039"}],"curies":[{"name":"wp","href":"https:\/\/api.w.org\/{rel}","templated":true}]}}