{"id":403,"date":"2024-03-20T16:30:44","date_gmt":"2024-03-20T16:30:44","guid":{"rendered":"https:\/\/startersites.io\/blocksy\/pottery\/?post_type=product&#038;p=403"},"modified":"2025-12-01T07:44:14","modified_gmt":"2025-12-01T07:44:14","slug":"tr-8-japanese-style-tribrach","status":"publish","type":"product","link":"https:\/\/mountlaser.com\/sq\/produkt\/tr-8-japanese-style-tribrach\/","title":{"rendered":"Tribrach n\u00eb stilin japonez TR-8"},"content":{"rendered":"<p>Rritni sakt\u00ebsin\u00eb e matjeve tuaja me <a href=\"https:\/\/mountlaser.com\/sq\/\"><strong>Montoni Lazerin TR-8<\/strong><\/a>, nj\u00eb <a href=\"https:\/\/mountlaser.com\/sq\/kategori-produkti\/surveying-accessory\/\"><strong>Tribrak preciz n\u00eb stilin japonez<\/strong><\/a> I projektuar p\u00ebr profesionist\u00eb q\u00eb k\u00ebrkojn\u00eb besueshm\u00ebri t\u00eb pal\u00ebkundur. Ky model i p\u00ebrmbahet standardeve m\u00eb t\u00eb larta t\u00eb prodhimit japonez t\u00eb stilit TOP, duke ofruar stabilitet t\u00eb jasht\u00ebzakonsh\u00ebm p\u00ebr stacionin tuaj total pa pasur nevoj\u00eb p\u00ebr nj\u00eb plumb optik.<\/p>\n<p><img fetchpriority=\"high\" decoding=\"async\" class=\"aligncenter wp-image-2133\" src=\"https:\/\/mountlaser.com\/wp-content\/uploads\/2025\/09\/10-1.webp\" alt=\"Precision Japanese-Style Tribrach \" width=\"500\" height=\"500\" srcset=\"https:\/\/mountlaser.com\/wp-content\/uploads\/2025\/09\/10-1.webp 1000w, https:\/\/mountlaser.com\/wp-content\/uploads\/2025\/09\/10-1-300x300.webp 300w, https:\/\/mountlaser.com\/wp-content\/uploads\/2025\/09\/10-1-400x400.webp 400w, https:\/\/mountlaser.com\/wp-content\/uploads\/2025\/09\/10-1-800x800.webp 800w, https:\/\/mountlaser.com\/wp-content\/uploads\/2025\/09\/10-1-600x600.webp 600w, https:\/\/mountlaser.com\/wp-content\/uploads\/2025\/09\/10-1-150x150.webp 150w, https:\/\/mountlaser.com\/wp-content\/uploads\/2025\/09\/10-1-768x768.webp 768w, https:\/\/mountlaser.com\/wp-content\/uploads\/2025\/09\/10-1-12x12.webp 12w\" sizes=\"(max-width: 500px) 100vw, 500px\" \/><br \/>\nI\/E\/T\u00eb\/T\u00eb <a href=\"https:\/\/mountlaser.com\/sq\/contact-us\/\">Tribrah preciz i stilit japonez TR-8<\/a> \u00ebsht\u00eb nd\u00ebrtuar p\u00ebr t&#039;i b\u00ebr\u00eb ball\u00eb p\u00ebrdorimit t\u00eb p\u00ebrditsh\u00ebm rigoroz, duke siguruar performanc\u00eb t\u00eb q\u00ebndrueshme n\u00eb \u00e7do vend pune. I disponuesh\u00ebm n\u00eb ngjyr\u00eb t\u00eb verdh\u00eb, gri ose t\u00eb zez\u00eb p\u00ebr identifikim t\u00eb leht\u00eb t\u00eb pajisjeve. Kur puna juaj k\u00ebrkon themelin m\u00eb t\u00eb mir\u00eb, zgjidhni Tribrach-in Precision n\u00eb Stilin Japonez TR-8 nga Mount Laser.<\/p>","protected":false},"excerpt":{"rendered":"<ul>\n<li>Optik pa r\u00ebnie (TR-8): Ofron nj\u00eb zgjidhje konfigurimi t\u00eb fuqishme, me kosto efektive dhe t\u00eb thjeshtuar.<\/li>\n<li>Standardi Japonez i Cil\u00ebsis\u00eb s\u00eb Lart\u00eb: Ofron mjesht\u00ebri superiore dhe materiale t\u00eb q\u00ebndrueshme<\/li>\n<li>p\u00ebr performanc\u00eb afatgjat\u00eb n\u00eb kushte t\u00eb v\u00ebshtira.<\/li>\n<\/ul>","protected":false},"featured_media":2129,"comment_status":"open","ping_status":"closed","template":"","meta":[],"product_brand":[],"product_cat":[79,99],"product_tag":[],"class_list":{"0":"post-403","1":"product","2":"type-product","3":"status-publish","4":"has-post-thumbnail","6":"product_cat-surveying-accessory","7":"product_cat-japanese-style-tribrach","9":"first","10":"instock","11":"shipping-taxable","12":"product-type-simple"},"_links":{"self":[{"href":"https:\/\/mountlaser.com\/sq\/wp-json\/wp\/v2\/product\/403","targetHints":{"allow":["GET"]}}],"collection":[{"href":"https:\/\/mountlaser.com\/sq\/wp-json\/wp\/v2\/product"}],"about":[{"href":"https:\/\/mountlaser.com\/sq\/wp-json\/wp\/v2\/types\/product"}],"replies":[{"embeddable":true,"href":"https:\/\/mountlaser.com\/sq\/wp-json\/wp\/v2\/comments?post=403"}],"wp:featuredmedia":[{"embeddable":true,"href":"https:\/\/mountlaser.com\/sq\/wp-json\/wp\/v2\/media\/2129"}],"wp:attachment":[{"href":"https:\/\/mountlaser.com\/sq\/wp-json\/wp\/v2\/media?parent=403"}],"wp:term":[{"taxonomy":"product_brand","embeddable":true,"href":"https:\/\/mountlaser.com\/sq\/wp-json\/wp\/v2\/product_brand?post=403"},{"taxonomy":"product_cat","embeddable":true,"href":"https:\/\/mountlaser.com\/sq\/wp-json\/wp\/v2\/product_cat?post=403"},{"taxonomy":"product_tag","embeddable":true,"href":"https:\/\/mountlaser.com\/sq\/wp-json\/wp\/v2\/product_tag?post=403"}],"curies":[{"name":"wp","href":"https:\/\/api.w.org\/{rel}","templated":true}]}}