{"id":4027,"date":"2025-11-11T09:10:43","date_gmt":"2025-11-11T09:10:43","guid":{"rendered":"https:\/\/mountlaser.com\/?post_type=product&#038;p=4027"},"modified":"2025-12-18T08:44:02","modified_gmt":"2025-12-18T08:44:02","slug":"ba3-160hp-black-elevator-tripod","status":"publish","type":"product","link":"https:\/\/mountlaser.com\/sq\/produkt\/ba3-160hp-black-elevator-tripod\/","title":{"rendered":"Tripod ashensori i zi BA3-160HP"},"content":{"rendered":"<p>I\/E\/T\u00eb\/T\u00eb <a href=\"https:\/\/mountlaser.com\/sq\/\"><strong>Tripod ashensori i zi BA3-160HP<\/strong> <\/a>\u00ebsht\u00eb nj\u00eb <a href=\"https:\/\/mountlaser.com\/sq\/products\/\"><strong>Tripod niveli lazeri me cil\u00ebsi t\u00eb lart\u00eb<\/strong> <\/a>i projektuar p\u00ebr profesionist\u00eb q\u00eb k\u00ebrkojn\u00eb stabilitet maksimal, precizion dhe shkatht\u00ebsi n\u00eb pun\u00ebn e tyre t\u00eb matjes. I nd\u00ebrtuar nga oksid alumini, ky trek\u00ebmb\u00ebsh i fuqish\u00ebm ofron forc\u00eb t\u00eb jasht\u00ebzakonshme duke ruajtur nj\u00eb struktur\u00eb t\u00eb leht\u00eb p\u00ebr transportueshm\u00ebri t\u00eb p\u00ebrshtatshme.<\/p>\n<p>I p\u00ebrfunduar me nj\u00eb ngjyr\u00eb t\u00eb zez\u00eb elegante, Tripodi i Zi me Ashensor BA3-160HP paraqet nj\u00eb dizajn k\u00ebmb\u00ebsh n\u00eb stilin e patkoit p\u00ebr mb\u00ebshtetje t\u00eb fort\u00eb n\u00eb tok\u00eb, madje edhe n\u00eb sip\u00ebrfaqe t\u00eb pabarabarta. Me grep qendror opsional dhe mbulesa gome anti-rr\u00ebshqit\u00ebse, ai siguron nj\u00eb kapje t\u00eb besueshme dhe ulje t\u00eb dridhjeve gjat\u00eb p\u00ebrdorimit. Tripodi me Nivel Lazer me Cil\u00ebsi t\u00eb Lart\u00eb p\u00ebrfshin gjithashtu nj\u00eb kok\u00eb t\u00eb l\u00ebvizshme t\u00eb anueshme me nj\u00eb fileto 1\/4\u2033-20, duke ofruar p\u00ebrputhshm\u00ebri me nivele dhe instrumente t\u00eb ndryshme lazeri.<\/p>\n<p>N\u00eb dispozicion n\u00eb <a href=\"https:\/\/mountlaser.com\/sq\/contact-us\/\">opsione t\u00eb shum\u00ebfishta lart\u00ebsie<\/a>\u2014nga 45 cm deri n\u00eb 300 cm\u2014Tripodi BA3-160HP Black Ashensor p\u00ebrmbush nevojat e nj\u00eb game t\u00eb gjer\u00eb aplikimesh nd\u00ebrtimi, matjeje dhe shtrirjeje. \u00cbsht\u00eb projektuar p\u00ebr t\u00eb ofruar performanc\u00eb t\u00eb sakt\u00eb nivelimi, duke e b\u00ebr\u00eb at\u00eb nj\u00eb zgjedhje t\u00eb preferuar p\u00ebr profesionist\u00ebt q\u00eb vler\u00ebsojn\u00eb si q\u00ebndrueshm\u00ebrin\u00eb ashtu edhe sakt\u00ebsin\u00eb.<\/p>\n<p><img fetchpriority=\"high\" decoding=\"async\" class=\"aligncenter wp-image-4031\" src=\"https:\/\/mountlaser.com\/wp-content\/uploads\/2025\/11\/B3160HP4.webp\" alt=\"BA3-160HP Black Elevator Tripod\" width=\"500\" height=\"500\" srcset=\"https:\/\/mountlaser.com\/wp-content\/uploads\/2025\/11\/B3160HP4.webp 1000w, https:\/\/mountlaser.com\/wp-content\/uploads\/2025\/11\/B3160HP4-300x300.webp 300w, https:\/\/mountlaser.com\/wp-content\/uploads\/2025\/11\/B3160HP4-400x400.webp 400w, https:\/\/mountlaser.com\/wp-content\/uploads\/2025\/11\/B3160HP4-800x800.webp 800w, https:\/\/mountlaser.com\/wp-content\/uploads\/2025\/11\/B3160HP4-600x600.webp 600w, https:\/\/mountlaser.com\/wp-content\/uploads\/2025\/11\/B3160HP4-150x150.webp 150w, https:\/\/mountlaser.com\/wp-content\/uploads\/2025\/11\/B3160HP4-768x768.webp 768w, https:\/\/mountlaser.com\/wp-content\/uploads\/2025\/11\/B3160HP4-12x12.webp 12w\" sizes=\"(max-width: 500px) 100vw, 500px\" \/><\/p>\n<p><strong>Specifikimet e Tripodit t\u00eb Zi p\u00ebr Ashensor BA3-160HP<\/strong><\/p>\n<div>\n<table style=\"border-collapse: collapse; width: 564.02pt;\" border=\"0\" width=\"752\" cellspacing=\"0\" cellpadding=\"0\">\n<tbody>\n<tr style=\"height: 14.25pt;\">\n<td class=\"et2\" style=\"height: 14.25pt; width: 127.50pt;\" width=\"170\" height=\"19\">NUM\u00cbR<\/td>\n<td class=\"et3\" style=\"width: 92.25pt;\" width=\"123\">NGJYRA<\/td>\n<td class=\"et3\" style=\"width: 77.25pt;\" width=\"103\">MATERIALI<\/td>\n<td class=\"et3\" style=\"width: 96.75pt;\" width=\"129\">LART\u00cbSIA<\/td>\n<td class=\"et3\" style=\"width: 170.25pt;\" width=\"227\">FIJE<\/td>\n<\/tr>\n<tr style=\"height: 14.25pt;\">\n<td class=\"et4\" style=\"height: 14.25pt;\" height=\"19\">EBA3-120\/150\/180HP<\/td>\n<td class=\"et4\">E zez\u00eb<\/td>\n<td class=\"et4\">Alumini<\/td>\n<td class=\"et4\">120\/150\/180cm<\/td>\n<td class=\"et4\">Kok\u00eb plastike 5\/8\u2033-11<\/td>\n<\/tr>\n<tr style=\"height: 14.25pt;\">\n<td class=\"et4\" style=\"height: 14.25pt;\" height=\"19\">BA3\/120\/160HP<\/td>\n<td class=\"et4\">E zez\u00eb<\/td>\n<td class=\"et4\">Alumini<\/td>\n<td class=\"et4\">120\/160 cm<\/td>\n<td class=\"et4\">Kok\u00eb plastike 5\/8\u2033-11<\/td>\n<\/tr>\n<tr style=\"height: 14.25pt;\">\n<td class=\"et4\" style=\"height: 14.25pt;\" height=\"19\">BA3-180\/200HB<\/td>\n<td class=\"et4\">E zez\u00eb<\/td>\n<td class=\"et4\">Alumini<\/td>\n<td class=\"et4\">180\/200 cm<\/td>\n<td class=\"et4\">Kok\u00eb e madhe e rrumbullak\u00ebt 5\/8\u2033-11<\/td>\n<\/tr>\n<tr style=\"height: 14.25pt;\">\n<td class=\"et4\" style=\"height: 14.25pt;\" height=\"19\">BA3-300HA<\/td>\n<td class=\"et4\">E zez\u00eb<\/td>\n<td class=\"et4\">Alumini<\/td>\n<td class=\"et4\">300 cm<\/td>\n<td class=\"et4\">Kok\u00eb alumini 5\/8\u2033-11<\/td>\n<\/tr>\n<\/tbody>\n<\/table>\n<\/div>","protected":false},"excerpt":{"rendered":"<ul>\n<li>Materiali: Oksid alumini p\u00ebr pesh\u00eb t\u00eb leht\u00eb dhe q\u00ebndrueshm\u00ebri<\/li>\n<li>Ngjyra: Me ngjyr\u00eb t\u00eb zez\u00eb mat profesionale<\/li>\n<li>Lloji i k\u00ebmb\u00ebs: Baz\u00eb n\u00eb stil patkoi me mbules\u00eb opsionale gome kund\u00ebr rr\u00ebshqitjes<\/li>\n<li>Diapazoni i lart\u00ebsis\u00eb: 0.45 m \u2013 3.0 m<\/li>\n<li>Opsion shtes\u00eb: Grep qendror p\u00ebr stabilitet t\u00eb shtuar<\/li>\n<\/ul>","protected":false},"featured_media":4028,"comment_status":"open","ping_status":"closed","template":"","meta":[],"product_brand":[],"product_cat":[122,94],"product_tag":[],"class_list":{"0":"post-4027","1":"product","2":"type-product","3":"status-publish","4":"has-post-thumbnail","6":"product_cat-laser-level-tripod","7":"product_cat-laser-level-accessory","9":"first","10":"instock","11":"shipping-taxable","12":"product-type-simple"},"_links":{"self":[{"href":"https:\/\/mountlaser.com\/sq\/wp-json\/wp\/v2\/product\/4027","targetHints":{"allow":["GET"]}}],"collection":[{"href":"https:\/\/mountlaser.com\/sq\/wp-json\/wp\/v2\/product"}],"about":[{"href":"https:\/\/mountlaser.com\/sq\/wp-json\/wp\/v2\/types\/product"}],"replies":[{"embeddable":true,"href":"https:\/\/mountlaser.com\/sq\/wp-json\/wp\/v2\/comments?post=4027"}],"wp:featuredmedia":[{"embeddable":true,"href":"https:\/\/mountlaser.com\/sq\/wp-json\/wp\/v2\/media\/4028"}],"wp:attachment":[{"href":"https:\/\/mountlaser.com\/sq\/wp-json\/wp\/v2\/media?parent=4027"}],"wp:term":[{"taxonomy":"product_brand","embeddable":true,"href":"https:\/\/mountlaser.com\/sq\/wp-json\/wp\/v2\/product_brand?post=4027"},{"taxonomy":"product_cat","embeddable":true,"href":"https:\/\/mountlaser.com\/sq\/wp-json\/wp\/v2\/product_cat?post=4027"},{"taxonomy":"product_tag","embeddable":true,"href":"https:\/\/mountlaser.com\/sq\/wp-json\/wp\/v2\/product_tag?post=4027"}],"curies":[{"name":"wp","href":"https:\/\/api.w.org\/{rel}","templated":true}]}}