{"id":3985,"date":"2025-11-11T07:06:43","date_gmt":"2025-11-11T07:06:43","guid":{"rendered":"https:\/\/mountlaser.com\/?post_type=product&#038;p=3985"},"modified":"2025-12-18T09:20:57","modified_gmt":"2025-12-18T09:20:57","slug":"sa2-150hp-silver-elevator-tripod","status":"publish","type":"product","link":"https:\/\/mountlaser.com\/sq\/produkt\/sa2-150hp-silver-elevator-tripod\/","title":{"rendered":"Tripod ashensori SA2-150HP argjendi"},"content":{"rendered":"<p data-start=\"281\" data-end=\"787\">I\/E\/T\u00eb\/T\u00eb <a href=\"https:\/\/mountlaser.com\/sq\/products\/\"><strong data-start=\"285\" data-end=\"321\">Tripod ashensori SA2-120HP argjendi<\/strong><\/a> \u00ebsht\u00eb nj\u00eb zgjidhje mb\u00ebshtet\u00ebse e gjithanshme dhe e q\u00ebndrueshme e projektuar p\u00ebr detyra profesionale t\u00eb nivelimit me lazer dhe matjes. I nd\u00ebrtuar nga alumini oksid me cil\u00ebsi t\u00eb lart\u00eb, ofron forc\u00eb t\u00eb shk\u00eblqyer nd\u00ebrsa mbetet i leht\u00eb dhe rezistent ndaj korrozionit. Si nj\u00eb alternativ\u00eb premium brenda <a href=\"https:\/\/mountlaser.com\/sq\/\"><strong data-start=\"588\" data-end=\"622\">Tripod ashensori prej alumini t\u00eb zi<\/strong><\/a> N\u00eb k\u00ebt\u00eb kategori, Tripodi SA2-120HP Silver Ashensor ofron t\u00eb nj\u00ebjt\u00ebn stabilitet t\u00eb nivelit profesional me nj\u00eb p\u00ebrfundim t\u00eb ve\u00e7ant\u00eb argjendi dhe mund\u00ebsi konfigurimi t\u00eb p\u00ebrmir\u00ebsuara.<\/p>\n<p data-start=\"789\" data-end=\"1342\">I projektuar me k\u00ebmb\u00eb n\u00eb form\u00eb patkoi, Tripodi Ashensor prej Argjendi SA2-120HP siguron nj\u00eb kapje t\u00eb fort\u00eb n\u00eb tok\u00eb dhe nj\u00eb ekuilib\u00ebr t\u00eb besuesh\u00ebm n\u00eb terrene t\u00eb pabarabarta. Ky dizajn siguron pozicionim t\u00eb q\u00ebndruesh\u00ebm me lazer, i ngjash\u00ebm me nj\u00eb Tripod Ashensor prej Alumini t\u00eb Zi, duke e b\u00ebr\u00eb at\u00eb ideal p\u00ebr planifikimin e nd\u00ebrtimit, instalimin e brendsh\u00ebm dhe punimet e p\u00ebrgjithshme t\u00eb nivelimit. Me opsione lart\u00ebsie prej 1.20 m, 1.50 m dhe 1.80 m, Tripodi Ashensor prej Argjendi SA2-120HP p\u00ebrshtatet leht\u00ebsisht me kushte t\u00eb ndryshme pune, duke ruajtur q\u00ebndrueshm\u00ebrin\u00eb e pritur nga nj\u00eb Tripod Ashensor prej Alumini t\u00eb Zi.<\/p>\n<p data-start=\"1344\" data-end=\"1905\">Tripodi SA2-120HP Silver Ashensor vjen standard me nj\u00eb kok\u00eb plastike me nj\u00eb fileto 5\/8\u2033-11, e pajtueshme me shumic\u00ebn e niveleve lazer dhe instrumenteve t\u00eb matjes. P\u00ebr fleksibilitet t\u00eb shtuar, p\u00ebrdoruesit mund t\u00eb zgjedhin koka opsionale duke p\u00ebrfshir\u00eb nj\u00eb kok\u00eb alumini, nj\u00eb kok\u00eb t\u00eb madhe t\u00eb rrumbullak\u00ebt t\u00eb galvanizuar ose nj\u00eb kok\u00eb t\u00eb l\u00ebvizshme t\u00eb pjerr\u00ebt me nj\u00eb fileto 1\/4\u2033-20. Aksesor\u00ebt opsional\u00eb si nj\u00eb dorez\u00eb mbajt\u00ebse dhe nj\u00eb grep qendror rrisin m\u00eb tej p\u00ebrdorshm\u00ebrin\u00eb, duke e pozicionuar <a href=\"https:\/\/mountlaser.com\/sq\/contact-us\/\">Tripod ashensori SA2-120HP argjendi<\/a> si nj\u00eb alternativ\u00eb fleksibile dhe me vler\u00eb t\u00eb lart\u00eb ndaj nj\u00eb Tripodi tradicional prej alumini t\u00eb zi me ashensor\u00eb.<\/p>\n<p><img fetchpriority=\"high\" decoding=\"async\" class=\"aligncenter wp-image-3990\" src=\"https:\/\/mountlaser.com\/wp-content\/uploads\/2025\/11\/S2150HP5.webp\" alt=\"SA2-120HP Silver Elevator Tripod\" width=\"500\" height=\"500\" srcset=\"https:\/\/mountlaser.com\/wp-content\/uploads\/2025\/11\/S2150HP5.webp 1000w, https:\/\/mountlaser.com\/wp-content\/uploads\/2025\/11\/S2150HP5-300x300.webp 300w, https:\/\/mountlaser.com\/wp-content\/uploads\/2025\/11\/S2150HP5-400x400.webp 400w, https:\/\/mountlaser.com\/wp-content\/uploads\/2025\/11\/S2150HP5-800x800.webp 800w, https:\/\/mountlaser.com\/wp-content\/uploads\/2025\/11\/S2150HP5-600x600.webp 600w, https:\/\/mountlaser.com\/wp-content\/uploads\/2025\/11\/S2150HP5-150x150.webp 150w, https:\/\/mountlaser.com\/wp-content\/uploads\/2025\/11\/S2150HP5-768x768.webp 768w, https:\/\/mountlaser.com\/wp-content\/uploads\/2025\/11\/S2150HP5-12x12.webp 12w\" sizes=\"(max-width: 500px) 100vw, 500px\" \/><\/p>\n<table width=\"818\">\n<tbody>\n<tr>\n<td width=\"170\">NUM\u00cbR<\/td>\n<td width=\"123\">NGJYRA<\/td>\n<td width=\"103\">MATERIALI<\/td>\n<td width=\"129\">LART\u00cbSIA<\/td>\n<td width=\"293\">FIJE<\/td>\n<\/tr>\n<tr>\n<td>SA2-120\/150\/180HP<\/td>\n<td>\u00a0Argjend<\/td>\n<td>Alumini<\/td>\n<td>120\/150\/180cm<\/td>\n<td>Kok\u00eb plastike 5\/8\u2033-11<\/td>\n<\/tr>\n<tr>\n<td>SA2-120\/150\/180HA<\/td>\n<td>\u00a0Argjend<\/td>\n<td>Alumini<\/td>\n<td>120\/150\/180cm<\/td>\n<td>Kok\u00eb alumini 5\/8\u2033-11<\/td>\n<\/tr>\n<tr>\n<td>SA2-120\/150\/180HB<\/td>\n<td>\u00a0Argjend<\/td>\n<td>Alumini<\/td>\n<td>120\/150\/180cm<\/td>\n<td>Kok\u00eb e madhe e rrumbullak\u00ebt 5\/8\u2033-11<\/td>\n<\/tr>\n<tr>\n<td>SA2-120\/150\/180HPR<\/td>\n<td>\u00a0Argjend<\/td>\n<td>Alumini<\/td>\n<td>120\/150\/180cm<\/td>\n<td>Kok\u00eb plastike 5\/8\u2033-11 + Kok\u00eb e l\u00ebvizshme me pjerr\u00ebsi 1\/4\u2033-20<\/td>\n<\/tr>\n<\/tbody>\n<\/table>","protected":false},"excerpt":{"rendered":"<ul>\n<li>Ofron mb\u00ebshtetje t\u00eb q\u00ebndrueshme dhe t\u00eb sakt\u00eb p\u00ebr nivelat lazerike dhe instrumentet e matjes<\/li>\n<li>Rregullimi i lart\u00ebsis\u00eb n\u00eb stilin e ashensorit lejon pozicionim t\u00eb sakt\u00eb n\u00eb lart\u00ebsi t\u00eb shum\u00ebfishta pune<\/li>\n<li>K\u00ebmb\u00ebt n\u00eb form\u00eb patkoi rrisin stabilitetin n\u00eb sip\u00ebrfaqe t\u00eb pabarabarta ose t\u00eb buta<\/li>\n<li>Opsione t\u00eb shum\u00ebfishta t\u00eb kok\u00ebs sigurojn\u00eb p\u00ebrputhshm\u00ebri me instrumente dhe aplikime t\u00eb ndryshme<\/li>\n<li>Doreza opsionale dhe grepi qendror p\u00ebrmir\u00ebsojn\u00eb transportueshm\u00ebrin\u00eb dhe komoditetin n\u00eb vend<\/li>\n<\/ul>","protected":false},"featured_media":3989,"comment_status":"open","ping_status":"closed","template":"","meta":[],"product_brand":[],"product_cat":[94,122],"product_tag":[],"class_list":{"0":"post-3985","1":"product","2":"type-product","3":"status-publish","4":"has-post-thumbnail","6":"product_cat-laser-level-accessory","7":"product_cat-laser-level-tripod","9":"first","10":"instock","11":"shipping-taxable","12":"product-type-simple"},"_links":{"self":[{"href":"https:\/\/mountlaser.com\/sq\/wp-json\/wp\/v2\/product\/3985","targetHints":{"allow":["GET"]}}],"collection":[{"href":"https:\/\/mountlaser.com\/sq\/wp-json\/wp\/v2\/product"}],"about":[{"href":"https:\/\/mountlaser.com\/sq\/wp-json\/wp\/v2\/types\/product"}],"replies":[{"embeddable":true,"href":"https:\/\/mountlaser.com\/sq\/wp-json\/wp\/v2\/comments?post=3985"}],"wp:featuredmedia":[{"embeddable":true,"href":"https:\/\/mountlaser.com\/sq\/wp-json\/wp\/v2\/media\/3989"}],"wp:attachment":[{"href":"https:\/\/mountlaser.com\/sq\/wp-json\/wp\/v2\/media?parent=3985"}],"wp:term":[{"taxonomy":"product_brand","embeddable":true,"href":"https:\/\/mountlaser.com\/sq\/wp-json\/wp\/v2\/product_brand?post=3985"},{"taxonomy":"product_cat","embeddable":true,"href":"https:\/\/mountlaser.com\/sq\/wp-json\/wp\/v2\/product_cat?post=3985"},{"taxonomy":"product_tag","embeddable":true,"href":"https:\/\/mountlaser.com\/sq\/wp-json\/wp\/v2\/product_tag?post=3985"}],"curies":[{"name":"wp","href":"https:\/\/api.w.org\/{rel}","templated":true}]}}