{"id":3974,"date":"2025-11-11T06:03:38","date_gmt":"2025-11-11T06:03:38","guid":{"rendered":"https:\/\/mountlaser.com\/?post_type=product&#038;p=3974"},"modified":"2025-12-18T07:00:10","modified_gmt":"2025-12-18T07:00:10","slug":"sa11-050f-silver-mini-elevator-tripod","status":"publish","type":"product","link":"https:\/\/mountlaser.com\/sq\/produkt\/sa11-050f-silver-mini-elevator-tripod\/","title":{"rendered":"Tripod Mini Ashensor SA11-050F i Argjendt\u00eb"},"content":{"rendered":"<p>I\/E\/T\u00eb\/T\u00eb <a href=\"https:\/\/mountlaser.com\/sq\/\"><strong>Tripod Mini Ashensor Argjendi<\/strong><\/a> \u00ebsht\u00eb kompakt dhe i q\u00ebndruesh\u00ebm <a href=\"https:\/\/mountlaser.com\/sq\/products\/\"><strong>Tripod Lazeri me Kok\u00eb t\u00eb Anuar SA11-050F<\/strong><\/a> I projektuar p\u00ebr profesionist\u00eb q\u00eb k\u00ebrkojn\u00eb precizion n\u00eb nj\u00eb form\u00eb t\u00eb leht\u00eb. I prodhuar nga oksid alumini, ky trek\u00ebmb\u00ebsh kombinon forc\u00ebn me transportueshm\u00ebrin\u00eb, duke e b\u00ebr\u00eb ideal p\u00ebr nivelim me lazer, instalim t\u00eb brendsh\u00ebm dhe aplikime matjeje precize.<\/p>\n<p>I projektuar me nj\u00eb p\u00ebrfundim elegant argjendi, Tripodi Mini Elevator Silver p\u00ebrmban nj\u00eb kok\u00eb fikse t\u00eb anueshme me nj\u00eb fileto t\u00eb l\u00ebvizshme 1\/4\u2033-20, duke u lejuar p\u00ebrdoruesve t\u00eb rregullojn\u00eb leht\u00ebsisht k\u00ebndet e lazerit dhe t\u00eb montojn\u00eb mjete t\u00eb ndryshme nivelimi. I disponuesh\u00ebm n\u00eb opsione lart\u00ebsie 50cm dhe 100cm, Tripodi Nivelizues me Lazer me Kok\u00eb t\u00eb Anueshme SA11-050F ofron fleksibilitet si p\u00ebr matjet n\u00eb tavolin\u00eb ashtu edhe p\u00ebr ato me lart\u00ebsi t\u00eb ul\u00ebt, duke siguruar sakt\u00ebsi optimale n\u00eb hap\u00ebsira pune t\u00eb kufizuara ose t\u00eb detajuara.<\/p>\n<p>I\/E\/T\u00eb\/T\u00eb <a href=\"https:\/\/mountlaser.com\/sq\/contact-us\/\">Tripod Mini Ashensor Argjendi<\/a>\u2019Korniza e q\u00ebndrueshme e aluminit dhe rregullimi i sakt\u00eb i pjerr\u00ebsis\u00eb e b\u00ebjn\u00eb at\u00eb nj\u00eb zgjedhje t\u00eb shk\u00eblqyer p\u00ebr kontraktor\u00ebt, inxhinier\u00ebt dhe gjeodet\u00ebt q\u00eb vler\u00ebsojn\u00eb stabilitetin dhe kontrollin n\u00eb mjedise kompakte.<\/p>\n<p><img fetchpriority=\"high\" decoding=\"async\" class=\"aligncenter wp-image-3976\" src=\"https:\/\/mountlaser.com\/wp-content\/uploads\/2025\/11\/S110502.webp\" alt=\"SA11-050F Silver Mini Elevator Tripod\" width=\"500\" height=\"500\" srcset=\"https:\/\/mountlaser.com\/wp-content\/uploads\/2025\/11\/S110502.webp 1000w, https:\/\/mountlaser.com\/wp-content\/uploads\/2025\/11\/S110502-300x300.webp 300w, https:\/\/mountlaser.com\/wp-content\/uploads\/2025\/11\/S110502-400x400.webp 400w, https:\/\/mountlaser.com\/wp-content\/uploads\/2025\/11\/S110502-800x800.webp 800w, https:\/\/mountlaser.com\/wp-content\/uploads\/2025\/11\/S110502-600x600.webp 600w, https:\/\/mountlaser.com\/wp-content\/uploads\/2025\/11\/S110502-150x150.webp 150w, https:\/\/mountlaser.com\/wp-content\/uploads\/2025\/11\/S110502-768x768.webp 768w, https:\/\/mountlaser.com\/wp-content\/uploads\/2025\/11\/S110502-12x12.webp 12w\" sizes=\"(max-width: 500px) 100vw, 500px\" \/><\/p>\n<div>\n<table style=\"border-collapse: collapse; width: 1034.28pt;\" border=\"0\" width=\"1379\" cellspacing=\"0\" cellpadding=\"0\">\n<tbody>\n<tr style=\"height: 17.25pt;\">\n<td class=\"et2\" style=\"height: 17.25pt; width: 322.50pt;\" width=\"430\" height=\"23\">NUM\u00cbR<\/td>\n<td class=\"et3\" style=\"width: 309.00pt;\" width=\"412\">NGJYRA<\/td>\n<td class=\"et4\" style=\"width: 88.50pt;\" width=\"118\">MATERIALI<\/td>\n<td class=\"et4\" style=\"width: 138.00pt;\" width=\"184\">LART\u00cbSIA<\/td>\n<td class=\"et4\" style=\"width: 176.25pt;\" width=\"235\">FIJE<\/td>\n<\/tr>\n<tr style=\"height: 17.25pt;\">\n<td class=\"et5\" style=\"height: 17.25pt;\" height=\"23\">SA11-050F<\/td>\n<td class=\"et5\">Argjend<\/td>\n<td class=\"et4\">Alumini<\/td>\n<td class=\"et5\">50 cm<\/td>\n<td class=\"et5\">Kok\u00eb fikse me pjerr\u00ebsi 1\/4\u2033-20 fileto<\/td>\n<\/tr>\n<tr style=\"height: 17.25pt;\">\n<td class=\"et5\" style=\"height: 17.25pt;\" height=\"23\">SA11-100F<\/td>\n<td class=\"et5\">Argjend<\/td>\n<td class=\"et4\">Alumini<\/td>\n<td class=\"et5\">100 cm<\/td>\n<td class=\"et5\">Kok\u00eb fikse me pjerr\u00ebsi 1\/4\u2033-20 fileto<\/td>\n<\/tr>\n<\/tbody>\n<\/table>\n<\/div>","protected":false},"excerpt":{"rendered":"<ul>\n<li>Materiali: Oksid alumini p\u00ebr q\u00ebndrueshm\u00ebri dhe pesh\u00eb t\u00eb leht\u00eb<\/li>\n<li>Ngjyra: Me p\u00ebrfundim profesional argjendi<\/li>\n<li>Lloji i kok\u00ebs: Kok\u00eb fikse e pjerr\u00ebt me fileto t\u00eb l\u00ebvizshme 1\/4\u2033-20<\/li>\n<li>Opsionet e lart\u00ebsis\u00eb: 50cm \/ 100cm (t\u00eb personalizueshme)<\/li>\n<li>Dizajni: Kompakt dhe i q\u00ebndruesh\u00ebm p\u00ebr p\u00ebrdorim n\u00eb lart\u00ebsi t\u00eb ul\u00ebt ose mbi tavolin\u00eb<\/li>\n<\/ul>","protected":false},"featured_media":3976,"comment_status":"open","ping_status":"closed","template":"","meta":[],"product_brand":[],"product_cat":[94,122],"product_tag":[],"class_list":{"0":"post-3974","1":"product","2":"type-product","3":"status-publish","4":"has-post-thumbnail","6":"product_cat-laser-level-accessory","7":"product_cat-laser-level-tripod","9":"first","10":"instock","11":"shipping-taxable","12":"product-type-simple"},"_links":{"self":[{"href":"https:\/\/mountlaser.com\/sq\/wp-json\/wp\/v2\/product\/3974","targetHints":{"allow":["GET"]}}],"collection":[{"href":"https:\/\/mountlaser.com\/sq\/wp-json\/wp\/v2\/product"}],"about":[{"href":"https:\/\/mountlaser.com\/sq\/wp-json\/wp\/v2\/types\/product"}],"replies":[{"embeddable":true,"href":"https:\/\/mountlaser.com\/sq\/wp-json\/wp\/v2\/comments?post=3974"}],"wp:featuredmedia":[{"embeddable":true,"href":"https:\/\/mountlaser.com\/sq\/wp-json\/wp\/v2\/media\/3976"}],"wp:attachment":[{"href":"https:\/\/mountlaser.com\/sq\/wp-json\/wp\/v2\/media?parent=3974"}],"wp:term":[{"taxonomy":"product_brand","embeddable":true,"href":"https:\/\/mountlaser.com\/sq\/wp-json\/wp\/v2\/product_brand?post=3974"},{"taxonomy":"product_cat","embeddable":true,"href":"https:\/\/mountlaser.com\/sq\/wp-json\/wp\/v2\/product_cat?post=3974"},{"taxonomy":"product_tag","embeddable":true,"href":"https:\/\/mountlaser.com\/sq\/wp-json\/wp\/v2\/product_tag?post=3974"}],"curies":[{"name":"wp","href":"https:\/\/api.w.org\/{rel}","templated":true}]}}