{"id":3955,"date":"2025-11-11T05:43:10","date_gmt":"2025-11-11T05:43:10","guid":{"rendered":"https:\/\/mountlaser.com\/?post_type=product&#038;p=3955"},"modified":"2025-12-18T08:11:52","modified_gmt":"2025-12-18T08:11:52","slug":"ba5-120-150hf-black-elevator-tripod","status":"publish","type":"product","link":"https:\/\/mountlaser.com\/sq\/produkt\/ba5-120-150hf-black-elevator-tripod\/","title":{"rendered":"Tripod ashensori i zi BA5-120\/150HF"},"content":{"rendered":"<p>I\/E\/T\u00eb\/T\u00eb <a href=\"https:\/\/mountlaser.com\/sq\/\"><strong>Tripod i Zi me Ashensor<\/strong><\/a> \u00ebsht\u00eb i q\u00ebndruesh\u00ebm dhe i klasit profesional <a href=\"https:\/\/mountlaser.com\/sq\/products\/\"><strong>Tripod niveli lazeri me kok\u00eb t\u00eb pjerr\u00ebt<\/strong> <\/a>i projektuar p\u00ebr t\u00eb ofruar stabilitet, precizion dhe fleksibilitet t\u00eb shk\u00eblqyer gjat\u00eb detyrave t\u00eb nivelimit me lazer dhe matjes. I nd\u00ebrtuar nga alumini oksid me cil\u00ebsi t\u00eb lart\u00eb, ky Tripod i Zi Ashensor siguron q\u00ebndrueshm\u00ebri afatgjat\u00eb duke ruajtur nj\u00eb struktur\u00eb t\u00eb leht\u00eb p\u00ebr transportueshm\u00ebri t\u00eb leht\u00eb.<\/p>\n<p>Tripodi Black Ashensor p\u00ebrmban nj\u00eb kok\u00eb fikse t\u00eb anueshme me nj\u00eb fileto t\u00eb l\u00ebvizshme 1\/4\u2033-20, duke u lejuar p\u00ebrdoruesve t\u00eb rregullojn\u00eb leht\u00ebsisht k\u00ebndin e instrumentit dhe t\u00eb montojn\u00eb n\u00eb m\u00ebnyr\u00eb t\u00eb sigurt lloje t\u00eb ndryshme t\u00eb niveleve t\u00eb lazerit dhe pajisjeve mat\u00ebse. Dizajni i tij i k\u00ebmb\u00ebs n\u00eb form\u00eb patkoi siguron nj\u00eb kapje t\u00eb fort\u00eb n\u00eb sip\u00ebrfaqe t\u00eb pabarabarta ose t\u00eb ashpra, duke siguruar stabilitet n\u00eb t\u00eb gjitha mjediset e pun\u00ebs.<\/p>\n<p><img fetchpriority=\"high\" decoding=\"async\" class=\"aligncenter wp-image-3959\" src=\"https:\/\/mountlaser.com\/wp-content\/uploads\/2025\/11\/B5120HF4.webp\" alt=\"BA5-120HF BLACK ELEVATOR TRIPOD\" width=\"500\" height=\"500\" srcset=\"https:\/\/mountlaser.com\/wp-content\/uploads\/2025\/11\/B5120HF4.webp 1000w, https:\/\/mountlaser.com\/wp-content\/uploads\/2025\/11\/B5120HF4-300x300.webp 300w, https:\/\/mountlaser.com\/wp-content\/uploads\/2025\/11\/B5120HF4-400x400.webp 400w, https:\/\/mountlaser.com\/wp-content\/uploads\/2025\/11\/B5120HF4-800x800.webp 800w, https:\/\/mountlaser.com\/wp-content\/uploads\/2025\/11\/B5120HF4-600x600.webp 600w, https:\/\/mountlaser.com\/wp-content\/uploads\/2025\/11\/B5120HF4-150x150.webp 150w, https:\/\/mountlaser.com\/wp-content\/uploads\/2025\/11\/B5120HF4-768x768.webp 768w, https:\/\/mountlaser.com\/wp-content\/uploads\/2025\/11\/B5120HF4-12x12.webp 12w\" sizes=\"(max-width: 500px) 100vw, 500px\" \/><\/p>\n<p>N\u00eb dispozicion n\u00eb madh\u00ebsi 120 cm dhe 150 cm <a href=\"https:\/\/mountlaser.com\/sq\/contact-us\/\">opsionet e lart\u00ebsis\u00eb<\/a>, Tripodi Lazer me Kok\u00eb t\u00eb Anuar mund t\u00eb personalizohet gjithashtu p\u00ebr t&#039;iu p\u00ebrshtatur nevojave specifike t\u00eb matjes. P\u00ebrfundimi elegant me oksid t\u00eb zi jo vet\u00ebm q\u00eb p\u00ebrmir\u00ebson pamjen e tij profesionale, por gjithashtu siguron rezistenc\u00eb ndaj korrozionit dhe konsumimit - duke e b\u00ebr\u00eb at\u00eb nj\u00eb shoq\u00ebrues t\u00eb besuesh\u00ebm p\u00ebr projektet e matjes si n\u00eb ambiente t\u00eb brendshme ashtu edhe n\u00eb ato t\u00eb jashtme.<\/p>\n<table style=\"height: 241px;\" width=\"862\">\n<tbody>\n<tr>\n<td width=\"170\">NUM\u00cbR<\/td>\n<td width=\"123\">NGJYRA<\/td>\n<td width=\"103\">MATERIALI<\/td>\n<td width=\"96\">LART\u00cbSIA<\/td>\n<td width=\"227\">FIJE<\/td>\n<\/tr>\n<tr>\n<td>BS5-120HF<\/td>\n<td>E zez\u00eb<\/td>\n<td>\u00c7elik<\/td>\n<td>120 cm<\/td>\n<td rowspan=\"4\" width=\"227\">\u00a0Kok\u00eb fikse e anueshme me fileto t\u00eb l\u00ebvizshme 1\/4\u2033-20<\/td>\n<\/tr>\n<tr>\n<td>BS5-150HF<\/td>\n<td>E zez\u00eb<\/td>\n<td>\u00c7elik<\/td>\n<td>150 cm<\/td>\n<\/tr>\n<tr>\n<td>BA5-120HF<\/td>\n<td>E zez\u00eb<\/td>\n<td>Alumini<\/td>\n<td>120 cm<\/td>\n<\/tr>\n<tr>\n<td>BA5-150HF<\/td>\n<td>E zez\u00eb<\/td>\n<td>Alumini<\/td>\n<td>150 cm<\/td>\n<\/tr>\n<\/tbody>\n<\/table>\n<p>&nbsp;<\/p>","protected":false},"excerpt":{"rendered":"<ul>\n<li>Lloji i kok\u00ebs: Kok\u00eb fikse e pjerr\u00ebt me fileto t\u00eb l\u00ebvizshme 1\/4\u2033-20<\/li>\n<li>Opsionet e lart\u00ebsis\u00eb: 120 cm \/ 150 cm (t\u00eb personalizueshme)<\/li>\n<li>Dizajni i k\u00ebmb\u00ebs: Stil patkoi p\u00ebr kontakt t\u00eb fort\u00eb me tok\u00ebn<\/li>\n<li>Ngjyra: E zez\u00eb elegante p\u00ebr nj\u00eb pamje profesionale<\/li>\n<\/ul>","protected":false},"featured_media":3966,"comment_status":"open","ping_status":"closed","template":"","meta":[],"product_brand":[],"product_cat":[94,122],"product_tag":[],"class_list":{"0":"post-3955","1":"product","2":"type-product","3":"status-publish","4":"has-post-thumbnail","6":"product_cat-laser-level-accessory","7":"product_cat-laser-level-tripod","9":"first","10":"instock","11":"shipping-taxable","12":"product-type-simple"},"_links":{"self":[{"href":"https:\/\/mountlaser.com\/sq\/wp-json\/wp\/v2\/product\/3955","targetHints":{"allow":["GET"]}}],"collection":[{"href":"https:\/\/mountlaser.com\/sq\/wp-json\/wp\/v2\/product"}],"about":[{"href":"https:\/\/mountlaser.com\/sq\/wp-json\/wp\/v2\/types\/product"}],"replies":[{"embeddable":true,"href":"https:\/\/mountlaser.com\/sq\/wp-json\/wp\/v2\/comments?post=3955"}],"wp:featuredmedia":[{"embeddable":true,"href":"https:\/\/mountlaser.com\/sq\/wp-json\/wp\/v2\/media\/3966"}],"wp:attachment":[{"href":"https:\/\/mountlaser.com\/sq\/wp-json\/wp\/v2\/media?parent=3955"}],"wp:term":[{"taxonomy":"product_brand","embeddable":true,"href":"https:\/\/mountlaser.com\/sq\/wp-json\/wp\/v2\/product_brand?post=3955"},{"taxonomy":"product_cat","embeddable":true,"href":"https:\/\/mountlaser.com\/sq\/wp-json\/wp\/v2\/product_cat?post=3955"},{"taxonomy":"product_tag","embeddable":true,"href":"https:\/\/mountlaser.com\/sq\/wp-json\/wp\/v2\/product_tag?post=3955"}],"curies":[{"name":"wp","href":"https:\/\/api.w.org\/{rel}","templated":true}]}}