{"id":3952,"date":"2025-11-11T03:10:14","date_gmt":"2025-11-11T03:10:14","guid":{"rendered":"https:\/\/mountlaser.com\/?post_type=product&#038;p=3952"},"modified":"2025-12-18T09:03:46","modified_gmt":"2025-12-18T09:03:46","slug":"sa1-045hp-silver-elevator-tripod","status":"publish","type":"product","link":"https:\/\/mountlaser.com\/sq\/produkt\/sa1-045hp-silver-elevator-tripod\/","title":{"rendered":"SA1-045HP TRIPOD ASHENSOR NGJYR\u00cb ARGJENDI"},"content":{"rendered":"<p data-start=\"300\" data-end=\"814\">I\/E\/T\u00eb\/T\u00eb <a href=\"https:\/\/mountlaser.com\/sq\/\"><strong data-start=\"304\" data-end=\"340\">SA1-045HP TRIPOD ASHENSOR NGJYR\u00cb ARGJENDI<\/strong><\/a> \u00ebsht\u00eb nj\u00eb zgjidhje mb\u00ebshtet\u00ebse praktike dhe me kosto efektive e projektuar p\u00ebr p\u00ebrdoruesit e nivelit t\u00eb lazerit q\u00eb k\u00ebrkojn\u00eb besueshm\u00ebri pa kosto t\u00eb lart\u00eb. Si nj\u00eb <a href=\"https:\/\/mountlaser.com\/sq\/products\/\"><strong data-start=\"472\" data-end=\"503\">Tripod ekonomik me nivel lazeri<\/strong><\/a>, ai paraqet nj\u00eb nd\u00ebrtim t\u00eb leht\u00eb prej alumini oksidi t\u00eb kombinuar me nj\u00eb dizajn t\u00eb q\u00ebndruesh\u00ebm t\u00eb k\u00ebmb\u00ebs n\u00eb stilin e patkoit, duke e b\u00ebr\u00eb ideal p\u00ebr detyra nivelimi si brenda ashtu edhe jasht\u00eb. TRIPODI ASHENSOR SA1-045HP SILVER ofron performanc\u00eb t\u00eb besueshme duke ruajtur vler\u00ebn e shk\u00eblqyer si nj\u00eb Tripod Ekonomik p\u00ebr Nivelimin me Lazer.<\/p>\n<p data-start=\"816\" data-end=\"1412\">I p\u00ebrfunduar me nj\u00eb ngjyr\u00eb argjendi profesionale, TRIPOD ASHENSOR SA1-045HP SILVER \u00ebsht\u00eb prodhuar nga alumini oksid i q\u00ebndruesh\u00ebm p\u00ebr t\u00eb siguruar rezistenc\u00eb ndaj korrozionit dhe jet\u00ebgjat\u00ebsi t\u00eb gjat\u00eb sh\u00ebrbimi. Ky Tripod Ekonomik me Lazer p\u00ebr Nivelim vjen standard me nj\u00eb kok\u00eb plastike me nj\u00eb fileto 5\/8\u2033-11, duke siguruar p\u00ebrputhshm\u00ebri me shumic\u00ebn e niveleve lazer dhe instrumenteve t\u00eb matjes. P\u00ebr p\u00ebrdoruesit q\u00eb k\u00ebrkojn\u00eb m\u00eb shum\u00eb fleksibilitet, TRIPOD ASHENSOR SA1-045HP SILVER \u00ebsht\u00eb gjithashtu i disponuesh\u00ebm me nj\u00eb kok\u00eb opsionale t\u00eb l\u00ebvizshme t\u00eb pjerr\u00ebt me nj\u00eb fileto t\u00eb l\u00ebvizshme 1\/4\u2033-20, duke rritur m\u00eb tej shkatht\u00ebsin\u00eb e tij si nj\u00eb Tripod Ekonomik me Lazer p\u00ebr Nivelim.<\/p>\n<p data-start=\"1414\" data-end=\"1873\">Me mund\u00ebsi t\u00eb shum\u00ebfishta lart\u00ebsie prej 0.45 m, 1.20 m dhe 1.50 m, TRIPOD-I ASHENSOR SA1-045HP SILVER p\u00ebrshtatet leht\u00ebsisht me k\u00ebrkesat e ndryshme t\u00eb vendit t\u00eb pun\u00ebs. K\u00ebmb\u00ebt n\u00eb form\u00eb patkoi p\u00ebrmir\u00ebsojn\u00eb kapjen n\u00eb tok\u00eb dhe stabilitetin, duke siguruar pozicionim t\u00eb sakt\u00eb me lazer edhe n\u00eb sip\u00ebrfaqe t\u00eb pabarabarta. I projektuar p\u00ebr planifikim nd\u00ebrtimi, p\u00ebrfundime t\u00eb brendshme dhe punime t\u00eb p\u00ebrgjithshme nivelimi, ky <a href=\"https:\/\/mountlaser.com\/sq\/contact-us\/\">Tripod ekonomik me nivel lazeri<\/a> ofron nj\u00eb ekuilib\u00ebr t\u00eb zgjuar midis performanc\u00ebs, l\u00ebvizshm\u00ebris\u00eb dhe \u00e7mimit t\u00eb p\u00ebrballuesh\u00ebm.<\/p>\n<p><img fetchpriority=\"high\" decoding=\"async\" class=\"aligncenter wp-image-3945\" src=\"https:\/\/mountlaser.com\/wp-content\/uploads\/2025\/11\/S11503.webp\" alt=\"SA1-045HP SILVER ELEVATOR TRIPOD\" width=\"500\" height=\"500\" srcset=\"https:\/\/mountlaser.com\/wp-content\/uploads\/2025\/11\/S11503.webp 1000w, https:\/\/mountlaser.com\/wp-content\/uploads\/2025\/11\/S11503-300x300.webp 300w, https:\/\/mountlaser.com\/wp-content\/uploads\/2025\/11\/S11503-400x400.webp 400w, https:\/\/mountlaser.com\/wp-content\/uploads\/2025\/11\/S11503-800x800.webp 800w, https:\/\/mountlaser.com\/wp-content\/uploads\/2025\/11\/S11503-600x600.webp 600w, https:\/\/mountlaser.com\/wp-content\/uploads\/2025\/11\/S11503-150x150.webp 150w, https:\/\/mountlaser.com\/wp-content\/uploads\/2025\/11\/S11503-768x768.webp 768w, https:\/\/mountlaser.com\/wp-content\/uploads\/2025\/11\/S11503-12x12.webp 12w\" sizes=\"(max-width: 500px) 100vw, 500px\" \/><\/p>\n<p>&nbsp;<\/p>\n<div>\n<table style=\"border-collapse: collapse; width: 613.52pt;\" border=\"0\" width=\"818\" cellspacing=\"0\" cellpadding=\"0\">\n<tbody>\n<tr style=\"height: 14.25pt;\">\n<td class=\"et2\" style=\"height: 14.25pt; width: 127.50pt;\" width=\"170\" height=\"19\">NUM\u00cbR<\/td>\n<td class=\"et3\" style=\"width: 92.25pt;\" width=\"123\">NGJYRA<\/td>\n<td class=\"et3\" style=\"width: 77.25pt;\" width=\"103\">MATERIALI<\/td>\n<td class=\"et3\" style=\"width: 96.75pt;\" width=\"129\">LART\u00cbSIA<\/td>\n<td class=\"et3\" style=\"width: 219.75pt;\" width=\"293\">FIJE<\/td>\n<\/tr>\n<tr style=\"height: 14.25pt;\">\n<td class=\"et4\" style=\"height: 14.25pt;\" height=\"19\">SA1-045\/120\/150HP<\/td>\n<td class=\"et4\">Argjend<\/td>\n<td class=\"et4\">Alumini<\/td>\n<td class=\"et4\">45\/120\/150cm<\/td>\n<td class=\"et4\">Kok\u00eb plastike 5\/8\u2033-11<\/td>\n<\/tr>\n<tr style=\"height: 14.25pt;\">\n<td class=\"et4\" style=\"height: 14.25pt;\" height=\"19\">SA1-045\/120\/150HPR<\/td>\n<td class=\"et4\">Argjend<\/td>\n<td class=\"et4\">Alumini<\/td>\n<td class=\"et4\">45\/120\/150cm<\/td>\n<td class=\"et4\">Kok\u00eb plastike 5\/8\u2033-11 + Kok\u00eb e l\u00ebvizshme me pjerr\u00ebsi 1\/4\u2033-20<\/td>\n<\/tr>\n<\/tbody>\n<\/table>\n<\/div>","protected":false},"excerpt":{"rendered":"<ul>\n<li>Ofron mb\u00ebshtetje t\u00eb q\u00ebndrueshme dhe t\u00eb besueshme p\u00ebr nivelet e lazerit gjat\u00eb pun\u00ebs s\u00eb rreshtimit dhe paraqitjes<\/li>\n<li>Rregullimi i lart\u00ebsis\u00eb n\u00eb stilin e ashensorit lejon pozicionim t\u00eb sakt\u00eb n\u00eb lart\u00ebsi t\u00eb ndryshme pune<\/li>\n<li>K\u00ebmb\u00ebt n\u00eb form\u00eb patkoi rrisin stabilitetin n\u00eb tok\u00eb t\u00eb pabarabart\u00eb ose t\u00eb but\u00eb<\/li>\n<li>Koka plastike me fileto 5\/8\u2033-11 siguron p\u00ebrputhshm\u00ebri t\u00eb gjer\u00eb t\u00eb instrumenteve<\/li>\n<li>Kok\u00eb opsionale e l\u00ebvizshme e anueshme me fileto 1\/4\u2033-20 rrit fleksibilitetin p\u00ebr aplikime t\u00eb ndryshme<\/li>\n<\/ul>","protected":false},"featured_media":3944,"comment_status":"open","ping_status":"closed","template":"","meta":[],"product_brand":[],"product_cat":[94,122],"product_tag":[],"class_list":{"0":"post-3952","1":"product","2":"type-product","3":"status-publish","4":"has-post-thumbnail","6":"product_cat-laser-level-accessory","7":"product_cat-laser-level-tripod","9":"first","10":"instock","11":"shipping-taxable","12":"product-type-simple"},"_links":{"self":[{"href":"https:\/\/mountlaser.com\/sq\/wp-json\/wp\/v2\/product\/3952","targetHints":{"allow":["GET"]}}],"collection":[{"href":"https:\/\/mountlaser.com\/sq\/wp-json\/wp\/v2\/product"}],"about":[{"href":"https:\/\/mountlaser.com\/sq\/wp-json\/wp\/v2\/types\/product"}],"replies":[{"embeddable":true,"href":"https:\/\/mountlaser.com\/sq\/wp-json\/wp\/v2\/comments?post=3952"}],"wp:featuredmedia":[{"embeddable":true,"href":"https:\/\/mountlaser.com\/sq\/wp-json\/wp\/v2\/media\/3944"}],"wp:attachment":[{"href":"https:\/\/mountlaser.com\/sq\/wp-json\/wp\/v2\/media?parent=3952"}],"wp:term":[{"taxonomy":"product_brand","embeddable":true,"href":"https:\/\/mountlaser.com\/sq\/wp-json\/wp\/v2\/product_brand?post=3952"},{"taxonomy":"product_cat","embeddable":true,"href":"https:\/\/mountlaser.com\/sq\/wp-json\/wp\/v2\/product_cat?post=3952"},{"taxonomy":"product_tag","embeddable":true,"href":"https:\/\/mountlaser.com\/sq\/wp-json\/wp\/v2\/product_tag?post=3952"}],"curies":[{"name":"wp","href":"https:\/\/api.w.org\/{rel}","templated":true}]}}