{"id":3932,"date":"2025-11-11T01:26:15","date_gmt":"2025-11-11T01:26:15","guid":{"rendered":"https:\/\/mountlaser.com\/?post_type=product&#038;p=3932"},"modified":"2025-11-27T06:19:58","modified_gmt":"2025-11-27T06:19:58","slug":"gps-extension-pole","status":"publish","type":"product","link":"https:\/\/mountlaser.com\/sq\/produkt\/gps-extension-pole\/","title":{"rendered":"Shtyll\u00eb Zgjatimi GPS"},"content":{"rendered":"<p>Shtyllat zgjatuese GPS vijn\u00eb n\u00eb dy materiale: shtylla zgjatuese prej alumini dhe shtylla zgjatuese prej fibre karboni.<\/p>\n<p>I\/E\/T\u00eb\/T\u00eb <a href=\"https:\/\/mountlaser.com\/sq\/products\/\"><strong>Shtyll\u00eb Zgjatimi p\u00ebr GNSS<\/strong> <\/a>\u00ebsht\u00eb nj\u00eb aksesor i projektuar me precizion t\u00eb lart\u00eb, i projektuar p\u00ebr t\u00eb ofruar mb\u00ebshtetje t\u00eb q\u00ebndrueshme dhe t\u00eb rregullueshme n\u00eb lart\u00ebsi p\u00ebr marr\u00ebsit GNSS, stacionet totale dhe instrumentet lazer. I nd\u00ebrtuar nga materiale me cil\u00ebsi t\u00eb lart\u00eb, duke p\u00ebrfshir\u00eb Shtyll\u00ebn Zgjatuese t\u00eb Alumini, fibra karboni premium dhe fibra karboni 100% Toray, ai ofron forc\u00eb, stabilitet dhe manovrim t\u00eb leht\u00eb superior p\u00ebr gjeodet\u00ebt profesionist\u00eb.<\/p>\n<p>I\/E\/T\u00eb\/T\u00eb <a href=\"https:\/\/mountlaser.com\/sq\/about-us\/\"><strong>Shtyll\u00eb Zgjatimi me Fib\u00ebr Karboni<\/strong> <\/a>\u00cbsht\u00eb projektuar p\u00ebr aplikime matjeje dhe matjeje precize q\u00eb k\u00ebrkojn\u00eb forc\u00eb t\u00eb leht\u00eb dhe stabilitet t\u00eb jasht\u00ebzakonsh\u00ebm. I prodhuar nga fibra karboni me cil\u00ebsi t\u00eb lart\u00eb, ky Shtyll\u00eb Zgjatimi prej Fibre Karboni ofron ngurt\u00ebsi t\u00eb shk\u00eblqyer duke ulur ndjesh\u00ebm pesh\u00ebn e p\u00ebrgjithshme, duke e b\u00ebr\u00eb t\u00eb leht\u00eb p\u00ebr t&#039;u mbajtur dhe ideal p\u00ebr operacione t\u00eb gjata n\u00eb terren.<\/p>\n<p>\u00c7do Shtyll\u00eb Zgjatuese p\u00ebr GNSS \u00ebsht\u00eb e pajisur me fileto mashkullore dhe fem\u00ebrore 5\/8\u2033-11 p\u00ebr pajtueshm\u00ebri universale me instrumente dhe adaptor\u00eb t\u00eb ndrysh\u00ebm. I disponuesh\u00ebm n\u00eb gjat\u00ebsi t\u00eb shumta q\u00eb variojn\u00eb nga 15cm deri n\u00eb 100cm dhe diamet\u00ebr 25mm ose 32mm, ai lejon rregullim fleksib\u00ebl t\u00eb lart\u00ebsis\u00eb p\u00ebr t\u00eb p\u00ebrmbushur k\u00ebrkesat e ndryshme t\u00eb terrenit. Varianti i Shtyll\u00ebs Zgjatuese t\u00eb Alumini ofron nj\u00eb ekuilib\u00ebr t\u00eb shk\u00eblqyer t\u00eb q\u00ebndrueshm\u00ebris\u00eb dhe pesh\u00ebs, nd\u00ebrsa modelet me fibra karboni sigurojn\u00eb ngurt\u00ebsi maksimale me ngarkes\u00eb minimale.<\/p>\n<p><!--StartFragment --><\/p>\n<p class=\"pf0\"><span class=\"cf0\"><a href=\"https:\/\/mountlaser.com\/sq\/contact-us\/\">Shtyll\u00eb Zgjatimi GPS<\/a>, i njohur edhe si Shufra Zgjat\u00ebse GPS, vjen n\u00eb tre ngjyra:<\/span><\/p>\n<p class=\"pf0\"><span class=\"cf0\">Shtyll\u00eb Zgjatimi GPS \u2013 e Verdh\u00eb<\/span><\/p>\n<p class=\"pf0\">Shtyll\u00eb Zgjatimi GPS \u2013 Gri<\/p>\n<p class=\"pf0\"><span class=\"cf0\">Shtyll\u00eb Zgjatimi GPS \u2013 Jeshile<\/span><\/p>\n<p><!--EndFragment --><\/p>\n<p><img fetchpriority=\"high\" decoding=\"async\" class=\"aligncenter wp-image-3935\" src=\"https:\/\/mountlaser.com\/wp-content\/uploads\/2025\/11\/Extension-Pole3.webp\" alt=\"Extension Pole for GNSS\" width=\"500\" height=\"500\" srcset=\"https:\/\/mountlaser.com\/wp-content\/uploads\/2025\/11\/Extension-Pole3.webp 1000w, https:\/\/mountlaser.com\/wp-content\/uploads\/2025\/11\/Extension-Pole3-300x300.webp 300w, https:\/\/mountlaser.com\/wp-content\/uploads\/2025\/11\/Extension-Pole3-400x400.webp 400w, https:\/\/mountlaser.com\/wp-content\/uploads\/2025\/11\/Extension-Pole3-800x800.webp 800w, https:\/\/mountlaser.com\/wp-content\/uploads\/2025\/11\/Extension-Pole3-600x600.webp 600w, https:\/\/mountlaser.com\/wp-content\/uploads\/2025\/11\/Extension-Pole3-150x150.webp 150w, https:\/\/mountlaser.com\/wp-content\/uploads\/2025\/11\/Extension-Pole3-768x768.webp 768w, https:\/\/mountlaser.com\/wp-content\/uploads\/2025\/11\/Extension-Pole3-12x12.webp 12w\" sizes=\"(max-width: 500px) 100vw, 500px\" \/><\/p>\n<p><strong>Shtyll\u00eb Zgjatimi p\u00ebr Specifikimet GNSS<\/strong><\/p>\n<div>\n<table style=\"border-collapse: collapse; width: 1034.28pt;\" border=\"0\" width=\"1379\" cellspacing=\"0\" cellpadding=\"0\">\n<tbody>\n<tr style=\"height: 14.25pt;\">\n<td class=\"et2\" style=\"height: 14.25pt; width: 322.50pt;\" width=\"430\" height=\"19\">NUM\u00cbR<\/td>\n<td class=\"et2\" style=\"width: 309.00pt;\" width=\"412\">MATERIALI<\/td>\n<td class=\"et2\" style=\"width: 88.50pt;\" width=\"118\">DIAMETRI<\/td>\n<td class=\"et3\" style=\"width: 138.00pt;\" width=\"184\">GJAT\u00cbSI<\/td>\n<td class=\"et2\" style=\"width: 176.25pt;\" width=\"235\">NGJYRA<\/td>\n<\/tr>\n<tr style=\"height: 14.25pt;\">\n<td class=\"et4\" style=\"height: 14.25pt;\" height=\"19\">EPA25-10YL<\/td>\n<td class=\"et5\">Alumini<\/td>\n<td class=\"et4\">25 mm<\/td>\n<td class=\"et4\">10 cm<\/td>\n<td class=\"et6\">YL\/ GN\/ GY<\/td>\n<\/tr>\n<tr style=\"height: 14.25pt;\">\n<td class=\"et6\" style=\"height: 14.25pt;\" height=\"19\">EPA32-10YL<\/td>\n<td class=\"et2\">Alumini<\/td>\n<td class=\"et6\">32 mm<\/td>\n<td class=\"et6\">10 cm<\/td>\n<td class=\"et6\">YL\/ GN\/ GY<\/td>\n<\/tr>\n<tr style=\"height: 14.25pt;\">\n<td class=\"et2\" style=\"height: 14.25pt;\" height=\"19\">EPC25-10<\/td>\n<td class=\"et6\">Fib\u00ebr karboni premium<\/td>\n<td class=\"et6\">25 mm<\/td>\n<td class=\"et7\">10 cm<\/td>\n<td class=\"et6\">BK<\/td>\n<\/tr>\n<tr style=\"height: 14.25pt;\">\n<td class=\"et6\" style=\"height: 14.25pt;\" height=\"19\">EPC32-10<\/td>\n<td class=\"et6\">Fib\u00ebr karboni premium<\/td>\n<td class=\"et6\">32 mm<\/td>\n<td class=\"et7\">10 cm<\/td>\n<td class=\"et6\">BK<\/td>\n<\/tr>\n<tr style=\"height: 14.25pt;\">\n<td class=\"et6\" style=\"height: 14.25pt;\" height=\"19\">EPTC32-10<\/td>\n<td class=\"et8\">Fib\u00ebr karboni 100% Toray<\/td>\n<td class=\"et7\">32 mm<\/td>\n<td class=\"et7\">10 cm<\/td>\n<td class=\"et6\">BK<\/td>\n<\/tr>\n<\/tbody>\n<\/table>\n<\/div>","protected":false},"excerpt":{"rendered":"<ul>\n<li>Fije mashkullore dhe fem\u00ebrore 5\/8\u2033-11 p\u00ebr kompatibilitet t\u00eb gjithansh\u00ebm t\u00eb instrumenteve<\/li>\n<li>Shtyll\u00eb zgjatuese alumini e q\u00ebndrueshme ose nd\u00ebrtim i leht\u00eb me fibra karboni<\/li>\n<li>Opsione t\u00eb shumta ngjyrash: t\u00eb verdha, jeshile dhe gri p\u00ebr dukshm\u00ebri m\u00eb t\u00eb mir\u00eb<\/li>\n<li>I projektuar p\u00ebr shtrirje precize n\u00eb aplikimet e matjes GNSS dhe lazer<\/li>\n<\/ul>","protected":false},"featured_media":3934,"comment_status":"open","ping_status":"closed","template":"","meta":[],"product_brand":[],"product_cat":[84,121],"product_tag":[],"class_list":{"0":"post-3932","1":"product","2":"type-product","3":"status-publish","4":"has-post-thumbnail","6":"product_cat-gnss-accessory","7":"product_cat-extension-pole","9":"first","10":"instock","11":"shipping-taxable","12":"product-type-simple"},"_links":{"self":[{"href":"https:\/\/mountlaser.com\/sq\/wp-json\/wp\/v2\/product\/3932","targetHints":{"allow":["GET"]}}],"collection":[{"href":"https:\/\/mountlaser.com\/sq\/wp-json\/wp\/v2\/product"}],"about":[{"href":"https:\/\/mountlaser.com\/sq\/wp-json\/wp\/v2\/types\/product"}],"replies":[{"embeddable":true,"href":"https:\/\/mountlaser.com\/sq\/wp-json\/wp\/v2\/comments?post=3932"}],"wp:featuredmedia":[{"embeddable":true,"href":"https:\/\/mountlaser.com\/sq\/wp-json\/wp\/v2\/media\/3934"}],"wp:attachment":[{"href":"https:\/\/mountlaser.com\/sq\/wp-json\/wp\/v2\/media?parent=3932"}],"wp:term":[{"taxonomy":"product_brand","embeddable":true,"href":"https:\/\/mountlaser.com\/sq\/wp-json\/wp\/v2\/product_brand?post=3932"},{"taxonomy":"product_cat","embeddable":true,"href":"https:\/\/mountlaser.com\/sq\/wp-json\/wp\/v2\/product_cat?post=3932"},{"taxonomy":"product_tag","embeddable":true,"href":"https:\/\/mountlaser.com\/sq\/wp-json\/wp\/v2\/product_tag?post=3932"}],"curies":[{"name":"wp","href":"https:\/\/api.w.org\/{rel}","templated":true}]}}