{"id":3924,"date":"2025-11-10T09:28:22","date_gmt":"2025-11-10T09:28:22","guid":{"rendered":"https:\/\/mountlaser.com\/?post_type=product&#038;p=3924"},"modified":"2025-11-27T06:55:46","modified_gmt":"2025-11-27T06:55:46","slug":"dz460-aluminum-prism-pole","status":"publish","type":"product","link":"https:\/\/mountlaser.com\/sq\/produkt\/dz460-aluminum-prism-pole\/","title":{"rendered":"Shtyll\u00eb Prizmike Alumini DZ460"},"content":{"rendered":"<p>Njihuni me zgjidhjen p\u00ebrfundimtare p\u00ebr detyra t\u00eb v\u00ebshtira matjeje: Shtylla e Prizm\u00ebs s\u00eb Alumini Mount Laser DZ460. Kjo shkop premium<a href=\"https:\/\/mountlaser.com\/sq\/products\/\"><strong> Shtyll\u00eb Prizmike Alumini e Leht\u00eb Portative<\/strong> <\/a>\u00cbsht\u00eb projektuar p\u00ebr profesionist\u00eb q\u00eb k\u00ebrkojn\u00eb shtrirje t\u00eb zgjeruar pa barr\u00ebn e pajisjeve t\u00eb r\u00ebnda. I prodhuar nga aliazh alumini me rezistenc\u00eb t\u00eb lart\u00eb, ai arrin ekuilibrin e p\u00ebrsosur midis q\u00ebndrueshm\u00ebris\u00eb s\u00eb jasht\u00ebzakonshme dhe transportueshm\u00ebris\u00eb s\u00eb leht\u00eb, duke e b\u00ebr\u00eb ideal p\u00ebr or\u00eb t\u00eb gjata n\u00eb terren dhe transport n\u00eb vende pune t\u00eb larg\u00ebta.<\/p>\n<p>P\u00ebrjetoni komoditetin e nj\u00eb Shtylle Prizmike Alumini Portative v\u00ebrtet t\u00eb Leht\u00eb q\u00eb nuk b\u00ebn kompromis me stabilitetin. DZ460 p\u00ebrmban nj\u00eb mekaniz\u00ebm t\u00eb fuqish\u00ebm mbylljeje alumini, duke siguruar q\u00eb \u00e7do seksion t\u00eb mbetet i mbyllur n\u00eb m\u00ebnyr\u00eb t\u00eb sigurt n\u00eb lart\u00ebsin\u00eb e d\u00ebshiruar p\u00ebr t\u00eb parandaluar rr\u00ebshqitjen dhe p\u00ebr t\u00eb ruajtur sakt\u00ebsin\u00eb e matjes. Ai vjen i pajisur me nj\u00eb shishe rrethore 30\u2032 p\u00ebr instalime hidraulike t\u00eb sakta dhe nj\u00eb tub t\u00eb brendsh\u00ebm me nj\u00eb shkall\u00eb t\u00eb qart\u00eb metri p\u00ebr lexim t\u00eb shpejt\u00eb. Me opsione t\u00eb shumta p\u00ebrshtat\u00ebsish p\u00ebr montim n\u00eb priz\u00ebm dhe nj\u00eb mbules\u00eb opsionale gome kund\u00ebr rr\u00ebshqitjes p\u00ebr nj\u00eb kapje m\u00eb t\u00eb sigurt, DZ460 dallohet si Shtylla Prizmike Alumini Portative e Leht\u00eb e preferuar p\u00ebr gjeodet\u00ebt q\u00eb vler\u00ebsojn\u00eb efikasitetin, besueshm\u00ebrin\u00eb dhe performanc\u00ebn n\u00eb \u00e7do projekt.<\/p>\n<p><a href=\"https:\/\/mountlaser.com\/sq\/contact-us\/\"><strong>Shtyll\u00eb Prizmike Alumini DZ460<\/strong><\/a> \u00ebsht\u00eb 4.6 m i gjat\u00eb.<br \/>\nShtyll\u00eb Prizmike Alumini DZ460<br \/>\nOPSIONI I KY\u00c7JES: I disponuesh\u00ebm n\u00eb kat\u00ebr lloje:<br \/>\nKy\u00e7 me rrotullim<br \/>\nKy\u00e7ja e Shpejt\u00eb<br \/>\nKy\u00e7ja n\u00eb stilin GPS<br \/>\nKy\u00e7ja e kompresimit<\/p>\n<p>&nbsp;<\/p>\n<p><img fetchpriority=\"high\" decoding=\"async\" class=\"aligncenter wp-image-3928\" src=\"https:\/\/mountlaser.com\/wp-content\/uploads\/2025\/11\/DZ460GP5.webp\" alt=\"Lightweight Portable Aluminum Prism Pole\" width=\"500\" height=\"500\" srcset=\"https:\/\/mountlaser.com\/wp-content\/uploads\/2025\/11\/DZ460GP5.webp 1000w, https:\/\/mountlaser.com\/wp-content\/uploads\/2025\/11\/DZ460GP5-300x300.webp 300w, https:\/\/mountlaser.com\/wp-content\/uploads\/2025\/11\/DZ460GP5-400x400.webp 400w, https:\/\/mountlaser.com\/wp-content\/uploads\/2025\/11\/DZ460GP5-800x800.webp 800w, https:\/\/mountlaser.com\/wp-content\/uploads\/2025\/11\/DZ460GP5-600x600.webp 600w, https:\/\/mountlaser.com\/wp-content\/uploads\/2025\/11\/DZ460GP5-150x150.webp 150w, https:\/\/mountlaser.com\/wp-content\/uploads\/2025\/11\/DZ460GP5-768x768.webp 768w, https:\/\/mountlaser.com\/wp-content\/uploads\/2025\/11\/DZ460GP5-12x12.webp 12w\" sizes=\"(max-width: 500px) 100vw, 500px\" \/><\/p>\n<p>&nbsp;<\/p>\n<p><strong>Specifikimet e Shtyll\u00ebs s\u00eb Prizm\u00ebs s\u00eb Alumini DZ460<\/strong><\/p>\n<table style=\"border-collapse: collapse; width: 741.77pt;\" border=\"0\" width=\"989\" cellspacing=\"0\" cellpadding=\"0\">\n<tbody>\n<tr style=\"height: 14.25pt;\">\n<td class=\"et2\" style=\"height: 14.25pt; width: 142.50pt;\" width=\"190\" height=\"19\">NUM\u00cbR<\/td>\n<td class=\"et2\" style=\"width: 127.50pt;\" width=\"170\">GJAT\u00cbSI<\/td>\n<td class=\"et2\" style=\"width: 126.00pt;\" width=\"168\">MATERIALI<\/td>\n<td class=\"et2\" style=\"width: 135.00pt;\" width=\"180\">DIPLOMA<\/td>\n<td class=\"et2\" style=\"width: 124.50pt;\" width=\"166\">OPSIONI I KY\u00c7JES<\/td>\n<td class=\"et2\" style=\"width: 86.25pt;\" width=\"115\">DIAMETRI<\/td>\n<\/tr>\n<tr style=\"height: 14.25pt;\">\n<td class=\"et3\" style=\"height: 14.25pt;\" height=\"19\">DZ460<\/td>\n<td class=\"et4\">460 cm<\/td>\n<td class=\"et3\">Alumini<\/td>\n<td class=\"et3\">Met\u00ebr<\/td>\n<td class=\"et3\">TL\/ QL\/ GP\/ CL<\/td>\n<td class=\"et3\">18\/25\/30\/36 mm<\/td>\n<\/tr>\n<\/tbody>\n<\/table>","protected":false},"excerpt":{"rendered":"<ul>\n<li>I zgjeruar dhe i l\u00ebvizsh\u00ebm: Ofron shtrirje t\u00eb bollshme duke ruajtur nj\u00eb dizajn t\u00eb leht\u00eb p\u00ebr transport dhe manovrim t\u00eb leht\u00eb.<\/li>\n<li>Sistem i Mbylljes s\u00eb Sigurt: Mekanizmi i q\u00ebndruesh\u00ebm i mbylljes prej alumini siguron nj\u00eb konfigurim t\u00eb fort\u00eb dhe t\u00eb besuesh\u00ebm n\u00eb \u00e7do zgjatim.<\/li>\n<li>Precizion i integruar: P\u00ebrmban nj\u00eb shishk\u00eb rrethore 30&#039; dhe nj\u00eb shkall\u00eb t\u00eb brendshme metrike t\u00eb leht\u00eb p\u00ebr t\u2019u lexuar p\u00ebr vendosjen e sakt\u00eb t\u00eb lart\u00ebsis\u00eb.<\/li>\n<\/ul>","protected":false},"featured_media":3925,"comment_status":"open","ping_status":"closed","template":"","meta":[],"product_brand":[],"product_cat":[89,117],"product_tag":[],"class_list":{"0":"post-3924","1":"product","2":"type-product","3":"status-publish","4":"has-post-thumbnail","6":"product_cat-surveying-pole-rod","7":"product_cat-aluminum-prism-pole","9":"first","10":"instock","11":"shipping-taxable","12":"product-type-simple"},"_links":{"self":[{"href":"https:\/\/mountlaser.com\/sq\/wp-json\/wp\/v2\/product\/3924","targetHints":{"allow":["GET"]}}],"collection":[{"href":"https:\/\/mountlaser.com\/sq\/wp-json\/wp\/v2\/product"}],"about":[{"href":"https:\/\/mountlaser.com\/sq\/wp-json\/wp\/v2\/types\/product"}],"replies":[{"embeddable":true,"href":"https:\/\/mountlaser.com\/sq\/wp-json\/wp\/v2\/comments?post=3924"}],"wp:featuredmedia":[{"embeddable":true,"href":"https:\/\/mountlaser.com\/sq\/wp-json\/wp\/v2\/media\/3925"}],"wp:attachment":[{"href":"https:\/\/mountlaser.com\/sq\/wp-json\/wp\/v2\/media?parent=3924"}],"wp:term":[{"taxonomy":"product_brand","embeddable":true,"href":"https:\/\/mountlaser.com\/sq\/wp-json\/wp\/v2\/product_brand?post=3924"},{"taxonomy":"product_cat","embeddable":true,"href":"https:\/\/mountlaser.com\/sq\/wp-json\/wp\/v2\/product_cat?post=3924"},{"taxonomy":"product_tag","embeddable":true,"href":"https:\/\/mountlaser.com\/sq\/wp-json\/wp\/v2\/product_tag?post=3924"}],"curies":[{"name":"wp","href":"https:\/\/api.w.org\/{rel}","templated":true}]}}