{"id":3915,"date":"2025-11-10T09:22:19","date_gmt":"2025-11-10T09:22:19","guid":{"rendered":"https:\/\/mountlaser.com\/?post_type=product&#038;p=3915"},"modified":"2025-11-27T06:58:21","modified_gmt":"2025-11-27T06:58:21","slug":"dz360-aluminum-prism-pole","status":"publish","type":"product","link":"https:\/\/mountlaser.com\/sq\/produkt\/dz360-aluminum-prism-pole\/","title":{"rendered":"Shtyll\u00eb Prizmike Alumini DZ360"},"content":{"rendered":"<p>Zgjeroni aft\u00ebsit\u00eb tuaja t\u00eb matjes me <a href=\"https:\/\/mountlaser.com\/sq\/\">Mount Laser DZ360<\/a>, nj\u00eb shuf\u00ebr teleskopike prizmike alumini p\u00ebr matje, e projektuar p\u00ebr projekte q\u00eb k\u00ebrkojn\u00eb shtrirje t\u00eb zgjeruar pa b\u00ebr\u00eb kompromis me stabilitetin ose precizionin. E prodhuar nga alumini me rezistenc\u00eb t\u00eb lart\u00eb, kjo shuf\u00ebr \u00ebsht\u00eb jasht\u00ebzakonisht e leht\u00eb dhe tep\u00ebr e q\u00ebndrueshme, e projektuar p\u00ebr t&#039;i b\u00ebr\u00eb ball\u00eb p\u00ebrdorimit t\u00eb p\u00ebrditsh\u00ebm rigoroz n\u00eb vende t\u00eb ndryshme pune.<\/p>\n<p>DZ360 mish\u00ebron idealin <a href=\"https:\/\/mountlaser.com\/sq\/about-us\/\"><strong>Shtyll\u00eb Prizmike Alumini p\u00ebr Sondazh Teleskopik<\/strong><\/a>, duke ofruar nj\u00eb gjat\u00ebsi t\u00eb zgjatur bujare p\u00ebr t\u00eb p\u00ebrballuar topografit\u00eb sfiduese dhe matjet e pikave t\u00eb larta.<br \/>\n<a href=\"https:\/\/mountlaser.com\/sq\/products\/\"><strong>Shtyll\u00eb Prizmike Alumini DZ360<\/strong> <\/a>\u00ebsht\u00eb 3.6 m i gjat\u00eb.<br \/>\nOpsionet e Ky\u00e7jes s\u00eb Shtyll\u00ebs s\u00eb Prizm\u00ebs s\u00eb Alumini DZ360: Jan\u00eb t\u00eb disponueshme kat\u00ebr opsione: Ky\u00e7 me Rrotullim, Ky\u00e7 me Lirim t\u00eb Shpejt\u00eb, Ky\u00e7 n\u00eb Stil GPS dhe Ky\u00e7 me Kompresion.<\/p>\n<p>Me karakteristika profesionale si nj\u00eb shishe rrethore 30&#039; p\u00ebr hidraulik preciz dhe nj\u00eb shkall\u00eb mat\u00ebse t\u00eb brendshme t\u00eb leht\u00eb p\u00ebr t\u2019u lexuar, kjo shuf\u00ebr thjeshton rrjedh\u00ebn tuaj t\u00eb pun\u00ebs.<\/p>\n<p>&nbsp;<\/p>\n<p>&nbsp;<\/p>\n<p><img fetchpriority=\"high\" decoding=\"async\" class=\"aligncenter wp-image-3922\" src=\"https:\/\/mountlaser.com\/wp-content\/uploads\/2025\/11\/DZ360TL5.webp\" alt=\"Telescopic Survey Aluminum Prism Pole\" width=\"500\" height=\"500\" srcset=\"https:\/\/mountlaser.com\/wp-content\/uploads\/2025\/11\/DZ360TL5.webp 1000w, https:\/\/mountlaser.com\/wp-content\/uploads\/2025\/11\/DZ360TL5-300x300.webp 300w, https:\/\/mountlaser.com\/wp-content\/uploads\/2025\/11\/DZ360TL5-400x400.webp 400w, https:\/\/mountlaser.com\/wp-content\/uploads\/2025\/11\/DZ360TL5-800x800.webp 800w, https:\/\/mountlaser.com\/wp-content\/uploads\/2025\/11\/DZ360TL5-600x600.webp 600w, https:\/\/mountlaser.com\/wp-content\/uploads\/2025\/11\/DZ360TL5-150x150.webp 150w, https:\/\/mountlaser.com\/wp-content\/uploads\/2025\/11\/DZ360TL5-768x768.webp 768w, https:\/\/mountlaser.com\/wp-content\/uploads\/2025\/11\/DZ360TL5-12x12.webp 12w\" sizes=\"(max-width: 500px) 100vw, 500px\" \/><\/p>\n<p>&nbsp;<\/p>\n<p><strong>Specifikimet e Shtyll\u00ebs s\u00eb Prizm\u00ebs s\u00eb Alumini DZ360<\/strong><\/p>\n<table style=\"border-collapse: collapse; width: 741.77pt;\" border=\"0\" width=\"989\" cellspacing=\"0\" cellpadding=\"0\">\n<tbody>\n<tr style=\"height: 14.25pt;\">\n<td class=\"et2\" style=\"height: 14.25pt; width: 142.50pt;\" width=\"190\" height=\"19\">NUM\u00cbR<\/td>\n<td class=\"et2\" style=\"width: 127.50pt;\" width=\"170\">GJAT\u00cbSI<\/td>\n<td class=\"et2\" style=\"width: 126.00pt;\" width=\"168\">MATERIALI<\/td>\n<td class=\"et2\" style=\"width: 135.00pt;\" width=\"180\">DIPLOMA<\/td>\n<td class=\"et2\" style=\"width: 124.50pt;\" width=\"166\">OPSIONI I KY\u00c7JES<\/td>\n<td class=\"et2\" style=\"width: 86.25pt;\" width=\"115\">DIAMETRI<\/td>\n<\/tr>\n<tr style=\"height: 14.25pt;\">\n<td class=\"et3\" style=\"height: 14.25pt;\" height=\"19\">DZ360<\/td>\n<td class=\"et4\">360 cm<\/td>\n<td class=\"et3\">Alumini<\/td>\n<td class=\"et3\">Met\u00ebr<\/td>\n<td class=\"et3\">TL\/ QL\/ GP\/ CL<\/td>\n<td class=\"et3\">18\/25\/30 mm<\/td>\n<\/tr>\n<\/tbody>\n<\/table>","protected":false},"excerpt":{"rendered":"<ul>\n<li>I integruar p\u00ebr precizion: I pajisur me nj\u00eb shishe rrethore 30&#039; dhe nj\u00eb shkall\u00eb metri t\u00eb brendshme t\u00eb qart\u00eb p\u00ebr matje dhe lexim t\u00eb sakt\u00eb t\u00eb ujit.<\/li>\n<li>Dizajn i Fokusuar te P\u00ebrdoruesi: Mbules\u00eb opsionale gome kund\u00ebr rr\u00ebshqitjes dhe opsione t\u00eb shumta p\u00ebrshtat\u00ebsish p\u00ebr rehati dhe shkatht\u00ebsi t\u00eb shtuar.<\/li>\n<\/ul>","protected":false},"featured_media":3916,"comment_status":"open","ping_status":"closed","template":"","meta":[],"product_brand":[],"product_cat":[89,117],"product_tag":[],"class_list":{"0":"post-3915","1":"product","2":"type-product","3":"status-publish","4":"has-post-thumbnail","6":"product_cat-surveying-pole-rod","7":"product_cat-aluminum-prism-pole","9":"first","10":"instock","11":"shipping-taxable","12":"product-type-simple"},"_links":{"self":[{"href":"https:\/\/mountlaser.com\/sq\/wp-json\/wp\/v2\/product\/3915","targetHints":{"allow":["GET"]}}],"collection":[{"href":"https:\/\/mountlaser.com\/sq\/wp-json\/wp\/v2\/product"}],"about":[{"href":"https:\/\/mountlaser.com\/sq\/wp-json\/wp\/v2\/types\/product"}],"replies":[{"embeddable":true,"href":"https:\/\/mountlaser.com\/sq\/wp-json\/wp\/v2\/comments?post=3915"}],"wp:featuredmedia":[{"embeddable":true,"href":"https:\/\/mountlaser.com\/sq\/wp-json\/wp\/v2\/media\/3916"}],"wp:attachment":[{"href":"https:\/\/mountlaser.com\/sq\/wp-json\/wp\/v2\/media?parent=3915"}],"wp:term":[{"taxonomy":"product_brand","embeddable":true,"href":"https:\/\/mountlaser.com\/sq\/wp-json\/wp\/v2\/product_brand?post=3915"},{"taxonomy":"product_cat","embeddable":true,"href":"https:\/\/mountlaser.com\/sq\/wp-json\/wp\/v2\/product_cat?post=3915"},{"taxonomy":"product_tag","embeddable":true,"href":"https:\/\/mountlaser.com\/sq\/wp-json\/wp\/v2\/product_tag?post=3915"}],"curies":[{"name":"wp","href":"https:\/\/api.w.org\/{rel}","templated":true}]}}