{"id":3904,"date":"2025-11-10T09:15:46","date_gmt":"2025-11-10T09:15:46","guid":{"rendered":"https:\/\/mountlaser.com\/?post_type=product&#038;p=3904"},"modified":"2025-11-27T07:00:10","modified_gmt":"2025-11-27T07:00:10","slug":"dz260-aluminum-prism-pole","status":"publish","type":"product","link":"https:\/\/mountlaser.com\/sq\/produkt\/dz260-aluminum-prism-pole\/","title":{"rendered":"Shtyll\u00eb Prizmike Alumini DZ260"},"content":{"rendered":"<p>Arritni stabilitet dhe efikasitet t\u00eb pakrahasuesh\u00ebm n\u00eb projektet tuaja t\u00eb matjeve me Mount Laser<a href=\"https:\/\/mountlaser.com\/sq\/\"><strong> Shtyll\u00eb Prizmike Alumini DZ260<\/strong><\/a>. I projektuar p\u00ebr profesionist\u00ebt q\u00eb k\u00ebrkojn\u00eb precizion dhe q\u00ebndrueshm\u00ebri, ky shkop \u00ebsht\u00eb krijuar nga alumini me rezistenc\u00eb t\u00eb lart\u00eb, duke ofruar nj\u00eb ekuilib\u00ebr t\u00eb p\u00ebrsosur midis nj\u00eb kornize t\u00eb leht\u00eb dhe nj\u00eb konstruksioni t\u00eb fort\u00eb p\u00ebr p\u00ebrdorim gjat\u00eb gjith\u00eb dit\u00ebs n\u00eb terren.<\/p>\n<p>Guri i themelit t\u00eb besueshm\u00ebris\u00eb s\u00eb DZ260 \u00ebsht\u00eb mekanizmi i tij inovativ i Shtyll\u00ebs s\u00eb Prizm\u00ebs prej Alumini me Bllokim me Kompresim. Ky sistem i avancuar i bllokimit siguron nj\u00eb mbajtje jasht\u00ebzakonisht t\u00eb sigurt dhe t\u00eb ngurt\u00eb n\u00eb \u00e7do zgjatim t\u00eb d\u00ebshiruar, duke i rezistuar n\u00eb m\u00ebnyr\u00eb efektive rr\u00ebshqitjes dhe duke siguruar q\u00eb prizma juaj t\u00eb mbetet plot\u00ebsisht e q\u00ebndrueshme p\u00ebr matje t\u00eb sakta.<\/p>\n<p>P\u00ebrtej mekanizmit t\u00eb tij superior t\u00eb ky\u00e7jes, DZ260 \u00ebsht\u00eb i pajisur me nj\u00eb shishe rrethore 30\u2032 p\u00ebr instalim t\u00eb leht\u00eb hidraulik dhe nj\u00eb tub t\u00eb brendsh\u00ebm me nj\u00eb shkall\u00eb t\u00eb qart\u00eb mat\u00ebse p\u00ebr lexim t\u00eb menj\u00ebhersh\u00ebm t\u00eb lart\u00ebsis\u00eb. Me opsione t\u00eb shumta p\u00ebrshtat\u00ebsish p\u00ebr montim n\u00eb prizm\u00eb dhe nj\u00eb mbules\u00eb opsionale gome kund\u00ebr rr\u00ebshqitjes p\u00ebr nj\u00eb kapje m\u00eb t\u00eb sigurt, kjo shuf\u00ebr \u00ebsht\u00eb projektuar p\u00ebr shkatht\u00ebsi dhe rehati p\u00ebr p\u00ebrdoruesin. Kur zgjidhni Mount Laser DZ260, nuk po merrni vet\u00ebm nj\u00eb mjet; po investoni n\u00eb mjetin p\u00ebrfundimtar. <a href=\"https:\/\/mountlaser.com\/sq\/products\/\"><strong>Shtyll\u00eb Prizmike Alumini me Mbyllje me Kompresim<\/strong><\/a> zgjidhje e nd\u00ebrtuar p\u00ebr sakt\u00ebsi dhe jet\u00ebgjat\u00ebsi.<\/p>\n<p>&nbsp;<\/p>\n<p><img fetchpriority=\"high\" decoding=\"async\" class=\"aligncenter wp-image-3910\" src=\"https:\/\/mountlaser.com\/wp-content\/uploads\/2025\/11\/DZ260GP3.webp\" alt=\"Aluminum Compression-Lock Prism Pole\" width=\"500\" height=\"500\" srcset=\"https:\/\/mountlaser.com\/wp-content\/uploads\/2025\/11\/DZ260GP3.webp 1000w, https:\/\/mountlaser.com\/wp-content\/uploads\/2025\/11\/DZ260GP3-300x300.webp 300w, https:\/\/mountlaser.com\/wp-content\/uploads\/2025\/11\/DZ260GP3-400x400.webp 400w, https:\/\/mountlaser.com\/wp-content\/uploads\/2025\/11\/DZ260GP3-800x800.webp 800w, https:\/\/mountlaser.com\/wp-content\/uploads\/2025\/11\/DZ260GP3-600x600.webp 600w, https:\/\/mountlaser.com\/wp-content\/uploads\/2025\/11\/DZ260GP3-150x150.webp 150w, https:\/\/mountlaser.com\/wp-content\/uploads\/2025\/11\/DZ260GP3-768x768.webp 768w, https:\/\/mountlaser.com\/wp-content\/uploads\/2025\/11\/DZ260GP3-12x12.webp 12w\" sizes=\"(max-width: 500px) 100vw, 500px\" \/><\/p>\n<p><a href=\"https:\/\/mountlaser.com\/sq\/contact-us\/\">Shtyll\u00eb Prizmike Alumini DZ260<\/a> Opsionet e Ky\u00e7jes: Jan\u00eb t\u00eb disponueshme kat\u00ebr opsione: Ky\u00e7 me Rrotullim, Ky\u00e7 me L\u00ebshim t\u00eb Shpejt\u00eb, Ky\u00e7 me Stil GPS dhe Ky\u00e7 me Kompresion.<\/p>\n<p><strong>Specifikimet e Shtyll\u00ebs s\u00eb Prizm\u00ebs s\u00eb Alumini DZ260<\/strong><\/p>\n<table style=\"border-collapse: collapse; width: 741.77pt;\" border=\"0\" width=\"989\" cellspacing=\"0\" cellpadding=\"0\">\n<tbody>\n<tr style=\"height: 14.25pt;\">\n<td class=\"et2\" style=\"height: 14.25pt; width: 142.50pt;\" width=\"190\" height=\"19\">NUM\u00cbR<\/td>\n<td class=\"et2\" style=\"width: 127.50pt;\" width=\"170\">GJAT\u00cbSI<\/td>\n<td class=\"et2\" style=\"width: 126.00pt;\" width=\"168\">MATERIALI<\/td>\n<td class=\"et2\" style=\"width: 135.00pt;\" width=\"180\">DIPLOMA<\/td>\n<td class=\"et2\" style=\"width: 124.50pt;\" width=\"166\">OPSIONI I KY\u00c7JES<\/td>\n<td class=\"et2\" style=\"width: 86.25pt;\" width=\"115\">DIAMETRI<\/td>\n<\/tr>\n<tr style=\"height: 14.25pt;\">\n<td class=\"et3\" style=\"height: 14.25pt;\" height=\"19\">DZ260<\/td>\n<td class=\"et4\">260 cm<\/td>\n<td class=\"et3\">Alumini<\/td>\n<td class=\"et3\">Met\u00ebr<\/td>\n<td class=\"et3\">TL\/ QL\/ GP\/ CL<\/td>\n<td class=\"et3\">25\/30 mm<\/td>\n<\/tr>\n<\/tbody>\n<\/table>","protected":false},"excerpt":{"rendered":"<ul>\n<li>Siguria me bllokim kompresimi: P\u00ebrmban nj\u00eb mekaniz\u00ebm t\u00eb besuesh\u00ebm bllokimi kompresimi prej alumini p\u00ebr nj\u00eb konfigurim t\u00eb shpejt\u00eb, t\u00eb sigurt dhe rezistent ndaj rr\u00ebshqitjes.<\/li>\n<li>Mjete precize t\u00eb integruara: Vjen me nj\u00eb shishk\u00eb rrethore 30\u2032 dhe nj\u00eb shkall\u00eb metri n\u00eb form\u00eb tubi t\u00eb brendsh\u00ebm p\u00ebr vendosjen dhe leximin e sakt\u00eb t\u00eb lart\u00ebsis\u00eb.<\/li>\n<li>P\u00ebrputhshm\u00ebri e gjithanshme: Opsione p\u00ebrshtat\u00ebsish t\u00eb disponueshme p\u00ebr montimin e nj\u00eb game t\u00eb gjer\u00eb prizmash.<\/li>\n<\/ul>","protected":false},"featured_media":3913,"comment_status":"open","ping_status":"closed","template":"","meta":[],"product_brand":[],"product_cat":[89,117],"product_tag":[],"class_list":{"0":"post-3904","1":"product","2":"type-product","3":"status-publish","4":"has-post-thumbnail","6":"product_cat-surveying-pole-rod","7":"product_cat-aluminum-prism-pole","9":"first","10":"instock","11":"shipping-taxable","12":"product-type-simple"},"_links":{"self":[{"href":"https:\/\/mountlaser.com\/sq\/wp-json\/wp\/v2\/product\/3904","targetHints":{"allow":["GET"]}}],"collection":[{"href":"https:\/\/mountlaser.com\/sq\/wp-json\/wp\/v2\/product"}],"about":[{"href":"https:\/\/mountlaser.com\/sq\/wp-json\/wp\/v2\/types\/product"}],"replies":[{"embeddable":true,"href":"https:\/\/mountlaser.com\/sq\/wp-json\/wp\/v2\/comments?post=3904"}],"wp:featuredmedia":[{"embeddable":true,"href":"https:\/\/mountlaser.com\/sq\/wp-json\/wp\/v2\/media\/3913"}],"wp:attachment":[{"href":"https:\/\/mountlaser.com\/sq\/wp-json\/wp\/v2\/media?parent=3904"}],"wp:term":[{"taxonomy":"product_brand","embeddable":true,"href":"https:\/\/mountlaser.com\/sq\/wp-json\/wp\/v2\/product_brand?post=3904"},{"taxonomy":"product_cat","embeddable":true,"href":"https:\/\/mountlaser.com\/sq\/wp-json\/wp\/v2\/product_cat?post=3904"},{"taxonomy":"product_tag","embeddable":true,"href":"https:\/\/mountlaser.com\/sq\/wp-json\/wp\/v2\/product_tag?post=3904"}],"curies":[{"name":"wp","href":"https:\/\/api.w.org\/{rel}","templated":true}]}}