{"id":3897,"date":"2025-11-10T08:59:20","date_gmt":"2025-11-10T08:59:20","guid":{"rendered":"https:\/\/mountlaser.com\/?post_type=product&#038;p=3897"},"modified":"2025-11-27T06:46:46","modified_gmt":"2025-11-27T06:46:46","slug":"dz215-aluminum-prism-pole","status":"publish","type":"product","link":"https:\/\/mountlaser.com\/sq\/produkt\/dz215-aluminum-prism-pole\/","title":{"rendered":"Shtyll\u00eb Prizmike Alumini DZ215"},"content":{"rendered":"<p>Rritni efikasitetin e matjeve tuaja me <a href=\"https:\/\/mountlaser.com\/sq\/\"><strong>Shtyll\u00eb Prizmike Alumini Mount Laser DZ215<\/strong><\/a>, i projektuar p\u00ebr profesionist\u00eb q\u00eb refuzojn\u00eb t\u00eb b\u00ebjn\u00eb kompromis p\u00ebr shpejt\u00ebsin\u00eb, q\u00ebndrueshm\u00ebrin\u00eb dhe precizitetin. I prodhuar nga alumini me rezistenc\u00eb t\u00eb lart\u00eb, ky shuf\u00ebr arrin nj\u00eb ekuilib\u00ebr ideal t\u00eb t\u00eb qenit jasht\u00ebzakonisht i leht\u00eb, por edhe tep\u00ebr i fort\u00eb, duke siguruar q\u00eb mund t&#039;i rezistoj\u00eb v\u00ebshtir\u00ebsive t\u00eb p\u00ebrdorimit t\u00eb p\u00ebrditsh\u00ebm n\u00eb \u00e7do vend pune.<\/p>\n<p>Nj\u00eb ve\u00e7ori kryesore q\u00eb e dallon DZ215 \u00ebsht\u00eb disponueshm\u00ebria e mekanizmit t\u00eb ky\u00e7jes s\u00eb shtyll\u00ebs s\u00eb prizm\u00ebs s\u00eb aluminit me l\u00ebshim t\u00eb shpejt\u00eb. Ky opsion inovativ lejon rregullim t\u00eb shpejt\u00eb t\u00eb lart\u00ebsis\u00eb dhe ky\u00e7je t\u00eb sigurt brenda sekondave, duke zvog\u00ebluar n\u00eb m\u00ebnyr\u00eb drastike koh\u00ebn e instalimit dhe duke rritur produktivitetin tuaj t\u00eb p\u00ebrgjithsh\u00ebm. Pavar\u00ebsisht n\u00ebse punoni n\u00eb plane nd\u00ebrtimi me rit\u00ebm t\u00eb shpejt\u00eb apo studime topografike t\u00eb detajuara, efikasiteti i nj\u00eb... <a href=\"https:\/\/mountlaser.com\/sq\/kategori-produkti\/surveying-pole-rod\/aluminum-prism-pole\/\"><strong>Shtyll\u00eb Prizmike Alumini me \u00c7lirim t\u00eb Shpejt\u00eb<\/strong><\/a> \u00ebsht\u00eb i pakrahasuesh\u00ebm.<\/p>\n<p>DZ215 \u00ebsht\u00eb pajisur me kujdes me nj\u00eb shishe rrethore 30\u2032 p\u00ebr pozicionim t\u00eb leht\u00eb t\u00eb plumbit dhe nj\u00eb tub t\u00eb brendsh\u00ebm me nj\u00eb shkall\u00eb t\u00eb qart\u00eb metri p\u00ebr lexim t\u00eb shpejt\u00eb t\u00eb lart\u00ebsis\u00eb. P\u00ebr shkatht\u00ebsi maksimale dhe nj\u00eb konfigurim t\u00eb p\u00ebrshtatsh\u00ebm p\u00ebr t\u00eb ardhmen, ai ofron opsione t\u00eb shumta p\u00ebrshtat\u00ebsi p\u00ebr montimin e prizmit. P\u00ebrfshirja e nj\u00eb mbulese gome kund\u00ebr rr\u00ebshqitjes siguron nj\u00eb kapje t\u00eb fort\u00eb dhe t\u00eb rehatshme n\u00eb t\u00eb gjitha kushtet. Kur zgjidhni DZ215 me ky\u00e7in e shufr\u00ebs s\u00eb prizm\u00ebs prej alumini me l\u00ebshim t\u00eb shpejt\u00eb, nuk po blini vet\u00ebm nj\u00eb mjet; po investoni n\u00eb nj\u00eb rrjedh\u00eb pune t\u00eb efektshme.<\/p>\n<p><a href=\"https:\/\/mountlaser.com\/sq\/contact-us\/\">Shtyll\u00eb Prizmike Alumini DZ215<\/a> Opsioni i ky\u00e7jes: I disponuesh\u00ebm n\u00eb tre lloje:<br \/>\nKy\u00e7 me rrotullim<br \/>\nKy\u00e7ja e Shpejt\u00eb<br \/>\nKy\u00e7ja n\u00eb stilin GPS<\/p>\n<p><img fetchpriority=\"high\" decoding=\"async\" class=\"aligncenter wp-image-3899\" src=\"https:\/\/mountlaser.com\/wp-content\/uploads\/2025\/11\/DZ215GP-5.webp\" alt=\"Quick Release Aluminum Prism Pole\" width=\"500\" height=\"500\" srcset=\"https:\/\/mountlaser.com\/wp-content\/uploads\/2025\/11\/DZ215GP-5.webp 1000w, https:\/\/mountlaser.com\/wp-content\/uploads\/2025\/11\/DZ215GP-5-300x300.webp 300w, https:\/\/mountlaser.com\/wp-content\/uploads\/2025\/11\/DZ215GP-5-400x400.webp 400w, https:\/\/mountlaser.com\/wp-content\/uploads\/2025\/11\/DZ215GP-5-800x800.webp 800w, https:\/\/mountlaser.com\/wp-content\/uploads\/2025\/11\/DZ215GP-5-600x600.webp 600w, https:\/\/mountlaser.com\/wp-content\/uploads\/2025\/11\/DZ215GP-5-150x150.webp 150w, https:\/\/mountlaser.com\/wp-content\/uploads\/2025\/11\/DZ215GP-5-768x768.webp 768w, https:\/\/mountlaser.com\/wp-content\/uploads\/2025\/11\/DZ215GP-5-12x12.webp 12w\" sizes=\"(max-width: 500px) 100vw, 500px\" \/><\/p>\n<p><strong>Specifikimet e Shtyll\u00ebs s\u00eb Prizm\u00ebs s\u00eb Alumini DZ215:<\/strong><\/p>\n<table style=\"border-collapse: collapse; width: 741.77pt;\" border=\"0\" width=\"989\" cellspacing=\"0\" cellpadding=\"0\">\n<tbody>\n<tr style=\"height: 14.25pt;\">\n<td class=\"et2\" style=\"height: 14.25pt; width: 142.50pt;\" width=\"190\" height=\"19\">NUM\u00cbR<\/td>\n<td class=\"et2\" style=\"width: 127.50pt;\" width=\"170\">GJAT\u00cbSI<\/td>\n<td class=\"et2\" style=\"width: 126.00pt;\" width=\"168\">MATERIALI<\/td>\n<td class=\"et2\" style=\"width: 135.00pt;\" width=\"180\">DIPLOMA<\/td>\n<td class=\"et2\" style=\"width: 124.50pt;\" width=\"166\">OPSIONI I KY\u00c7JES<\/td>\n<td class=\"et2\" style=\"width: 86.25pt;\" width=\"115\">DIAMETRI<\/td>\n<\/tr>\n<tr style=\"height: 14.25pt;\">\n<td class=\"et3\" style=\"height: 14.25pt;\" height=\"19\">DZ215<\/td>\n<td class=\"et4\">215 cm<\/td>\n<td class=\"et3\">Alumini<\/td>\n<td class=\"et3\">Met\u00ebr<\/td>\n<td class=\"et3\">TL\/ QL\/ GP<\/td>\n<td class=\"et3\">25\/30 mm<\/td>\n<\/tr>\n<\/tbody>\n<\/table>","protected":false},"excerpt":{"rendered":"<ul>\n<li>I b\u00ebr\u00eb nga alumini me rezistenc\u00eb t\u00eb lart\u00eb p\u00ebr p\u00ebrdorim gjat\u00eb gjith\u00eb dit\u00ebs pa lodhje.<\/li>\n<li>Precizion i integruar: P\u00ebrmban nj\u00eb shishk\u00eb rrethore 30\u2032 dhe nj\u00eb shkall\u00eb metri t\u00eb brendshme t\u00eb leht\u00eb p\u00ebr t\u2019u lexuar p\u00ebr konfigurim t\u00eb sakt\u00eb.<\/li>\n<li>I pajtuesh\u00ebm me adaptor\u00eb t\u00eb ndrysh\u00ebm prizmash p\u00ebr t&#039;iu p\u00ebrshtatur pajisjeve tuaja specifike.<\/li>\n<\/ul>","protected":false},"featured_media":3898,"comment_status":"open","ping_status":"closed","template":"","meta":[],"product_brand":[],"product_cat":[89,117],"product_tag":[],"class_list":{"0":"post-3897","1":"product","2":"type-product","3":"status-publish","4":"has-post-thumbnail","6":"product_cat-surveying-pole-rod","7":"product_cat-aluminum-prism-pole","9":"first","10":"instock","11":"shipping-taxable","12":"product-type-simple"},"_links":{"self":[{"href":"https:\/\/mountlaser.com\/sq\/wp-json\/wp\/v2\/product\/3897","targetHints":{"allow":["GET"]}}],"collection":[{"href":"https:\/\/mountlaser.com\/sq\/wp-json\/wp\/v2\/product"}],"about":[{"href":"https:\/\/mountlaser.com\/sq\/wp-json\/wp\/v2\/types\/product"}],"replies":[{"embeddable":true,"href":"https:\/\/mountlaser.com\/sq\/wp-json\/wp\/v2\/comments?post=3897"}],"wp:featuredmedia":[{"embeddable":true,"href":"https:\/\/mountlaser.com\/sq\/wp-json\/wp\/v2\/media\/3898"}],"wp:attachment":[{"href":"https:\/\/mountlaser.com\/sq\/wp-json\/wp\/v2\/media?parent=3897"}],"wp:term":[{"taxonomy":"product_brand","embeddable":true,"href":"https:\/\/mountlaser.com\/sq\/wp-json\/wp\/v2\/product_brand?post=3897"},{"taxonomy":"product_cat","embeddable":true,"href":"https:\/\/mountlaser.com\/sq\/wp-json\/wp\/v2\/product_cat?post=3897"},{"taxonomy":"product_tag","embeddable":true,"href":"https:\/\/mountlaser.com\/sq\/wp-json\/wp\/v2\/product_tag?post=3897"}],"curies":[{"name":"wp","href":"https:\/\/api.w.org\/{rel}","templated":true}]}}