{"id":3894,"date":"2025-11-10T09:08:51","date_gmt":"2025-11-10T09:08:51","guid":{"rendered":"https:\/\/mountlaser.com\/?post_type=product&#038;p=3894"},"modified":"2025-11-27T06:25:09","modified_gmt":"2025-11-27T06:25:09","slug":"tmm01-magnetic-mount","status":"publish","type":"product","link":"https:\/\/mountlaser.com\/sq\/produkt\/tmm01-magnetic-mount\/","title":{"rendered":"Montim magnetik TMM01"},"content":{"rendered":"<p>I\/E\/T\u00eb\/T\u00eb <a href=\"https:\/\/mountlaser.com\/sq\/\"><strong>Montim me tre mag<\/strong><\/a> \u00ebsht\u00eb nj\u00eb aksesor GNSS me performanc\u00eb t\u00eb lart\u00eb i projektuar p\u00ebr t\u00eb ofruar stabilitet dhe precizion superior p\u00ebr detyrat e matjes n\u00eb lart\u00ebsi t\u00eb ul\u00ebt. I prodhuar nga materiale t\u00eb q\u00ebndrueshme alumini dhe \u00e7eliku, ky Magnet Montues siguron nj\u00eb baz\u00eb t\u00eb fort\u00eb dhe t\u00eb sigurt p\u00ebr prizmat, duke e b\u00ebr\u00eb at\u00eb ideal p\u00ebr aplikime n\u00eb terren si n\u00eb ambiente t\u00eb brendshme ashtu edhe n\u00eb ato t\u00eb jashtme.<\/p>\n<p>Me nj\u00eb baz\u00eb magnetike t\u00eb trefisht\u00eb me diamet\u00ebr 100 mm, Montimi i Mag-ut t\u00eb Trefisht\u00eb ofron forc\u00eb t\u00eb jasht\u00ebzakonshme mbajt\u00ebse n\u00eb \u00e7do sip\u00ebrfaqe ferromagnetike, duke siguruar q\u00eb prizma ose konfigurimi juaj GNSS t\u00eb mbetet i q\u00ebndruesh\u00ebm edhe n\u00eb mjedise sfiduese. Dy vidat e saj t\u00eb rregullueshme t\u00eb k\u00ebmb\u00ebs lejojn\u00eb nivelim t\u00eb shpejt\u00eb dhe t\u00eb sakt\u00eb, duke e b\u00ebr\u00eb at\u00eb nj\u00eb zgjidhje t\u00eb besueshme p\u00ebr profesionist\u00ebt q\u00eb k\u00ebrkojn\u00eb sakt\u00ebsi dhe efikasitet n\u00eb \u00e7do matje.<\/p>\n<p><img fetchpriority=\"high\" decoding=\"async\" class=\"aligncenter wp-image-3886\" src=\"https:\/\/mountlaser.com\/wp-content\/uploads\/2025\/11\/TMM013.webp\" alt=\"TMM01 Triple Mag Mount\" width=\"500\" height=\"500\" srcset=\"https:\/\/mountlaser.com\/wp-content\/uploads\/2025\/11\/TMM013.webp 1000w, https:\/\/mountlaser.com\/wp-content\/uploads\/2025\/11\/TMM013-300x300.webp 300w, https:\/\/mountlaser.com\/wp-content\/uploads\/2025\/11\/TMM013-400x400.webp 400w, https:\/\/mountlaser.com\/wp-content\/uploads\/2025\/11\/TMM013-800x800.webp 800w, https:\/\/mountlaser.com\/wp-content\/uploads\/2025\/11\/TMM013-600x600.webp 600w, https:\/\/mountlaser.com\/wp-content\/uploads\/2025\/11\/TMM013-150x150.webp 150w, https:\/\/mountlaser.com\/wp-content\/uploads\/2025\/11\/TMM013-768x768.webp 768w, https:\/\/mountlaser.com\/wp-content\/uploads\/2025\/11\/TMM013-12x12.webp 12w\" sizes=\"(max-width: 500px) 100vw, 500px\" \/><\/p>\n<p>I\/E\/T\u00eb\/T\u00eb <a href=\"https:\/\/mountlaser.com\/sq\/products\/\"><strong>Montim me magnet<\/strong><\/a> \u00cbsht\u00eb e leht\u00eb p\u00ebr t&#039;u montuar, hequr dhe ripozicionuar, duke ofruar fleksibilitet pa kompromentuar stabilitetin. Pavar\u00ebsisht n\u00ebse p\u00ebrdoret p\u00ebr planimetrin\u00eb e nd\u00ebrtimit, monitorimin e deformimit ose studimet inxhinierike, kjo montim me tre mag garanton besueshm\u00ebri, p\u00ebrs\u00ebritshm\u00ebri dhe performanc\u00eb t\u00eb fuqishme.<\/p>","protected":false},"excerpt":{"rendered":"<ul>\n<li>Nd\u00ebrtim i q\u00ebndruesh\u00ebm prej alumini dhe \u00e7eliku<\/li>\n<li>I pajisur me magnet t\u00eb trefisht\u00eb p\u00ebr forc\u00eb mbajt\u00ebse superiore<\/li>\n<li>Dy vida k\u00ebmb\u00ebsh t\u00eb rregullueshme p\u00ebr nivelim t\u00eb sakt\u00eb<\/li>\n<li>I pajtuesh\u00ebm me konfigurimet e prizmit dhe GNSS<\/li>\n<li>Ideale p\u00ebr matje n\u00eb lart\u00ebsi t\u00eb ul\u00ebt ose n\u00eb distanc\u00eb t\u00eb af\u00ebrt<\/li>\n<\/ul>","protected":false},"featured_media":3886,"comment_status":"open","ping_status":"closed","template":"","meta":[],"product_brand":[],"product_cat":[84,120],"product_tag":[],"class_list":{"0":"post-3894","1":"product","2":"type-product","3":"status-publish","4":"has-post-thumbnail","6":"product_cat-gnss-accessory","7":"product_cat-magnetic-mount","9":"first","10":"instock","11":"shipping-taxable","12":"product-type-simple"},"_links":{"self":[{"href":"https:\/\/mountlaser.com\/sq\/wp-json\/wp\/v2\/product\/3894","targetHints":{"allow":["GET"]}}],"collection":[{"href":"https:\/\/mountlaser.com\/sq\/wp-json\/wp\/v2\/product"}],"about":[{"href":"https:\/\/mountlaser.com\/sq\/wp-json\/wp\/v2\/types\/product"}],"replies":[{"embeddable":true,"href":"https:\/\/mountlaser.com\/sq\/wp-json\/wp\/v2\/comments?post=3894"}],"wp:featuredmedia":[{"embeddable":true,"href":"https:\/\/mountlaser.com\/sq\/wp-json\/wp\/v2\/media\/3886"}],"wp:attachment":[{"href":"https:\/\/mountlaser.com\/sq\/wp-json\/wp\/v2\/media?parent=3894"}],"wp:term":[{"taxonomy":"product_brand","embeddable":true,"href":"https:\/\/mountlaser.com\/sq\/wp-json\/wp\/v2\/product_brand?post=3894"},{"taxonomy":"product_cat","embeddable":true,"href":"https:\/\/mountlaser.com\/sq\/wp-json\/wp\/v2\/product_cat?post=3894"},{"taxonomy":"product_tag","embeddable":true,"href":"https:\/\/mountlaser.com\/sq\/wp-json\/wp\/v2\/product_tag?post=3894"}],"curies":[{"name":"wp","href":"https:\/\/api.w.org\/{rel}","templated":true}]}}