{"id":3852,"date":"2025-11-10T07:55:06","date_gmt":"2025-11-10T07:55:06","guid":{"rendered":"https:\/\/mountlaser.com\/?post_type=product&#038;p=3852"},"modified":"2025-11-27T06:43:52","modified_gmt":"2025-11-27T06:43:52","slug":"plastic-scanner-sphere","status":"publish","type":"product","link":"https:\/\/mountlaser.com\/sq\/produkt\/plastic-scanner-sphere\/","title":{"rendered":"Sfera e Skanerit Plastik"},"content":{"rendered":"<p>I\/E\/T\u00eb\/T\u00eb <a href=\"https:\/\/mountlaser.com\/sq\/\"><strong>Sfera Referuese e Skanerit Lazer<\/strong> <\/a>\u00ebsht\u00eb nj\u00eb objektiv i leht\u00eb dhe me sakt\u00ebsi t\u00eb lart\u00eb, i projektuar p\u00ebr aplikime t\u00eb sakta skanimi dhe shtrirjeje 3D. I nd\u00ebrtuar p\u00ebr rrjedha pune profesionale t\u00eb matjeve, inxhinieris\u00eb dhe nd\u00ebrtimit, k\u00ebto <a href=\"https:\/\/mountlaser.com\/sq\/products\/\"><strong>sferat plastike t\u00eb skanerit<\/strong><\/a> sigurojn\u00eb pika referimi t\u00eb besueshme n\u00eb mjediset e skanimit me lazer ku sakt\u00ebsia dhe stabiliteti jan\u00eb kritike.<\/p>\n<p>Seria Laser Scanner Reference Sphere p\u00ebrfshin dy modele \u2014 N66203 dhe N66901 \u2014 t\u00eb dyja t\u00eb projektuara me precizion p\u00ebr performanc\u00eb t\u00eb jasht\u00ebzakonshme dhe komoditet p\u00ebr p\u00ebrdoruesit. Modeli N66203, i b\u00ebr\u00eb nga plastik\u00eb e q\u00ebndrueshme, ofron nj\u00eb devijim t\u00eb lejuesh\u00ebm prej m\u00eb pak se 1.5 mm dhe p\u00ebrmban montime t\u00eb dyfishta me fileto M8, duke ofruar mund\u00ebsi fleksibile instalimi n\u00eb konfigurime t\u00eb ndryshme skanimi. Modeli N66901 vjen me nj\u00eb baz\u00eb magnetike kompakte \u00d820 mm (0.8 in), duke lejuar ngjitje t\u00eb shpejt\u00eb dhe t\u00eb q\u00ebndrueshme n\u00eb sip\u00ebrfaqet metalike p\u00ebr operacione efikase n\u00eb terren.<\/p>\n<p><img fetchpriority=\"high\" decoding=\"async\" class=\"aligncenter wp-image-3875\" src=\"https:\/\/mountlaser.com\/wp-content\/uploads\/2025\/11\/Scanner-Spheres5.webp\" alt=\"Laser Scanner Reference Sphere\" width=\"500\" height=\"500\" srcset=\"https:\/\/mountlaser.com\/wp-content\/uploads\/2025\/11\/Scanner-Spheres5.webp 1000w, https:\/\/mountlaser.com\/wp-content\/uploads\/2025\/11\/Scanner-Spheres5-300x300.webp 300w, https:\/\/mountlaser.com\/wp-content\/uploads\/2025\/11\/Scanner-Spheres5-400x400.webp 400w, https:\/\/mountlaser.com\/wp-content\/uploads\/2025\/11\/Scanner-Spheres5-800x800.webp 800w, https:\/\/mountlaser.com\/wp-content\/uploads\/2025\/11\/Scanner-Spheres5-600x600.webp 600w, https:\/\/mountlaser.com\/wp-content\/uploads\/2025\/11\/Scanner-Spheres5-150x150.webp 150w, https:\/\/mountlaser.com\/wp-content\/uploads\/2025\/11\/Scanner-Spheres5-768x768.webp 768w, https:\/\/mountlaser.com\/wp-content\/uploads\/2025\/11\/Scanner-Spheres5-12x12.webp 12w\" sizes=\"(max-width: 500px) 100vw, 500px\" \/><\/p>\n<p>K\u00ebto <a href=\"https:\/\/mountlaser.com\/sq\/contact-us\/\">Sferat Referuese t\u00eb Skanerit Lazer<\/a> jan\u00eb ideale p\u00ebr detyra referimi, regjistrimi dhe rreshtimi n\u00eb projektet e skanimit me lazer. Nd\u00ebrtimi i tyre i leht\u00eb dhe tolerancat e sakta i b\u00ebjn\u00eb ato nj\u00eb zgjedhje t\u00eb shk\u00eblqyer p\u00ebr hartografin\u00eb mobile, modelimin e informacionit t\u00eb nd\u00ebrtesave (BIM) dhe aplikimet e inspektimit industrial.<\/p>","protected":false},"excerpt":{"rendered":"<ul>\n<li>Sakt\u00ebsi e lart\u00eb: Matje t\u00eb sakta referuese<\/li>\n<li>I leht\u00eb dhe i q\u00ebndruesh\u00ebm: I nd\u00ebrtuar nga plastik\u00eb me cil\u00ebsi t\u00eb lart\u00eb p\u00ebr trajtim dhe transport t\u00eb leht\u00eb<\/li>\n<li>Instalim fleksib\u00ebl: Montime t\u00eb dyfishta me fileto M8 (N66203) ose baz\u00eb magnetike (N66901) p\u00ebr opsione t\u00eb shum\u00ebfishta montimi<\/li>\n<li>Pik\u00eb referimi e q\u00ebndrueshme: Perfekte p\u00ebr p\u00ebrdorim me skaner\u00eb lazer\u00eb tok\u00ebsor\u00eb dhe sisteme imazherie 3D<\/li>\n<\/ul>","protected":false},"featured_media":3873,"comment_status":"open","ping_status":"closed","template":"","meta":[],"product_brand":[],"product_cat":[80,119],"product_tag":[],"class_list":{"0":"post-3852","1":"product","2":"type-product","3":"status-publish","4":"has-post-thumbnail","6":"product_cat-scanner-sphere-target-laser-scanning","7":"product_cat-scanner-sphere-with-integrated-prism","9":"first","10":"instock","11":"shipping-taxable","12":"product-type-simple"},"_links":{"self":[{"href":"https:\/\/mountlaser.com\/sq\/wp-json\/wp\/v2\/product\/3852","targetHints":{"allow":["GET"]}}],"collection":[{"href":"https:\/\/mountlaser.com\/sq\/wp-json\/wp\/v2\/product"}],"about":[{"href":"https:\/\/mountlaser.com\/sq\/wp-json\/wp\/v2\/types\/product"}],"replies":[{"embeddable":true,"href":"https:\/\/mountlaser.com\/sq\/wp-json\/wp\/v2\/comments?post=3852"}],"wp:featuredmedia":[{"embeddable":true,"href":"https:\/\/mountlaser.com\/sq\/wp-json\/wp\/v2\/media\/3873"}],"wp:attachment":[{"href":"https:\/\/mountlaser.com\/sq\/wp-json\/wp\/v2\/media?parent=3852"}],"wp:term":[{"taxonomy":"product_brand","embeddable":true,"href":"https:\/\/mountlaser.com\/sq\/wp-json\/wp\/v2\/product_brand?post=3852"},{"taxonomy":"product_cat","embeddable":true,"href":"https:\/\/mountlaser.com\/sq\/wp-json\/wp\/v2\/product_cat?post=3852"},{"taxonomy":"product_tag","embeddable":true,"href":"https:\/\/mountlaser.com\/sq\/wp-json\/wp\/v2\/product_tag?post=3852"}],"curies":[{"name":"wp","href":"https:\/\/api.w.org\/{rel}","templated":true}]}}