{"id":3851,"date":"2025-11-10T07:21:43","date_gmt":"2025-11-10T07:21:43","guid":{"rendered":"https:\/\/mountlaser.com\/?post_type=product&#038;p=3851"},"modified":"2025-11-27T06:53:31","modified_gmt":"2025-11-27T06:53:31","slug":"bp004-scanner-sphere","status":"publish","type":"product","link":"https:\/\/mountlaser.com\/sq\/produkt\/bp004-scanner-sphere\/","title":{"rendered":"Sfera e Skanerit BP004"},"content":{"rendered":"<p>I\/E\/T\u00eb\/T\u00eb <a href=\"https:\/\/mountlaser.com\/sq\/\"><strong>Sfera e skanimit me priz\u00ebm<\/strong><\/a> \u00ebsht\u00eb nj\u00eb objektiv i nivelit profesional p\u00ebr matje dhe skanim 3D, i projektuar p\u00ebr sakt\u00ebsi dhe shkatht\u00ebsi t\u00eb pakrahasueshme. I projektuar p\u00ebr p\u00ebrdorim me funksion t\u00eb dyfisht\u00eb,<a href=\"https:\/\/mountlaser.com\/sq\/about-us\/\"><strong> Sfer\u00eb skanimi me priz\u00ebm t\u00eb integruar<\/strong><\/a> Lejon funksionim t\u00eb p\u00ebrsosur si me skaner\u00ebt lazer ashtu edhe me stacionet totale, duke siguruar shtrirje dhe sakt\u00ebsi t\u00eb p\u00ebrsosur n\u00eb \u00e7do detyr\u00eb matjeje.<\/p>\n<p>Kjo sfer\u00eb skanimi 100 mm (3.94 in) me priz\u00ebm p\u00ebrmban nj\u00eb priz\u00ebm reflektues 64.5 mm t\u00eb p\u00ebrqendruar sakt\u00ebsisht, duke garantuar q\u00eb qendra gjeometrike e sfer\u00ebs t\u00eb jet\u00eb n\u00eb p\u00ebrputhje t\u00eb sakt\u00eb me qendr\u00ebn optike t\u00eb prizmit. Ky dizajn i integruar siguron referenc\u00eb t\u00eb besueshme nga \u00e7do drejtim skanimi, duke dh\u00ebn\u00eb rezultate t\u00eb q\u00ebndrueshme n\u00eb aplikimet e matjeve dhe inxhinieris\u00eb me sakt\u00ebsi t\u00eb lart\u00eb.<\/p>\n<p><img fetchpriority=\"high\" decoding=\"async\" class=\"aligncenter wp-image-3844 size-medium\" src=\"https:\/\/mountlaser.com\/wp-content\/uploads\/2025\/11\/3-10BP0043-300x300.webp\" alt=\"BP004 scanning sphere with prism\" width=\"300\" height=\"300\" srcset=\"https:\/\/mountlaser.com\/wp-content\/uploads\/2025\/11\/3-10BP0043-300x300.webp 300w, https:\/\/mountlaser.com\/wp-content\/uploads\/2025\/11\/3-10BP0043-400x400.webp 400w, https:\/\/mountlaser.com\/wp-content\/uploads\/2025\/11\/3-10BP0043-800x800.webp 800w, https:\/\/mountlaser.com\/wp-content\/uploads\/2025\/11\/3-10BP0043-600x600.webp 600w, https:\/\/mountlaser.com\/wp-content\/uploads\/2025\/11\/3-10BP0043-150x150.webp 150w, https:\/\/mountlaser.com\/wp-content\/uploads\/2025\/11\/3-10BP0043-768x768.webp 768w, https:\/\/mountlaser.com\/wp-content\/uploads\/2025\/11\/3-10BP0043-12x12.webp 12w, https:\/\/mountlaser.com\/wp-content\/uploads\/2025\/11\/3-10BP0043.webp 1000w\" sizes=\"(max-width: 300px) 100vw, 300px\" \/><\/p>\n<p>E nd\u00ebrtuar nga plastik\u00eb e q\u00ebndrueshme me nj\u00eb sip\u00ebrfaqe perfekte sferike, sfera e skanimit me priz\u00ebm siguron mbledhje t\u00eb sakt\u00eb t\u00eb t\u00eb dh\u00ebnave 3D nga \u00e7do k\u00ebnd shikimi. E disponueshme n\u00eb dy versione \u2014 <a href=\"https:\/\/mountlaser.com\/sq\/contact-us\/\">BP004A<\/a> (me ky\u00e7 p\u00ebr adaptorin me lirim t\u00eb shpejt\u00eb n\u00eb stilin zviceran) dhe BP004B (me ky\u00e7 me lirim t\u00eb shpejt\u00eb) \u2014 p\u00ebrshtatet pa probleme n\u00eb konfigurimet profesionale t\u00eb skanimit.<\/p>","protected":false},"excerpt":{"rendered":"<ul>\n<li>Dizajn me dy funksione: Kombinon nj\u00eb sfer\u00eb reflektuese dhe nj\u00eb priz\u00ebm t\u00eb qendruar 64.5 mm p\u00ebr kompatibilitet me skanerin lazer dhe stacionin total.<\/li>\n<li>Rreshtim preciz: Prizmi \u00ebsht\u00eb i rreshtuar n\u00eb m\u00ebnyr\u00eb t\u00eb p\u00ebrkryer me qendr\u00ebn gjeometrike t\u00eb sfer\u00ebs p\u00ebr sakt\u00ebsi superiore.<\/li>\n<li>Sakt\u00ebsi e lart\u00eb nga \u00e7do k\u00ebnd: Mund\u00ebson skanimin dhe matjen 3D me gabime minimale n\u00eb konfigurim<\/li>\n<li>Nd\u00ebrtim i q\u00ebndruesh\u00ebm: I b\u00ebr\u00eb nga plastik\u00eb e cil\u00ebsis\u00eb s\u00eb lart\u00eb p\u00ebr forc\u00eb dhe stabilitet<\/li>\n<li>Opsione fleksibile montimi: I pajtuesh\u00ebm me sistemet e lirimit t\u00eb shpejt\u00eb n\u00eb stilin zviceran (modelet BP004A \/ BP004B)<\/li>\n<\/ul>","protected":false},"featured_media":3844,"comment_status":"open","ping_status":"closed","template":"","meta":[],"product_brand":[],"product_cat":[80,119],"product_tag":[],"class_list":{"0":"post-3851","1":"product","2":"type-product","3":"status-publish","4":"has-post-thumbnail","6":"product_cat-scanner-sphere-target-laser-scanning","7":"product_cat-scanner-sphere-with-integrated-prism","9":"first","10":"instock","11":"shipping-taxable","12":"product-type-simple"},"_links":{"self":[{"href":"https:\/\/mountlaser.com\/sq\/wp-json\/wp\/v2\/product\/3851","targetHints":{"allow":["GET"]}}],"collection":[{"href":"https:\/\/mountlaser.com\/sq\/wp-json\/wp\/v2\/product"}],"about":[{"href":"https:\/\/mountlaser.com\/sq\/wp-json\/wp\/v2\/types\/product"}],"replies":[{"embeddable":true,"href":"https:\/\/mountlaser.com\/sq\/wp-json\/wp\/v2\/comments?post=3851"}],"wp:featuredmedia":[{"embeddable":true,"href":"https:\/\/mountlaser.com\/sq\/wp-json\/wp\/v2\/media\/3844"}],"wp:attachment":[{"href":"https:\/\/mountlaser.com\/sq\/wp-json\/wp\/v2\/media?parent=3851"}],"wp:term":[{"taxonomy":"product_brand","embeddable":true,"href":"https:\/\/mountlaser.com\/sq\/wp-json\/wp\/v2\/product_brand?post=3851"},{"taxonomy":"product_cat","embeddable":true,"href":"https:\/\/mountlaser.com\/sq\/wp-json\/wp\/v2\/product_cat?post=3851"},{"taxonomy":"product_tag","embeddable":true,"href":"https:\/\/mountlaser.com\/sq\/wp-json\/wp\/v2\/product_tag?post=3851"}],"curies":[{"name":"wp","href":"https:\/\/api.w.org\/{rel}","templated":true}]}}