{"id":3833,"date":"2025-11-10T06:23:53","date_gmt":"2025-11-10T06:23:53","guid":{"rendered":"https:\/\/mountlaser.com\/?post_type=product&#038;p=3833"},"modified":"2025-11-27T07:07:58","modified_gmt":"2025-11-27T07:07:58","slug":"st005-laser-scanner-target","status":"publish","type":"product","link":"https:\/\/mountlaser.com\/sq\/produkt\/st005-laser-scanner-target\/","title":{"rendered":"ST005 Skaner Lazeri Target"},"content":{"rendered":"<p>I\/E\/T\u00eb\/T\u00eb <a href=\"https:\/\/mountlaser.com\/sq\/\"><strong>Sh\u00ebnjest\u00ebr katrore me lazer<\/strong><\/a> ST005 \u00ebsht\u00eb nj\u00eb projektuar me precizion <a href=\"https:\/\/mountlaser.com\/sq\/products\/\"><strong>objektiv lazeri bardh e zi<\/strong><\/a> I projektuar p\u00ebr detyra profesionale skanimi me lazer, matjeje dhe shtrirjeje. I nd\u00ebrtuar nga alumini me cil\u00ebsi t\u00eb lart\u00eb, ky objektiv siguron q\u00ebndrueshm\u00ebri afatgjat\u00eb dhe stabilitet dimensional, madje edhe n\u00eb kushte sfiduese mjedisore.<\/p>\n<p>Me sip\u00ebrfaqen e saj 200 \u00d7 200 mm, Targeti Lazer Square ofron nj\u00eb model t\u00eb madh, me kontrast t\u00eb lart\u00eb, bardh\u00eb e zi, t\u00eb targetit lazer q\u00eb rrit dukshm\u00ebrin\u00eb dhe sakt\u00ebsin\u00eb n\u00eb matje dhe pozicionim. P\u00ebrfundimi i veshur me pluhur dhe i shtypur me serigrafi ofron rezistenc\u00eb t\u00eb jasht\u00ebzakonshme ndaj konsumimit, duke siguruar reflektim t\u00eb q\u00ebndruesh\u00ebm dhe performanc\u00eb t\u00eb besueshme me kalimin e koh\u00ebs.<\/p>\n<p><img fetchpriority=\"high\" decoding=\"async\" class=\"aligncenter wp-image-3834\" src=\"https:\/\/mountlaser.com\/wp-content\/uploads\/2025\/11\/ST0051.webp\" alt=\"ST005 Square laser target\" width=\"500\" height=\"500\" srcset=\"https:\/\/mountlaser.com\/wp-content\/uploads\/2025\/11\/ST0051.webp 1000w, https:\/\/mountlaser.com\/wp-content\/uploads\/2025\/11\/ST0051-300x300.webp 300w, https:\/\/mountlaser.com\/wp-content\/uploads\/2025\/11\/ST0051-400x400.webp 400w, https:\/\/mountlaser.com\/wp-content\/uploads\/2025\/11\/ST0051-800x800.webp 800w, https:\/\/mountlaser.com\/wp-content\/uploads\/2025\/11\/ST0051-600x600.webp 600w, https:\/\/mountlaser.com\/wp-content\/uploads\/2025\/11\/ST0051-150x150.webp 150w, https:\/\/mountlaser.com\/wp-content\/uploads\/2025\/11\/ST0051-768x768.webp 768w, https:\/\/mountlaser.com\/wp-content\/uploads\/2025\/11\/ST0051-12x12.webp 12w\" sizes=\"(max-width: 500px) 100vw, 500px\" \/><\/p>\n<p>Lazeri Katror <a href=\"https:\/\/mountlaser.com\/sq\/contact-us\/\">Objektivi ST005<\/a> \u00cbsht\u00eb i pajisur me nj\u00eb adaptor me \u00e7lirim t\u00eb shpejt\u00eb, duke lejuar instalim t\u00eb shpejt\u00eb dhe t\u00eb sigurt n\u00eb sisteme t\u00eb ndryshme montimi - duke e b\u00ebr\u00eb at\u00eb nj\u00eb mjet t\u00eb p\u00ebrshtatsh\u00ebm dhe efikas p\u00ebr profesionist\u00ebt n\u00eb terren.<\/p>","protected":false},"excerpt":{"rendered":"<ul>\n<li>I b\u00ebr\u00eb nga alumini i q\u00ebndruesh\u00ebm p\u00ebr jet\u00ebgjat\u00ebsi superiore<\/li>\n<li>Dizajn katror i madh 200 \u00d7 200 mm p\u00ebr sakt\u00ebsi t\u00eb shtuar<\/li>\n<li>Veshje me pluhur + shtypje serigrafike p\u00ebr sip\u00ebrfaqe bardh e zi me kontrast t\u00eb lart\u00eb<\/li>\n<li>P\u00ebrshtat\u00ebs me \u00e7lirim t\u00eb shpejt\u00eb p\u00ebr konfigurim t\u00eb shpejt\u00eb dhe t\u00eb q\u00ebndruesh\u00ebm<\/li>\n<li>Optimizuar p\u00ebr skaner\u00ebt lazer dhe instrumentet e matjes<\/li>\n<\/ul>","protected":false},"featured_media":3834,"comment_status":"open","ping_status":"closed","template":"","meta":[],"product_brand":[],"product_cat":[80,118],"product_tag":[],"class_list":{"0":"post-3833","1":"product","2":"type-product","3":"status-publish","4":"has-post-thumbnail","6":"product_cat-scanner-sphere-target-laser-scanning","7":"product_cat-checkerboard-target","9":"first","10":"instock","11":"shipping-taxable","12":"product-type-simple"},"_links":{"self":[{"href":"https:\/\/mountlaser.com\/sq\/wp-json\/wp\/v2\/product\/3833","targetHints":{"allow":["GET"]}}],"collection":[{"href":"https:\/\/mountlaser.com\/sq\/wp-json\/wp\/v2\/product"}],"about":[{"href":"https:\/\/mountlaser.com\/sq\/wp-json\/wp\/v2\/types\/product"}],"replies":[{"embeddable":true,"href":"https:\/\/mountlaser.com\/sq\/wp-json\/wp\/v2\/comments?post=3833"}],"wp:featuredmedia":[{"embeddable":true,"href":"https:\/\/mountlaser.com\/sq\/wp-json\/wp\/v2\/media\/3834"}],"wp:attachment":[{"href":"https:\/\/mountlaser.com\/sq\/wp-json\/wp\/v2\/media?parent=3833"}],"wp:term":[{"taxonomy":"product_brand","embeddable":true,"href":"https:\/\/mountlaser.com\/sq\/wp-json\/wp\/v2\/product_brand?post=3833"},{"taxonomy":"product_cat","embeddable":true,"href":"https:\/\/mountlaser.com\/sq\/wp-json\/wp\/v2\/product_cat?post=3833"},{"taxonomy":"product_tag","embeddable":true,"href":"https:\/\/mountlaser.com\/sq\/wp-json\/wp\/v2\/product_tag?post=3833"}],"curies":[{"name":"wp","href":"https:\/\/api.w.org\/{rel}","templated":true}]}}