{"id":3816,"date":"2025-11-10T05:38:28","date_gmt":"2025-11-10T05:38:28","guid":{"rendered":"https:\/\/mountlaser.com\/?post_type=product&#038;p=3816"},"modified":"2025-11-27T07:03:13","modified_gmt":"2025-11-27T07:03:13","slug":"st002-hds-laser-scanner-target","status":"publish","type":"product","link":"https:\/\/mountlaser.com\/sq\/produkt\/st002-hds-laser-scanner-target\/","title":{"rendered":"Target i Skanerit Lazer ST002\/HDS"},"content":{"rendered":"<p>I\/E\/T\u00eb\/T\u00eb<a href=\"https:\/\/mountlaser.com\/sq\/\"><strong> Sh\u00ebnjest\u00ebr e pjerr\u00ebt<\/strong> <\/a>Sh\u00ebnjestrat ST002 dhe HDS Bardh\u00eb e Zi jan\u00eb mjete t\u00eb projektuara me precizion t\u00eb lart\u00eb, t\u00eb dizajnuara p\u00ebr aplikime profesionale t\u00eb skanimit dhe matjes me lazer 3D. T\u00eb dy modelet sigurojn\u00eb regjistrim dhe shtrirje t\u00eb sakt\u00eb t\u00eb pikave n\u00eb mjedise komplekse skanimi.<\/p>\n<p>Targeti i pjerr\u00ebt ST002 ka nj\u00eb trup alumini 152 mm (6.0 in) t\u00eb pajisur me nj\u00eb flet\u00eb reflektuese 3M, duke ofruar dukshm\u00ebri t\u00eb lart\u00eb dhe reflektim t\u00eb sakt\u00eb p\u00ebr sakt\u00ebsi t\u00eb shtuar t\u00eb skanimit. Filetoja e tij fem\u00ebrore 5\/8\u2033-11 dhe baza magnetike e b\u00ebjn\u00eb t\u00eb leht\u00eb montimin e sigurt n\u00eb sip\u00ebrfaqe metalike ose trek\u00ebmb\u00ebsha, duke lejuar pozicionim fleksib\u00ebl gjat\u00eb pun\u00ebs n\u00eb terren.<\/p>\n<p>HDS <a href=\"https:\/\/mountlaser.com\/sq\/products\/\"><strong>Sh\u00ebnjest\u00ebr e zez\u00eb dhe e bardh\u00eb<\/strong> <\/a>Ndan t\u00eb nj\u00ebjt\u00ebn struktur\u00eb alumini 152 mm, por p\u00ebrmban veshje me pluhur dhe shtypje serigrafike p\u00ebr nj\u00eb model me kontrast t\u00eb lart\u00eb q\u00eb p\u00ebrmir\u00ebson zbulimin dhe stabilitetin e objektivit. T\u00eb dy versionet e Tilting Target jan\u00eb ideale p\u00ebr skanimin e rrjedhave t\u00eb pun\u00ebs q\u00eb k\u00ebrkojn\u00eb pika referimi t\u00eb besueshme, t\u00eb p\u00ebrs\u00ebritshme dhe leht\u00ebsisht t\u00eb dukshme.<\/p>\n<p><strong><a href=\"https:\/\/mountlaser.com\/sq\/contact-us\/\">Target i Skanerit Lazer ST002\/HDS<\/a> Specifikimet<\/strong><\/p>\n<table width=\"587\">\n<tbody>\n<tr>\n<td width=\"72\">Model<\/td>\n<td width=\"254\">Foto<\/td>\n<td width=\"261\">Parametrat<\/td>\n<\/tr>\n<tr>\n<td>ST002<\/td>\n<td><img fetchpriority=\"high\" decoding=\"async\" class=\"alignnone wp-image-3817 size-medium\" src=\"https:\/\/mountlaser.com\/wp-content\/uploads\/2025\/11\/ST0021-300x300.webp\" alt=\"ST002 Tilting Target\" width=\"300\" height=\"300\" srcset=\"https:\/\/mountlaser.com\/wp-content\/uploads\/2025\/11\/ST0021-300x300.webp 300w, https:\/\/mountlaser.com\/wp-content\/uploads\/2025\/11\/ST0021-400x400.webp 400w, https:\/\/mountlaser.com\/wp-content\/uploads\/2025\/11\/ST0021-800x800.webp 800w, https:\/\/mountlaser.com\/wp-content\/uploads\/2025\/11\/ST0021-600x600.webp 600w, https:\/\/mountlaser.com\/wp-content\/uploads\/2025\/11\/ST0021-150x150.webp 150w, https:\/\/mountlaser.com\/wp-content\/uploads\/2025\/11\/ST0021-768x768.webp 768w, https:\/\/mountlaser.com\/wp-content\/uploads\/2025\/11\/ST0021-12x12.webp 12w, https:\/\/mountlaser.com\/wp-content\/uploads\/2025\/11\/ST0021.webp 1000w\" sizes=\"(max-width: 300px) 100vw, 300px\" \/><\/td>\n<td width=\"261\">MATERIALI: Alumini<br \/>\nMADH\u00cbSIA E OBJEKTIT: OD152mm (6.0in)<br \/>\nTRAJTIMI I SIP\u00cbRFAQES: Flet\u00eb reflektuese 3M<br \/>\nP\u00cbRSHTAT\u00cbS: Fileto Fem\u00ebr 5\/8\u2033-11, Baz\u00eb Magnetike<\/td>\n<\/tr>\n<tr>\n<td>HDS<\/td>\n<td><img decoding=\"async\" class=\"alignnone wp-image-3828 size-medium\" src=\"https:\/\/mountlaser.com\/wp-content\/uploads\/2025\/11\/HDS-Sanning-Target\uff084\uff09-300x300.webp\" alt=\"HDS Tilting Target \" width=\"300\" height=\"300\" srcset=\"https:\/\/mountlaser.com\/wp-content\/uploads\/2025\/11\/HDS-Sanning-Target\uff084\uff09-300x300.webp 300w, https:\/\/mountlaser.com\/wp-content\/uploads\/2025\/11\/HDS-Sanning-Target\uff084\uff09-400x400.webp 400w, https:\/\/mountlaser.com\/wp-content\/uploads\/2025\/11\/HDS-Sanning-Target\uff084\uff09-800x800.webp 800w, https:\/\/mountlaser.com\/wp-content\/uploads\/2025\/11\/HDS-Sanning-Target\uff084\uff09-600x600.webp 600w, https:\/\/mountlaser.com\/wp-content\/uploads\/2025\/11\/HDS-Sanning-Target\uff084\uff09-150x150.webp 150w, https:\/\/mountlaser.com\/wp-content\/uploads\/2025\/11\/HDS-Sanning-Target\uff084\uff09-768x768.webp 768w, https:\/\/mountlaser.com\/wp-content\/uploads\/2025\/11\/HDS-Sanning-Target\uff084\uff09-12x12.webp 12w, https:\/\/mountlaser.com\/wp-content\/uploads\/2025\/11\/HDS-Sanning-Target\uff084\uff09.webp 1000w\" sizes=\"(max-width: 300px) 100vw, 300px\" \/><\/td>\n<td width=\"261\">MATERIALI: Alumini<br \/>\nMADH\u00cbSIA E OBJEKTIT: OD152mm (6.0in)<br \/>\nTRAJTIMI I SIP\u00cbRFAQES: Veshje me pluhur + Shtypje serigrafike<br \/>\nP\u00cbRSHTAT\u00cbS: Fileto Fem\u00ebr 5\/8\u2033-11, Baz\u00eb Magnetike<\/td>\n<\/tr>\n<\/tbody>\n<\/table>","protected":false},"excerpt":{"rendered":"<ul>\n<li>Dizajn objektivi t\u00eb pjerr\u00ebt me sakt\u00ebsi t\u00eb lart\u00eb p\u00ebr aplikime profesionale t\u00eb skanimit me lazer<\/li>\n<li>Trup alumini i q\u00ebndruesh\u00ebm me stabilitet t\u00eb shk\u00eblqyer dimensional<\/li>\n<li>ST002: Sip\u00ebrfaqe reflektuese 3M p\u00ebr kthim t\u00eb p\u00ebrmir\u00ebsuar t\u00eb sinjalit<\/li>\n<li>HDS: Sh\u00ebnjest\u00ebr e zez\u00eb dhe e bardh\u00eb e veshur me pluhur p\u00ebr shikueshm\u00ebri t\u00eb qart\u00eb<\/li>\n<li>Baz\u00eb magnetike dhe fileto fem\u00ebr 5\/8\u2033-11 p\u00ebr montim fleksib\u00ebl<\/li>\n<li>Madh\u00ebsia e sh\u00ebnjestr\u00ebs 152 mm (6.0 in) siguron performanc\u00eb t\u00eb q\u00ebndrueshme<\/li>\n<\/ul>","protected":false},"featured_media":3828,"comment_status":"open","ping_status":"closed","template":"","meta":[],"product_brand":[],"product_cat":[72,118,80],"product_tag":[],"class_list":{"0":"post-3816","1":"product","2":"type-product","3":"status-publish","4":"has-post-thumbnail","6":"product_cat-reflective-target-prism","7":"product_cat-checkerboard-target","8":"product_cat-scanner-sphere-target-laser-scanning","10":"first","11":"instock","12":"shipping-taxable","13":"product-type-simple"},"_links":{"self":[{"href":"https:\/\/mountlaser.com\/sq\/wp-json\/wp\/v2\/product\/3816","targetHints":{"allow":["GET"]}}],"collection":[{"href":"https:\/\/mountlaser.com\/sq\/wp-json\/wp\/v2\/product"}],"about":[{"href":"https:\/\/mountlaser.com\/sq\/wp-json\/wp\/v2\/types\/product"}],"replies":[{"embeddable":true,"href":"https:\/\/mountlaser.com\/sq\/wp-json\/wp\/v2\/comments?post=3816"}],"wp:featuredmedia":[{"embeddable":true,"href":"https:\/\/mountlaser.com\/sq\/wp-json\/wp\/v2\/media\/3828"}],"wp:attachment":[{"href":"https:\/\/mountlaser.com\/sq\/wp-json\/wp\/v2\/media?parent=3816"}],"wp:term":[{"taxonomy":"product_brand","embeddable":true,"href":"https:\/\/mountlaser.com\/sq\/wp-json\/wp\/v2\/product_brand?post=3816"},{"taxonomy":"product_cat","embeddable":true,"href":"https:\/\/mountlaser.com\/sq\/wp-json\/wp\/v2\/product_cat?post=3816"},{"taxonomy":"product_tag","embeddable":true,"href":"https:\/\/mountlaser.com\/sq\/wp-json\/wp\/v2\/product_tag?post=3816"}],"curies":[{"name":"wp","href":"https:\/\/api.w.org\/{rel}","templated":true}]}}