{"id":3806,"date":"2025-11-10T04:50:10","date_gmt":"2025-11-10T04:50:10","guid":{"rendered":"https:\/\/mountlaser.com\/?post_type=product&#038;p=3806"},"modified":"2025-11-27T07:44:16","modified_gmt":"2025-11-27T07:44:16","slug":"st001-gzt21-laser-scanner-target","status":"publish","type":"product","link":"https:\/\/mountlaser.com\/sq\/produkt\/st001-gzt21-laser-scanner-target\/","title":{"rendered":"Target i Skanerit Lazer ST001\/GZT21"},"content":{"rendered":"<p>I\/E\/T\u00eb\/T\u00eb<a href=\"https:\/\/mountlaser.com\/sq\/\"><strong> Skanimi i objektivit ST001<\/strong><\/a> dhe GZT21 jan\u00eb me precizion t\u00eb lart\u00eb <a href=\"https:\/\/mountlaser.com\/sq\/products\/\"><strong>Sh\u00ebnjestra t\u00eb rrumbullak\u00ebta n\u00eb tabel\u00ebn e shahut<\/strong><\/a> T\u00eb projektuara p\u00ebr skanim, shtrirje dhe referenc\u00eb me lazer 3D. T\u00eb projektuara p\u00ebr profesionist\u00eb q\u00eb k\u00ebrkojn\u00eb sakt\u00ebsi dhe q\u00ebndrueshm\u00ebri, t\u00eb dy modelet ofrojn\u00eb performanc\u00eb t\u00eb jasht\u00ebzakonshme n\u00eb mjedise fushore dhe t\u00eb brendshme.<\/p>\n<p>Sh\u00ebnjestra skanuese ST001 ka nj\u00eb trup alumini kompakt me diamet\u00ebr OD80 mm (3.1 in), nd\u00ebrsa GZT21 ofron nj\u00eb madh\u00ebsi m\u00eb t\u00eb madhe me diamet\u00ebr OD115 mm (4.5 in) p\u00ebr shikueshm\u00ebri t\u00eb zgjeruar. \u00c7do sh\u00ebnjest\u00ebr e rrumbullak\u00ebt me tabel\u00eb shahu \u00ebsht\u00eb prodhuar nga alumini me cil\u00ebsi t\u00eb lart\u00eb, duke siguruar stabilitet superior dhe p\u00ebrdorim afatgjat\u00eb. Sip\u00ebrfaqja \u00ebsht\u00eb e mbuluar me veshje pluhuri dhe shtypje serigrafike, duke siguruar kontrast dhe rezistenc\u00eb t\u00eb shk\u00eblqyer ndaj konsumimit dhe faktor\u00ebve mjedisor\u00eb.<\/p>\n<p>T\u00eb dyja <a href=\"https:\/\/mountlaser.com\/sq\/contact-us\/\">Skanimi i objektivit ST001<\/a> dhe Targeti i rrumbullak\u00ebt me tabel\u00eb shahu GZT21 jan\u00eb t\u00eb pajtuesh\u00ebm me adaptor\u00ebt me l\u00ebshim t\u00eb shpejt\u00eb n\u00eb stilin zviceran, duke lejuar konfigurim t\u00eb shpejt\u00eb dhe instalim t\u00eb sigurt gjat\u00eb operacioneve t\u00eb skanimit.<\/p>\n<p><strong>Specifikimet e Target-it t\u00eb Skanerit Lazer ST001\/GZT21<\/strong><\/p>\n<table width=\"587\">\n<tbody>\n<tr>\n<td width=\"72\">Model<\/td>\n<td width=\"254\">Foto<\/td>\n<td width=\"261\">Parametrat<\/td>\n<\/tr>\n<tr>\n<td>ST001<\/td>\n<td><img fetchpriority=\"high\" decoding=\"async\" class=\"alignnone wp-image-3799 size-medium\" src=\"https:\/\/mountlaser.com\/wp-content\/uploads\/2025\/11\/ST0012-300x300.webp\" alt=\"Scanning Target ST001\" width=\"300\" height=\"300\" srcset=\"https:\/\/mountlaser.com\/wp-content\/uploads\/2025\/11\/ST0012-300x300.webp 300w, https:\/\/mountlaser.com\/wp-content\/uploads\/2025\/11\/ST0012-400x400.webp 400w, https:\/\/mountlaser.com\/wp-content\/uploads\/2025\/11\/ST0012-800x800.webp 800w, https:\/\/mountlaser.com\/wp-content\/uploads\/2025\/11\/ST0012-600x600.webp 600w, https:\/\/mountlaser.com\/wp-content\/uploads\/2025\/11\/ST0012-150x150.webp 150w, https:\/\/mountlaser.com\/wp-content\/uploads\/2025\/11\/ST0012-768x768.webp 768w, https:\/\/mountlaser.com\/wp-content\/uploads\/2025\/11\/ST0012-12x12.webp 12w, https:\/\/mountlaser.com\/wp-content\/uploads\/2025\/11\/ST0012.webp 1000w\" sizes=\"(max-width: 300px) 100vw, 300px\" \/><\/td>\n<td width=\"261\">MATERIALI: Alumini<br \/>\nMADH\u00cbSIA E SYNIMIT: OD80 mm (3.1 in)<br \/>\nTRAJTIMI I SIP\u00cbRFAQES: Veshje me pluhur + Shtypje serigrafike<br \/>\nP\u00cbRSHTAT\u00cbS: I p\u00ebrshtatsh\u00ebm p\u00ebr p\u00ebrshtat\u00ebsin e l\u00ebshimit t\u00eb shpejt\u00eb n\u00eb stilin zviceran<\/td>\n<\/tr>\n<tr>\n<td>GZT21<\/td>\n<td><img decoding=\"async\" class=\"alignnone size-medium wp-image-3808\" src=\"https:\/\/mountlaser.com\/wp-content\/uploads\/2025\/11\/GZT212-300x300.webp\" alt=\"\" width=\"300\" height=\"300\" srcset=\"https:\/\/mountlaser.com\/wp-content\/uploads\/2025\/11\/GZT212-300x300.webp 300w, https:\/\/mountlaser.com\/wp-content\/uploads\/2025\/11\/GZT212-400x400.webp 400w, https:\/\/mountlaser.com\/wp-content\/uploads\/2025\/11\/GZT212-800x800.webp 800w, https:\/\/mountlaser.com\/wp-content\/uploads\/2025\/11\/GZT212-600x600.webp 600w, https:\/\/mountlaser.com\/wp-content\/uploads\/2025\/11\/GZT212-150x150.webp 150w, https:\/\/mountlaser.com\/wp-content\/uploads\/2025\/11\/GZT212-768x768.webp 768w, https:\/\/mountlaser.com\/wp-content\/uploads\/2025\/11\/GZT212-12x12.webp 12w, https:\/\/mountlaser.com\/wp-content\/uploads\/2025\/11\/GZT212.webp 1000w\" sizes=\"(max-width: 300px) 100vw, 300px\" \/><\/td>\n<td width=\"261\">MATERIALI: Alumini<br \/>\nMADH\u00cbSIA E OBJEKTIT: OD115mm (4.5in)<br \/>\nTRAJTIMI I SIP\u00cbRFAQES: Veshje me pluhur + Shtypje serigrafike<br \/>\nP\u00cbRSHTAT\u00cbS: I p\u00ebrshtatsh\u00ebm p\u00ebr p\u00ebrshtat\u00ebsin e l\u00ebshimit t\u00eb shpejt\u00eb n\u00eb stilin zviceran<\/td>\n<\/tr>\n<\/tbody>\n<\/table>","protected":false},"excerpt":{"rendered":"<ul>\n<li>Sh\u00ebnjest\u00ebr e rrumbullak\u00ebt me precizion t\u00eb lart\u00eb p\u00ebr skanim dhe matje me lazer 3D<\/li>\n<li>Nd\u00ebrtimi i q\u00ebndruesh\u00ebm i aluminit siguron stabilitet dhe jet\u00ebgjat\u00ebsi t\u00eb gjat\u00eb sh\u00ebrbimi<\/li>\n<li>Sip\u00ebrfaqe e veshur me pluhur dhe e shtypur me serigrafi p\u00ebr shikueshm\u00ebri dhe kontrast superior<\/li>\n<li>I pajtuesh\u00ebm me adaptor\u00ebt e lirimit t\u00eb shpejt\u00eb n\u00eb stilin zviceran p\u00ebr montim t\u00eb shpejt\u00eb dhe t\u00eb besuesh\u00ebm<\/li>\n<\/ul>","protected":false},"featured_media":3798,"comment_status":"open","ping_status":"closed","template":"","meta":[],"product_brand":[],"product_cat":[80,118],"product_tag":[],"class_list":{"0":"post-3806","1":"product","2":"type-product","3":"status-publish","4":"has-post-thumbnail","6":"product_cat-scanner-sphere-target-laser-scanning","7":"product_cat-checkerboard-target","9":"first","10":"instock","11":"shipping-taxable","12":"product-type-simple"},"_links":{"self":[{"href":"https:\/\/mountlaser.com\/sq\/wp-json\/wp\/v2\/product\/3806","targetHints":{"allow":["GET"]}}],"collection":[{"href":"https:\/\/mountlaser.com\/sq\/wp-json\/wp\/v2\/product"}],"about":[{"href":"https:\/\/mountlaser.com\/sq\/wp-json\/wp\/v2\/types\/product"}],"replies":[{"embeddable":true,"href":"https:\/\/mountlaser.com\/sq\/wp-json\/wp\/v2\/comments?post=3806"}],"wp:featuredmedia":[{"embeddable":true,"href":"https:\/\/mountlaser.com\/sq\/wp-json\/wp\/v2\/media\/3798"}],"wp:attachment":[{"href":"https:\/\/mountlaser.com\/sq\/wp-json\/wp\/v2\/media?parent=3806"}],"wp:term":[{"taxonomy":"product_brand","embeddable":true,"href":"https:\/\/mountlaser.com\/sq\/wp-json\/wp\/v2\/product_brand?post=3806"},{"taxonomy":"product_cat","embeddable":true,"href":"https:\/\/mountlaser.com\/sq\/wp-json\/wp\/v2\/product_cat?post=3806"},{"taxonomy":"product_tag","embeddable":true,"href":"https:\/\/mountlaser.com\/sq\/wp-json\/wp\/v2\/product_tag?post=3806"}],"curies":[{"name":"wp","href":"https:\/\/api.w.org\/{rel}","templated":true}]}}