{"id":3781,"date":"2025-11-10T01:23:07","date_gmt":"2025-11-10T01:23:07","guid":{"rendered":"https:\/\/mountlaser.com\/?post_type=product&#038;p=3781"},"modified":"2025-11-27T07:49:16","modified_gmt":"2025-11-27T07:49:16","slug":"american-style-360prism","status":"publish","type":"product","link":"https:\/\/mountlaser.com\/sq\/produkt\/american-style-360prism\/","title":{"rendered":"Prizm 360\u00b0 n\u00eb stilin amerikan TR360"},"content":{"rendered":"<p>PRIZM 360\u00b0 N\u00cb STIL AMERIKAN \u2013 Prizm 360\u00b0 i besuesh\u00ebm n\u00eb stilin Trimble p\u00ebr matje precize<\/p>\n<p>Prismi 360\u00b0 n\u00eb stilin amerikan \u00ebsht\u00eb i klasit profesional. <a href=\"https:\/\/mountlaser.com\/sq\/\"><strong>Prizm 360\u00b0 n\u00eb stilin Trimble<\/strong><\/a> i projektuar p\u00ebr t\u00eb ofruar sakt\u00ebsi dhe q\u00ebndrueshm\u00ebri t\u00eb jasht\u00ebzakonshme p\u00ebr pun\u00eb n\u00eb terren t\u00eb k\u00ebrkuar. I projektuar p\u00ebr t\u00eb funksionuar pa probleme si nj\u00eb <a href=\"https:\/\/mountlaser.com\/sq\/products\/\"><strong>Prizm 360 p\u00ebr Trimble<\/strong><\/a> stacione totale, ky model siguron reflektim t\u00eb q\u00ebndruesh\u00ebm dhe t\u00eb q\u00ebndruesh\u00ebm t\u00eb sinjalit nga t\u00eb gjitha drejtimet.<\/p>\n<p>I nd\u00ebrtuar me shtat\u00eb prizma t\u00eb veshura me argjend, prizmi 360\u00b0 n\u00eb stilin Trimble ofron reflektivitet dhe besueshm\u00ebri matjeje superiore. Duke shfaqur nj\u00eb konstante prizmi prej +2 mm dhe sakt\u00ebsi centrimi prej \u00b12.0 mm, ai garanton sakt\u00ebsi t\u00eb lart\u00eb n\u00eb kushte t\u00eb ndryshme matjeje. Nj\u00eb nivel i integruar prej 20\u2032 siguron nj\u00eb shtrirje t\u00eb leht\u00eb vertikale, nd\u00ebrsa filetoja e montimit 5\/8\u201d-11 siguron p\u00ebrputhshm\u00ebri universale me nj\u00eb gam\u00eb t\u00eb gjer\u00eb shtyllash dhe tribrak\u00ebsh matjeje.<\/p>\n<p><img fetchpriority=\"high\" decoding=\"async\" class=\"aligncenter wp-image-3784\" src=\"https:\/\/mountlaser.com\/wp-content\/uploads\/2025\/11\/TR360A3.webp\" alt=\"TR360 Trimble-style 360\u00b0 prism\" width=\"500\" height=\"500\" srcset=\"https:\/\/mountlaser.com\/wp-content\/uploads\/2025\/11\/TR360A3.webp 1000w, https:\/\/mountlaser.com\/wp-content\/uploads\/2025\/11\/TR360A3-300x300.webp 300w, https:\/\/mountlaser.com\/wp-content\/uploads\/2025\/11\/TR360A3-400x400.webp 400w, https:\/\/mountlaser.com\/wp-content\/uploads\/2025\/11\/TR360A3-800x800.webp 800w, https:\/\/mountlaser.com\/wp-content\/uploads\/2025\/11\/TR360A3-600x600.webp 600w, https:\/\/mountlaser.com\/wp-content\/uploads\/2025\/11\/TR360A3-150x150.webp 150w, https:\/\/mountlaser.com\/wp-content\/uploads\/2025\/11\/TR360A3-768x768.webp 768w, https:\/\/mountlaser.com\/wp-content\/uploads\/2025\/11\/TR360A3-12x12.webp 12w\" sizes=\"(max-width: 500px) 100vw, 500px\" \/><\/p>\n<p>Kjo <a href=\"https:\/\/mountlaser.com\/sq\/contact-us\/\">Prizm 360 p\u00ebr Trimble<\/a> \u00ebsht\u00eb projektuar p\u00ebr profesionist\u00ebt n\u00eb terren q\u00eb k\u00ebrkojn\u00eb precizion, stabilitet dhe efikasitet. Nd\u00ebrtimi i q\u00ebndruesh\u00ebm metalik rrit jet\u00ebgjat\u00ebsin\u00eb, duke e b\u00ebr\u00eb prizmin 360\u00b0 n\u00eb stilin Trimble nj\u00eb zgjidhje ideale p\u00ebr aplikime topografike, inxhinierike dhe nd\u00ebrtimi.<\/p>","protected":false},"excerpt":{"rendered":"<ul>\n<li>I pajisur me shtat\u00eb prizma t\u00eb veshura me argjend p\u00ebr reflektim t\u00eb p\u00ebrmir\u00ebsuar<\/li>\n<li>Siguroni sakt\u00ebsi t\u00eb lart\u00eb matjeje<\/li>\n<li>P\u00ebr ngjitje dhe stabilitet universal<\/li>\n<\/ul>","protected":false},"featured_media":3784,"comment_status":"open","ping_status":"closed","template":"","meta":[],"product_brand":[],"product_cat":[72,115],"product_tag":[],"class_list":{"0":"post-3781","1":"product","2":"type-product","3":"status-publish","4":"has-post-thumbnail","6":"product_cat-reflective-target-prism","7":"product_cat-wide-angle-prism","9":"first","10":"instock","11":"shipping-taxable","12":"product-type-simple"},"_links":{"self":[{"href":"https:\/\/mountlaser.com\/sq\/wp-json\/wp\/v2\/product\/3781","targetHints":{"allow":["GET"]}}],"collection":[{"href":"https:\/\/mountlaser.com\/sq\/wp-json\/wp\/v2\/product"}],"about":[{"href":"https:\/\/mountlaser.com\/sq\/wp-json\/wp\/v2\/types\/product"}],"replies":[{"embeddable":true,"href":"https:\/\/mountlaser.com\/sq\/wp-json\/wp\/v2\/comments?post=3781"}],"wp:featuredmedia":[{"embeddable":true,"href":"https:\/\/mountlaser.com\/sq\/wp-json\/wp\/v2\/media\/3784"}],"wp:attachment":[{"href":"https:\/\/mountlaser.com\/sq\/wp-json\/wp\/v2\/media?parent=3781"}],"wp:term":[{"taxonomy":"product_brand","embeddable":true,"href":"https:\/\/mountlaser.com\/sq\/wp-json\/wp\/v2\/product_brand?post=3781"},{"taxonomy":"product_cat","embeddable":true,"href":"https:\/\/mountlaser.com\/sq\/wp-json\/wp\/v2\/product_cat?post=3781"},{"taxonomy":"product_tag","embeddable":true,"href":"https:\/\/mountlaser.com\/sq\/wp-json\/wp\/v2\/product_tag?post=3781"}],"curies":[{"name":"wp","href":"https:\/\/api.w.org\/{rel}","templated":true}]}}