{"id":3776,"date":"2025-11-07T09:18:43","date_gmt":"2025-11-07T09:18:43","guid":{"rendered":"https:\/\/mountlaser.com\/?post_type=product&#038;p=3776"},"modified":"2025-11-27T07:54:09","modified_gmt":"2025-11-27T07:54:09","slug":"dz060-125-aluminum-prism-pole","status":"publish","type":"product","link":"https:\/\/mountlaser.com\/sq\/produkt\/dz060-125-aluminum-prism-pole\/","title":{"rendered":"Shtyll\u00eb Prizmike Alumini DZ060\/125"},"content":{"rendered":"<p>I\/E\/T\u00eb\/T\u00eb <a href=\"https:\/\/mountlaser.com\/sq\/\"><strong>Shtyll\u00eb Prizmike Alumini DZ<\/strong><\/a> Vendos nj\u00eb standard t\u00eb ri p\u00ebr precizion dhe q\u00ebndrueshm\u00ebri n\u00eb matjet n\u00eb terren. I projektuar nga aliazh alumini t\u00eb cil\u00ebsis\u00eb s\u00eb lart\u00eb, ky shuf\u00ebr ofron kombinimin perfekt t\u00eb manovrimit t\u00eb leht\u00eb dhe forc\u00ebs s\u00eb jasht\u00ebzakonshme, duke e b\u00ebr\u00eb at\u00eb nj\u00eb mjet t\u00eb domosdosh\u00ebm p\u00ebr mat\u00ebsit q\u00eb p\u00ebrballen me kushte t\u00eb v\u00ebshtira pune n\u00eb vend.<\/p>\n<p>Ajo q\u00eb e dallon v\u00ebrtet Shtyll\u00ebn e Prizm\u00ebs s\u00eb Aluminit DZ \u00ebsht\u00eb mekanizmi i saj i fuqish\u00ebm i mbylljes s\u00eb aluminit, i cili ofron q\u00ebndrueshm\u00ebri superiore dhe siguron besueshm\u00ebri afatgjat\u00eb me \u00e7do p\u00ebrdorim. I pajisur me nj\u00eb shishe rrethore precize 30\u2032, ai mund\u00ebson instalime hidraulike t\u00eb shpejta dhe t\u00eb sakta p\u00ebr matje pa gabime. Tubi i brendsh\u00ebm p\u00ebrmban nj\u00eb shkall\u00eb t\u00eb qart\u00eb metri p\u00ebr lexim t\u00eb drejtp\u00ebrdrejt\u00eb, nd\u00ebrsa adaptor\u00ebt e disponuesh\u00ebm ofrojn\u00eb mund\u00ebsi t\u00eb gjithanshme montimi t\u00eb prizm\u00ebs.<\/p>\n<p><a href=\"https:\/\/mountlaser.com\/sq\/products\/\">Shtyll\u00eb Prizmike Alumini DZ<\/a>:<br \/>\nShtyll\u00eb Prizmike Alumini DZ060 me Gjat\u00ebsi 60 cm<br \/>\nShtyll\u00eb Prizmike Alumini DZ0125 me Gjat\u00ebsi 125 cm<\/p>\n<p>Me zgjedhje midis nj\u00eb Ky\u00e7i me Twist t\u00eb besuesh\u00ebm dhe nj\u00eb Ky\u00e7i me Lirim t\u00eb Shpejt\u00eb t\u00eb shpejt\u00eb, plus nj\u00eb mbules\u00eb opsionale gome kund\u00ebr rr\u00ebshqitjes p\u00ebr trajtim t\u00eb sigurt, <a href=\"https:\/\/mountlaser.com\/sq\/contact-us\/\"><strong>Shtyll\u00eb Prizmike Alumini DZ<\/strong><\/a> \u00ebsht\u00eb projektuar p\u00ebr t\u00eb rritur produktivitetin dhe sakt\u00ebsin\u00eb n\u00eb \u00e7do skenar matjeje.<\/p>\n<p><strong>Specifikimet e Shtyll\u00ebs s\u00eb Prizm\u00ebs s\u00eb Alumini DZ060\/125<\/strong><\/p>\n<table style=\"border-collapse: collapse; width: 846.77pt;\" border=\"0\" width=\"1129\" cellspacing=\"0\" cellpadding=\"0\">\n<tbody>\n<tr style=\"height: 14.25pt;\">\n<td class=\"et2\" style=\"height: 14.25pt; width: 142.50pt;\" width=\"190\" height=\"19\">NUM\u00cbR<\/td>\n<td class=\"et2\" style=\"width: 127.50pt;\" width=\"170\">GJAT\u00cbSI<\/td>\n<td class=\"et2\" style=\"width: 126.00pt;\" width=\"168\">MATERIALI<\/td>\n<td class=\"et2\" style=\"width: 135.00pt;\" width=\"180\">DIPLOMA<\/td>\n<td class=\"et2\" style=\"width: 124.50pt;\" width=\"166\">OPSIONI I KY\u00c7JES<\/td>\n<td class=\"et2\" style=\"width: 86.25pt;\" width=\"115\">DIAMETRI<\/td>\n<td style=\"width: 105.00pt;\" width=\"140\">fotografi<\/td>\n<\/tr>\n<tr style=\"height: 14.25pt;\">\n<td class=\"et2\" style=\"height: 14.25pt;\" height=\"19\">DZ060<\/td>\n<td class=\"et3\">60 cm<\/td>\n<td class=\"et2\">Alumini<\/td>\n<td class=\"et2\">Met\u00ebr<\/td>\n<td class=\"et2\">TL\/QL<\/td>\n<td class=\"et2\">18\/25 mm<\/td>\n<td><img fetchpriority=\"high\" decoding=\"async\" class=\"alignnone wp-image-3769 size-medium\" src=\"https:\/\/mountlaser.com\/wp-content\/uploads\/2025\/11\/DZ060-2-300x300.webp\" alt=\"DZ Aluminum Prism Pole\" width=\"300\" height=\"300\" srcset=\"https:\/\/mountlaser.com\/wp-content\/uploads\/2025\/11\/DZ060-2-300x300.webp 300w, https:\/\/mountlaser.com\/wp-content\/uploads\/2025\/11\/DZ060-2-400x400.webp 400w, https:\/\/mountlaser.com\/wp-content\/uploads\/2025\/11\/DZ060-2-800x800.webp 800w, https:\/\/mountlaser.com\/wp-content\/uploads\/2025\/11\/DZ060-2-600x600.webp 600w, https:\/\/mountlaser.com\/wp-content\/uploads\/2025\/11\/DZ060-2-150x150.webp 150w, https:\/\/mountlaser.com\/wp-content\/uploads\/2025\/11\/DZ060-2-768x768.webp 768w, https:\/\/mountlaser.com\/wp-content\/uploads\/2025\/11\/DZ060-2-12x12.webp 12w, https:\/\/mountlaser.com\/wp-content\/uploads\/2025\/11\/DZ060-2.webp 1000w\" sizes=\"(max-width: 300px) 100vw, 300px\" \/><\/td>\n<\/tr>\n<tr style=\"height: 14.25pt;\">\n<td class=\"et2\" style=\"height: 14.25pt;\" height=\"19\">DZ125<\/td>\n<td class=\"et3\">125 cm<\/td>\n<td class=\"et2\">Alumini<\/td>\n<td class=\"et2\">Met\u00ebr<\/td>\n<td class=\"et2\">TL\/QL<\/td>\n<td class=\"et2\">18\/25 mm<\/td>\n<td><img decoding=\"async\" class=\"alignnone wp-image-3778 size-medium\" src=\"https:\/\/mountlaser.com\/wp-content\/uploads\/2025\/11\/DZ120-4-300x300.webp\" alt=\"DZ Aluminum Prism Pole\" width=\"300\" height=\"300\" srcset=\"https:\/\/mountlaser.com\/wp-content\/uploads\/2025\/11\/DZ120-4-300x300.webp 300w, https:\/\/mountlaser.com\/wp-content\/uploads\/2025\/11\/DZ120-4-400x400.webp 400w, https:\/\/mountlaser.com\/wp-content\/uploads\/2025\/11\/DZ120-4-800x800.webp 800w, https:\/\/mountlaser.com\/wp-content\/uploads\/2025\/11\/DZ120-4-600x600.webp 600w, https:\/\/mountlaser.com\/wp-content\/uploads\/2025\/11\/DZ120-4-150x150.webp 150w, https:\/\/mountlaser.com\/wp-content\/uploads\/2025\/11\/DZ120-4-768x768.webp 768w, https:\/\/mountlaser.com\/wp-content\/uploads\/2025\/11\/DZ120-4-12x12.webp 12w, https:\/\/mountlaser.com\/wp-content\/uploads\/2025\/11\/DZ120-4.webp 1000w\" sizes=\"(max-width: 300px) 100vw, 300px\" \/><\/td>\n<\/tr>\n<\/tbody>\n<\/table>","protected":false},"excerpt":{"rendered":"<ul>\n<li>I leht\u00eb dhe i fort\u00eb: I nd\u00ebrtuar nga alumini i cil\u00ebsis\u00eb s\u00eb lart\u00eb p\u00ebr transportueshm\u00ebri dhe q\u00ebndrueshm\u00ebri t\u00eb leht\u00eb.<\/li>\n<li>Sistemi i ky\u00e7jes s\u00eb aluminit: Ofron q\u00ebndrueshm\u00ebri t\u00eb shk\u00eblqyer dhe jet\u00ebgjat\u00ebsi t\u00eb zgjatur t\u00eb sh\u00ebrbimit.<\/li>\n<li>Shkalla e Integruar e Mat\u00ebsit: Tub i brendsh\u00ebm me shkall\u00eb t\u00eb qart\u00eb p\u00ebr lexim t\u00eb drejtp\u00ebrdrejt\u00eb t\u00eb matjes.<\/li>\n<\/ul>","protected":false},"featured_media":3771,"comment_status":"open","ping_status":"closed","template":"","meta":[],"product_brand":[],"product_cat":[117,89],"product_tag":[],"class_list":{"0":"post-3776","1":"product","2":"type-product","3":"status-publish","4":"has-post-thumbnail","6":"product_cat-aluminum-prism-pole","7":"product_cat-surveying-pole-rod","9":"first","10":"instock","11":"shipping-taxable","12":"product-type-simple"},"_links":{"self":[{"href":"https:\/\/mountlaser.com\/sq\/wp-json\/wp\/v2\/product\/3776","targetHints":{"allow":["GET"]}}],"collection":[{"href":"https:\/\/mountlaser.com\/sq\/wp-json\/wp\/v2\/product"}],"about":[{"href":"https:\/\/mountlaser.com\/sq\/wp-json\/wp\/v2\/types\/product"}],"replies":[{"embeddable":true,"href":"https:\/\/mountlaser.com\/sq\/wp-json\/wp\/v2\/comments?post=3776"}],"wp:featuredmedia":[{"embeddable":true,"href":"https:\/\/mountlaser.com\/sq\/wp-json\/wp\/v2\/media\/3771"}],"wp:attachment":[{"href":"https:\/\/mountlaser.com\/sq\/wp-json\/wp\/v2\/media?parent=3776"}],"wp:term":[{"taxonomy":"product_brand","embeddable":true,"href":"https:\/\/mountlaser.com\/sq\/wp-json\/wp\/v2\/product_brand?post=3776"},{"taxonomy":"product_cat","embeddable":true,"href":"https:\/\/mountlaser.com\/sq\/wp-json\/wp\/v2\/product_cat?post=3776"},{"taxonomy":"product_tag","embeddable":true,"href":"https:\/\/mountlaser.com\/sq\/wp-json\/wp\/v2\/product_tag?post=3776"}],"curies":[{"name":"wp","href":"https:\/\/api.w.org\/{rel}","templated":true}]}}