{"id":3758,"date":"2025-11-07T08:59:51","date_gmt":"2025-11-07T08:59:51","guid":{"rendered":"https:\/\/mountlaser.com\/?post_type=product&#038;p=3758"},"modified":"2025-11-27T07:57:05","modified_gmt":"2025-11-27T07:57:05","slug":"atp2s-360prism-with-pole","status":"publish","type":"product","link":"https:\/\/mountlaser.com\/sq\/produkt\/atp2s-360prism-with-pole\/","title":{"rendered":"Prizm ATP2S 360\u00b0 me shuf\u00ebr"},"content":{"rendered":"<p>I\/E\/T\u00eb\/T\u00eb <a href=\"https:\/\/mountlaser.com\/sq\/\"><strong>Prizm ATP2S 360\u00b0 me shuf\u00ebr<\/strong><\/a> \u00ebsht\u00eb me sakt\u00ebsi t\u00eb lart\u00eb <a href=\"https:\/\/mountlaser.com\/sq\/products\/\"><strong>Prizm robotik rr\u00ebshqit\u00ebs 360 grad\u00eb<\/strong><\/a> I projektuar p\u00ebr aplikime profesionale t\u00eb matjeve dhe stacioneve totale robotike. I projektuar p\u00ebr sakt\u00ebsi, q\u00ebndrueshm\u00ebri dhe leht\u00ebsi p\u00ebrdorimi, ky priz\u00ebm ATP2S 360\u00b0 me shuf\u00ebr siguron performanc\u00eb t\u00eb q\u00ebndrueshme n\u00eb mjedise t\u00eb v\u00ebshtira n\u00eb terren.<\/p>\n<p>I nd\u00ebrtuar me gjasht\u00eb prizma t\u00eb vendosura me sakt\u00ebsi, Prizmi Robotik Style Sliding 360 ofron reflektivitet 360 grad\u00eb, duke ofruar kthim t\u00eb besuesh\u00ebm t\u00eb sinjalit nga t\u00eb gjitha drejtimet. Konstantja e tij e prizm\u00ebs prej -7 mm dhe sakt\u00ebsia e centralizimit \u00b12.0 mm garantojn\u00eb sakt\u00ebsi t\u00eb jasht\u00ebzakonshme matjeje. Prizmi ATP2S 360\u00b0 me shuf\u00ebr p\u00ebrmban nj\u00eb shuf\u00ebr \u00e7eliku inox 20 in\u00e7 dhe nj\u00eb nivel rrethor t\u00eb integruar, duke mund\u00ebsuar konfigurim t\u00eb leht\u00eb dhe shtrirje vertikale t\u00eb sakt\u00eb.<\/p>\n<p><img fetchpriority=\"high\" decoding=\"async\" class=\"aligncenter wp-image-3763\" src=\"https:\/\/mountlaser.com\/wp-content\/uploads\/2025\/11\/ATP2S5.webp\" alt=\"ATP2S 360\u00b0prism with pole\" width=\"500\" height=\"500\" srcset=\"https:\/\/mountlaser.com\/wp-content\/uploads\/2025\/11\/ATP2S5.webp 1000w, https:\/\/mountlaser.com\/wp-content\/uploads\/2025\/11\/ATP2S5-300x300.webp 300w, https:\/\/mountlaser.com\/wp-content\/uploads\/2025\/11\/ATP2S5-400x400.webp 400w, https:\/\/mountlaser.com\/wp-content\/uploads\/2025\/11\/ATP2S5-800x800.webp 800w, https:\/\/mountlaser.com\/wp-content\/uploads\/2025\/11\/ATP2S5-600x600.webp 600w, https:\/\/mountlaser.com\/wp-content\/uploads\/2025\/11\/ATP2S5-150x150.webp 150w, https:\/\/mountlaser.com\/wp-content\/uploads\/2025\/11\/ATP2S5-768x768.webp 768w, https:\/\/mountlaser.com\/wp-content\/uploads\/2025\/11\/ATP2S5-12x12.webp 12w\" sizes=\"(max-width: 500px) 100vw, 500px\" \/><\/p>\n<p>Montimi i prizm\u00ebs p\u00ebrfshin nj\u00eb streh\u00eb t\u00eb fort\u00eb t\u00eb gomuar p\u00ebr mbrojtje t\u00eb shtuar kund\u00ebr ndikimit n\u00eb fush\u00eb dhe nj\u00eb mekaniz\u00ebm t\u00eb leht\u00eb butoni p\u00ebr lirim dhe mbajtje p\u00ebr montim dhe \u00e7montim t\u00eb shpejt\u00eb - duke e b\u00ebr\u00eb <a href=\"https:\/\/mountlaser.com\/sq\/contact-us\/\">Prizm robotik rr\u00ebshqit\u00ebs 360 grad\u00eb<\/a> nj\u00eb zgjedhje ideale p\u00ebr studime topografike, projekte monitorimi dhe punime planimetrike nd\u00ebrtimi.<\/p>","protected":false},"excerpt":{"rendered":"<ul>\n<li>Prizm ATP2S 360\u00b0 me shtyll\u00eb p\u00ebr stacion total profesional dhe matje robotike<\/li>\n<li>Me gjasht\u00eb prizma precize t\u00eb veshura me argjend<\/li>\n<li>Trup i q\u00ebndruesh\u00ebm i gomuar me buton t\u00eb lirimit t\u00eb shpejt\u00eb p\u00ebr leht\u00ebsi<\/li>\n<\/ul>","protected":false},"featured_media":3761,"comment_status":"open","ping_status":"closed","template":"","meta":[],"product_brand":[],"product_cat":[72,115],"product_tag":[],"class_list":{"0":"post-3758","1":"product","2":"type-product","3":"status-publish","4":"has-post-thumbnail","6":"product_cat-reflective-target-prism","7":"product_cat-wide-angle-prism","9":"first","10":"instock","11":"shipping-taxable","12":"product-type-simple"},"_links":{"self":[{"href":"https:\/\/mountlaser.com\/sq\/wp-json\/wp\/v2\/product\/3758","targetHints":{"allow":["GET"]}}],"collection":[{"href":"https:\/\/mountlaser.com\/sq\/wp-json\/wp\/v2\/product"}],"about":[{"href":"https:\/\/mountlaser.com\/sq\/wp-json\/wp\/v2\/types\/product"}],"replies":[{"embeddable":true,"href":"https:\/\/mountlaser.com\/sq\/wp-json\/wp\/v2\/comments?post=3758"}],"wp:featuredmedia":[{"embeddable":true,"href":"https:\/\/mountlaser.com\/sq\/wp-json\/wp\/v2\/media\/3761"}],"wp:attachment":[{"href":"https:\/\/mountlaser.com\/sq\/wp-json\/wp\/v2\/media?parent=3758"}],"wp:term":[{"taxonomy":"product_brand","embeddable":true,"href":"https:\/\/mountlaser.com\/sq\/wp-json\/wp\/v2\/product_brand?post=3758"},{"taxonomy":"product_cat","embeddable":true,"href":"https:\/\/mountlaser.com\/sq\/wp-json\/wp\/v2\/product_cat?post=3758"},{"taxonomy":"product_tag","embeddable":true,"href":"https:\/\/mountlaser.com\/sq\/wp-json\/wp\/v2\/product_tag?post=3758"}],"curies":[{"name":"wp","href":"https:\/\/api.w.org\/{rel}","templated":true}]}}