{"id":3748,"date":"2025-11-07T08:10:06","date_gmt":"2025-11-07T08:10:06","guid":{"rendered":"https:\/\/mountlaser.com\/?post_type=product&#038;p=3748"},"modified":"2025-11-27T07:59:38","modified_gmt":"2025-11-27T07:59:38","slug":"z-220p-zero-220p-360prism-with-pole","status":"publish","type":"product","link":"https:\/\/mountlaser.com\/sq\/produkt\/z-220p-zero-220p-360prism-with-pole\/","title":{"rendered":"PRIZM Z-220P ZERO 220P 360\u00b0 ME SHTYP"},"content":{"rendered":"<p>Z-220P ZERO <a href=\"https:\/\/mountlaser.com\/sq\/\"><strong>PRIZM 220P 360\u00b0 ME SHTYP<\/strong><\/a> \u00ebsht\u00eb me sakt\u00ebsi t\u00eb lart\u00eb<a href=\"https:\/\/mountlaser.com\/sq\/products\/\"><strong> Prizm reflektues rr\u00ebshqit\u00ebs 360 grad\u00eb<\/strong> <\/a>I projektuar p\u00ebr aplikime profesionale t\u00eb stacioneve totale dhe matjeve robotike. I projektuar duke pasur parasysh sakt\u00ebsin\u00eb dhe q\u00ebndrueshm\u00ebrin\u00eb, ky PRIZ\u00cbM 220P 360\u00b0ME SHTYP siguron rezultate t\u00eb q\u00ebndrueshme dhe reflektim optimal t\u00eb sinjalit edhe n\u00eb kushte t\u00eb v\u00ebshtira n\u00eb terren.<\/p>\n<p>I pajisur me pes\u00eb prizma t\u00eb veshura me argjend me cil\u00ebsi t\u00eb lart\u00eb, Prizmi Reflektues Rr\u00ebshqit\u00ebs 360 Grad\u00eb ofron kthim dhe stabilitet superior t\u00eb drit\u00ebs n\u00eb t\u00eb gjitha drejtimet. Porta e integruar e pamjes s\u00eb pasme u lejon p\u00ebrdoruesve t\u00eb verifikojn\u00eb leht\u00ebsisht lart\u00ebsin\u00eb e prizm\u00ebs, duke p\u00ebrmir\u00ebsuar efikasitetin dhe besueshm\u00ebrin\u00eb e matjes. Me mbajt\u00ebse metalike t\u00eb prizm\u00ebs dhe nj\u00eb shtres\u00eb t\u00eb ve\u00e7ant\u00eb anti-difuzion, PRIZMI 360\u00b0 ME SHTYP Z-220P ZERO 220P 360\u00b0 ME SHTYP ofron performanc\u00eb afatgjat\u00eb dhe qart\u00ebsi optike t\u00eb p\u00ebrmir\u00ebsuar.<\/p>\n<p><img fetchpriority=\"high\" decoding=\"async\" class=\"aligncenter wp-image-3753\" src=\"https:\/\/mountlaser.com\/wp-content\/uploads\/2025\/11\/ZERO220P5.webp\" alt=\"Z-220P Sliding 360 Degree Reflective Prism\" width=\"500\" height=\"500\" srcset=\"https:\/\/mountlaser.com\/wp-content\/uploads\/2025\/11\/ZERO220P5.webp 1000w, https:\/\/mountlaser.com\/wp-content\/uploads\/2025\/11\/ZERO220P5-300x300.webp 300w, https:\/\/mountlaser.com\/wp-content\/uploads\/2025\/11\/ZERO220P5-400x400.webp 400w, https:\/\/mountlaser.com\/wp-content\/uploads\/2025\/11\/ZERO220P5-800x800.webp 800w, https:\/\/mountlaser.com\/wp-content\/uploads\/2025\/11\/ZERO220P5-600x600.webp 600w, https:\/\/mountlaser.com\/wp-content\/uploads\/2025\/11\/ZERO220P5-150x150.webp 150w, https:\/\/mountlaser.com\/wp-content\/uploads\/2025\/11\/ZERO220P5-768x768.webp 768w, https:\/\/mountlaser.com\/wp-content\/uploads\/2025\/11\/ZERO220P5-12x12.webp 12w\" sizes=\"(max-width: 500px) 100vw, 500px\" \/><\/p>\n<p>Kjo <a href=\"https:\/\/mountlaser.com\/sq\/contact-us\/\">Prizm reflektues rr\u00ebshqit\u00ebs 360 grad\u00eb<\/a> p\u00ebrfshin gjithashtu nj\u00eb nivel rrethor t\u00eb rregulluesh\u00ebm (40\u2032), i cili siguron qend\u00ebrzim dhe shtrirje t\u00eb sakt\u00eb. Me nj\u00eb zhvendosje prej 0 mm dhe sakt\u00ebsi qend\u00ebrzimi prej \u00b12.0 mm, \u00ebsht\u00eb nj\u00eb mjet ideal p\u00ebr studime topografike, planifikim nd\u00ebrtimi dhe detyra pozicionimi 3D.<\/p>","protected":false},"excerpt":{"rendered":"<ul>\n<li>Prizm reflektues rr\u00ebshqit\u00ebs 360 grad\u00eb me pes\u00eb prizma t\u00eb veshura me argjend<\/li>\n<li>Nivel i rrumbullak\u00ebt i rregulluesh\u00ebm (40&#039;) p\u00ebr konfigurim t\u00eb leht\u00eb<\/li>\n<li>Mbajt\u00ebse prizmi metalike dhe shtres\u00eb anti-difuzion p\u00ebr q\u00ebndrueshm\u00ebri dhe qart\u00ebsi<\/li>\n<\/ul>","protected":false},"featured_media":3750,"comment_status":"open","ping_status":"closed","template":"","meta":[],"product_brand":[],"product_cat":[72,115],"product_tag":[],"class_list":{"0":"post-3748","1":"product","2":"type-product","3":"status-publish","4":"has-post-thumbnail","6":"product_cat-reflective-target-prism","7":"product_cat-wide-angle-prism","9":"first","10":"instock","11":"shipping-taxable","12":"product-type-simple"},"_links":{"self":[{"href":"https:\/\/mountlaser.com\/sq\/wp-json\/wp\/v2\/product\/3748","targetHints":{"allow":["GET"]}}],"collection":[{"href":"https:\/\/mountlaser.com\/sq\/wp-json\/wp\/v2\/product"}],"about":[{"href":"https:\/\/mountlaser.com\/sq\/wp-json\/wp\/v2\/types\/product"}],"replies":[{"embeddable":true,"href":"https:\/\/mountlaser.com\/sq\/wp-json\/wp\/v2\/comments?post=3748"}],"wp:featuredmedia":[{"embeddable":true,"href":"https:\/\/mountlaser.com\/sq\/wp-json\/wp\/v2\/media\/3750"}],"wp:attachment":[{"href":"https:\/\/mountlaser.com\/sq\/wp-json\/wp\/v2\/media?parent=3748"}],"wp:term":[{"taxonomy":"product_brand","embeddable":true,"href":"https:\/\/mountlaser.com\/sq\/wp-json\/wp\/v2\/product_brand?post=3748"},{"taxonomy":"product_cat","embeddable":true,"href":"https:\/\/mountlaser.com\/sq\/wp-json\/wp\/v2\/product_cat?post=3748"},{"taxonomy":"product_tag","embeddable":true,"href":"https:\/\/mountlaser.com\/sq\/wp-json\/wp\/v2\/product_tag?post=3748"}],"curies":[{"name":"wp","href":"https:\/\/api.w.org\/{rel}","templated":true}]}}