{"id":3738,"date":"2025-11-07T06:56:11","date_gmt":"2025-11-07T06:56:11","guid":{"rendered":"https:\/\/mountlaser.com\/?post_type=product&#038;p=3738"},"modified":"2025-11-27T08:03:15","modified_gmt":"2025-11-27T08:03:15","slug":"atp3-360prism-metal-design","status":"publish","type":"product","link":"https:\/\/mountlaser.com\/sq\/produkt\/atp3-360prism-metal-design\/","title":{"rendered":"DIZAJN METALIK PRIZMI 360\u00b0 ATP3"},"content":{"rendered":"<p>I\/E\/T\u00eb\/T\u00eb <a href=\"https:\/\/mountlaser.com\/sq\/\"><strong>ATP3 360\u00b0PRIZM<\/strong><\/a> \u00ebsht\u00eb me sakt\u00ebsi t\u00eb lart\u00eb <a href=\"https:\/\/mountlaser.com\/sq\/about-us\/\"><strong>Montim Prizmi Robotik 360\u00b0<\/strong><\/a> I projektuar p\u00ebr stacione totale robotike moderne dhe aplikime t\u00eb avancuara t\u00eb matjeve. Me gjasht\u00eb prizma 25.4 mm t\u00eb veshura me argjend, ATP3 360\u00b0PRISM ofron reflektim dhe stabilitet t\u00eb jasht\u00ebzakonsh\u00ebm t\u00eb sinjalit nga t\u00eb gjitha drejtimet, duke siguruar matje t\u00eb shpejta dhe t\u00eb besueshme n\u00eb terren.<\/p>\n<p>I nd\u00ebrtuar me nj\u00eb korniz\u00eb metalike t\u00eb q\u00ebndrueshme, ky montim prizmi robotik 360\u00b0 ofron rezistenc\u00eb superiore ndaj ndikimit dhe stresit mjedisor, duke e b\u00ebr\u00eb ideal p\u00ebr p\u00ebrdorim profesional n\u00eb kushte t\u00eb v\u00ebshtira. Konstantja 0 mm e prizm\u00ebs siguron lexime t\u00eb sakta, nd\u00ebrsa nj\u00eb sakt\u00ebsi centrimi \u00b12.0 mm ruan q\u00ebndrueshm\u00ebri t\u00eb lart\u00eb matjeje n\u00eb lloje t\u00eb ndryshme terreni.<\/p>\n<p><img fetchpriority=\"high\" decoding=\"async\" class=\"aligncenter wp-image-3744\" src=\"https:\/\/mountlaser.com\/wp-content\/uploads\/2025\/11\/ATP3-3606.webp\" alt=\"ATP3 360\u00b0 Robotic Prism Assembly\" width=\"500\" height=\"500\" srcset=\"https:\/\/mountlaser.com\/wp-content\/uploads\/2025\/11\/ATP3-3606.webp 1000w, https:\/\/mountlaser.com\/wp-content\/uploads\/2025\/11\/ATP3-3606-300x300.webp 300w, https:\/\/mountlaser.com\/wp-content\/uploads\/2025\/11\/ATP3-3606-400x400.webp 400w, https:\/\/mountlaser.com\/wp-content\/uploads\/2025\/11\/ATP3-3606-800x800.webp 800w, https:\/\/mountlaser.com\/wp-content\/uploads\/2025\/11\/ATP3-3606-600x600.webp 600w, https:\/\/mountlaser.com\/wp-content\/uploads\/2025\/11\/ATP3-3606-150x150.webp 150w, https:\/\/mountlaser.com\/wp-content\/uploads\/2025\/11\/ATP3-3606-768x768.webp 768w, https:\/\/mountlaser.com\/wp-content\/uploads\/2025\/11\/ATP3-3606-12x12.webp 12w\" sizes=\"(max-width: 500px) 100vw, 500px\" \/><\/p>\n<p>I projektuar p\u00ebr komoditet, <a href=\"https:\/\/mountlaser.com\/sq\/contact-us\/\">ATP3 360\u00b0PRIZM<\/a> integron nj\u00eb nivel t\u00eb rrumbullak\u00ebt fllusk\u00eb t\u00eb montuar n\u00eb maj\u00eb p\u00ebr shtrirje t\u00eb shpejt\u00eb, duke u lejuar mat\u00ebsve t\u00eb arrijn\u00eb konfigurim t\u00eb sakt\u00eb n\u00eb m\u00eb pak koh\u00eb. Struktura e saj e fort\u00eb dhe kompakte e b\u00ebn k\u00ebt\u00eb Montim Prizmi Robotik 360\u00b0 nj\u00eb aksesor thelb\u00ebsor p\u00ebr stacionet totale robotike q\u00eb k\u00ebrkojn\u00eb sakt\u00ebsi dhe stabilitet n\u00eb distanc\u00eb t\u00eb gjat\u00eb.<\/p>","protected":false},"excerpt":{"rendered":"<ul>\n<li>Sakt\u00ebsi e lart\u00eb matjeje<\/li>\n<li>Nd\u00ebrtimi i korniz\u00ebs metalike rrit forc\u00ebn dhe q\u00ebndrueshm\u00ebrin\u00eb n\u00eb terren<\/li>\n<li>Nivel i sip\u00ebrm p\u00ebr nivelim t\u00eb leht\u00eb dhe konfigurim t\u00eb shpejt\u00eb<\/li>\n<\/ul>","protected":false},"featured_media":3740,"comment_status":"open","ping_status":"closed","template":"","meta":[],"product_brand":[],"product_cat":[72,115],"product_tag":[],"class_list":{"0":"post-3738","1":"product","2":"type-product","3":"status-publish","4":"has-post-thumbnail","6":"product_cat-reflective-target-prism","7":"product_cat-wide-angle-prism","9":"first","10":"instock","11":"shipping-taxable","12":"product-type-simple"},"_links":{"self":[{"href":"https:\/\/mountlaser.com\/sq\/wp-json\/wp\/v2\/product\/3738","targetHints":{"allow":["GET"]}}],"collection":[{"href":"https:\/\/mountlaser.com\/sq\/wp-json\/wp\/v2\/product"}],"about":[{"href":"https:\/\/mountlaser.com\/sq\/wp-json\/wp\/v2\/types\/product"}],"replies":[{"embeddable":true,"href":"https:\/\/mountlaser.com\/sq\/wp-json\/wp\/v2\/comments?post=3738"}],"wp:featuredmedia":[{"embeddable":true,"href":"https:\/\/mountlaser.com\/sq\/wp-json\/wp\/v2\/media\/3740"}],"wp:attachment":[{"href":"https:\/\/mountlaser.com\/sq\/wp-json\/wp\/v2\/media?parent=3738"}],"wp:term":[{"taxonomy":"product_brand","embeddable":true,"href":"https:\/\/mountlaser.com\/sq\/wp-json\/wp\/v2\/product_brand?post=3738"},{"taxonomy":"product_cat","embeddable":true,"href":"https:\/\/mountlaser.com\/sq\/wp-json\/wp\/v2\/product_cat?post=3738"},{"taxonomy":"product_tag","embeddable":true,"href":"https:\/\/mountlaser.com\/sq\/wp-json\/wp\/v2\/product_tag?post=3738"}],"curies":[{"name":"wp","href":"https:\/\/api.w.org\/{rel}","templated":true}]}}