{"id":3715,"date":"2025-11-07T06:20:09","date_gmt":"2025-11-07T06:20:09","guid":{"rendered":"https:\/\/mountlaser.com\/?post_type=product&#038;p=3715"},"modified":"2025-11-27T08:06:06","modified_gmt":"2025-11-27T08:06:06","slug":"atp1-japanese-style-360prism","status":"publish","type":"product","link":"https:\/\/mountlaser.com\/sq\/produkt\/atp1-japanese-style-360prism\/","title":{"rendered":"ATP1 360\u00b0PRIZM"},"content":{"rendered":"<p>I\/E\/T\u00eb\/T\u00eb <a href=\"https:\/\/mountlaser.com\/sq\/\"><strong>ATP1 360 PRISM<\/strong><\/a> p\u00ebrfaq\u00ebson nivelin tjet\u00ebr t\u00eb precizitetit dhe q\u00ebndrueshm\u00ebris\u00eb n\u00eb matjet moderne. I projektuar si nj\u00eb <a href=\"https:\/\/mountlaser.com\/sq\/products\/\"><strong>Prizm 360\u00b0 me Prizm Mbrojt\u00ebs<\/strong><\/a>, ky sistem prizmash n\u00eb stilin japonez ofron sakt\u00ebsi dhe stabilitet t\u00eb jasht\u00ebzakonsh\u00ebm t\u00eb centrimit p\u00ebr pun\u00eb n\u00eb terren me performanc\u00eb t\u00eb lart\u00eb. Gjasht\u00eb prizmat e tij t\u00eb veshura me argjend ofrojn\u00eb reflektim t\u00eb fort\u00eb t\u00eb sinjalit nga \u00e7do drejtim, duke siguruar rezultate t\u00eb besueshme matjeje n\u00eb mjedise t\u00eb v\u00ebshtira.<\/p>\n<p>ATP1 360 PRISM p\u00ebrmban nj\u00eb unaz\u00eb t\u00eb q\u00ebndrueshme kund\u00ebr p\u00ebrplasjes, e cila rrit mbrojtjen gjat\u00eb p\u00ebrdorimit dhe transportit t\u00eb p\u00ebrditsh\u00ebm. I nd\u00ebrtuar duke pasur parasysh fleksibilitetin, ky Prizm 360\u00b0 me Prizm Mbrojt\u00ebs \u00ebsht\u00eb i disponuesh\u00ebm n\u00eb versione t\u00eb shumta:<\/p>\n<figure id=\"attachment_3717\" aria-describedby=\"caption-attachment-3717\" style=\"width: 300px\" class=\"wp-caption aligncenter\"><img fetchpriority=\"high\" decoding=\"async\" class=\"wp-image-3717 size-medium\" src=\"https:\/\/mountlaser.com\/wp-content\/uploads\/2025\/11\/TP360\u5851\u6599\u6b3e\uff082\uff09-300x300.webp\" alt=\"ATP1 360 PRISM\" width=\"300\" height=\"300\" srcset=\"https:\/\/mountlaser.com\/wp-content\/uploads\/2025\/11\/TP360\u5851\u6599\u6b3e\uff082\uff09-300x300.webp 300w, https:\/\/mountlaser.com\/wp-content\/uploads\/2025\/11\/TP360\u5851\u6599\u6b3e\uff082\uff09-400x400.webp 400w, https:\/\/mountlaser.com\/wp-content\/uploads\/2025\/11\/TP360\u5851\u6599\u6b3e\uff082\uff09-800x800.webp 800w, https:\/\/mountlaser.com\/wp-content\/uploads\/2025\/11\/TP360\u5851\u6599\u6b3e\uff082\uff09-600x600.webp 600w, https:\/\/mountlaser.com\/wp-content\/uploads\/2025\/11\/TP360\u5851\u6599\u6b3e\uff082\uff09-150x150.webp 150w, https:\/\/mountlaser.com\/wp-content\/uploads\/2025\/11\/TP360\u5851\u6599\u6b3e\uff082\uff09-768x768.webp 768w, https:\/\/mountlaser.com\/wp-content\/uploads\/2025\/11\/TP360\u5851\u6599\u6b3e\uff082\uff09-12x12.webp 12w, https:\/\/mountlaser.com\/wp-content\/uploads\/2025\/11\/TP360\u5851\u6599\u6b3e\uff082\uff09.webp 1000w\" sizes=\"(max-width: 300px) 100vw, 300px\" \/><figcaption id=\"caption-attachment-3717\" class=\"wp-caption-text\">ATP1 360 PRISM<\/figcaption><\/figure>\n<p>ATP1 \u2013 Dizajn plastik, i leht\u00eb dhe i leht\u00eb p\u00ebr t\u2019u p\u00ebrdorur, pa bosht qendror.<\/p>\n<figure id=\"attachment_3726\" aria-describedby=\"caption-attachment-3726\" style=\"width: 300px\" class=\"wp-caption aligncenter\"><img decoding=\"async\" class=\"wp-image-3726 size-medium\" src=\"https:\/\/mountlaser.com\/wp-content\/uploads\/2025\/11\/TP360\u9540\u94f6\uff083\uff09-300x300.webp\" alt=\"ATP1M 360 PRISM\" width=\"300\" height=\"300\" srcset=\"https:\/\/mountlaser.com\/wp-content\/uploads\/2025\/11\/TP360\u9540\u94f6\uff083\uff09-300x300.webp 300w, https:\/\/mountlaser.com\/wp-content\/uploads\/2025\/11\/TP360\u9540\u94f6\uff083\uff09-400x400.webp 400w, https:\/\/mountlaser.com\/wp-content\/uploads\/2025\/11\/TP360\u9540\u94f6\uff083\uff09-800x800.webp 800w, https:\/\/mountlaser.com\/wp-content\/uploads\/2025\/11\/TP360\u9540\u94f6\uff083\uff09-600x600.webp 600w, https:\/\/mountlaser.com\/wp-content\/uploads\/2025\/11\/TP360\u9540\u94f6\uff083\uff09-150x150.webp 150w, https:\/\/mountlaser.com\/wp-content\/uploads\/2025\/11\/TP360\u9540\u94f6\uff083\uff09-768x768.webp 768w, https:\/\/mountlaser.com\/wp-content\/uploads\/2025\/11\/TP360\u9540\u94f6\uff083\uff09-12x12.webp 12w, https:\/\/mountlaser.com\/wp-content\/uploads\/2025\/11\/TP360\u9540\u94f6\uff083\uff09.webp 1000w\" sizes=\"(max-width: 300px) 100vw, 300px\" \/><figcaption id=\"caption-attachment-3726\" class=\"wp-caption-text\">ATP1M 360 PRISM<\/figcaption><\/figure>\n<p>ATP1M \u2013 Dizajn metalik, i pajisur me nj\u00eb bosht qendror prej \u00e7eliku inox p\u00ebr ngurt\u00ebsi t\u00eb shtuar.<\/p>\n<p>ATP1MR \u2013 Version metalik me t\u00eb dy boshtet dhe unaz\u00ebn kund\u00ebr p\u00ebrplasjes p\u00ebr mbrojtje maksimale.<img decoding=\"async\" class=\"aligncenter wp-image-3733 size-medium\" src=\"https:\/\/mountlaser.com\/wp-content\/uploads\/2025\/11\/ATP1-MR3-300x300.webp\" alt=\"ATP1MR\/NR 360 PRISM\" width=\"300\" height=\"300\" srcset=\"https:\/\/mountlaser.com\/wp-content\/uploads\/2025\/11\/ATP1-MR3-300x300.webp 300w, https:\/\/mountlaser.com\/wp-content\/uploads\/2025\/11\/ATP1-MR3-400x400.webp 400w, https:\/\/mountlaser.com\/wp-content\/uploads\/2025\/11\/ATP1-MR3-800x800.webp 800w, https:\/\/mountlaser.com\/wp-content\/uploads\/2025\/11\/ATP1-MR3-600x600.webp 600w, https:\/\/mountlaser.com\/wp-content\/uploads\/2025\/11\/ATP1-MR3-150x150.webp 150w, https:\/\/mountlaser.com\/wp-content\/uploads\/2025\/11\/ATP1-MR3-768x768.webp 768w, https:\/\/mountlaser.com\/wp-content\/uploads\/2025\/11\/ATP1-MR3-12x12.webp 12w, https:\/\/mountlaser.com\/wp-content\/uploads\/2025\/11\/ATP1-MR3.webp 1000w\" sizes=\"(max-width: 300px) 100vw, 300px\" \/><\/p>\n<p>ATP1NR \u2013 Dizajn prej najloni, q\u00eb kombinon forc\u00ebn e aluminit me pesh\u00eb m\u00eb t\u00eb leht\u00eb, duke p\u00ebrfshir\u00eb boshtin dhe unaz\u00ebn mbrojt\u00ebse.<\/p>\n<p>Me nj\u00eb konstante prizmi -7 mm, sakt\u00ebsi centrimi \u00b11.5 mm dhe fileto 5\/8\u201d n\u00eb t\u00eb dyja skajet, <a href=\"https:\/\/mountlaser.com\/sq\/contact-us\/\">ATP1 360 PRISM<\/a> siguron konfigurim t\u00eb shpejt\u00eb, p\u00ebrputhshm\u00ebri t\u00eb shk\u00eblqyer dhe sakt\u00ebsi t\u00eb q\u00ebndrueshme. \u00c7do Prizm 360\u00b0 me Prizm Mbrojt\u00ebs vjen me nj\u00eb \u00e7ant\u00eb t\u00eb but\u00eb mbajt\u00ebse dhe nj\u00eb kuti t\u00eb brendshme p\u00ebr ruajtje t\u00eb sigurt.<\/p>","protected":false},"excerpt":{"rendered":"<ul>\n<li>Gjasht\u00eb prizma t\u00eb veshura me argjend p\u00ebr reflektim t\u00eb fuqish\u00ebm dhe uniform<\/li>\n<li>Unaz\u00eb kund\u00ebr p\u00ebrplasjes p\u00ebr mbrojtje t\u00eb shtuar n\u00eb kushte fushore<\/li>\n<li>N\u00eb dispozicion n\u00eb dizajne plastike, metalike dhe najloni p\u00ebr t&#039;iu p\u00ebrshtatur nevojave t\u00eb ndryshme t\u00eb matjeve<\/li>\n<\/ul>","protected":false},"featured_media":3716,"comment_status":"open","ping_status":"closed","template":"","meta":[],"product_brand":[],"product_cat":[72,115],"product_tag":[],"class_list":{"0":"post-3715","1":"product","2":"type-product","3":"status-publish","4":"has-post-thumbnail","6":"product_cat-reflective-target-prism","7":"product_cat-wide-angle-prism","9":"first","10":"instock","11":"shipping-taxable","12":"product-type-simple"},"_links":{"self":[{"href":"https:\/\/mountlaser.com\/sq\/wp-json\/wp\/v2\/product\/3715","targetHints":{"allow":["GET"]}}],"collection":[{"href":"https:\/\/mountlaser.com\/sq\/wp-json\/wp\/v2\/product"}],"about":[{"href":"https:\/\/mountlaser.com\/sq\/wp-json\/wp\/v2\/types\/product"}],"replies":[{"embeddable":true,"href":"https:\/\/mountlaser.com\/sq\/wp-json\/wp\/v2\/comments?post=3715"}],"wp:featuredmedia":[{"embeddable":true,"href":"https:\/\/mountlaser.com\/sq\/wp-json\/wp\/v2\/media\/3716"}],"wp:attachment":[{"href":"https:\/\/mountlaser.com\/sq\/wp-json\/wp\/v2\/media?parent=3715"}],"wp:term":[{"taxonomy":"product_brand","embeddable":true,"href":"https:\/\/mountlaser.com\/sq\/wp-json\/wp\/v2\/product_brand?post=3715"},{"taxonomy":"product_cat","embeddable":true,"href":"https:\/\/mountlaser.com\/sq\/wp-json\/wp\/v2\/product_cat?post=3715"},{"taxonomy":"product_tag","embeddable":true,"href":"https:\/\/mountlaser.com\/sq\/wp-json\/wp\/v2\/product_tag?post=3715"}],"curies":[{"name":"wp","href":"https:\/\/api.w.org\/{rel}","templated":true}]}}